{"id":509,"date":"2023-05-06T20:33:12","date_gmt":"2023-05-06T20:33:12","guid":{"rendered":"https:\/\/h17n.com\/fr\/?post_type=product&#038;p=509"},"modified":"2024-10-08T11:26:49","modified_gmt":"2024-10-08T11:26:49","slug":"bitrefill","status":"publish","type":"product","link":"https:\/\/h17n.com\/fr\/utiliser-bitcoin\/bitrefill\/","title":{"rendered":"Bitrefill : acheter des biens et services dans le monde entier avec Bitcoin"},"content":{"rendered":"<p><a href=\"https:\/\/www.bitrefill.com\/\">Bitrefill<\/a> est un site de commerce \u00e9lectronique et une application o\u00f9 vous pouvez utiliser du Bitcoin pour acheter des biens, des cartes-cadeaux num\u00e9riques, recharger des t\u00e9l\u00e9phones et m\u00eame payer des factures dans certains pays. De plus, Bitrefill propose une carte Bitrefill, vous permettant de recharger en EUR, de d\u00e9penser facilement et de retirer en euros via un virement SEPA. La plateforme a \u00e9galement int\u00e9gr\u00e9 <a href=\"https:\/\/h17n.com\/lightning-network\/\">le R\u00e9seau Lightning<\/a> pour des transactions Bitcoin plus rapides et moins co\u00fbteuses.<\/p>\n<p>Michael Gr\u00fcnberger, Michel Gustavsson et Sergej Kotliar ont fond\u00e9 Bitrefill en 2014 en Su\u00e8de. La plateforme est d&rsquo;une grande aide pour vous permettre de vivre de bitcoins. Les cartes pr\u00e9pay\u00e9es et les cartes-cadeaux peuvent \u00eatre achet\u00e9es avec des bitcoins pour les voyages, les divertissements et, dans de nombreux pays, m\u00eame pour l&rsquo;\u00e9picerie. Vous pouvez utiliser ces cartes-cadeaux pour payer des marchandises dans les magasins ou en ligne.<\/p>\n<h2>Produits et services de Bitrefill<\/h2>\n<div class=\"info box\">\n<p>Voyagez partout dans le monde avec des bitcoins. Bitrefill vous aide \u00e0 r\u00e9server des vols et des h\u00f4tels partout dans le monde en utilisant des bitcoins, et \u00e0 gagner jusqu&rsquo;\u00e0 10 % de r\u00e9compenses.<\/p>\n<\/div>\n<ul>\n<li><strong>Carte pr\u00e9pay\u00e9e Bitrefill.<\/strong> La <a href=\"https:\/\/h17n.com\/fr\/carte-bitcoin\/\">carte Bitcoin<\/a> de Bitrefill vous permet de conserver vos Bitcoins o\u00f9 vous le souhaitez et de les d\u00e9penser facilement. Vous pouvez recharger votre carte en EUR avec du Bitcoin, consulter les taux de conversion en temps r\u00e9el, voir un historique complet des transactions et retirer en euros via un virement SEPA.<\/li>\n<li><strong>Acheter des cartes-cadeaux.<\/strong> Vous pouvez acheter des cartes-cadeaux avec des bitcoins. Plus de 5 000 cartes-cadeaux sont disponibles aupr\u00e8s de divers d\u00e9taillants, dont Amazon, Apple, Walmart, Steam, Google Play, Pick Pay, Incredible Connection et d&rsquo;autres. Une fois le paiement effectu\u00e9, vous recevrez instantan\u00e9ment un courriel contenant le code et le NIP de votre carte-cadeau.<\/li>\n<li><strong>Recharge mobile pr\u00e9pay\u00e9e.<\/strong> Choisissez l&rsquo;op\u00e9rateur de t\u00e9l\u00e9phonie mobile et le forfait que vous pr\u00e9f\u00e9rez. Saisissez ensuite votre num\u00e9ro de t\u00e9l\u00e9phone, s\u00e9lectionnez un mode de paiement et terminez la transaction. Bitrefill enverra automatiquement la recharge d\u00e8s que le paiement de la transaction sera enti\u00e8rement confirm\u00e9. Parfois, il peut y avoir des retards.<\/li>\n<li><strong>Voyager partout avec des bitcoins.<\/strong> Vous pouvez acheter des billets d&rsquo;avion avec bitcoin et r\u00e9server un h\u00e9bergement avec bitcoin en utilisant Bitrefill.<\/li>\n<li><strong>Payer des factures.<\/strong> Les clients des pays soutenus, tels que les \u00c9tats-Unis et le Salvador, peuvent utiliser des bitcoins pour r\u00e9gler diverses factures, notamment des pr\u00eats immobiliers et automobiles, des assurances, des cartes de cr\u00e9dit, des imp\u00f4ts fonciers, des soins de sant\u00e9 et d&rsquo;autres services. Des frais de 32,99 % sont appliqu\u00e9s au montant total pay\u00e9.<\/li>\n<\/ul>\n<h2>Comment utiliser Bitrefill<\/h2>\n<p>Voici comment Bitrefill fonctionne. Vous n&rsquo;\u00eates pas oblig\u00e9 de cr\u00e9er un compte chez Bitrefil pour faire des achats, mais vous avez la possibilit\u00e9 de le faire. Si vous ouvrez un compte Bitrefill, vous pourrez conserver un solde sur la plateforme qui pourra \u00eatre utilis\u00e9 pour payer des biens ou des services sans avoir \u00e0 payer de frais de minage ou \u00e0 attendre une confirmation de paiement. Si vous ne souhaitez pas ouvrir de compte, vous pouvez utiliser la plateforme sans vous identifier.<\/p>\n<p>Vous pouvez approvisionner votre compte en utilisant les transactions bitcoin traditionnelles ou le Lightning Network. Une fois que vous avez recharg\u00e9 votre compte, vous pouvez conserver le montant que vous transf\u00e9rez en tant que solde BTC sur votre compte ou le convertir instantan\u00e9ment en solde USD ou EUR. Avec le solde USD\/EUR cr\u00e9dit\u00e9 sur votre compte, vous pouvez acheter des cartes-cadeaux ou des recharges mobiles. Lors du paiement, s\u00e9lectionnez simplement le solde du compte USD\/EUR comme mode de paiement. Vous ne pouvez pas reconvertir votre solde en USD ou en EUR en bitcoin. De plus, les soldes en USD et en EUR ne peuvent pas \u00eatre rembours\u00e9s et ne peuvent \u00eatre utilis\u00e9s que sur Bitrefill. Avec un compte Bitrefill, vous pouvez \u00e9galement activer l&rsquo;authentification \u00e0 deux facteurs, consulter l&rsquo;historique de vos commandes et participer \u00e0 des programmes de parrainage et de fid\u00e9lit\u00e9.<\/p>\n<div class=\"warning box\">\n<p>Le solde Bitrefill n&rsquo;est pas un portefeuille, et les fonds ne peuvent pas \u00eatre retir\u00e9s. Les fonds envoy\u00e9s sur le solde Bitrefill sont destin\u00e9s \u00e0 \u00eatre utilis\u00e9s pour acheter des cartes-cadeaux et des recharges t\u00e9l\u00e9phoniques sur Bitrefill.<\/p>\n<\/div>\n<p>Pour cr\u00e9er votre compte, vous pouvez utiliser votre e-mail, votre compte Google, votre identifiant Apple ou connecter votre portefeuille de bureau ou scanner les portefeuilles mobiles compatibles WalletConnect tels que MetaMask, Coinbase et Trust Wallet.<\/p>\n<p>L&rsquo;achat d&rsquo;une recharge mobile est un processus simple. Vous pouvez soit saisir votre num\u00e9ro de t\u00e9l\u00e9phone, soit s\u00e9lectionner l&rsquo;une des recharges disponibles pour votre pays sur le site web ou l&rsquo;application. Vous pouvez l&rsquo;ajouter \u00e0 votre panier ou l&rsquo;acheter comme cadeau une fois que vous avez saisi l&rsquo;argent et le num\u00e9ro de t\u00e9l\u00e9phone. Si vous souhaitez acheter un cadeau, il vous sera demand\u00e9 de saisir le nom du destinataire, son adresse \u00e9lectronique, une note facultative et votre nom. Le cadeau peut \u00eatre livr\u00e9 instantan\u00e9ment ou programm\u00e9 pour une date ult\u00e9rieure, par exemple l&rsquo;anniversaire du destinataire. Le paiement peut \u00eatre effectu\u00e9 en utilisant des bitcoins de la cha\u00eene en scannant un code QR ou en copiant une adresse bitcoin. En outre, des portefeuilles\/plateformes compatibles avec Lightning peuvent \u00eatre s\u00e9lectionn\u00e9s lors du paiement, notamment <a href=\"https:\/\/h17n.com\/fr\/portefeuilles-mobiles\/bluewallet\/\" target=\"_blank\" rel=\"noopener\">BlueWallet<\/a>, <a href=\"https:\/\/h17n.com\/fr\/portefeuilles-mobiles\/phoenix\/\" target=\"_blank\" rel=\"noopener\">Phoenix<\/a>, <a href=\"https:\/\/h17n.com\/fr\/portefeuilles-mobiles\/muun\/\">Muun<\/a>, <a href=\"https:\/\/h17n.com\/fr\/portefeuilles-de-navigateur\/alby\/\" target=\"_blank\" rel=\"noopener\">Alby<\/a>, Bitnob, Breez, <a href=\"https:\/\/h17n.com\/fr\/gagner\/zebedee\/\" target=\"_blank\" rel=\"noopener\">ZEBEDEE<\/a> et Strike.<\/p>\n<h2>R\u00e9compenses de Bitrefill<\/h2>\n<p>Chaque titulaire d&rsquo;un compte Bitrefill gagne un minimum de 1% du prix d&rsquo;achat total en Satoshis lorsqu&rsquo;il utilise Bitrefill pour acheter des cartes cadeaux et des recharges mobiles. Vous pouvez utiliser vos Satoshis accumul\u00e9s pour acheter des cartes cadeaux et des recharges mobiles directement avec les gains de votre solde de r\u00e9compenses, ou vous pouvez les combiner avec votre solde bitcoin ou USD\/EUR existant pour acheter des cartes cadeaux ou des recharges mobiles.<\/p>\n<h2>Portefeuilles et \u00e9changes pris en charge<\/h2>\n<p>Vous pouvez utiliser Bitcoin pour acheter des biens et des services en envoyant des fonds depuis vos portefeuilles de d\u00e9p\u00f4t ou non \u00e0 Bitrefill. Bitrefill prend en charge les portefeuilles et les \u00e9changes suivants :<\/p>\n<ul>\n<li><a href=\"https:\/\/h17n.com\/fr\/portefeuilles-mobiles\/muun\/\">Muun<\/a><\/li>\n<li>Strike<\/li>\n<li><a href=\"https:\/\/h17n.com\/fr\/acheter-du-bitcoin\/cash-app\/\">Cash App<\/a><\/li>\n<li><a href=\"https:\/\/h17n.com\/fr\/portefeuilles-de-bureau\/electrum\/\">Electrum<\/a><\/li>\n<li><a href=\"https:\/\/h17n.com\/fr\/portefeuilles-materiels\/ledger\/\">Ledger<\/a><\/li>\n<li><a href=\"https:\/\/h17n.com\/fr\/portefeuilles-materiels\/trezor\/\">Trezor<\/a><\/li>\n<li>Trust Wallet<\/li>\n<li>Chivo<\/li>\n<li><a href=\"https:\/\/h17n.com\/fr\/acheter-du-bitcoin\/coinbase\/\">Coinbase<\/a><\/li>\n<li><a href=\"https:\/\/h17n.com\/fr\/acheter-du-bitcoin\/kraken\/\">Kraken<\/a><\/li>\n<li>Binance<\/li>\n<li>Bitstamp<\/li>\n<li>Bitfinex<\/li>\n<\/ul>\n<h2>Limites de Bitrefill<\/h2>\n<table>\n<thead>\n<tr>\n<th><\/th>\n<th>Limites<\/th>\n<\/tr>\n<\/thead>\n<tbody>\n<tr>\n<td>Nombre maximum de commandes par jour<\/td>\n<td>15<\/td>\n<\/tr>\n<tr>\n<td>Montant des achats<\/td>\n<td>5000,00 USD par jour et 10000,00 USD par mois<\/td>\n<\/tr>\n<tr>\n<td>Recharge t\u00e9l\u00e9phonique<\/td>\n<td>500,00 USD par jour et 2000,00 USD par mois<\/td>\n<\/tr>\n<\/tbody>\n<\/table>\n<div class=\"action box\">\n<p>Le montant maximum que vous pouvez recharger sur Bitrefill est de 2 000,00 USD, ou l&rsquo;\u00e9quivalent dans la devise de votre solde. En outre, le montant total de vos soldes Bitrefill ne peut pas d\u00e9passer 10 000,00 USD. Si vous d\u00e9passez ces limites en effectuant des recharges ou en modifiant votre solde, celui-ci sera gel\u00e9 et vous devrez vous soumettre \u00e0 une v\u00e9rification obligatoire de votre identit\u00e9 et de votre adresse.<\/p>\n<\/div>\n<p>Vous pouvez augmenter vos limites en v\u00e9rifiant votre identit\u00e9. Pour v\u00e9rifier votre identit\u00e9, vous aurez besoin des documents suivants.<\/p>\n<ul>\n<li>une photocopie d&rsquo;une pi\u00e8ce d&rsquo;identit\u00e9 (par exemple, votre passeport ou votre permis de conduire)<\/li>\n<li>un justificatif de domicile (versions num\u00e9riques accept\u00e9es : jpg, jpeg, png, pdf)<\/li>\n<li>un selfie en direct<\/li>\n<\/ul>\n<h2>Frais de recharge<\/h2>\n<p>Selon les types de services que tu utilises, Bitrefill facture des frais de service de 2 \u00e0 3 %. Il faut \u00e9galement prendre en compte les frais de minage, qui varient en fonction du r\u00e9seau. Vous pouvez \u00e9viter les frais de r\u00e9seau si vous payez directement \u00e0 partir d&rsquo;un compte Coinbase, ou avoir des frais beaucoup plus bas si vous payez avec Lightning.<\/p>\n<h2>Bitrefill imp\u00f4ts<\/h2>\n<p>Bitrefill et des plateformes similaires ne signalent g\u00e9n\u00e9ralement pas les transactions directement aux autorit\u00e9s fiscales. Cependant, il est essentiel de noter que les r\u00e9glementations fiscales sur le Bitcoin peuvent varier selon les juridictions et sont sujettes \u00e0 des changements. De plus, Bitrefill ne fournit aucune advice juridique ou fiscale concernant vos achats chez Bitrefill dans votre pays d&rsquo;origine. La responsabilit\u00e9 de la d\u00e9claration des transactions Bitcoin et des implications fiscales potentielles vous incombe finalement.<\/p>\n<p>Dans de nombreux pays, les autorit\u00e9s fiscales s&rsquo;attendent \u00e0 ce que les individus d\u00e9clarent leurs transactions Bitcoin et leurs gains en capital \u00e0 des fins fiscales. Il est conseill\u00e9 de consulter des professionnels de la fiscalit\u00e9 ou de demander des conseils aux autorit\u00e9s fiscales de leurs juridictions respectives afin d&rsquo;assurer la conformit\u00e9 avec les lois fiscales locales. En outre, des logiciels fiscaux tels que <a href=\"https:\/\/h17n.com\/fr\/impot-sur-bitcoin\/koinly\/\">Koinly<\/a> vous aident \u00e0 calculer et \u00e0 d\u00e9clarer vos imp\u00f4ts li\u00e9s au Bitcoin.<\/p>\n<div class=\"action box\">\n<p>En savoir plus : <a href=\"https:\/\/h17n.com\/fr\/impot-sur-bitcoin\/koinly\/\">Koinly Review : Logiciel de d\u00e9claration de revenus Bitcoin<\/a><\/p>\n<\/div>\n<h2>Pays pris en charge<\/h2>\n<p>Vous pouvez utiliser Bitrefill dans plus de 170 pays \u00e0 travers le monde, notamment en France, aux \u00c9tats-Unis, au Royaume-Uni, en Gr\u00e8ce, aux Pays-Bas, en Allemagne, en Chine, en Afrique du Sud, au Kenya, en Zambie, au Qatar, \u00e0 Singapour, en Espagne et au Salvador.<\/p>\n<h2>Plus d&rsquo;informations<\/h2>\n<ul>\n<li><a href=\"https:\/\/h17n.com\/out\/bitrefill\" rel=\"nofollow noopener\" target=\"_blank\">Site web de<\/a> Bitrefill<\/li>\n<li>Bitrefill sur <a href=\"https:\/\/twitter.com\/bitrefill\" rel=\"nofollow noopener\" target=\"_blank\">Twitter<\/a><\/li>\n<li>Bitrefill sur <a href=\"https:\/\/facebook.com\/bitrefill\" rel=\"nofollow noopener\" target=\"_blank\">Facebook<\/a><\/li>\n<\/ul>\n","protected":false},"excerpt":{"rendered":"<p>Bitrefill est un site de commerce \u00e9lectronique et une application o\u00f9 vous pouvez utiliser du Bitcoin pour acheter des biens, des cartes-cadeaux &#8230; <a title=\"Bitrefill : acheter des biens et services dans le monde entier avec Bitcoin\" class=\"read-more\" href=\"https:\/\/h17n.com\/fr\/utiliser-bitcoin\/bitrefill\/\" aria-label=\"En savoir plus sur Bitrefill : acheter des biens et services dans le monde entier avec Bitcoin\">Lire plus<\/a><\/p>\n","protected":false},"featured_media":632,"comment_status":"open","ping_status":"closed","template":"","meta":[],"product_brand":[],"product_cat":[367,55],"product_tag":[],"class_list":{"0":"post-509","1":"product","2":"type-product","3":"status-publish","4":"has-post-thumbnail","6":"product_cat-carte-bitcoin","7":"product_cat-utiliser-bitcoin","8":"","9":"woocommerce-text-align-center","10":"woocommerce-image-align-center","11":"do-quantity-buttons","13":"first","14":"instock","15":"shipping-taxable","16":"product-type-external"},"_links":{"self":[{"href":"https:\/\/h17n.com\/fr\/wp-json\/wp\/v2\/product\/509","targetHints":{"allow":["GET"]}}],"collection":[{"href":"https:\/\/h17n.com\/fr\/wp-json\/wp\/v2\/product"}],"about":[{"href":"https:\/\/h17n.com\/fr\/wp-json\/wp\/v2\/types\/product"}],"replies":[{"embeddable":true,"href":"https:\/\/h17n.com\/fr\/wp-json\/wp\/v2\/comments?post=509"}],"wp:featuredmedia":[{"embeddable":true,"href":"https:\/\/h17n.com\/fr\/wp-json\/wp\/v2\/media\/632"}],"wp:attachment":[{"href":"https:\/\/h17n.com\/fr\/wp-json\/wp\/v2\/media?parent=509"}],"wp:term":[{"taxonomy":"product_brand","embeddable":true,"href":"https:\/\/h17n.com\/fr\/wp-json\/wp\/v2\/product_brand?post=509"},{"taxonomy":"product_cat","embeddable":true,"href":"https:\/\/h17n.com\/fr\/wp-json\/wp\/v2\/product_cat?post=509"},{"taxonomy":"product_tag","embeddable":true,"href":"https:\/\/h17n.com\/fr\/wp-json\/wp\/v2\/product_tag?post=509"}],"curies":[{"name":"wp","href":"https:\/\/api.w.org\/{rel}","templated":true}]}}