{"id":407,"date":"2023-05-06T13:36:12","date_gmt":"2023-05-06T13:36:12","guid":{"rendered":"https:\/\/h17n.com\/fr\/?post_type=product&#038;p=407"},"modified":"2023-05-06T13:48:13","modified_gmt":"2023-05-06T13:48:13","slug":"satimoto","status":"publish","type":"product","link":"https:\/\/h17n.com\/fr\/utiliser-bitcoin\/satimoto\/","title":{"rendered":"Satimoto : une recharge de v\u00e9hicules \u00e9lectriques avec Bitcoin"},"content":{"rendered":"<p><a href=\"https:\/\/satimoto.com\/\" rel=\"nofollow noopener\" target=\"_blank\">Satimoto<\/a> est un fournisseur de services et une application mobile qui permet aux clients de recharger leurs v\u00e9hicules \u00e9lectriques sur des bornes de recharge dans toute l&rsquo;Europe et de payer en bitcoins via le r\u00e9seau Lightning. Elle est disponible sur <a href=\"https:\/\/play.google.com\/store\/apps\/details?id=com.satimoto\" rel=\"nofollow noopener\" target=\"_blank\">Google Play Store<\/a> et <a href=\"https:\/\/apps.apple.com\/app\/satimoto\/id6444064066\" rel=\"nofollow noopener\" target=\"_blank\">Apple Store<\/a>.<\/p>\n<p>L&rsquo;application ne n\u00e9cessite pas d&rsquo;inscription, d&rsquo;informations personnelles ou de donn\u00e9es de carte de cr\u00e9dit. Comme chaque installation Satimoto poss\u00e8de un n\u0153ud int\u00e9gr\u00e9 du R\u00e9seau Lightning, tout bitcoin dans votre portefeuille est enti\u00e8rement en votre possession. Comme l&rsquo;application utilise le Lightning Network, elle ne n\u00e9cessite pas de processeurs de paiement conventionnels comme VISA, Mastercard, PayPal ou EC\/pr\u00e9l\u00e8vement bancaire.<\/p>\n<blockquote>\n<p>Nous accordons une grande importance \u00e0 la vie priv\u00e9e de nos clients, car ceux-ci interagissent avec notre plateforme de mani\u00e8re pseudonyme et n&rsquo;ont pas besoin de donner de d\u00e9tails personnels tels que leur nom, leur adresse et leur e-mail. Notre objectif est de promouvoir la libert\u00e9 financi\u00e8re, o\u00f9 les clients peuvent \u00eatre auto-souverains et contr\u00f4ler tous les actifs qu&rsquo;ils poss\u00e8dent et en avoir la v\u00e9ritable propri\u00e9t\u00e9.<\/p>\n<\/blockquote>\n<p>Bien que l&rsquo;application ne prenne actuellement en charge que les paiements Lightning, vous n&rsquo;avez pas besoin de vous pr\u00e9occuper de la configuration des canaux ; Satimoto ouvrira un canal pour votre appareil. Pour connecter une carte RFID \u00e0 votre appareil Android, activez la fonction NFC dans les param\u00e8tres de votre appareil, puis allez dans les param\u00e8tres de Satimoto et s\u00e9lectionnez Cartes. Pour relier une carte RFID, cliquez sur le bouton plus, puis appuyez dessus.<\/p>\n<p>Pour l&rsquo;instant, pour vous abonner aux mises \u00e0 jour et rejoindre la liste d&rsquo;attente pour un acc\u00e8s anticip\u00e9, vous devez le faire sur le site Web.<\/p>\n<blockquote><p>\nNous avons un premier ensemble de 12500 points de charge disponibles qui \u00e9taient les plus simples \u00e0 int\u00e9grer. Nous en ajouterons d&rsquo;autres au cours des prochaines semaines et vous pouvez rester inform\u00e9 sur Twitter o\u00f9 nous annoncerons les points de charge ajout\u00e9s.\n<\/p><\/blockquote>\n<h2>Avantages de Satimoto<\/h2>\n<ul>\n<li>Pas besoin de s&rsquo;inscrire. <\/li>\n<li>Aucune tierce partie ne peut suivre votre historique des paiements et les bloquer. <\/li>\n<li>Vous \u00eates en pleine garde de votre bitcoin. <\/li>\n<li>Il prend en charge le r\u00e9seau Lightning pour des transactions plus rapides et moins ch\u00e8res. <\/li>\n<li>Selon votre lieu de r\u00e9sidence, les commer\u00e7ants peuvent \u00e9conomiser jusqu&rsquo;\u00e0 3\u00a0% de frais de traitement lors du rapprochement des paiements. <\/li>\n<li>Comme le paiement est imm\u00e9diat et d\u00e9finitif, Satimoto est plus \u00e0 m\u00eame d&rsquo;offrir une exp\u00e9rience de facturation moins co\u00fbteuse car elle n&rsquo;a pas \u00e0 payer de frais g\u00e9n\u00e9raux de comptabilit\u00e9 \u00e9lev\u00e9s. <\/li>\n<\/ul>\n<blockquote><p>Il est loin le temps o\u00f9 l&rsquo;automobile \u00e9tait un symbole de libert\u00e9. C&rsquo;est notamment le cas pour la recharge des v\u00e9hicules \u00e9lectriques. Vous ne pouvez plus conduire avec 20 \u20ac en poche et payer sans que personne ne sache qui vous \u00eates ni d&rsquo;o\u00f9 vous venez. L&rsquo;application mobile et les services backend de Satimoto utilisent des fonctions avanc\u00e9es de paiement et de cryptographie construites au-dessus de Bitcoin et du protocole de seconde couche le r\u00e9seau Lightning. Cela permet des fonctions de confidentialit\u00e9, de s\u00e9curit\u00e9 et de paiement qu&rsquo;aucun autre service de recharge d&rsquo;e-mobilit\u00e9 sur le march\u00e9 ne peut offrir. <\/p><\/blockquote>\n<h2>Plus d&rsquo;informations<\/h2>\n<ul>\n<li>Satimoto sur <a href=\"https:\/\/play.google.com\/store\/apps\/details?id=com.satimoto\" rel=\"nofollow noopener\" target=\"_blank\">Google Play Store<\/a><\/li>\n<li>Satimoto sur <a href=\"https:\/\/apps.apple.com\/app\/satimoto\/id6444064066\" rel=\"nofollow noopener\" target=\"_blank\">Apple Store<\/a><\/li>\n<li><a href=\"https:\/\/satimoto.com\/\" rel=\"nofollow noopener\" target=\"_blank\">Site Web de<\/a> Satimoto<\/li>\n<li>Satimoto sur <a href=\"https:\/\/github.com\/satimoto\" rel=\"nofollow noopener\" target=\"_blank\">GitHub<\/a><\/li>\n<li>Satimoto sur <a href=\"https:\/\/twitter.com\/SatimotoApp\" rel=\"nofollow noopener\" target=\"_blank\">Twitter<\/a><\/li>\n<li>Satimoto sur <a href=\"https:\/\/satimoto.substack.com\/\" rel=\"nofollow noopener\" target=\"_blank\">Substack<\/a><\/li>\n<\/ul>\n","protected":false},"excerpt":{"rendered":"<p>Satimoto est une application qui vous permet de recharger vos v\u00e9hicules \u00e9lectriques sur des bornes de recharge dans toute l&rsquo;Europe et de payer en bitcoins via le r\u00e9seau Lightning sans avoir besoin d&rsquo;inscription, d&rsquo;informations personnelles ou de d\u00e9tails de carte de cr\u00e9dit.<\/p>\n","protected":false},"featured_media":410,"comment_status":"open","ping_status":"closed","template":"","meta":[],"product_brand":[],"product_cat":[55],"product_tag":[],"class_list":{"0":"post-407","1":"product","2":"type-product","3":"status-publish","4":"has-post-thumbnail","6":"product_cat-utiliser-bitcoin","7":"","8":"woocommerce-text-align-center","9":"woocommerce-image-align-center","10":"do-quantity-buttons","12":"first","13":"instock","14":"shipping-taxable","15":"product-type-external"},"_links":{"self":[{"href":"https:\/\/h17n.com\/fr\/wp-json\/wp\/v2\/product\/407","targetHints":{"allow":["GET"]}}],"collection":[{"href":"https:\/\/h17n.com\/fr\/wp-json\/wp\/v2\/product"}],"about":[{"href":"https:\/\/h17n.com\/fr\/wp-json\/wp\/v2\/types\/product"}],"replies":[{"embeddable":true,"href":"https:\/\/h17n.com\/fr\/wp-json\/wp\/v2\/comments?post=407"}],"wp:featuredmedia":[{"embeddable":true,"href":"https:\/\/h17n.com\/fr\/wp-json\/wp\/v2\/media\/410"}],"wp:attachment":[{"href":"https:\/\/h17n.com\/fr\/wp-json\/wp\/v2\/media?parent=407"}],"wp:term":[{"taxonomy":"product_brand","embeddable":true,"href":"https:\/\/h17n.com\/fr\/wp-json\/wp\/v2\/product_brand?post=407"},{"taxonomy":"product_cat","embeddable":true,"href":"https:\/\/h17n.com\/fr\/wp-json\/wp\/v2\/product_cat?post=407"},{"taxonomy":"product_tag","embeddable":true,"href":"https:\/\/h17n.com\/fr\/wp-json\/wp\/v2\/product_tag?post=407"}],"curies":[{"name":"wp","href":"https:\/\/api.w.org\/{rel}","templated":true}]}}