{"id":403,"date":"2023-05-12T14:34:25","date_gmt":"2023-05-12T14:34:25","guid":{"rendered":"https:\/\/h17n.com\/fr\/?post_type=product&#038;p=403"},"modified":"2023-05-15T07:24:53","modified_gmt":"2023-05-15T07:24:53","slug":"internet-de-largent","status":"publish","type":"product","link":"https:\/\/h17n.com\/fr\/livres\/internet-de-largent\/","title":{"rendered":"L&rsquo;Internet de l&rsquo;argent"},"content":{"rendered":"<p><strong><em>L&rsquo;Internet de l&rsquo;argent<\/em><\/strong> est une s\u00e9rie de livres en trois volumes \u00e9crite par Andreas M. Antonopoulos qui explore le potentiel du bitcoin et d&rsquo;autres crypto-monnaies \u00e0 modifier la fa\u00e7on dont nous pensons \u00e0 l&rsquo;argent et l&rsquo;utilisons. Les livres sont une collection de pr\u00e9sentations et d&rsquo;essais d&rsquo;Antonopoulos sur le bitcoin et son importance dans l&rsquo;ensemble du syst\u00e8me financier.<\/p>\n<p>Les livres explorent les aspects techniques du fonctionnement du bitcoin et des autres crypto-monnaies, ainsi que son potentiel pour permettre un syst\u00e8me financier plus d\u00e9centralis\u00e9 et plus s\u00fbr. Il aborde \u00e9galement les diff\u00e9rents d\u00e9fis et d\u00e9bats qui ont entour\u00e9 le bitcoin et les crypto-monnaies, ainsi que leurs implications dans le monde entier.<\/p>\n<blockquote><p>En fin de compte, le bitcoin est de l&rsquo;argent programmable. Lorsque vous avez de l&rsquo;argent programmable, les possibilit\u00e9s sont vraiment infinies. Nous pouvons prendre de nombreux concepts de base du syst\u00e8me actuel qui d\u00e9pendent de contrats l\u00e9gaux, et nous pouvons les convertir en contrats algorithmiques, en transactions math\u00e9matiques qui peuvent \u00eatre appliqu\u00e9es sur le r\u00e9seau bitcoin. Comme je l&rsquo;ai dit, il n&rsquo;y a pas de tiers, il n&rsquo;y a pas de contrepartie. Si je choisis d&rsquo;envoyer de la valeur d&rsquo;une partie du r\u00e9seau \u00e0 une autre, c&rsquo;est peer-to-peer sans personne entre les deux. Si j&rsquo;invente une nouvelle forme de monnaie, je peux la d\u00e9ployer dans le monde entier et inviter d&rsquo;autres \u00e0 venir me rejoindre. Bitcoin n&rsquo;est pas seulement de l&rsquo;argent pour Internet. Oui, c&rsquo;est de l&rsquo;argent parfait pour Internet. C&rsquo;est instantan\u00e9, c&rsquo;est s\u00fbr, c&rsquo;est gratuit. Oui, c&rsquo;est de l&rsquo;argent pour Internet, mais c&rsquo;est tellement plus. Bitcoin est l&rsquo;internet de l&rsquo;argent. La monnaie n&rsquo;est que la premi\u00e8re application. Si vous saisissez cela, vous pouvez regarder au-del\u00e0 du prix, vous pouvez regarder au-del\u00e0 de la volatilit\u00e9, vous pouvez regarder au-del\u00e0 de la mode. \u00c0 la base, le bitcoin est une technologie r\u00e9volutionnaire qui changera le monde pour toujours. Rejoinez-nous.<\/p><\/blockquote>\n<p><strong><em>L&rsquo;Internet de l&rsquo;argent<\/em><\/strong> est un regard perspicace et stimulant sur la fa\u00e7on dont le bitcoin a le potentiel de transformer la fa\u00e7on dont nous pensons \u00e0 l&rsquo;argent et l&rsquo;utilisons.<\/p>\n<blockquote><p>Il y a 2 milliards de personnes qui n&rsquo;ont aucun compte bancaire. Il y a encore 4 milliards de personnes qui ont un acc\u00e8s tr\u00e8s limit\u00e9 aux services bancaires. \u200b Banque sans monnaies internationales, banque sans march\u00e9s internationaux, banque sans liquidit\u00e9s. Bitcoin n&rsquo;est pas sur le 1 milliard. Bitcoin est tout au sujet des autres 6 1\/2. Les personnes qui sont actuellement coup\u00e9es de la banque internationale. Que pensez-vous qu&rsquo;il se passe lorsque vous \u00eates soudainement capable de transformer un simple t\u00e9l\u00e9phone \u00e0 messagerie texte au milieu d&rsquo;une zone rurale au Nigeria, connect\u00e9 \u00e0 un panneau solaire, en un terminal bancaire\u00a0? Vers un terminal de paiement Western Union ? \u200bDans un syst\u00e8me international d&rsquo;origination de pr\u00eats\u00a0? Une bourse ? Un moteur IPO ? Au d\u00e9but, rien, mais donnez-lui quelques ann\u00e9es.<\/p><\/blockquote>\n<blockquote><p>Qu&rsquo;est-ce qui donne au bitcoin les caract\u00e9ristiques d&rsquo;immuabilit\u00e9 ? Qu&rsquo;est-ce qui le rend immuable ? La premi\u00e8re r\u00e9ponse qui vient \u00e0 l&rsquo;esprit de la plupart des gens est \u00ab la blockchain \u00bb. La blockchain rend le bitcoin immuable car chaque bloc d\u00e9pend de son pr\u00e9d\u00e9cesseur, cr\u00e9ant une cha\u00eene incassable jusqu&rsquo;au bloc de gen\u00e8se, et si vous modifiez quelque chose, cela sera remarqu\u00e9. Par cons\u00e9quent, il est immuable. C&rsquo;est la mauvaise r\u00e9ponse, car ce n&rsquo;est pas vraiment \u00ab la blockchain \u00bb qui donne au bitcoin son immuabilit\u00e9. C&rsquo;est une nuance tr\u00e8s importante \u00e0 comprendre. La blockchain garantit que vous ne pouvez pas changer quelque chose sans que personne ne le remarque. En s\u00e9curit\u00e9, nous appelons cela \u00ab inviolable \u00bb : si vous le modifiez, c&rsquo;est \u00e9vident. \u200b \u200b Vous ne pouvez pas le falsifier sans laisser de preuves de votre falsification. Mais il y a une norme plus \u00e9lev\u00e9e en mati\u00e8re de s\u00e9curit\u00e9. Nous l&rsquo;appelons \u00ab inviolable \u00bb: quelque chose qui ne peut pas \u00eatre alt\u00e9r\u00e9. Non seulement \u00ab sera visible s&rsquo;il est alt\u00e9r\u00e9 \u00bb, mais \u00ab ne peut pas \u00eatre alt\u00e9r\u00e9 \u00bb. Immuable. La caract\u00e9ristique qui donne au bitcoin sa capacit\u00e9 inviolable n&rsquo;est pas \u00ab la blockchain \u00bb ; c&rsquo;est une preuve de travail.<\/p><\/blockquote>\n<p>Andreas M. Antonopoulos est aussi l&rsquo;auteur de <strong>Ma\u00eetriser Bitcoin<\/strong>.<\/p>\n<div class=\"woocommerce columns-4 \"><ul class=\"products columns-4\">\n<li class=\"woocommerce-text-align-center woocommerce-image-align-center do-quantity-buttons product type-product post-371 status-publish first instock product_cat-livres has-post-thumbnail shipping-taxable product-type-external\">\n\t<a href=\"https:\/\/h17n.com\/fr\/livres\/maitriser-bitcoin\/\" class=\"woocommerce-LoopProduct-link woocommerce-loop-product__link\"><img loading=\"lazy\" decoding=\"async\" width=\"300\" height=\"300\" src=\"https:\/\/h17n.com\/fr\/wp-content\/uploads\/sites\/2\/2023\/05\/maitriser-bitcoin-300x300.webp\" class=\"attachment-woocommerce_thumbnail size-woocommerce_thumbnail\" alt=\"Ma\u00eetriser Bitcoin\" srcset=\"https:\/\/h17n.com\/fr\/wp-content\/uploads\/sites\/2\/2023\/05\/maitriser-bitcoin-300x300.webp 300w, https:\/\/h17n.com\/fr\/wp-content\/uploads\/sites\/2\/2023\/05\/maitriser-bitcoin-1024x1024.webp 1024w, https:\/\/h17n.com\/fr\/wp-content\/uploads\/sites\/2\/2023\/05\/maitriser-bitcoin-150x150.webp 150w, https:\/\/h17n.com\/fr\/wp-content\/uploads\/sites\/2\/2023\/05\/maitriser-bitcoin-768x768.webp 768w, https:\/\/h17n.com\/fr\/wp-content\/uploads\/sites\/2\/2023\/05\/maitriser-bitcoin-120x120.webp 120w, https:\/\/h17n.com\/fr\/wp-content\/uploads\/sites\/2\/2023\/05\/maitriser-bitcoin-600x600.webp 600w, https:\/\/h17n.com\/fr\/wp-content\/uploads\/sites\/2\/2023\/05\/maitriser-bitcoin-100x100.webp 100w, https:\/\/h17n.com\/fr\/wp-content\/uploads\/sites\/2\/2023\/05\/maitriser-bitcoin-jpg.webp 1280w\" sizes=\"auto, (max-width: 300px) 100vw, 300px\" \/><h2 class=\"woocommerce-loop-product__title\">Ma\u00eetriser Bitcoin<\/h2>\n            <div class=\"star-rating\" title=\"Pas encore not\u00e9\"><span style=\"width:0%\"><strong class=\"rating\">0<\/strong> sur 5<\/span><\/div>        <a href=\"https:\/\/h17n.com\/fr\/livres\/maitriser-bitcoin\/#reviews\" class=\"woocommerce-review-link\" rel=\"nofollow\">(0)<\/a>\n\n\n<\/a><a href=\"https:\/\/bitcoin.maitriser.ca\/\" aria-describedby=\"woocommerce_loop_add_to_cart_link_describedby_371\" data-quantity=\"1\" class=\"button product_type_external\" data-product_id=\"371\" data-product_sku=\"\" aria-label=\"Lire Ma\u00eetriser Bitcoin\" rel=\"nofollow\">Lire Ma\u00eetriser Bitcoin<\/a>\t<span id=\"woocommerce_loop_add_to_cart_link_describedby_371\" class=\"screen-reader-text\">\n\t\t\t<\/span>\n<\/li>\n<\/ul>\n<\/div>\n","protected":false},"excerpt":{"rendered":"<p><strong><em>L&rsquo;Internet de l&rsquo;argent<\/em><\/strong>, la s\u00e9rie de livres en trois volumes d&rsquo;Adreas M. Antonopoulos, analyse le potentiel du bitcoin et d&rsquo;autres crypto-monnaies pour changer notre fa\u00e7on de penser et utiliser l&rsquo;argent.<\/p>\n","protected":false},"featured_media":717,"comment_status":"open","ping_status":"closed","template":"","meta":[],"product_brand":[],"product_cat":[46],"product_tag":[],"class_list":{"0":"post-403","1":"product","2":"type-product","3":"status-publish","4":"has-post-thumbnail","6":"product_cat-livres","7":"","8":"woocommerce-text-align-center","9":"woocommerce-image-align-center","10":"do-quantity-buttons","12":"first","13":"instock","14":"shipping-taxable","15":"product-type-external"},"_links":{"self":[{"href":"https:\/\/h17n.com\/fr\/wp-json\/wp\/v2\/product\/403","targetHints":{"allow":["GET"]}}],"collection":[{"href":"https:\/\/h17n.com\/fr\/wp-json\/wp\/v2\/product"}],"about":[{"href":"https:\/\/h17n.com\/fr\/wp-json\/wp\/v2\/types\/product"}],"replies":[{"embeddable":true,"href":"https:\/\/h17n.com\/fr\/wp-json\/wp\/v2\/comments?post=403"}],"wp:featuredmedia":[{"embeddable":true,"href":"https:\/\/h17n.com\/fr\/wp-json\/wp\/v2\/media\/717"}],"wp:attachment":[{"href":"https:\/\/h17n.com\/fr\/wp-json\/wp\/v2\/media?parent=403"}],"wp:term":[{"taxonomy":"product_brand","embeddable":true,"href":"https:\/\/h17n.com\/fr\/wp-json\/wp\/v2\/product_brand?post=403"},{"taxonomy":"product_cat","embeddable":true,"href":"https:\/\/h17n.com\/fr\/wp-json\/wp\/v2\/product_cat?post=403"},{"taxonomy":"product_tag","embeddable":true,"href":"https:\/\/h17n.com\/fr\/wp-json\/wp\/v2\/product_tag?post=403"}],"curies":[{"name":"wp","href":"https:\/\/api.w.org\/{rel}","templated":true}]}}