{"id":386,"date":"2023-05-13T09:35:25","date_gmt":"2023-05-13T09:35:25","guid":{"rendered":"https:\/\/h17n.com\/fr\/?post_type=product&#038;p=386"},"modified":"2023-05-15T07:24:31","modified_gmt":"2023-05-15T07:24:31","slug":"bullish-case","status":"publish","type":"product","link":"https:\/\/h17n.com\/fr\/livres\/bullish-case\/","title":{"rendered":"Un sc\u00e9nario optimiste pour bitcoin"},"content":{"rendered":"<p><strong><em>Un sc\u00e9nario optimiste pour bitcoin<\/em><\/strong> est l&rsquo;une des introductions non techniques au bitcoin les plus lues. R\u00e9dig\u00e9 \u00e0 l&rsquo;origine sous forme d&rsquo;un article long format en 2018 par <a href=\"https:\/\/twitter.com\/real_vijay\" rel=\"nofollow noopener\" target=\"_blank\">Vijay Boyapati<\/a>, un ancien ing\u00e9nieur de Google, il a \u00e9t\u00e9 publi\u00e9 en 2021. La pr\u00e9face a \u00e9t\u00e9 \u00e9crite par Michael Saylor, avec des t\u00e9moignages de Jack Dorsey (ancien PDG de Twitter), Cynthia Lummis (s\u00e9natrice am\u00e9ricaine) et Adam Back (cypherpunk).<\/p>\n<p>Le livre aborde l&rsquo;histoire et la th\u00e9orie de l&rsquo;argent, la gen\u00e8se du bitcoin, les raisons pour lesquelles il est sup\u00e9rieur \u00e0 l&rsquo;or et aux normes fiat, et ses implications \u00e9conomiques et technologiques de grande envergure.<\/p>\n<blockquote><p>Jamais dans l&rsquo;histoire du monde, il n&rsquo;avait \u00e9t\u00e9 possible de transf\u00e9rer de la valeur entre des peuples \u00e9loign\u00e9s sans s&rsquo;appuyer sur un interm\u00e9diaire de confiance, comme une banque ou un gouvernement. En 2008, Satoshi Nakamoto, dont l&rsquo;identit\u00e9 est toujours inconnue, a publi\u00e9 une solution de 9 pages \u00e0 un probl\u00e8me informatique de longue date connu sous le nom de probl\u00e8me du g\u00e9n\u00e9ral de Byzance. La solution de Nakamoto et le syst\u00e8me qu&rsquo;il a construit \u00e0 partir d&rsquo;elle &#8211; Bitcoin &#8211; ont permis, pour la toute premi\u00e8re fois, de transf\u00e9rer rapidement de la valeur, \u00e0 grande distance, de mani\u00e8re totalement sans confiance. Les ramifications de la cr\u00e9ation de Bitcoin sont si profondes pour l&rsquo;\u00e9conomie et l&rsquo;informatique que Nakamoto devrait \u00e0 juste titre \u00eatre la premi\u00e8re personne \u00e0 pouvoir pr\u00e9tendre \u00e0 la fois au prix Nobel d&rsquo;\u00e9conomie et au prix Turing.<\/p><\/blockquote>\n<p>Le livre, ainsi que l&rsquo;art, les v\u00eatements et les accessoires li\u00e9s au livre, peuvent \u00eatre achet\u00e9s \u00e0 un prix r\u00e9duit via la <a href=\"https:\/\/www.bullishcaseforbitcoin.com\/\" rel=\"nofollow noopener\" target=\"_blank\">boutique en ligne<\/a> du livre.<\/p>\n<blockquote>\n<p>En tant que bien mon\u00e9taire non souverain, il est possible qu&rsquo;\u00e0 un moment donn\u00e9 dans le futur, le bitcoin devienne une monnaie mondiale, tout comme l&rsquo;or pendant l&rsquo;\u00e9talon-or classique du 19\u00e8me si\u00e8cle. L&rsquo;adoption du bitcoin comme monnaie mondiale est pr\u00e9cis\u00e9ment l&rsquo;argument haussier en faveur du bitcoin&#8230;<\/p><\/blockquote>\n<p>L&rsquo;article original sur lequel ce livre est bas\u00e9 peut toujours <a href=\"https:\/\/vijayboyapati.medium.com\/the-bullish-case-for-bitcoin-6ecc8bdecc1\" rel=\"nofollow noopener\" target=\"_blank\">\u00eatre lu en ligne<\/a>. C&rsquo;est toujours une excellente introduction \u00e0 Bitcoin.<\/p>\n","protected":false},"excerpt":{"rendered":"<p><em>Un sc\u00e9nario optimiste pour bitcoin<\/em> examine l&rsquo;histoire et la th\u00e9orie de la monnaie, la gen\u00e8se de Bitcoin et ses implications \u00e9conomiques et technologiques.<\/p>\n","protected":false},"featured_media":716,"comment_status":"open","ping_status":"closed","template":"","meta":[],"product_brand":[],"product_cat":[46],"product_tag":[],"class_list":{"0":"post-386","1":"product","2":"type-product","3":"status-publish","4":"has-post-thumbnail","6":"product_cat-livres","7":"","8":"woocommerce-text-align-center","9":"woocommerce-image-align-center","10":"do-quantity-buttons","12":"first","13":"instock","14":"shipping-taxable","15":"product-type-external"},"_links":{"self":[{"href":"https:\/\/h17n.com\/fr\/wp-json\/wp\/v2\/product\/386","targetHints":{"allow":["GET"]}}],"collection":[{"href":"https:\/\/h17n.com\/fr\/wp-json\/wp\/v2\/product"}],"about":[{"href":"https:\/\/h17n.com\/fr\/wp-json\/wp\/v2\/types\/product"}],"replies":[{"embeddable":true,"href":"https:\/\/h17n.com\/fr\/wp-json\/wp\/v2\/comments?post=386"}],"wp:featuredmedia":[{"embeddable":true,"href":"https:\/\/h17n.com\/fr\/wp-json\/wp\/v2\/media\/716"}],"wp:attachment":[{"href":"https:\/\/h17n.com\/fr\/wp-json\/wp\/v2\/media?parent=386"}],"wp:term":[{"taxonomy":"product_brand","embeddable":true,"href":"https:\/\/h17n.com\/fr\/wp-json\/wp\/v2\/product_brand?post=386"},{"taxonomy":"product_cat","embeddable":true,"href":"https:\/\/h17n.com\/fr\/wp-json\/wp\/v2\/product_cat?post=386"},{"taxonomy":"product_tag","embeddable":true,"href":"https:\/\/h17n.com\/fr\/wp-json\/wp\/v2\/product_tag?post=386"}],"curies":[{"name":"wp","href":"https:\/\/api.w.org\/{rel}","templated":true}]}}