{"id":382,"date":"2023-02-27T19:14:11","date_gmt":"2023-02-27T19:14:11","guid":{"rendered":"https:\/\/h17n.com\/fr\/?post_type=product&#038;p=382"},"modified":"2023-05-12T16:27:12","modified_gmt":"2023-05-12T16:27:12","slug":"livre-blanc-de-bitcoin","status":"publish","type":"product","link":"https:\/\/h17n.com\/fr\/livres\/livre-blanc-de-bitcoin\/","title":{"rendered":"Le livre blanc de Bitcoin"},"content":{"rendered":"<p>Le livre blanc de Bitcoin est un document \u00e9crit en 2008 par un individu ou un groupe d&rsquo;individus qui se fait appeler \u00ab Satoshi Nakamoto \u00bb. Intitul\u00e9 <strong><em>Bitcoin : un syst\u00e8me de paiement \u00e9lectronique pair-\u00e0-pair<\/em><\/strong>, le document expose la notion d&rsquo;une monnaie num\u00e9rique d\u00e9centralis\u00e9e qui permettrait des transactions directes et s\u00e9curis\u00e9es entre les participants sans avoir besoin d&rsquo;un interm\u00e9diaire tiers de confiance comme une banque. Le livre blanc, qui expliquait les aspects techniques du r\u00e9seau Bitcoin et son fonctionnement, est consid\u00e9r\u00e9 comme un ouvrage fondateur sur le sujet des crypto-monnaies.<\/p>\n<p>Le document commence par analyser la possibilit\u00e9 de double d\u00e9pense, qui se produit lorsque la monnaie num\u00e9rique est d\u00e9pens\u00e9e plus d&rsquo;une fois. Il d\u00e9crit ensuite la conception d&rsquo;un syst\u00e8me de monnaie \u00e9lectronique de pair \u00e0 pair, qui utilise un r\u00e9seau d\u00e9centralis\u00e9 d&rsquo;ordinateurs pour enregistrer les transactions et une m\u00e9thode de signature num\u00e9rique pour garantir la s\u00e9curit\u00e9 des paiements. L&rsquo;article d\u00e9crit \u00e9galement le processus de minage, qui est la fa\u00e7on dont les nouveaux Bitcoins sont cr\u00e9\u00e9s et distribu\u00e9s. Enfin, l&rsquo;\u00e9tude examine le potentiel de Bitcoin comme moyen de rendre les transactions \u00e9conomiques plus efficaces, s\u00fbres et rentables.<\/p>\n<blockquote><p>Ce qu&rsquo;il faut, c&rsquo;est un syst\u00e8me de paiement \u00e9lectronique bas\u00e9 sur la preuve cryptographique plut\u00f4t que sur la confiance, permettant \u00e0 deux parties consentantes de faire des transactions directement entre elles sans avoir besoin d&rsquo;un tiers de confiance. Les transactions qu&rsquo;il est impossible d&rsquo;inverser d&rsquo;un point de vue informatique prot\u00e9geraient les vendeurs de la fraude, et des m\u00e9canismes de s\u00e9questre de routine pourraient facilement \u00eatre mis en place pour prot\u00e9ger les acheteurs. Dans cet article, nous proposons une solution au probl\u00e8me de la double d\u00e9pense en utilisant un serveur d&rsquo;horodatage distribu\u00e9 de pair \u00e0 pair pour g\u00e9n\u00e9rer une preuve informatique de l&rsquo;ordre chronologique des transactions.<\/p><\/blockquote>\n<p>L&rsquo;identit\u00e9 authentique de l&rsquo;auteur n&rsquo;a jamais \u00e9t\u00e9 prouv\u00e9e de mani\u00e8re convaincante.<\/p>\n<p>Le livre blanc a \u00e9t\u00e9 traduit dans de nombreuses langues, dont le <a href=\"https:\/\/bitcoin.org\/files\/bitcoin-paper\/bitcoin_fr.pdf\" rel=\"nofollow noopener\" target=\"_blank\">fran\u00e7ais<\/a>, l&rsquo;<a href=\"https:\/\/bitcoin.org\/files\/bitcoin-paper\/bitcoin_it.pdf\" rel=\"nofollow noopener\" target=\"_blank\">italien<\/a>, le <a href=\"https:\/\/bitcoin.org\/files\/bitcoin-paper\/bitcoin_nl.pdf\" rel=\"nofollow noopener\" target=\"_blank\">n\u00e9erlandais<\/a> et le <a href=\"https:\/\/bitcoin.org\/files\/bitcoin-paper\/bitcoin_np.pdf\" rel=\"nofollow noopener\" target=\"_blank\">n\u00e9palais<\/a>.<\/p>\n<h2>Plus d&rsquo;informations<\/h2>\n<ul>\n<li><a href=\"https:\/\/bitcoin.org\/en\/bitcoin-paper\" rel=\"nofollow noopener\" target=\"_blank\">Traductions du <em>Livre blanc de Bitcoin<\/em><\/a><\/li>\n<\/ul>\n","protected":false},"excerpt":{"rendered":"<p><em>Le livre blanc de Bitcoin<\/em> est un document intitul\u00e9 \u00ab Bitcoin : un syst\u00e8me de paiement \u00e9lectronique pair-\u00e0-pair \u00bb qui explique les aspects techniques du r\u00e9seau Bitcoin et son fonctionnement. Il est consid\u00e9r\u00e9 comme un travail fondamental sur le sujet du bitcoin.<\/p>\n","protected":false},"featured_media":701,"comment_status":"open","ping_status":"closed","template":"","meta":[],"product_brand":[],"product_cat":[46],"product_tag":[],"class_list":{"0":"post-382","1":"product","2":"type-product","3":"status-publish","4":"has-post-thumbnail","6":"product_cat-livres","7":"","8":"woocommerce-text-align-center","9":"woocommerce-image-align-center","10":"do-quantity-buttons","12":"first","13":"instock","14":"shipping-taxable","15":"product-type-external"},"_links":{"self":[{"href":"https:\/\/h17n.com\/fr\/wp-json\/wp\/v2\/product\/382","targetHints":{"allow":["GET"]}}],"collection":[{"href":"https:\/\/h17n.com\/fr\/wp-json\/wp\/v2\/product"}],"about":[{"href":"https:\/\/h17n.com\/fr\/wp-json\/wp\/v2\/types\/product"}],"replies":[{"embeddable":true,"href":"https:\/\/h17n.com\/fr\/wp-json\/wp\/v2\/comments?post=382"}],"wp:featuredmedia":[{"embeddable":true,"href":"https:\/\/h17n.com\/fr\/wp-json\/wp\/v2\/media\/701"}],"wp:attachment":[{"href":"https:\/\/h17n.com\/fr\/wp-json\/wp\/v2\/media?parent=382"}],"wp:term":[{"taxonomy":"product_brand","embeddable":true,"href":"https:\/\/h17n.com\/fr\/wp-json\/wp\/v2\/product_brand?post=382"},{"taxonomy":"product_cat","embeddable":true,"href":"https:\/\/h17n.com\/fr\/wp-json\/wp\/v2\/product_cat?post=382"},{"taxonomy":"product_tag","embeddable":true,"href":"https:\/\/h17n.com\/fr\/wp-json\/wp\/v2\/product_tag?post=382"}],"curies":[{"name":"wp","href":"https:\/\/api.w.org\/{rel}","templated":true}]}}