{"id":378,"date":"2023-05-11T19:35:26","date_gmt":"2023-05-11T19:35:26","guid":{"rendered":"https:\/\/h17n.com\/fr\/?post_type=product&#038;p=378"},"modified":"2023-05-15T07:25:20","modified_gmt":"2023-05-15T07:25:20","slug":"livre-de-satoshi","status":"publish","type":"product","link":"https:\/\/h17n.com\/fr\/livres\/livre-de-satoshi\/","title":{"rendered":"Le Livre de Satoshi"},"content":{"rendered":"<p><strong><em>Le Livre de Satoshi. Le recueil des \u00e9crits du cr\u00e9ateur du bitcoin<\/em><\/strong> est un livre de Phil Champagne qui rassemble les \u00e9crits de la personne ou du groupe de personnes connues sous le nom de Satoshi Nakamoto, le cr\u00e9ateur de Bitcoin.<\/p>\n<p>Satoshi Nakamoto est le pseudonyme utilis\u00e9 par la personne ou le groupe de personnes inconnues qui ont cr\u00e9\u00e9 le r\u00e9seau Bitcoin et r\u00e9dig\u00e9 le <a href=\"https:\/\/h17n.com\/fr\/livres\/livre-blanc-de-bitcoin\/\" target=\"_blank\" rel=\"noopener\"><em>Le Livre blanc de Bitcoin<\/em><\/a> en 2008. Les \u00e9crits donnent un aper\u00e7u du d\u00e9veloppement et des d\u00e9buts de l&rsquo;histoire de Bitcoin.<\/p>\n<blockquote>\n<p> La v\u00e9ritable identit\u00e9 de Nakamoto ne sera peut-\u00eatre jamais connue. Par cons\u00e9quent, les \u00e9crits reproduits ici sont probablement tout ce que le monde entendra jamais de lui concernant la cr\u00e9ation, le fonctionnement et la base th\u00e9orique de Bitcoin. Vous voulez en savoir plus sur Bitcoin ? Va directement \u00e0 la source : les \u00e9crits du cr\u00e9ateur lui-m\u00eame, Satoshi Nakamoto !\n<\/p><\/blockquote>\n<p>Le livre comprend les \u00e9l\u00e9ments suivants :<\/p>\n<ul>\n<li>Les courriels et les messages de Satoshi Nakamoto sur les forums informatiques <\/li>\n<li>Les principes fondamentaux du bitcoin pr\u00e9sent\u00e9s en termes profanes<\/li>\n<li>Le potentiel et les profondes implications \u00e9conomiques de Bitcoin<\/li>\n<li>Le livre blanc sur le bitcoin<\/li>\n<\/ul>\n<blockquote>\n<p> Le probl\u00e8me fondamental de la monnaie conventionnelle est toute la confiance qu&rsquo;il faut avoir pour qu&rsquo;elle fonctionne. Il faut faire confiance \u00e0 la banque centrale pour qu&rsquo;elle ne d\u00e9valorise pas la monnaie, mais l&rsquo;histoire des monnaies fiduciaires est pleine de violations de cette confiance. Il faut faire confiance aux banques pour d\u00e9tenir notre argent et le transf\u00e9rer \u00e9lectroniquement, mais elles le pr\u00eatent dans des vagues de bulles de cr\u00e9dit avec \u00e0 peine une fraction en r\u00e9serve. (Satoshi Nakamoto)\n<\/p><\/blockquote>\n","protected":false},"excerpt":{"rendered":"<p><em>Le Livre de Satoshi<\/em> est un recueil des \u00e9crits de la personne ou du groupe de personnes connus sous le nom de Satoshi Nakamoto, le cr\u00e9ateur de Bitcoin.<\/p>\n","protected":false},"featured_media":714,"comment_status":"open","ping_status":"closed","template":"","meta":[],"product_brand":[],"product_cat":[46],"product_tag":[],"class_list":{"0":"post-378","1":"product","2":"type-product","3":"status-publish","4":"has-post-thumbnail","6":"product_cat-livres","7":"","8":"woocommerce-text-align-center","9":"woocommerce-image-align-center","10":"do-quantity-buttons","12":"first","13":"instock","14":"shipping-taxable","15":"product-type-external"},"_links":{"self":[{"href":"https:\/\/h17n.com\/fr\/wp-json\/wp\/v2\/product\/378","targetHints":{"allow":["GET"]}}],"collection":[{"href":"https:\/\/h17n.com\/fr\/wp-json\/wp\/v2\/product"}],"about":[{"href":"https:\/\/h17n.com\/fr\/wp-json\/wp\/v2\/types\/product"}],"replies":[{"embeddable":true,"href":"https:\/\/h17n.com\/fr\/wp-json\/wp\/v2\/comments?post=378"}],"wp:featuredmedia":[{"embeddable":true,"href":"https:\/\/h17n.com\/fr\/wp-json\/wp\/v2\/media\/714"}],"wp:attachment":[{"href":"https:\/\/h17n.com\/fr\/wp-json\/wp\/v2\/media?parent=378"}],"wp:term":[{"taxonomy":"product_brand","embeddable":true,"href":"https:\/\/h17n.com\/fr\/wp-json\/wp\/v2\/product_brand?post=378"},{"taxonomy":"product_cat","embeddable":true,"href":"https:\/\/h17n.com\/fr\/wp-json\/wp\/v2\/product_cat?post=378"},{"taxonomy":"product_tag","embeddable":true,"href":"https:\/\/h17n.com\/fr\/wp-json\/wp\/v2\/product_tag?post=378"}],"curies":[{"name":"wp","href":"https:\/\/api.w.org\/{rel}","templated":true}]}}