{"id":374,"date":"2023-02-27T19:11:42","date_gmt":"2023-02-27T19:11:42","guid":{"rendered":"https:\/\/h17n.com\/fr\/?post_type=product&#038;p=374"},"modified":"2023-05-15T07:27:17","modified_gmt":"2023-05-15T07:27:17","slug":"letalon-bitcoin","status":"publish","type":"product","link":"https:\/\/h17n.com\/fr\/livres\/letalon-bitcoin\/","title":{"rendered":"L&rsquo;\u00c9talon-Bitcoin"},"content":{"rendered":"<p><strong><a href=\"https:\/\/academy.saifedean.com\/thebitcoinstandard\/\" rel=\"nofollow noopener\" target=\"_blank\"><em>L&rsquo;\u00c9talon-Bitcoin : l&rsquo;alternative d\u00e9centralis\u00e9e aux banques centrales<\/em><\/a><\/strong> est un livre de l&rsquo;\u00e9conomiste et universitaire Saifedean Ammous qui explore l&rsquo;histoire et l&rsquo;avenir potentiel de la monnaie num\u00e9rique bitcoin. Consid\u00e9r\u00e9 comme un ouvrage fondateur sur le bitcoin, le livre soutient que le bitcoin, en tant que forme d&rsquo;argent d\u00e9centralis\u00e9e et limit\u00e9e, repr\u00e9sente une alternative plus stable et plus s\u00fbre aux syst\u00e8mes bancaires centraux traditionnels.<\/p>\n<blockquote><p>L&rsquo;introduction du bitcoin, en tant que monnaie native d&rsquo;Internet supplantant les fronti\u00e8res nationales et \u00e9chappant au contr\u00f4le des gouvernements, offre une possibilit\u00e9 intrigante d&rsquo;\u00e9mergence d&rsquo;un nouveau syst\u00e8me mon\u00e9taire international&#8230;<\/p><\/blockquote>\n<p>Ammous se penche sur les principes de l&rsquo;argent et de la valeur et sur la fa\u00e7on dont ils s&rsquo;appliquent au bitcoin. Il discute \u00e9galement des avantages et des inconv\u00e9nients potentiels d&rsquo;une \u00e9conomie bas\u00e9e sur le bitcoin, et de l&rsquo;impact qu&rsquo;elle pourrait avoir sur la soci\u00e9t\u00e9 et la politique.<\/p>\n<p>Il y a plusieurs raisons pour lesquelles vous pourriez vouloir lire <em>L&rsquo;\u00c9talon-Bitcoin<\/em>. Voici quelques-unes des principales raisons :<\/p>\n<ul>\n<li>Pour apprendre l&rsquo;histoire et l&rsquo;\u00e9volution de l&rsquo;argent, et comment le bitcoin s&rsquo;inscrit dans cette histoire<\/li>\n<li>Pour mieux comprendre les aspects techniques et \u00e9conomiques du bitcoin<\/li>\n<li>Pour explorer les implications potentielles du bitcoin sur l&rsquo;\u00e9conomie mondiale et le syst\u00e8me financier<\/li>\n<li>Pour acqu\u00e9rir une nouvelle perspective du potentiel et des limites du bitcoin<\/li>\n<\/ul>\n<blockquote><p>Son [bitcoin] simple existence est une police d&rsquo;assurance qui rappellera aux gouvernements que le dernier objet que l&rsquo;establishment pouvait contr\u00f4ler, \u00e0 savoir la monnaie, n&rsquo;est plus leur monopole. Cela nous donne \u00e0 nous, la foule, une police d&rsquo;assurance contre un avenir orwellien.<\/p><\/blockquote>\n<p>Dans l&rsquo;ensemble, <em>L&rsquo;\u00c9talon-Bitcoin<\/em> est un livre bien \u00e9crit, qui incite \u00e0 la r\u00e9flexion et fournit des informations pr\u00e9cieuses sur le monde du bitcoin. Que vous soyez d\u00e9butant ou expert, c&rsquo;est un livre qui vaut la peine d&rsquo;\u00eatre lu si vous vous int\u00e9ressez au bitcoin et \u00e0 son impact potentiel sur le monde.<\/p>\n<p>Le livre a \u00e9t\u00e9 publi\u00e9 en 30 langues, notamment en allemand, arabe, portugais br\u00e9silien, chinois (traditionnel), chinois (simplifi\u00e9), cor\u00e9en, finnois, fran\u00e7ais et vietnamien.<\/p>\n<blockquote><p>L&rsquo;argent facile \u00e0 produire n&rsquo;est pas de l&rsquo;argent du tout, et l&rsquo;argent facile ne rend pas une soci\u00e9t\u00e9 plus riche ; au contraire, il la rend plus pauvre en mettant en vente toute sa richesse durement gagn\u00e9e en \u00e9change de quelque chose de facile \u00e0 produire.<\/p><\/blockquote>\n","protected":false},"excerpt":{"rendered":"<p><strong><em>L&rsquo;\u00c9talon-Bitcoin : l&rsquo;alternative d\u00e9centralis\u00e9e aux banques centrales<\/em><\/strong> est un livre qui examine l&rsquo;histoire et l&rsquo;avenir potentiel du Bitcoin.<\/p>\n","protected":false},"featured_media":713,"comment_status":"open","ping_status":"closed","template":"","meta":[],"product_brand":[],"product_cat":[46],"product_tag":[],"class_list":{"0":"post-374","1":"product","2":"type-product","3":"status-publish","4":"has-post-thumbnail","6":"product_cat-livres","7":"","8":"woocommerce-text-align-center","9":"woocommerce-image-align-center","10":"do-quantity-buttons","12":"first","13":"instock","14":"shipping-taxable","15":"product-type-external"},"_links":{"self":[{"href":"https:\/\/h17n.com\/fr\/wp-json\/wp\/v2\/product\/374","targetHints":{"allow":["GET"]}}],"collection":[{"href":"https:\/\/h17n.com\/fr\/wp-json\/wp\/v2\/product"}],"about":[{"href":"https:\/\/h17n.com\/fr\/wp-json\/wp\/v2\/types\/product"}],"replies":[{"embeddable":true,"href":"https:\/\/h17n.com\/fr\/wp-json\/wp\/v2\/comments?post=374"}],"wp:featuredmedia":[{"embeddable":true,"href":"https:\/\/h17n.com\/fr\/wp-json\/wp\/v2\/media\/713"}],"wp:attachment":[{"href":"https:\/\/h17n.com\/fr\/wp-json\/wp\/v2\/media?parent=374"}],"wp:term":[{"taxonomy":"product_brand","embeddable":true,"href":"https:\/\/h17n.com\/fr\/wp-json\/wp\/v2\/product_brand?post=374"},{"taxonomy":"product_cat","embeddable":true,"href":"https:\/\/h17n.com\/fr\/wp-json\/wp\/v2\/product_cat?post=374"},{"taxonomy":"product_tag","embeddable":true,"href":"https:\/\/h17n.com\/fr\/wp-json\/wp\/v2\/product_tag?post=374"}],"curies":[{"name":"wp","href":"https:\/\/api.w.org\/{rel}","templated":true}]}}