{"id":371,"date":"2023-02-28T20:28:48","date_gmt":"2023-02-28T20:28:48","guid":{"rendered":"https:\/\/h17n.com\/fr\/?post_type=product&#038;p=371"},"modified":"2023-05-15T07:26:29","modified_gmt":"2023-05-15T07:26:29","slug":"maitriser-bitcoin","status":"publish","type":"product","link":"https:\/\/h17n.com\/fr\/livres\/maitriser-bitcoin\/","title":{"rendered":"Ma\u00eetriser Bitcoin"},"content":{"rendered":"<p>Le livre <strong><em>Ma\u00eetriser Bitcoin<\/em><\/strong> d&rsquo;Andreas Antonopoulos est \u00e9crit dans un style clair et accessible. Il s&rsquo;adresse aux lecteurs qui souhaitent d\u00e9couvrir les aspects techniques et \u00e9conomiques du bitcoin, mais qui n&rsquo;ont peut-\u00eatre pas de formation en informatique ou en \u00e9conomie. Il offre un aper\u00e7u d\u00e9taill\u00e9 et approfondi du fonctionnement du bitcoin, et il comprend de nombreux exemples pratiques et \u00e9tudes de cas pour aider les lecteurs \u00e0 mieux comprendre les concepts.<\/p>\n<p><em>Ma\u00eetriser Bitcoin<\/em> est un excellent livre pour les d\u00e9butants en bitcoin. Il fournit une introduction accessible au monde du bitcoin. Le livre \u00e9crit de mani\u00e8re facile \u00e0 comprendre sur des sujets tels que la cryptographie, les r\u00e9seaux distribu\u00e9s, les contrats intelligents, les applications d\u00e9centralis\u00e9es, le minage et plus encore. Il est parfait pour ceux qui commencent tout juste \u00e0 se familiariser avec le bitcoin ou les \u00ab\u00a0crypto-monnaies\u00a0\u00bb et la technologie blockchain.<\/p>\n<p>Le livre offre un regard approfondi sur le fonctionnement du bitcoin, ainsi que sur les implications potentielles pour l&rsquo;avenir de l&rsquo;argent et des syst\u00e8mes financiers. Entre autres choses, il soutient \u00e9galement que :<\/p>\n<blockquote>\n<p> Le bitcoin est plus qu&rsquo;une nouvelle forme d&rsquo;argent ; c&rsquo;est un syst\u00e8me \u00e9conomique enti\u00e8rement nouveau qui a le potentiel de r\u00e9volutionner notre fa\u00e7on de penser l&rsquo;\u00e9change de valeur et le stockage de la richesse.\n<\/p><\/blockquote>\n<p><em>Ma\u00eetriser Bitcoin<\/em> est consid\u00e9r\u00e9 comme une ressource essentielle pour tous ceux qui veulent en savoir plus sur le bitcoin et la technologie qui le sous-tend. Il a fait l&rsquo;objet de critiques positives de la part d&rsquo;experts et de lecteurs profanes, et il est largement consid\u00e9r\u00e9 comme l&rsquo;un des meilleurs livres sur le sujet.<\/p>\n<div class=\"action box\">\n<p><em>Ma\u00eetriser Bitcoin<\/em> est une ressource essentielle pour quiconque souhaite mieux comprendre cette technologie r\u00e9volutionnaire.<\/p>\n<\/div>\n<p>Andreas M. Antonopoulos est \u00e9galement l&rsquo;auteur de <strong><em>L&rsquo;Internet de l&rsquo;argent<\/em><\/strong>.<\/p>\n<div class=\"woocommerce columns-4 \"><ul class=\"products columns-4\">\n<li class=\"woocommerce-text-align-center woocommerce-image-align-center do-quantity-buttons product type-product post-403 status-publish first instock product_cat-livres has-post-thumbnail shipping-taxable product-type-external\">\n\t<a href=\"https:\/\/h17n.com\/fr\/livres\/internet-de-largent\/\" class=\"woocommerce-LoopProduct-link woocommerce-loop-product__link\"><img loading=\"lazy\" decoding=\"async\" width=\"300\" height=\"300\" src=\"https:\/\/h17n.com\/fr\/wp-content\/uploads\/sites\/2\/2023\/05\/internet-de-largent-300x300.webp\" class=\"attachment-woocommerce_thumbnail size-woocommerce_thumbnail\" alt=\"L&#039;Internet de l&#039;argent\" srcset=\"https:\/\/h17n.com\/fr\/wp-content\/uploads\/sites\/2\/2023\/05\/internet-de-largent-300x300.webp 300w, https:\/\/h17n.com\/fr\/wp-content\/uploads\/sites\/2\/2023\/05\/internet-de-largent-1024x1024.webp 1024w, https:\/\/h17n.com\/fr\/wp-content\/uploads\/sites\/2\/2023\/05\/internet-de-largent-150x150.webp 150w, https:\/\/h17n.com\/fr\/wp-content\/uploads\/sites\/2\/2023\/05\/internet-de-largent-768x768.webp 768w, https:\/\/h17n.com\/fr\/wp-content\/uploads\/sites\/2\/2023\/05\/internet-de-largent-120x120.webp 120w, https:\/\/h17n.com\/fr\/wp-content\/uploads\/sites\/2\/2023\/05\/internet-de-largent-600x600.webp 600w, https:\/\/h17n.com\/fr\/wp-content\/uploads\/sites\/2\/2023\/05\/internet-de-largent-100x100.webp 100w, https:\/\/h17n.com\/fr\/wp-content\/uploads\/sites\/2\/2023\/05\/internet-de-largent-jpg.webp 1280w\" sizes=\"auto, (max-width: 300px) 100vw, 300px\" \/><h2 class=\"woocommerce-loop-product__title\">L&rsquo;Internet de l&rsquo;argent<\/h2>\n            <div class=\"star-rating\" title=\"Pas encore not\u00e9\"><span style=\"width:0%\"><strong class=\"rating\">0<\/strong> sur 5<\/span><\/div>        <a href=\"https:\/\/h17n.com\/fr\/livres\/internet-de-largent\/#reviews\" class=\"woocommerce-review-link\" rel=\"nofollow\">(0)<\/a>\n\n\n<\/a><a href=\"https:\/\/books.aantonop.com\/product\/linternet-de-largent-2\/\" aria-describedby=\"woocommerce_loop_add_to_cart_link_describedby_403\" data-quantity=\"1\" class=\"button product_type_external\" data-product_id=\"403\" data-product_sku=\"\" aria-label=\"Lire L&#039;Internet de l&#039;argent\" rel=\"nofollow\">Lire L&#039;Internet de l&#039;argent<\/a>\t<span id=\"woocommerce_loop_add_to_cart_link_describedby_403\" class=\"screen-reader-text\">\n\t\t\t<\/span>\n<\/li>\n<\/ul>\n<\/div>\n","protected":false},"excerpt":{"rendered":"<p><strong><em>Ma\u00eetriser Bitcoin<\/em><\/strong> d&rsquo;Andreas Antonopoulos s&rsquo;adresse aux lecteurs qui souhaitent en savoir plus sur les aspects techniques et \u00e9conomiques du bitcoin, mais qui n&rsquo;ont peut-\u00eatre pas de formation en informatique ou en \u00e9conomie. Il fournit un aper\u00e7u d\u00e9taill\u00e9 et approfondi du fonctionnement du Bitcoin et comprend de nombreux exemples pratiques et \u00e9tudes de cas pour aider les lecteurs \u00e0 mieux comprendre les concepts.<\/p>\n","protected":false},"featured_media":715,"comment_status":"open","ping_status":"closed","template":"","meta":[],"product_brand":[],"product_cat":[46],"product_tag":[],"class_list":{"0":"post-371","1":"product","2":"type-product","3":"status-publish","4":"has-post-thumbnail","6":"product_cat-livres","7":"","8":"woocommerce-text-align-center","9":"woocommerce-image-align-center","10":"do-quantity-buttons","12":"first","13":"instock","14":"shipping-taxable","15":"product-type-external"},"_links":{"self":[{"href":"https:\/\/h17n.com\/fr\/wp-json\/wp\/v2\/product\/371","targetHints":{"allow":["GET"]}}],"collection":[{"href":"https:\/\/h17n.com\/fr\/wp-json\/wp\/v2\/product"}],"about":[{"href":"https:\/\/h17n.com\/fr\/wp-json\/wp\/v2\/types\/product"}],"replies":[{"embeddable":true,"href":"https:\/\/h17n.com\/fr\/wp-json\/wp\/v2\/comments?post=371"}],"wp:featuredmedia":[{"embeddable":true,"href":"https:\/\/h17n.com\/fr\/wp-json\/wp\/v2\/media\/715"}],"wp:attachment":[{"href":"https:\/\/h17n.com\/fr\/wp-json\/wp\/v2\/media?parent=371"}],"wp:term":[{"taxonomy":"product_brand","embeddable":true,"href":"https:\/\/h17n.com\/fr\/wp-json\/wp\/v2\/product_brand?post=371"},{"taxonomy":"product_cat","embeddable":true,"href":"https:\/\/h17n.com\/fr\/wp-json\/wp\/v2\/product_cat?post=371"},{"taxonomy":"product_tag","embeddable":true,"href":"https:\/\/h17n.com\/fr\/wp-json\/wp\/v2\/product_tag?post=371"}],"curies":[{"name":"wp","href":"https:\/\/api.w.org\/{rel}","templated":true}]}}