{"id":357,"date":"2023-05-09T17:17:25","date_gmt":"2023-05-09T17:17:25","guid":{"rendered":"https:\/\/h17n.com\/fr\/?post_type=product&#038;p=357"},"modified":"2023-05-09T17:28:39","modified_gmt":"2023-05-09T17:28:39","slug":"infini-divise-par-21-millions","status":"publish","type":"product","link":"https:\/\/h17n.com\/fr\/livres\/infini-divise-par-21-millions\/","title":{"rendered":"Bitcoin : l&rsquo;infini divis\u00e9 par 21 millions"},"content":{"rendered":"<p><strong>\u00ab Bitcoin : l&rsquo;infini divis\u00e9 par 21 millions \u00bb<\/strong> est un livre de <a href=\"https:\/\/www.knutsvanholm.com\/\" rel=\"nofollow noopener\" target=\"_blank\">Knut Svanholm<\/a> qui examine nos relations avec le temps, l&rsquo;argent et la valeur, et comment ils sont inextricablement li\u00e9s en chacun de nous. Les lecteurs seront emmen\u00e9s \u00e0 travers l&rsquo;\u00e9conomie, la th\u00e9orie des jeux, les math\u00e9matiques, l&rsquo;alchimie, la philosophie et la violence. Le livre a \u00e9t\u00e9 publi\u00e9 le 9 mars 2022.<\/p>\n<blockquote><p>Imaginez, tout ce qui existe et tout ce qui existera toujours, divis\u00e9 par 21 millions.<\/p><\/blockquote>\n<p>Il explique comment fonctionne le bitcoin et notre relation symbiotique avec lui. Abordant les probl\u00e8mes les plus urgents d&rsquo;aujourd&rsquo;hui, tels que l&rsquo;inflation, le changement climatique, la dette et le gaspillage de la consommation, Svanholm explique pourquoi les solutions \u00e0 courte vue de la monnaie fiduciaire \u00e9choueront in\u00e9vitablement. Bitcoin, de l&rsquo;avis de Svanholm, n&rsquo;est pas une menace ; c&rsquo;est plut\u00f4t la solution. Le d\u00e9but d&rsquo;une nouvelle soci\u00e9t\u00e9 civilis\u00e9e.<\/p>\n<blockquote>\n<p>Au cours de cette premi\u00e8re moiti\u00e9 du 21e si\u00e8cle, nous vivons tous le changement de paradigme soci\u00e9tal le plus critique de l&rsquo;histoire humaine. Hyperbitcoinisation. Nous avons peut-\u00eatre une p\u00e9riode tumultueuse devant nous, mais cela aurait \u00e9t\u00e9 bien pire sans l&rsquo;airbag financier fourni par le bitcoin.<\/p>\n<p>Bitcoin est un outil tr\u00e8s puissant pour vous prot\u00e9ger contre l&rsquo;inflation. Comme tous les autres outils et technologies, il vous fait gagner du temps. Augmente votre libert\u00e9 de choix. Si ce n&rsquo;est pas d\u00e9j\u00e0 fait, le bitcoin vous affectera d&rsquo;une mani\u00e8re que vous ne pouvez pas imaginer. Ce qui a commenc\u00e9 comme une exp\u00e9rience d&rsquo;argent num\u00e9rique ringard s&rsquo;est transform\u00e9 en quelque chose de beaucoup plus grand. Aujourd&rsquo;hui, le bitcoin n&rsquo;est rien de moins qu&rsquo;une renaissance spirituelle mondiale. Une reconqu\u00eate de l&rsquo;\u00e2me humaine. Une strat\u00e9gie de sortie pour toute personne fatigu\u00e9e de la corv\u00e9e d&rsquo;une carri\u00e8re sans but. Une voie vers la moralit\u00e9, la coop\u00e9ration et l&rsquo;auto-souverainet\u00e9. Une v\u00e9ritable chance de sauver non seulement nous-m\u00eames, mais aussi la plan\u00e8te sur laquelle nous vivons. Partout dans le monde, les gens changent leurs habitudes \u00e0 un rythme tr\u00e8s rapide, s&rsquo;\u00e9veillant \u00e0 cette nouvelle r\u00e9alit\u00e9. Ils voient ce ph\u00e9nom\u00e8ne \u00e9mergent pour ce qu&rsquo;il est : l&rsquo;\u00e9mancipation de l&rsquo;humanit\u00e9. Une id\u00e9e dont l&rsquo;heure est venue. La force la plus imparable qui soit. Un concept abstrait qui va tout changer en vous. Un accord entre les personnes qui relie le temps, la morale et l&rsquo;information. Cela vous affectera d&rsquo;une mani\u00e8re que vous ne pouvez m\u00eame pas imaginer. Ce livre va essayer de vous aider \u00e0 comprendre pourquoi et comment.<\/p>\n<\/blockquote>\n<h2>Obtenir le livre<\/h2>\n<ul>\n<li><a href=\"https:\/\/bitcoinbook.shop\/products\/bitcoin-l-infini-divise-par-21-millions?What+kind+of+a+book%3F=eBook\" rel=\"nofollow noopener\" target=\"_blank\">\u00ab Bitcoin : l&rsquo;infini divis\u00e9 par 21 millions \u00bb (version eBook)<\/a><\/li>\n<li><a href=\"https:\/\/bitcoinbook.shop\/products\/bitcoin-l-infini-divise-par-21-millions?What+kind+of+a+book%3F=Paperback\" rel=\"nofollow noopener\" target=\"_blank\">\u00ab Bitcoin : l&rsquo;infini divis\u00e9 par 21 millions \u00bb (version papier)<\/a><\/li>\n<\/ul>\n","protected":false},"excerpt":{"rendered":"<p>\u00ab Bitcoin : l&rsquo;infini divis\u00e9 par 21 millions \u00bb est un livre de Knut Svanholm qui explique le fonctionnement du bitcoin et notre relation symbiotique avec lui.<\/p>\n","protected":false},"featured_media":691,"comment_status":"open","ping_status":"closed","template":"","meta":[],"product_brand":[],"product_cat":[46],"product_tag":[],"class_list":{"0":"post-357","1":"product","2":"type-product","3":"status-publish","4":"has-post-thumbnail","6":"product_cat-livres","7":"","8":"woocommerce-text-align-center","9":"woocommerce-image-align-center","10":"do-quantity-buttons","12":"first","13":"instock","14":"shipping-taxable","15":"product-type-external"},"_links":{"self":[{"href":"https:\/\/h17n.com\/fr\/wp-json\/wp\/v2\/product\/357","targetHints":{"allow":["GET"]}}],"collection":[{"href":"https:\/\/h17n.com\/fr\/wp-json\/wp\/v2\/product"}],"about":[{"href":"https:\/\/h17n.com\/fr\/wp-json\/wp\/v2\/types\/product"}],"replies":[{"embeddable":true,"href":"https:\/\/h17n.com\/fr\/wp-json\/wp\/v2\/comments?post=357"}],"wp:featuredmedia":[{"embeddable":true,"href":"https:\/\/h17n.com\/fr\/wp-json\/wp\/v2\/media\/691"}],"wp:attachment":[{"href":"https:\/\/h17n.com\/fr\/wp-json\/wp\/v2\/media?parent=357"}],"wp:term":[{"taxonomy":"product_brand","embeddable":true,"href":"https:\/\/h17n.com\/fr\/wp-json\/wp\/v2\/product_brand?post=357"},{"taxonomy":"product_cat","embeddable":true,"href":"https:\/\/h17n.com\/fr\/wp-json\/wp\/v2\/product_cat?post=357"},{"taxonomy":"product_tag","embeddable":true,"href":"https:\/\/h17n.com\/fr\/wp-json\/wp\/v2\/product_tag?post=357"}],"curies":[{"name":"wp","href":"https:\/\/api.w.org\/{rel}","templated":true}]}}