{"id":334,"date":"2023-05-03T19:55:12","date_gmt":"2023-05-03T19:55:12","guid":{"rendered":"https:\/\/h17n.com\/fr\/?post_type=product&#038;p=334"},"modified":"2023-05-03T19:55:12","modified_gmt":"2023-05-03T19:55:12","slug":"mtsocks","status":"publish","type":"product","link":"https:\/\/h17n.com\/fr\/produits-bitcoin\/mtsocks\/","title":{"rendered":"MtSocks : des chaussettes \u00e9ducatives Bitcoin"},"content":{"rendered":"<p>MtSocks est une entreprise qui utilise des chaussettes comme moyen d&rsquo;\u00e9duquer les gens sur l&rsquo;histoire du bitcoin et de montrer comment il peut \u00eatre utilis\u00e9 dans la vie quotidienne. Gr\u00e2ce \u00e0 leurs chaussettes, MtSocks vise \u00e0 fournir des informations sur le bitcoin et son r\u00f4le dans le monde de la finance et de la technologie. Les chaussettes peuvent \u00eatre livr\u00e9es dans les pays indiqu\u00e9s <a href=\"https:\/\/www.mtsocks.com\/Countries\" rel=\"nofollow noopener\" target=\"_blank\">ici<\/a>. Vous pouvez choisir d&rsquo;acheter pour vous ou comme cadeau pour quelqu&rsquo;un d&rsquo;autre en entrant leurs coordonn\u00e9es de livraison au moment du paiment.<\/p>\n<p>Chacune des chaussettes propos\u00e9es par MtSocks a \u00e9t\u00e9 con\u00e7ue en s&rsquo;inspirant des \u00e9v\u00e9nements et des d\u00e9veloppements de l&rsquo;industrie du bitcoin. Chaque design est accompagn\u00e9 d&rsquo;une explication d\u00e9taill\u00e9e et peut \u00eatre v\u00e9rifi\u00e9 comme authentique gr\u00e2ce \u00e0 une v\u00e9rification <a href=\"https:\/\/www.mtsocks.com\/ProofOfSock\">\u00ab\u00a0Preuve de chaussette\u00a0\u00bb<\/a>. Cela permet aux clients de porter en toute confiance des chaussettes qui sont non seulement \u00e9l\u00e9gantes et uniques, mais aussi repr\u00e9sentatives de l&rsquo;industrie du bitcoin et de son histoire.<\/p>\n<p>MtSocks est un produit de <a href=\"https:\/\/h17n.com\/fr\/acheter-du-bitcoin\/coincorner\/\">CoinCorner<\/a>, un <a href=\"https:\/\/h17n.com\/fr\/acheter-du-bitcoin\/\">\u00e9change de<\/a> bitcoins uniquement pour acheter et vendre des bitcoins avec une carte de cr\u00e9dit, une carte de d\u00e9bit, un SEPA ou un virement bancaire.<\/p>\n<blockquote><p>MtSocks&#8230; \u00e7a vous dit quelque chose ? Un jeu de mots sur le nom MtGox &#8211; l&rsquo;un des \u00e9changes de bitcoins les plus embl\u00e9matiques (mais aujourd&rsquo;hui disparu) du monde.<\/p><\/blockquote>\n<h2>Pourquoi les chaussettes sont-elles sp\u00e9ciales ?<\/h2>\n<ul>\n<li><strong>\u00c9ducation sur le bitcoin.<\/strong> Avec chaque achat de MtSocks, les clients recevront une carte d&rsquo;information qui explique l&rsquo;histoire et la signification du design de la chaussette dans l&rsquo;industrie du bitcoin. Les clients sont encourag\u00e9s \u00e0 partager leurs nouvelles connaissances avec leurs amis et leur famille, afin de faire conna\u00eetre et comprendre l&rsquo;industrie du bitcoin.<\/li>\n<li><strong>Offre limit\u00e9e.<\/strong> L&rsquo;offre limit\u00e9e de bitcoins est l&rsquo;un des facteurs qui contribuent \u00e0 sa valeur et \u00e0 sa d\u00e9sirabilit\u00e9. MtSocks a int\u00e9gr\u00e9 ce concept dans son mod\u00e8le commercial en publiant un nouveau mod\u00e8le de chaussette le premier jour de chaque mois, mais avec un nombre limit\u00e9 disponible \u00e0 l&rsquo;achat. Cela cr\u00e9e un sentiment d&rsquo;exclusivit\u00e9 et de raret\u00e9 pour les chaussettes, similaire \u00e0 l&rsquo;offre finie du bitcoin lui-m\u00eame. Une fois que l&rsquo;offre limit\u00e9e d&rsquo;un mod\u00e8le de chaussette particulier est \u00e9puis\u00e9e, il ne sera plus possible de l&rsquo;acheter. Cela permet aux clients de poss\u00e9der un article unique et recherch\u00e9, tout en s&rsquo;alignant sur les principes du bitcoin.<\/li>\n<li><strong>Preuve de la chaussette.<\/strong> MtSocks met l&rsquo;accent sur l&rsquo;\u00e9ducation et veut pr\u00e9senter les capacit\u00e9s moins connues, mais impressionnantes, du bitcoin. L&rsquo;une de ces fonctionnalit\u00e9s est la possibilit\u00e9 de signer un message \u00e0 l&rsquo;aide d&rsquo;une cl\u00e9 priv\u00e9e pour prouver la propri\u00e9t\u00e9 d&rsquo;une adresse bitcoin. Pour le d\u00e9montrer, MtSocks inclut une signature unique avec chaque paire de chaussettes qu&rsquo;ils vendent. Cette signature sert de preuve que les chaussettes ont \u00e9t\u00e9 vendues exclusivement par MtSocks et ajoute une couche suppl\u00e9mentaire d&rsquo;authenticit\u00e9 et de s\u00e9curit\u00e9 pour les clients. En mettant en avant cette caract\u00e9ristique du bitcoin, MtSocks vise \u00e0 \u00e9duquer et informer ses clients sur les capacit\u00e9s du bitcoin.<\/li>\n<li><strong>Acheter avec des bitcoins.<\/strong> MtSocks est un fervent d\u00e9fenseur de l&rsquo;utilisation du bitcoin comme moyen de paiement et pense qu&rsquo;il a le potentiel de fa\u00e7onner l&rsquo;avenir des transactions financi\u00e8res. Pour appuyer cette conviction, MtSocks demande aux clients de payer leurs produits en utilisant uniquement des bitcoins. En acceptant le bitcoin comme moyen de paiement, MtSocks contribue activement \u00e0 la croissance et au d\u00e9veloppement du bitcoin comme option de paiement viable pour l&rsquo;avenir.<\/li>\n<li><strong>Soutien \u00e0 la fondation Bitcoin Core.<\/strong> En tant qu&rsquo;entreprise qui croit fermement au potentiel du bitcoin et \u00e0 son r\u00f4le dans l&rsquo;avenir de la finance, MtSocks s&rsquo;engage \u00e0 soutenir le d\u00e9veloppement et la maintenance continus du r\u00e9seau bitcoin. \u00c0 cette fin, ils font don de 5 % de leurs b\u00e9n\u00e9fices sur les ventes de chaussettes \u00e0 l&rsquo;\u00e9quipe de d\u00e9veloppement Bitcoin Core. L&rsquo;\u00e9quipe Bitcoin Core est compos\u00e9e de personnes d\u00e9vou\u00e9es qui travaillent \u00e0 tester, d\u00e9velopper et maintenir le logiciel bitcoin, et leurs efforts sont cruciaux pour le succ\u00e8s et la croissance continus du bitcoin en tant que ph\u00e9nom\u00e8ne mondial. En soutenant l&rsquo;\u00e9quipe Bitcoin Core, MtSocks contribue \u00e0 faire en sorte que le r\u00e9seau bitcoin reste fort et s\u00e9curis\u00e9 pour le bien de tous les utilisateurs.<\/li>\n<\/ul>\n<h2>Plus d&rsquo;informations<\/h2>\n<ul>\n<li><a href=\"https:\/\/www.mtsocks.com\/ProofOfSock\" rel=\"nofollow noopener\" target=\"_blank\">Comment v\u00e9rifier MtSocks avec votre portefeuille Bitcoin<\/a><\/li>\n<li><a href=\"https:\/\/www.mtsocks.com\/Gallery\">Galerie des chaussettes MtSocks<\/a><\/li>\n<\/ul>\n","protected":false},"excerpt":{"rendered":"<p>MtSocks est une entreprise qui vend des chaussettes avec des messages Bitcoin afin d&rsquo;\u00e9duquer les gens sur l&rsquo;histoire du Bitcoin et de montrer comment il peut \u00eatre utilis\u00e9 dans la vie quotidienne.<\/p>\n","protected":false},"featured_media":51,"comment_status":"open","ping_status":"closed","template":"","meta":[],"product_brand":[],"product_cat":[41,52],"product_tag":[],"class_list":{"0":"post-334","1":"product","2":"type-product","3":"status-publish","4":"has-post-thumbnail","6":"product_cat-education","7":"product_cat-produits-bitcoin","8":"","9":"woocommerce-text-align-center","10":"woocommerce-image-align-center","11":"do-quantity-buttons","13":"first","14":"instock","15":"shipping-taxable","16":"product-type-external"},"_links":{"self":[{"href":"https:\/\/h17n.com\/fr\/wp-json\/wp\/v2\/product\/334","targetHints":{"allow":["GET"]}}],"collection":[{"href":"https:\/\/h17n.com\/fr\/wp-json\/wp\/v2\/product"}],"about":[{"href":"https:\/\/h17n.com\/fr\/wp-json\/wp\/v2\/types\/product"}],"replies":[{"embeddable":true,"href":"https:\/\/h17n.com\/fr\/wp-json\/wp\/v2\/comments?post=334"}],"wp:featuredmedia":[{"embeddable":true,"href":"https:\/\/h17n.com\/fr\/wp-json\/wp\/v2\/media\/51"}],"wp:attachment":[{"href":"https:\/\/h17n.com\/fr\/wp-json\/wp\/v2\/media?parent=334"}],"wp:term":[{"taxonomy":"product_brand","embeddable":true,"href":"https:\/\/h17n.com\/fr\/wp-json\/wp\/v2\/product_brand?post=334"},{"taxonomy":"product_cat","embeddable":true,"href":"https:\/\/h17n.com\/fr\/wp-json\/wp\/v2\/product_cat?post=334"},{"taxonomy":"product_tag","embeddable":true,"href":"https:\/\/h17n.com\/fr\/wp-json\/wp\/v2\/product_tag?post=334"}],"curies":[{"name":"wp","href":"https:\/\/api.w.org\/{rel}","templated":true}]}}