{"id":301,"date":"2023-05-15T09:25:35","date_gmt":"2023-05-15T09:25:35","guid":{"rendered":"https:\/\/h17n.com\/fr\/?post_type=product&#038;p=301"},"modified":"2023-05-15T09:25:35","modified_gmt":"2023-05-15T09:25:35","slug":"orange-pill","status":"publish","type":"product","link":"https:\/\/h17n.com\/fr\/reseaux-sociaux-bitcoin\/orange-pill\/","title":{"rendered":"L&rsquo;application Orange Pill : connectez-vous avec des bitcoiners dans votre r\u00e9gion"},"content":{"rendered":"<p>L&rsquo;application <a href=\"https:\/\/www.theorangepillapp.com\/\" rel=\"nofollow noopener\" target=\"_blank\">Orange Pill<\/a> connecte les utilisateurs avec d&rsquo;autres Bitcoiners dans leur r\u00e9gion. L&rsquo;application, qui est disponible sur les plateformes iOS et Android, a \u00e9t\u00e9 cr\u00e9\u00e9e par un groupe de passionn\u00e9s de Bitcoin en r\u00e9ponse au march\u00e9 baissier de 2022. L&rsquo;appli permet aux utilisateurs de se connecter et de s&rsquo;engager avec d&rsquo;autres utilisateurs de Bitcoin dans leur communaut\u00e9 locale, formant ainsi un r\u00e9seau de soutien de Bitcoiners.<\/p>\n<p>L&rsquo;appli est actuellement disponible dans <a href=\"https:\/\/support.apple.com\/en-us\/HT204411\" rel=\"nofollow noopener\" target=\"_blank\">175 pays<\/a> du monde entier. L&rsquo;objectif principal de l&rsquo;appli est de connecter autant de Bitcoiners que possible. S&rsquo;il vous arrive de rencontrer votre \u00e2me s\u0153ur sur l&rsquo;application, vous \u00eates encourag\u00e9 \u00e0 amener plus de Bitcoiners dans le monde.<\/p>\n<h2>Comment fonctionne Orange Pill<\/h2>\n<p>Vous devez d&rsquo;abord t\u00e9l\u00e9charger l&rsquo;application depuis l&rsquo;App Store ou Google Play Store pour pouvoir l&rsquo;utiliser. Votre adresse e-mail est n\u00e9cessaire pour l&rsquo;inscription et la v\u00e9rification. Aucune information suppl\u00e9mentaire n&rsquo;est n\u00e9cessaire. Pour utiliser l&rsquo;application, un abonnement mensuel est requis.<\/p>\n<p>Vous pouvez vous connecter avec d&rsquo;autres Bitcoiners dans votre r\u00e9gion apr\u00e8s vous \u00eatre inscrit avec succ\u00e8s. Deux nouvelles fonctionnalit\u00e9s seront bient\u00f4t disponibles, vous permettant de trouver des \u00e9v\u00e9nements Bitcoin pr\u00e8s de chez vous et de vous connecter avec les participants avant, pendant et apr\u00e8s l&rsquo;\u00e9v\u00e9nement, ainsi que de trouver des marchands amis de Bitcoin o\u00f9 que vous soyez. Vous pouvez actuellement rechercher d&rsquo;autres utilisateurs par leur nom d&rsquo;utilisateur et\/ou leur nom. Bient\u00f4t, vous pourrez rechercher des personnes en fonction de leur profession, sexe, \u00e2ge, lieu et int\u00e9r\u00eats.<\/p>\n<p>L&rsquo;application propose un programme de parrainage. Lorsqu&rsquo;un nouvel utilisateur s&rsquo;inscrit \u00e0 Orange Pill App en utilisant votre lien de parrainage, il sera marqu\u00e9 comme votre parrainage. Vous recevrez 10 000 Sats apr\u00e8s qu&rsquo;un utilisateur parrain\u00e9 s&rsquo;est inscrit avec succ\u00e8s. Les parrainages qui ont \u00e9t\u00e9 compl\u00e9t\u00e9s appara\u00eetront dans votre portefeuille. Pour retirer, vous devez avoir au moins 50 000 sats ; les 10 000 premiers sats vous sont donn\u00e9s en r\u00e9compense si vous parrainez quatre pl\u00e8bes.<\/p>\n<h2>Frais d&rsquo;Orange Pill<\/h2>\n<p>Les frais pour l&rsquo;application Orange Pill sont les suivants :<\/p>\n<ul>\n<li>Annuel : 100 000 satoshis<\/li>\n<li>Dur\u00e9e de vie : 300 000 satoshis<\/li>\n<li>Gigachad : 500 000 satoshis<\/li>\n<\/ul>\n<p>Bien qu&rsquo;Apple et Google n&rsquo;autorisent pas les achats int\u00e9gr\u00e9s avec les sats, vous pouvez toujours vous inscrire pour un abonnement aux sats sur le site Web d&rsquo;Orange Pill.<\/p>\n<blockquote><p>Comme le dit l&rsquo;adage : \u00ab si quelque chose est gratuit, vous \u00eates le produit \u00bb. Cr\u00e9er, maintenir et promouvoir une application co\u00fbte tr\u00e8s cher. En demandant \u00e0 tout le monde de payer pour utiliser l&rsquo;application, nous \u00e9liminons le bruit (bots, spams, spammeurs, shitcoiners, faux compte, etc.) et nous n&rsquo;aurons jamais \u00e0 suivre ou \u00e0 vendre vos donn\u00e9es au plus offrant.<\/p><\/blockquote>\n<h2>Plus d&rsquo;informations<\/h2>\n<ul>\n<li><a href=\"https:\/\/www.twitter.com\/orangepillapp\" rel=\"nofollow noopener\" target=\"_blank\">Orange Pill sur Twitter<\/a><\/li>\n<li><a href=\"https:\/\/www.instagram.com\/orangepillapp\/\" rel=\"nofollow noopener\" target=\"_blank\">Orange Pill sur Instagram<\/a><\/li>\n<\/ul>\n","protected":false},"excerpt":{"rendered":"<p>L&rsquo;application Orange Pill est con\u00e7ue pour rassembler les utilisateurs locaux de Bitcoin, leur offrant un moyen de se connecter et de s&rsquo;engager les uns avec les autres. L&rsquo;application est disponible sur iOS et Android, permettant aux Bitcoiners de se connecter les uns aux autres et de former une communaut\u00e9 de soutien.<\/p>\n","protected":false},"featured_media":302,"comment_status":"open","ping_status":"closed","template":"","meta":[],"product_brand":[],"product_cat":[53],"product_tag":[],"class_list":{"0":"post-301","1":"product","2":"type-product","3":"status-publish","4":"has-post-thumbnail","6":"product_cat-reseaux-sociaux-bitcoin","7":"","8":"woocommerce-text-align-center","9":"woocommerce-image-align-center","10":"do-quantity-buttons","12":"first","13":"instock","14":"shipping-taxable","15":"product-type-external"},"_links":{"self":[{"href":"https:\/\/h17n.com\/fr\/wp-json\/wp\/v2\/product\/301","targetHints":{"allow":["GET"]}}],"collection":[{"href":"https:\/\/h17n.com\/fr\/wp-json\/wp\/v2\/product"}],"about":[{"href":"https:\/\/h17n.com\/fr\/wp-json\/wp\/v2\/types\/product"}],"replies":[{"embeddable":true,"href":"https:\/\/h17n.com\/fr\/wp-json\/wp\/v2\/comments?post=301"}],"wp:featuredmedia":[{"embeddable":true,"href":"https:\/\/h17n.com\/fr\/wp-json\/wp\/v2\/media\/302"}],"wp:attachment":[{"href":"https:\/\/h17n.com\/fr\/wp-json\/wp\/v2\/media?parent=301"}],"wp:term":[{"taxonomy":"product_brand","embeddable":true,"href":"https:\/\/h17n.com\/fr\/wp-json\/wp\/v2\/product_brand?post=301"},{"taxonomy":"product_cat","embeddable":true,"href":"https:\/\/h17n.com\/fr\/wp-json\/wp\/v2\/product_cat?post=301"},{"taxonomy":"product_tag","embeddable":true,"href":"https:\/\/h17n.com\/fr\/wp-json\/wp\/v2\/product_tag?post=301"}],"curies":[{"name":"wp","href":"https:\/\/api.w.org\/{rel}","templated":true}]}}