{"id":295,"date":"2023-05-01T17:35:24","date_gmt":"2023-05-01T17:35:24","guid":{"rendered":"https:\/\/h17n.com\/fr\/?post_type=product&#038;p=295"},"modified":"2023-05-26T14:20:28","modified_gmt":"2023-05-26T14:20:28","slug":"bitcoin-beach-brazil","status":"publish","type":"product","link":"https:\/\/h17n.com\/fr\/zones\/bitcoin-beach-brazil\/","title":{"rendered":"Bitcoin Beach Brazil"},"content":{"rendered":"<p>Bitcoin Beach Brazil (BitcoinBeachBR) est un projet d&rsquo;adoption du bitcoin \u00e0 Jericoacoara, dans l&rsquo;est du Br\u00e9sil. Son leader Fernando Motolese a suivi les principes du <a href=\"https:\/\/h17n.com\/fr\/zones\/bitcoin-beach\/\">projet Bitcoin Beach<\/a> \u00e0 El Zonte, au Salvador. BitcoinBeachBR vise \u00e0 cr\u00e9er un \u00e9cosyst\u00e8me \u00e9conomique bitcoin durable dans le village de Jericoacoara en utilisant le <a href=\"https:\/\/h17n.com\/fr\/reseau-lightning\/\" target=\"_blank\" rel=\"noopener\">Lightning Network<\/a>.<\/p>\n<p>L&rsquo;organisation a commenc\u00e9 par aider les commer\u00e7ants et marchands locaux \u00e0 comprendre comment utiliser le bitcoin et le Lightning Network. Ils ont re\u00e7u un soutien technique sur l&rsquo;utilisation des portefeuilles, l&rsquo;acceptation, l&rsquo;envoi et la r\u00e9ception des paiements. Ensuite, l&rsquo;\u00e9quipe a achet\u00e9 12 machines PoS uniquement en bitcoins pour les installer l\u00e0 o\u00f9 il est possible de payer les marchandises en bitcoins. Les clients peuvent aussi payer avec la <a href=\"https:\/\/h17n.com\/fr\/utiliser-bitcoin\/carte-bolt\/\" target=\"_blank\" rel=\"noopener\">Bolt Card<\/a> de <a href=\"https:\/\/h17n.com\/fr\/acheter-du-bitcoin\/coincorner\/\" target=\"_blank\" rel=\"noopener\">CoinCorner<\/a>.<\/p>\n<table>\n<thead>\n<tr>\n<th align=\"center\"><img decoding=\"async\" src=\"http:\/\/h17n.com\/fr\/wp-content\/uploads\/sites\/2\/2023\/05\/bitcoin-beach-brazil-carte-jpg.webp\" alt=\"\" \/><\/th>\n<\/tr>\n<\/thead>\n<tbody>\n<tr>\n<td align=\"center\"><strong>Carte des entreprises<\/strong><\/td>\n<\/tr>\n<\/tbody>\n<\/table>\n<p>De plus, l&rsquo;initiative a fourni du mat\u00e9riel et des ressources p\u00e9dagogiques pour aider les membres de la communaut\u00e9 \u00e0 comprendre les bases de la technologie blockchain et du bitcoin. Pour atteindre cet objectif, environ 0,1 BTC a \u00e9t\u00e9 distribu\u00e9 aux \u00e9l\u00e8ves et aux enseignants des \u00e9coles municipales locales de Jericoacoara. L&rsquo;\u00e9quipe a organis\u00e9 des s\u00e9minaires et des ateliers pour diffuser davantage de connaissances. De plus, l&rsquo;organisation poss\u00e8de son propre n\u0153ud complet local \u00e0 des fins \u00e9ducatives ; il utilise <a href=\"https:\/\/mynodebtc.com\" rel=\"nofollow noopener\" target=\"_blank\">MyNodeBTC<\/a>. Il peut aussi \u00eatre utilis\u00e9 par les petites entreprises et les artistes pour accepter des bitcoins via le Lightning Network.<\/p>\n<p>Pour promouvoir Bitcoin Beach Brazil et d\u00e9velopper l&rsquo;id\u00e9e du bitcoin, des T-shirts, des bouteilles et une tirelire de pi\u00e8ces ont \u00e9t\u00e9 distribu\u00e9s aux habitants. Les T-shirts ont \u00e9t\u00e9 imprim\u00e9s avec le logo et le slogan de Bitcoin Beach Brazil, tandis que les bouteilles ont \u00e9t\u00e9 marqu\u00e9es avec le moniker Bitcoin Beach Brazil. Enfin, la promotion de Bitcoin Beach Brazil a \u00e9t\u00e9 assur\u00e9e par les m\u00e9dias sociaux, les forums en ligne et les \u00e9v\u00e9nements locaux.<\/p>\n<p>Motelese pense que le bitcoin doit \u00eatre int\u00e9gr\u00e9 non seulement \u00e0 Jericoacoara mais aussi dans d&rsquo;autres communaut\u00e9s du monde entier. C&rsquo;est pourquoi il est en train d&rsquo;\u00e9crire un livre :<\/p>\n<blockquote>\n<p>  Et parall\u00e8lement \u00e0 toutes ces mises en \u0153uvre, j&rsquo;\u00e9cris un livre <i>L&rsquo;\u00e9conomie circulaire standard de Bitcoin<\/i> qui vise \u00e0 aider les communaut\u00e9s \u00e0 commencer ce voyage pour reproduire l&rsquo;exp\u00e9rience de Bitcoin Beach dans le mod\u00e8le br\u00e9silien, qui est un peu diff\u00e9rent. Et dans ce livre, j&rsquo;ai l&rsquo;intention d&rsquo;apprendre aux communaut\u00e9s \u00e0 reproduire notre initiative.\n<\/p><\/blockquote>\n<h2>Plus d&rsquo;informations<\/h2>\n<ul>\n<li>Les mises \u00e0 jour de BitcoinBeachBR sur Twitter : <a href=\"https:\/\/twitter.com\/bitcoinbeachbr\" rel=\"nofollow noopener\" target=\"_blank\">@BitcoinBeachBR<\/a><\/li>\n<li><a href=\"https:\/\/www.instagram.com\/bitcoinbeachbr\/\" rel=\"nofollow noopener\" target=\"_blank\">BitcoinBeachBR sur Instagram<\/a><\/li>\n<li><a href=\"https:\/\/bitcoinbeachbr.org\/en\/\" rel=\"nofollow noopener\" target=\"_blank\">Site officiel<\/a><\/li>\n<\/ul>\n","protected":false},"excerpt":{"rendered":"<p>Bitcoin Beach Brazil est un projet qui vise \u00e0 cr\u00e9er une \u00e9conomie circulaire du bitcoin dans le village de Jericoacoara, dans l&rsquo;est du Br\u00e9sil. Pour y parvenir, l&rsquo;\u00e9quipe du projet collabore avec des entreprises locales, organise des s\u00e9minaires et des ateliers dans les \u00e9coles et attire des investissements.<\/p>\n","protected":false},"featured_media":298,"comment_status":"open","ping_status":"closed","template":"","meta":[],"product_brand":[],"product_cat":[56],"product_tag":[],"class_list":{"0":"post-295","1":"product","2":"type-product","3":"status-publish","4":"has-post-thumbnail","6":"product_cat-zones","7":"","8":"woocommerce-text-align-center","9":"woocommerce-image-align-center","10":"do-quantity-buttons","12":"first","13":"instock","14":"shipping-taxable","15":"product-type-external"},"_links":{"self":[{"href":"https:\/\/h17n.com\/fr\/wp-json\/wp\/v2\/product\/295","targetHints":{"allow":["GET"]}}],"collection":[{"href":"https:\/\/h17n.com\/fr\/wp-json\/wp\/v2\/product"}],"about":[{"href":"https:\/\/h17n.com\/fr\/wp-json\/wp\/v2\/types\/product"}],"replies":[{"embeddable":true,"href":"https:\/\/h17n.com\/fr\/wp-json\/wp\/v2\/comments?post=295"}],"wp:featuredmedia":[{"embeddable":true,"href":"https:\/\/h17n.com\/fr\/wp-json\/wp\/v2\/media\/298"}],"wp:attachment":[{"href":"https:\/\/h17n.com\/fr\/wp-json\/wp\/v2\/media?parent=295"}],"wp:term":[{"taxonomy":"product_brand","embeddable":true,"href":"https:\/\/h17n.com\/fr\/wp-json\/wp\/v2\/product_brand?post=295"},{"taxonomy":"product_cat","embeddable":true,"href":"https:\/\/h17n.com\/fr\/wp-json\/wp\/v2\/product_cat?post=295"},{"taxonomy":"product_tag","embeddable":true,"href":"https:\/\/h17n.com\/fr\/wp-json\/wp\/v2\/product_tag?post=295"}],"curies":[{"name":"wp","href":"https:\/\/api.w.org\/{rel}","templated":true}]}}