{"id":290,"date":"2023-05-01T17:35:12","date_gmt":"2023-05-01T17:35:12","guid":{"rendered":"https:\/\/h17n.com\/fr\/?post_type=product&#038;p=290"},"modified":"2023-05-26T13:30:27","modified_gmt":"2023-05-26T13:30:27","slug":"free-madeira","status":"publish","type":"product","link":"https:\/\/h17n.com\/fr\/zones\/free-madeira\/","title":{"rendered":"F.R.E.E. Madeira"},"content":{"rendered":"<p><a href=\"https:\/\/www.freemadeira.com\/\" rel=\"nofollow noopener\" target=\"_blank\">F.R.E.E. Madeira<\/a> est une organisation \u00e0 but non lucratif bas\u00e9e dans l&rsquo;archipel portugais de Mad\u00e8re. Elle vise \u00e0 adopter le bitcoin et l&rsquo;\u00e9ducation au bitcoin dans la r\u00e9gion et \u00e0 faire de Mad\u00e8re un leader mondial de l&rsquo;industrie du bitcoin.<\/p>\n<p>La cr\u00e9ation de l&rsquo;organisation a \u00e9t\u00e9 annonc\u00e9e lors de la conf\u00e9rence Bitcoin 2022 \u00e0 Miami par Samson Mow, le fondateur de la soci\u00e9t\u00e9 JAN3. L&rsquo;objectif principal de l&rsquo;organisation est l&rsquo;acc\u00e9l\u00e9ration de l&rsquo;hyperbitcoinisation pour remplacer la monnaie l\u00e9gale par du bitcoin. L&rsquo;initiative est soutenue par le pr\u00e9sident de Mad\u00e8re, Miguel Albuquerque, qui a d\u00e9clar\u00e9 que le bitcoin ne serait pas soumis \u00e0 l&rsquo;imp\u00f4t sur les plus-values. Cependant, cela ne s&rsquo;applique pas aux vendeurs de bitcoins qui paieront l&rsquo;imp\u00f4t sur les plus-values.<\/p>\n<blockquote>\n<p>  Moi, et Samson, et JAN3 tree allons continuer \u00e0 travailler \u00e0 l&rsquo;avenir et \u00e0 cr\u00e9er \u00e0 Mad\u00e8re un environnement fantastique pour le bitcoin. &#8211; c&rsquo;est avec ces mots que le Pr\u00e9sident Albuquerque a termin\u00e9 son discours.\n<\/p><\/blockquote>\n<div class=\"container-lazyload preview-lazyload container-youtube js-lazyload--not-loaded\"><a href=\"https:\/\/youtu.be\/qdgJJL0vdaI\" class=\"lazy-load-youtube preview-lazyload preview-youtube\" data-video-title=\"Documentary: Is this the next Bitcoin Paradise?\" title=\"Play video &quot;Documentary: Is this the next Bitcoin Paradise?&quot;\">https:\/\/youtu.be\/qdgJJL0vdaI<\/a><noscript>Video can&rsquo;t be loaded because JavaScript is disabled: <a href=\"https:\/\/youtu.be\/qdgJJL0vdaI\" title=\"Documentary: Is this the next Bitcoin Paradise?\">Documentary: Is this the next Bitcoin Paradise? (https:\/\/youtu.be\/qdgJJL0vdaI)<\/a><\/noscript><\/div>\n<h2>Comment fonctionne F.R.E.E. Madeira<\/h2>\n<p>Avec ses incitations fiscales favorables, son faible co\u00fbt de la vie et sa proximit\u00e9 avec l&rsquo;Europe et l&rsquo;Afrique, Mad\u00e8re est devenue une destination attrayante pour les particuliers et les entreprises qui cherchent \u00e0 s&rsquo;installer ou \u00e0 investir dans des entreprises li\u00e9es au bitcoin. F.R.E.E. Madeira s&rsquo;efforce d&rsquo;y contribuer et se concentre sur les domaines suivants :<\/p>\n<ul>\n<li><strong>\u00c9ducation.<\/strong> F.R.E.E. Madeira propose des services \u00e9ducatifs et des conseils aux clients.<\/li>\n<li><strong>Entreprises.<\/strong> Elle attire les hodlers, les entreprises li\u00e9es au bitcoin et les partenaires sur l&rsquo;\u00eele en travaillant avec le gouvernement pour leur offrir des conditions favorables. Parmi les partenaires, il y a d\u00e9j\u00e0 des entreprises comme Relai, Free Cities Foundation, et BTCX.<\/li>\n<li><strong>Gouvernement.<\/strong> F.R.E.E. Madeira est un conseil consultatif aupr\u00e8s du gouvernement mad\u00e9rien et des autres institutions de l&rsquo;\u00eele, publiques et priv\u00e9es.<\/li>\n<li><strong>Droit.<\/strong> L&rsquo;une des mesures essentielles prises par le gouvernement est que le bitcoin n&rsquo;est pas soumis \u00e0 l&rsquo;imp\u00f4t sur les plus-values. La prochaine \u00e9tape est d&rsquo;en faire une monnaie nationale.<\/li>\n<li><strong>Commerce et services.<\/strong> En plus d&rsquo;attirer des investissements et des capitaux, l&rsquo;organisation entend cr\u00e9er un terrain favorable au d\u00e9veloppement des entreprises locales en utilisant le bitcoin comme syst\u00e8me de paiement central.<\/li>\n<li><strong>\u00c9v\u00e9nements.<\/strong> Mad\u00e8re a toujours \u00e9t\u00e9 le lieu de grandes conf\u00e9rences et d&rsquo;\u00e9v\u00e9nements commerciaux importants. Depuis la fondation de l&rsquo;organisation, il devrait y en avoir encore plus.<\/li>\n<li><strong>Particuliers.<\/strong> Bitcoin peut \u00eatre accessible non seulement aux riches hommes d&rsquo;affaires mais aussi aux Mad\u00e9riens moyens &#8211; c&rsquo;est le slogan de l&rsquo;organisation.<\/li>\n<\/ul>\n<h2>Plus d&rsquo;informations<\/h2>\n<ul>\n<li><a href=\"https:\/\/twitter.com\/FREEMadeiraOrg\" rel=\"nofollow noopener\" target=\"_blank\">Les derni\u00e8res nouvelles de F.R.E.E. Madeira<\/a><\/li>\n<li>F.R.E.E. Madeira sur <a href=\"https:\/\/www.youtube.com\/channel\/UCaN2Zkvb4-rEYUcCdDTnbBQ\" rel=\"nofollow noopener\" target=\"_blank\">YouTube<\/a><\/li>\n<\/ul>\n","protected":false},"excerpt":{"rendered":"<p>F.R.E.E. Madeira est une organisation \u00e0 but non lucratif qui se concentre sur la vulgarisation et l&rsquo;adoption du bitcoin dans l&rsquo;\u00e9ducation, les affaires, le commerce et la vie de tous les Mad\u00e9riens. Il coop\u00e8re avec le gouvernement et vise \u00e0 r\u00e9aliser l&rsquo;hyperbitcoinisation au niveau de l&rsquo;\u00c9tat.<\/p>\n","protected":false},"featured_media":292,"comment_status":"open","ping_status":"closed","template":"","meta":[],"product_brand":[],"product_cat":[56],"product_tag":[],"class_list":{"0":"post-290","1":"product","2":"type-product","3":"status-publish","4":"has-post-thumbnail","6":"product_cat-zones","7":"","8":"woocommerce-text-align-center","9":"woocommerce-image-align-center","10":"do-quantity-buttons","12":"first","13":"instock","14":"shipping-taxable","15":"product-type-external"},"_links":{"self":[{"href":"https:\/\/h17n.com\/fr\/wp-json\/wp\/v2\/product\/290","targetHints":{"allow":["GET"]}}],"collection":[{"href":"https:\/\/h17n.com\/fr\/wp-json\/wp\/v2\/product"}],"about":[{"href":"https:\/\/h17n.com\/fr\/wp-json\/wp\/v2\/types\/product"}],"replies":[{"embeddable":true,"href":"https:\/\/h17n.com\/fr\/wp-json\/wp\/v2\/comments?post=290"}],"wp:featuredmedia":[{"embeddable":true,"href":"https:\/\/h17n.com\/fr\/wp-json\/wp\/v2\/media\/292"}],"wp:attachment":[{"href":"https:\/\/h17n.com\/fr\/wp-json\/wp\/v2\/media?parent=290"}],"wp:term":[{"taxonomy":"product_brand","embeddable":true,"href":"https:\/\/h17n.com\/fr\/wp-json\/wp\/v2\/product_brand?post=290"},{"taxonomy":"product_cat","embeddable":true,"href":"https:\/\/h17n.com\/fr\/wp-json\/wp\/v2\/product_cat?post=290"},{"taxonomy":"product_tag","embeddable":true,"href":"https:\/\/h17n.com\/fr\/wp-json\/wp\/v2\/product_tag?post=290"}],"curies":[{"name":"wp","href":"https:\/\/api.w.org\/{rel}","templated":true}]}}