{"id":284,"date":"2023-05-01T17:35:07","date_gmt":"2023-05-01T17:35:07","guid":{"rendered":"https:\/\/h17n.com\/fr\/?post_type=product&#038;p=284"},"modified":"2023-05-26T13:39:40","modified_gmt":"2023-05-26T13:39:40","slug":"bitcoin-lake","status":"publish","type":"product","link":"https:\/\/h17n.com\/fr\/zones\/bitcoin-lake\/","title":{"rendered":"Bitcoin Lake"},"content":{"rendered":"<p>Bitcoin Lake (Lago Bitcoin) est une organisation non gouvernementale et \u00e0 but non lucratif bas\u00e9e \u00e0 Panajachel, au Guatemala, pr\u00e8s du lac Atitl\u00e1n. Elle est fond\u00e9e par Patrick Melder, un m\u00e9decin, entrepreneur en s\u00e9rie et influenceur de bitcoin en devenir.<\/p>\n<p>Patrick a \u00e9t\u00e9 inspir\u00e9 par le projet <a href=\"https:\/\/h17n.com\/fr\/zones\/bitcoin-beach\/\" target=\"_blank\" rel=\"noopener\">Bitcoin Beach<\/a> lanc\u00e9 \u00e0 El Zonte, au Salvador. L&rsquo;id\u00e9e principale de Bitcoin Lakes est aussi de sensibiliser la communaut\u00e9 locale au bitcoin et de cr\u00e9er une \u00e9conomie circulaire en bitcoin \u00e0 Panajachel.<\/p>\n<h2>Comment Bitcoin Lake a mis ses objectifs en action<\/h2>\n<ul>\n<li><strong>Enseigner aux jeunes.<\/strong> Suite \u00e0 l&rsquo;exp\u00e9rience de Bitcoin Beach, Patrick a commenc\u00e9 l&rsquo;adoption du bitcoin en enseignant aux enfants et \u00e0 un nombre limit\u00e9 d&rsquo;adultes. En 2022, un programme ax\u00e9 sur l&rsquo;enseignement aux enfants du bitcoin et du Lightning Network a d\u00e9j\u00e0 \u00e9t\u00e9 \u00e9labor\u00e9 au Centro Educativo Josu\u00e9. <\/li>\n<li><strong>Connecter la communaut\u00e9.<\/strong> L&rsquo;utilisation de bitcoins au Guatemala est une option rentable pour les personnes actuellement non bancaris\u00e9es ou mal desservies par les services financiers traditionnels. L&rsquo;utilisation de bitcoin et du Lightning Network profite aux entreprises officielles et informelles. Les entreprises officielles peuvent \u00e9viter de payer d&rsquo;\u00e9normes frais, et avec l&rsquo;aide du Lightning Network, elles ont des transactions instantan\u00e9es. Les entreprises informelles qui n&rsquo;ont pas de compte bancaire peuvent avoir un compte ch\u00e8que gratuit dans un syst\u00e8me mon\u00e9taire alternatif. <\/li>\n<li><strong>Nettoyer le lac &#8211; miner des bitcoins.<\/strong> Collecter les d\u00e9chets organiques autour du lac Atitl\u00e1n, les traiter dans un biodigesteur, obtenir ainsi du m\u00e9thane et en extraire des bitcoins &#8211; voil\u00e0 le plan. De plus, l&rsquo;une des parties de ce plan est le nettoyage autour du lac. Les enfants gagnent de l&rsquo;argent en nettoyant autour du lac, et ils sont pay\u00e9s en sats. Cette approche contribue au d\u00e9veloppement d&rsquo;une \u00e9conomie circulaire.<\/li>\n<\/ul>\n<blockquote>\n<p>  \u00c0 long terme, notre objectif est d&rsquo;utiliser le minage de bitcoins pour aider \u00e0 g\u00e9n\u00e9rer un revenu de base pour les personnes autour du lac. Nous voulons aider \u00e0 construire un r\u00e9seau d&rsquo;\u00e9nergie fiable et renouvelable en utilisant le minage de bitcoins et les sources d&rsquo;\u00e9nergie renouvelables. Toutes les sources d&rsquo;\u00e9nergie renouvelables connues de l&rsquo;homme sont disponibles autour du lac. &#8211; a d\u00e9clar\u00e9 Patrick Melder\n<\/p><\/blockquote>\n<p>Les premi\u00e8res \u00e9tapes du minage ont \u00e9t\u00e9 mises en \u0153uvre dans le projet de minage de bitcoins Kaboom. L&rsquo;huile de cuisson usag\u00e9e qui finissait dans un lac en le polluant est maintenant utilis\u00e9e pour l&rsquo;extraction de bitcoins. Cela permet non seulement d&rsquo;\u00e9viter que l&rsquo;huile ne se retrouve dans le lac mais aussi de fournir un flux de revenus n\u00e9cessaire \u00e0 la communaut\u00e9 locale. L&rsquo;argent g\u00e9n\u00e9r\u00e9 par le minage peut \u00eatre utilis\u00e9 pour financer divers projets dans la r\u00e9gion, comme l&rsquo;infrastructure, l&rsquo;\u00e9ducation et les soins de sant\u00e9.<\/p>\n<p>https:\/\/twitter.com\/LakeBitcoin\/status\/1569316198692831232?s=20&#038;t=zOGIwL6MW5-Q1NURFcuHGQ<\/p>\n<h2>Les chances que le bitcoin devienne la monnaie l\u00e9gale du Guatemala<\/h2>\n<p>Il doit encore y avoir une r\u00e9glementation pour le bitcoin au Guatemala. Le r\u00e9gulateur bancaire du Guatemala, Superintendencia de Bancos, a d\u00e9clar\u00e9 que le bitcoin n&rsquo;est pas soutenu par l&rsquo;\u00c9tat et n&rsquo;est pas consid\u00e9r\u00e9 comme une monnaie l\u00e9gale. De plus, les commer\u00e7ants et les entreprises ne sont pas oblig\u00e9s d&rsquo;accepter le bitcoin en \u00e9change de biens et de services.<\/p>\n<blockquote>\n<p>  Il n&rsquo;est pas consid\u00e9r\u00e9 comme une monnaie \u00e9trang\u00e8re, n&rsquo;est pas garanti et ne peut pas \u00eatre forc\u00e9 d&rsquo;\u00eatre accept\u00e9 comme moyen de paiement dans les transactions de biens et de services.\n<\/p><\/blockquote>\n<p>Mais rien n&rsquo;indique que l&rsquo;\u00c9tat va interdire le bitcoin ou limiter son utilisation. Il est tout \u00e0 fait possible que les perspectives de cette direction apportent les m\u00eames r\u00e9sultats qu&rsquo;au Salvador. Patrick note que le gouvernement doit examiner le bitcoin de plus pr\u00e8s et comprendre son potentiel plut\u00f4t que de le rejeter purement et simplement.<\/p>\n<h2>Plus d&rsquo;informations<\/h2>\n<ul>\n<li>Suis <a href=\"https:\/\/twitter.com\/LakeBitcoin\/\" rel=\"nofollow noopener\" target=\"_blank\">@LakeBitcoin<\/a><\/li>\n<li><a href=\"http:\/\/bitcoinlake.io\/\" rel=\"nofollow noopener\" target=\"_blank\">Le site officiel<\/a><\/li>\n<\/ul>\n","protected":false},"excerpt":{"rendered":"<p>Bitcoin Lake (Lago Bitcoin) est une organisation non gouvernementale \u00e0 but non lucratif bas\u00e9e \u00e0 Panajachel, au Guatemala. Son id\u00e9e principale est de faire conna\u00eetre le bitcoin \u00e0 la communaut\u00e9 locale et de cr\u00e9er une \u00e9conomie circulaire du bitcoin \u00e0 Panajachel.<\/p>\n","protected":false},"featured_media":287,"comment_status":"open","ping_status":"closed","template":"","meta":[],"product_brand":[],"product_cat":[56],"product_tag":[],"class_list":{"0":"post-284","1":"product","2":"type-product","3":"status-publish","4":"has-post-thumbnail","6":"product_cat-zones","7":"","8":"woocommerce-text-align-center","9":"woocommerce-image-align-center","10":"do-quantity-buttons","12":"first","13":"instock","14":"shipping-taxable","15":"product-type-external"},"_links":{"self":[{"href":"https:\/\/h17n.com\/fr\/wp-json\/wp\/v2\/product\/284","targetHints":{"allow":["GET"]}}],"collection":[{"href":"https:\/\/h17n.com\/fr\/wp-json\/wp\/v2\/product"}],"about":[{"href":"https:\/\/h17n.com\/fr\/wp-json\/wp\/v2\/types\/product"}],"replies":[{"embeddable":true,"href":"https:\/\/h17n.com\/fr\/wp-json\/wp\/v2\/comments?post=284"}],"wp:featuredmedia":[{"embeddable":true,"href":"https:\/\/h17n.com\/fr\/wp-json\/wp\/v2\/media\/287"}],"wp:attachment":[{"href":"https:\/\/h17n.com\/fr\/wp-json\/wp\/v2\/media?parent=284"}],"wp:term":[{"taxonomy":"product_brand","embeddable":true,"href":"https:\/\/h17n.com\/fr\/wp-json\/wp\/v2\/product_brand?post=284"},{"taxonomy":"product_cat","embeddable":true,"href":"https:\/\/h17n.com\/fr\/wp-json\/wp\/v2\/product_cat?post=284"},{"taxonomy":"product_tag","embeddable":true,"href":"https:\/\/h17n.com\/fr\/wp-json\/wp\/v2\/product_tag?post=284"}],"curies":[{"name":"wp","href":"https:\/\/api.w.org\/{rel}","templated":true}]}}