{"id":261,"date":"2023-05-01T17:31:10","date_gmt":"2023-05-01T17:31:10","guid":{"rendered":"https:\/\/h17n.com\/fr\/?post_type=product&#038;p=261"},"modified":"2023-07-05T15:48:22","modified_gmt":"2023-07-05T15:48:22","slug":"bitcoin-ekasi","status":"publish","type":"product","link":"https:\/\/h17n.com\/fr\/zones\/bitcoin-ekasi\/","title":{"rendered":"Bitcoin Ekasi : l&rsquo;\u00e9conomie circulaire Bitcoin en Afrique du Sud"},"content":{"rendered":"<p><a href=\"https:\/\/bitcoinekasi.com\/\" rel=\"nofollow noopener\" target=\"_blank\">Bitcoin Ekasi<\/a> est une organisation \u00e0 but non lucratif qui \u00e9tablit une \u00e9conomie circulaire Bitcoin dans un township appauvri de Mossel Bay, en Afrique du Sud. L&rsquo;organisation a organis\u00e9 un total de 13 magasins pour accepter les paiements en bitcoins.<\/p>\n<p>https:\/\/twitter.com\/BitcoinEkasi\/status\/1510320033863450632<\/p>\n<p>L&rsquo;organisation a \u00e9t\u00e9 fond\u00e9e en 2021 par Hermann Vivier, le cofondateur de <a href=\"https:\/\/www.thesurferkids.com\/\" rel=\"nofollow noopener\" target=\"_blank\">Surfer Kids<\/a>, apr\u00e8s avoir \u00e9t\u00e9 inspir\u00e9 par le projet <a href=\"https:\/\/h17n.com\/fr\/zones\/bitcoin-beach\/\" target=\"_blank\" rel=\"noopener\">Bitcoin Beach au Salvador<\/a>. L&rsquo;objectif principal de Surfer Kids est d&rsquo;autonomiser les jeunes financi\u00e8rement et personnellement en leur apprenant \u00e0 surfer et \u00e0 conna\u00eetre bitcoin.<\/p>\n<p>Les enfants re\u00e7oivent des r\u00e9compenses en bitcoins pour le maintien de bonnes notes \u00e0 l&rsquo;\u00e9cole et les entra\u00eeneurs de Surfer Kids re\u00e7oivent une petite partie de leur salaire en bitcoins, qu&rsquo;ils d\u00e9pensent ensuite pour acheter des provisions dans les magasins communautaires qui acceptent les bitcoins.<\/p>\n<blockquote><p>Bitcoin Ekasi paie les salaires de ces entra\u00eeneurs avec des bitcoins, tout en int\u00e9grant simultan\u00e9ment les vendeurs du township pour qu&rsquo;ils acceptent les bitcoins comme moyen de paiement. Cela permet aux entra\u00eeneurs de d\u00e9penser leurs sats pour acheter des produits d&rsquo;\u00e9picerie dans le township, introduisant ainsi Bitcoin dans l&rsquo;\u00e9conomie du township.<\/p>\n<p>Tout cela se passe sur le Lightning Network. La solution de mise \u00e0 l&rsquo;\u00e9chelle de couche deux de Bitcoin, con\u00e7ue pour \u00e9tendre le d\u00e9bit des transactions du r\u00e9seau Bitcoin \u00e0 une \u00e9chelle v\u00e9ritablement mondiale.<\/p><\/blockquote>\n<h2>Pourquoi l&rsquo;\u00e9conomie Bitcoin dans un township sud-africain ?<\/h2>\n<p>L&rsquo;organisation explique sur son site Web pourquoi elle a d\u00e9cid\u00e9 de promouvoir l&rsquo;\u00e9conomie circulaire bitcoin dans une zone d\u00e9favoris\u00e9e :<\/p>\n<ul>\n<li>Pour d\u00e9velopper l&rsquo;autonomisation d\u00e9j\u00e0 r\u00e9alis\u00e9e dans cette communaut\u00e9 par The Surfer Kids et, gr\u00e2ce \u00e0 Bitcoin, \u00e9tendre cette autonomisation au-del\u00e0 des limites physiques de l&rsquo;organisation elle-m\u00eame.<\/li>\n<li>Pour montrer que c&rsquo;est possible. Parce que les d\u00e9bats sur \u00ab\u00a0pourquoi Bitcoin ne peut pas fonctionner\u00a0\u00bb passent tous \u00e0 c\u00f4t\u00e9 de l&rsquo;essentiel.<\/li>\n<\/ul>\n<p>En octobre 2022, l&rsquo;organisation a ouvert le Centre Bitcoin Ekasi pour enseigner aux enfants, aux propri\u00e9taires d&rsquo;entreprises et aux entrepreneurs locaux des notions de finance et de Bitcoin. Le centre a \u00e9t\u00e9 construit avec l&rsquo;aide financi\u00e8re de Paxful et de <a href=\"https:\/\/www.builtwithbitcoin.org\/\" rel=\"nofollow noopener\" target=\"_blank\">la fondation Built With Bitcoin<\/a>.<\/p>\n<p><img loading=\"lazy\" decoding=\"async\" src=\"http:\/\/h17n.com\/fr\/wp-content\/uploads\/sites\/2\/2023\/02\/bitcoin-ekasi-1536x1152-1.jpeg\" alt=\"bitcoin ekasi\" width=\"2048\" height=\"1536\" class=\"alignnone size-full wp-image-1463\" \/><\/p>\n<h2>Plus d&rsquo;informations<\/h2>\n<ul>\n<li><a href=\"https:\/\/bitcoinekasi.com\/\" rel=\"nofollow noopener\" target=\"_blank\">Site Web de<\/a> Bitcoin Ekasi<\/li>\n<li>Bitcoin Ekasi sur <a href=\"https:\/\/twitter.com\/BitcoinEkasi\" rel=\"nofollow noopener\" target=\"_blank\">Twitter<\/a><\/li>\n<li>Bitcoin Ekasi sur <a href=\"https:\/\/www.youtube.com\/channel\/UC0BJ9ZD6JXKzJUtXfhy2pSg\" rel=\"nofollow noopener\" target=\"_blank\">YouTube<\/a><\/li>\n<li><a href=\"https:\/\/bitcoinekasi.com\/donate\/\" rel=\"nofollow noopener\" target=\"_blank\">Fais un don<\/a> \u00e0 Bitcoin Ekasi<\/li>\n<\/ul>\n","protected":false},"excerpt":{"rendered":"<p>Bitcoin Ekasi est une organisation \u00e0 but non lucratif \u00e9tablissant une \u00e9conomie circulaire Bitcoin \u00e0 Mossel Bay, en Afrique du Sud.<\/p>\n","protected":false},"featured_media":255,"comment_status":"open","ping_status":"closed","template":"","meta":[],"product_brand":[],"product_cat":[56],"product_tag":[203],"class_list":{"0":"post-261","1":"product","2":"type-product","3":"status-publish","4":"has-post-thumbnail","6":"product_cat-zones","7":"product_tag-afrique","8":"","9":"woocommerce-text-align-center","10":"woocommerce-image-align-center","11":"do-quantity-buttons","13":"first","14":"instock","15":"shipping-taxable","16":"product-type-external"},"_links":{"self":[{"href":"https:\/\/h17n.com\/fr\/wp-json\/wp\/v2\/product\/261","targetHints":{"allow":["GET"]}}],"collection":[{"href":"https:\/\/h17n.com\/fr\/wp-json\/wp\/v2\/product"}],"about":[{"href":"https:\/\/h17n.com\/fr\/wp-json\/wp\/v2\/types\/product"}],"replies":[{"embeddable":true,"href":"https:\/\/h17n.com\/fr\/wp-json\/wp\/v2\/comments?post=261"}],"wp:featuredmedia":[{"embeddable":true,"href":"https:\/\/h17n.com\/fr\/wp-json\/wp\/v2\/media\/255"}],"wp:attachment":[{"href":"https:\/\/h17n.com\/fr\/wp-json\/wp\/v2\/media?parent=261"}],"wp:term":[{"taxonomy":"product_brand","embeddable":true,"href":"https:\/\/h17n.com\/fr\/wp-json\/wp\/v2\/product_brand?post=261"},{"taxonomy":"product_cat","embeddable":true,"href":"https:\/\/h17n.com\/fr\/wp-json\/wp\/v2\/product_cat?post=261"},{"taxonomy":"product_tag","embeddable":true,"href":"https:\/\/h17n.com\/fr\/wp-json\/wp\/v2\/product_tag?post=261"}],"curies":[{"name":"wp","href":"https:\/\/api.w.org\/{rel}","templated":true}]}}