{"id":252,"date":"2023-05-01T17:34:49","date_gmt":"2023-05-01T17:34:49","guid":{"rendered":"https:\/\/h17n.com\/fr\/?post_type=product&#038;p=252"},"modified":"2023-06-07T14:25:25","modified_gmt":"2023-06-07T14:25:25","slug":"arnhem","status":"publish","type":"product","link":"https:\/\/h17n.com\/fr\/zones\/arnhem\/","title":{"rendered":"Arnhem Bitcoin City"},"content":{"rendered":"<p>Arnhem est l&rsquo;une des premi\u00e8res villes au monde o\u00f9 on peut faire des achats et vivre des bitcoins. Arnhem Bitcoin City fait partie des villes les plus favorables \u00e0 bitcoin au monde. C&rsquo;est une ville des Pays-Bas qui compte environ 160 000 habitants.<\/p>\n<p>Utiliser bitcoin \u00e0 Arnhem, c&rsquo;est essentiellement faire du shopping avec la possibilit\u00e9 de payer avec bitcoin dans les nombreux magasins qui participent. Les restaurants participent \u00e9galement, il est donc possible de manger au restaurant et de prendre son caf\u00e9 du matin uniquement en payant en bitcoins. Certains h\u00f4tels sont \u00e9galement sur la liste, ainsi que certains prestataires de services et un dentiste. Il est facile de trouver les vendeurs participants via <a href=\"https:\/\/btcmap.org\/\" rel=\"nofollow noopener\" target=\"_blank\">btcmap.org<\/a> ou via la <a href=\"https:\/\/www.arnhembitcoinstad.nl\/kaart\" rel=\"nofollow noopener\" target=\"_blank\">carte sur leur site Web<\/a>.<\/p>\n<div class=\"container-lazyload preview-lazyload container-youtube js-lazyload--not-loaded\"><a href=\"https:\/\/www.youtube.com\/watch?v=s2vrtAGlG1Y\" class=\"lazy-load-youtube preview-lazyload preview-youtube\" data-video-title=\"Traveling to Arnhem Bitcoin City\" title=\"Play video &quot;Traveling to Arnhem Bitcoin City&quot;\">https:\/\/www.youtube.com\/watch?v=s2vrtAGlG1Y<\/a><noscript>Video can&rsquo;t be loaded because JavaScript is disabled: <a href=\"https:\/\/www.youtube.com\/watch?v=s2vrtAGlG1Y\" title=\"Traveling to Arnhem Bitcoin City\">Traveling to Arnhem Bitcoin City (https:\/\/www.youtube.com\/watch?v=s2vrtAGlG1Y)<\/a><\/noscript><\/div>\n<p>Arnhem Bitcoin City a commenc\u00e9 d\u00e8s 2014, avec 15 bars et restaurants. Elle a gagn\u00e9 relativement en popularit\u00e9 les premi\u00e8res ann\u00e9es, mais apr\u00e8s 2019, vous pouvez voir sur leur site que le nombre de <a href=\"https:\/\/www.arnhembitcoinstad.nl\/#stats\" rel=\"nofollow noopener\" target=\"_blank\">transactions en bitcoins<\/a> a diminu\u00e9, \u00e9videmment surtout pendant les p\u00e9riodes de fermeture de COVID-19.<\/p>\n<p>Le r\u00e9seau derri\u00e8re Arnhem Bitcoin City organise r\u00e9guli\u00e8rement des rencontres. Ils sont aussi majoritairement des maximalistes du bitcoin. En 2017, il y a eu des difficult\u00e9s dans le r\u00e9seau de paiement bitcoin avec la hausse des frais de mineur, qui ont maintenant \u00e9t\u00e9 r\u00e9solues. L&rsquo;un des membres <a href=\"https:\/\/www.cryptolists.com\/surviving-on-only-btc-in-arnhem-bitcoin-city-yes-you-can\/\" rel=\"nofollow noopener\" target=\"_blank\">explique<\/a>:<\/p>\n<p>\u00ab\u00a0En 2017, quand il n&rsquo;y avait pas de r\u00e9seau lightning et que les frais de bitcoin \u00e9taient trop \u00e9lev\u00e9s pour \u00eatre utilisables pour les paiements d&rsquo;\u00e9picerie, nous avons envisag\u00e9 les altcoins, mais maintenant le r\u00e9seau lightning fonctionne tr\u00e8s bien et nous n&rsquo;avons aucun int\u00e9r\u00eat \u00e0 soutenir les altcoins.\u00a0\u00bb<\/p>\n<p>De nos jours, en tant que client, vous n&rsquo;avez pas besoin d&rsquo;utiliser votre t\u00e9l\u00e9phone portable et de scanner des codes QR pour effectuer des transactions. Il est aussi possible d&rsquo;utiliser les nouvelles <a href=\"https:\/\/h17n.com\/fr\/utiliser-bitcoin\/carte-bolt\/\" target=\"_blank\" rel=\"noopener\">cartes Bolt Lightning<\/a> qui prennent en charge la technologie NFC. En tant que fournisseur de paiement, la plupart des vendeurs participants utilisent <a href=\"https:\/\/www.bitkassa.nl\/en\/\" rel=\"nofollow noopener\" target=\"_blank\">Bitkassa<\/a> qui permet les paiements bas\u00e9s sur les codes QR ainsi que sur le NFC via leur application.<\/p>\n<h2>Plus d&rsquo;informations<\/h2>\n<ul>\n<li><a href=\"https:\/\/www.arnhembitcoinstad.nl\/\" rel=\"nofollow noopener\" target=\"_blank\">Site Web d&rsquo;Arnhem Bitcoin City<\/a><\/li>\n<li><a href=\"https:\/\/twitter.com\/bitcoinstad\" rel=\"nofollow noopener\" target=\"_blank\">Arnhem Bitcoin City sur Twitter<\/a><\/li>\n<\/ul>\n","protected":false},"excerpt":{"rendered":"<p>Arnhem est l&rsquo;une des premi\u00e8res villes au monde o\u00f9 vous pouvez faire du shopping et vivre du bitcoin. Arnhem Bitcoin City est l&rsquo;une des villes les plus favorables au bitcoin au monde. C&rsquo;est une ville des Pays-Bas avec environ 160 000 habitants.<\/p>\n","protected":false},"featured_media":249,"comment_status":"open","ping_status":"closed","template":"","meta":[],"product_brand":[],"product_cat":[56],"product_tag":[],"class_list":{"0":"post-252","1":"product","2":"type-product","3":"status-publish","4":"has-post-thumbnail","6":"product_cat-zones","7":"","8":"woocommerce-text-align-center","9":"woocommerce-image-align-center","10":"do-quantity-buttons","12":"first","13":"instock","14":"shipping-taxable","15":"product-type-external"},"_links":{"self":[{"href":"https:\/\/h17n.com\/fr\/wp-json\/wp\/v2\/product\/252","targetHints":{"allow":["GET"]}}],"collection":[{"href":"https:\/\/h17n.com\/fr\/wp-json\/wp\/v2\/product"}],"about":[{"href":"https:\/\/h17n.com\/fr\/wp-json\/wp\/v2\/types\/product"}],"replies":[{"embeddable":true,"href":"https:\/\/h17n.com\/fr\/wp-json\/wp\/v2\/comments?post=252"}],"wp:featuredmedia":[{"embeddable":true,"href":"https:\/\/h17n.com\/fr\/wp-json\/wp\/v2\/media\/249"}],"wp:attachment":[{"href":"https:\/\/h17n.com\/fr\/wp-json\/wp\/v2\/media?parent=252"}],"wp:term":[{"taxonomy":"product_brand","embeddable":true,"href":"https:\/\/h17n.com\/fr\/wp-json\/wp\/v2\/product_brand?post=252"},{"taxonomy":"product_cat","embeddable":true,"href":"https:\/\/h17n.com\/fr\/wp-json\/wp\/v2\/product_cat?post=252"},{"taxonomy":"product_tag","embeddable":true,"href":"https:\/\/h17n.com\/fr\/wp-json\/wp\/v2\/product_tag?post=252"}],"curies":[{"name":"wp","href":"https:\/\/api.w.org\/{rel}","templated":true}]}}