{"id":246,"date":"2023-02-27T18:38:21","date_gmt":"2023-02-27T18:38:21","guid":{"rendered":"https:\/\/h17n.com\/fr\/?post_type=product&#038;p=246"},"modified":"2024-12-10T12:28:14","modified_gmt":"2024-12-10T12:28:14","slug":"robosats","status":"publish","type":"product","link":"https:\/\/h17n.com\/fr\/acheter-du-bitcoin\/robosats\/","title":{"rendered":"Robosats : un \u00e9change de bitcoins P2P sans KYC"},"content":{"rendered":"<p><a href=\"https:\/\/learn.robosats.com\/\" rel=\"nofollow noopener\" target=\"_blank\">Robosats<\/a> (Robotic Satoshis) est une plateforme d\u00e9centralis\u00e9e et open source qui vous permet d&rsquo;acheter et de vendre des bitcoins contre n&rsquo;importe quelle monnaie nationale sans avoir besoin d&rsquo;identification ou d&rsquo;exigences KYC. Cet \u00e9change pair-\u00e0-pair utilise <a href=\"https:\/\/h17n.com\/fr\/reseau-lightning\/\" target=\"_blank\" rel=\"noopener\">le r\u00e9seau Lightning<\/a> et le navigateur Tor et offre une gamme vari\u00e9e d&rsquo;options de paiement dans le monde entier.<\/p>\n<h2>Avantages de RoboSats<\/h2>\n<p>Il y a plusieurs avantages \u00e0 utiliser RoboSats\u00a0:<\/p>\n<ul>\n<li><strong>R\u00e9seau Tor :<\/strong> Il fonctionne sur le r\u00e9seau Tor, qui vous offre une couche suppl\u00e9mentaire de confidentialit\u00e9.<\/li>\n<li><strong>\u00c9change anonyme :<\/strong> Il s&rsquo;agit d&rsquo;un \u00e9change o\u00f9 vous pouvez acheter crypto sans KYC et vendre crypto sans kyc, \u00e9changer avec une identit\u00e9 anonyme et g\u00e9n\u00e9rer une nouvelle identit\u00e9 (un avatar robot) pour chaque transaction, am\u00e9liorant encore la confidentialit\u00e9.<\/li>\n<li><strong>\u00c9change anonyme :<\/strong> Le service de s\u00e9questre de RoboSat prot\u00e8ge les acheteurs en obligeant les vendeurs \u00e0 d\u00e9poser leurs bitcoins en s\u00e9questre, pr\u00e9venant ainsi les fraudes.<\/li>\n<li><strong>Transactions en cha\u00eene et Lightning :<\/strong> RoboSat prend en charge les transactions en cha\u00eene et sur le r\u00e9seau Lightning, ce qui r\u00e9duit les frais de transaction et peut \u00e9galement augmenter la confidentialit\u00e9.<\/li>\n<li><strong>Application mobile :<\/strong> La plate-forme dispose d&rsquo;une version d&rsquo;application mobile pour une utilisation pratique sur les smartphones.<\/li>\n<\/ul>\n<div class=\"action box\">\n<p>Lisez aussi: <a href=\"https:\/\/h17n.com\/fr\/robosats-vs-bisq\/\">RoboSats vs. Bisq : \u00c9changes Bitcoin P2P sans KYC<\/a><\/p>\n<\/div>\n<h2>Comment fonctionne Robosats<\/h2>\n<p>Pour garantir une confidentialit\u00e9 maximale lors de l&rsquo;utilisation de RoboSats, il est recommand\u00e9 d&rsquo;acc\u00e9der \u00e0 la plateforme via son <a href=\"http:\/\/robosats6tkf3eva7x2voqso3a5wcorsnw34jveyxfqi2fu7oyheasid.onion\/\" rel=\"nofollow noopener\" target=\"_blank\">adresse Onion<\/a>, qui n\u00e9cessite l&rsquo;utilisation du <a href=\"https:\/\/www.torproject.org\/download\/\" rel=\"nofollow noopener\" target=\"_blank\">navigateur Tor<\/a>. Gr\u00e2ce au navigateur, votre localisation ou votre adresse IP ne sont jamais connues du n\u0153ud ou de vos pairs de trading. C&rsquo;est compl\u00e8tement priv\u00e9. Comme il n&rsquo;y a pas de portefeuille Robosats, vous avez aussi besoin d&rsquo;un portefeuille Lightning tel que <a href=\"https:\/\/h17n.com\/fr\/portefeuilles-mobiles\/muun\/\" target=\"_blank\" rel=\"noopener\">Muun<\/a>, <a href=\"https:\/\/blixtwallet.github.io\/\" rel=\"nofollow noopener\" target=\"_blank\">Blixit<\/a> et <a href=\"\/\/h17n.com\/fr\/portefeuilles-mobiles\/bluewallet\/\" target=\"_blank\" rel=\"noopener\">BlueWallet<\/a>.<\/p>\n<p>Pour acheter BTC sans KYC ou les vendre, vous devez adopter l&rsquo;identit\u00e9 d&rsquo;un robot et utiliser un jeton priv\u00e9 correspondant. Vous pouvez ainsi pr\u00e9server votre anonymat lorsque vous passez et ex\u00e9cutez des commandes aupr\u00e8s de RoboSats. Il est conseill\u00e9 de ne pas r\u00e9utiliser le m\u00eame robot, car cela peut compromettre la confidentialit\u00e9 de l&rsquo;utilisateur final. Pour maximiser votre confidentialit\u00e9, il est fortement recommand\u00e9 de cr\u00e9er un nouveau robot avec des caract\u00e9ristiques al\u00e9atoires apr\u00e8s chaque transaction. La r\u00e9utilisation d&rsquo;un robot peut potentiellement lier plusieurs ordres \u00e0 un seul avatar, ce qui pourrait conduire \u00e0 la divulgation d&rsquo;informations sur l&rsquo;utilisateur final.<\/p>\n<div class=\"alert box\">\n<p>Vous pouvez (on vous conseille) n\u00e9gocier avec une identit\u00e9 diff\u00e9rente \u00e0 chaque fois. C&rsquo;est pratique et facile. Aucun autre \u00e9change n&rsquo;a cette fonctionnalit\u00e9, et c&rsquo;est essentiel pour la confidentialit\u00e9 ! Dans RoboSats, les observateurs n&rsquo;ont aucun moyen de savoir que plusieurs \u00e9changes ont \u00e9t\u00e9 effectu\u00e9s par le m\u00eame utilisateur s&rsquo;il a utilis\u00e9 diff\u00e9rents avatars de robot. Seul votre pair commercial peut apprendre des choses sur vous pendant que vous discutez. Gardez le chat court et concis, et \u00e9vitez de fournir plus d&rsquo;informations que strictement n\u00e9cessaire pour l&rsquo;\u00e9change fiat.<\/p>\n<\/div>\n<p>Le syst\u00e8me de RoboSats s&rsquo;appuie sur des obligations de fid\u00e9lit\u00e9 pour encourager le maker et le taker \u00e0 respecter les r\u00e8gles et \u00e0 ne pas adopter un comportement frauduleux \u00e0 l&rsquo;\u00e9gard d&rsquo;autres robots. Pour participer, les utilisateurs doivent d\u00e9poser une petite somme appel\u00e9e caution de fid\u00e9lit\u00e9, qui est ensuite bloqu\u00e9e jusqu&rsquo;\u00e0 ce que la transaction soit ex\u00e9cut\u00e9e avec succ\u00e8s. Toutefois, le non-respect des conditions de l&rsquo;accord peut entra\u00eener la perte de la caution.<\/p>\n<p>La caution de fid\u00e9lit\u00e9 par d\u00e9faut est fix\u00e9e \u00e0 3% de la valeur totale de la transaction, mais les makers d&rsquo;ordres ont la possibilit\u00e9 de fixer leur propre montant entre 2% et 15%. Opter pour une caution plus importante implique un plus grand engagement envers la transaction et un enjeu plus important.<\/p>\n<p>Pour prot\u00e9ger l&rsquo;acheteur contre la fraude ou le d\u00e9faut de paiement lors de l&rsquo;achat de bitcoins, un entiercement de transaction est utilis\u00e9. Le d\u00e9lai dans lequel l&rsquo;entiercement doit \u00eatre soumis (verrouill\u00e9) est \u00e0 la discr\u00e9tion du maker d&rsquo;ordre, qui peut le personnaliser pour qu&rsquo;il dure entre 1 et 8 heures, tandis que le d\u00e9lai d&rsquo;expiration par d\u00e9faut est fix\u00e9 \u00e0 3 heures. Si le vendeur ne parvient pas \u00e0 verrouiller l&rsquo;entiercement de la transaction dans le d\u00e9lai imparti, sa caution de fid\u00e9lit\u00e9 est perdue. En outre, si un litige est soulev\u00e9, les satoshis d\u00e9tenus dans l&rsquo;entiercement sont lib\u00e9r\u00e9s \u00e0 la partie gagnante.<\/p>\n<h2>M\u00e9thodes de paiement RoboSats<\/h2>\n<p>Actuellement, il n&rsquo;y a pas de limitation sur la m\u00e9thode de paiement en monnaie fiduciaire utilis\u00e9e pour les transactions en bitcoins de Robosats. Vous \u00eates libre d&rsquo;utiliser n&rsquo;importe quelle m\u00e9thode de paiement convenue par les deux parties, y compris des options plus risqu\u00e9es telles que PayPal, Venmo et Cash apps. N\u00e9anmoins, il est conseill\u00e9 d&rsquo;utiliser une m\u00e9thode de paiement \u00e0 faible risque lorsque cela est possible. Les m\u00e9thodes de paiement \u00e0 risque moyen sont les cartes-cadeaux d&rsquo;Amazon, Interac e-Transfer (Canada) et Wise, anciennement Transferwise.<\/p>\n<p>Pour \u00eatre efficace, la m\u00e9thode de paiement fiat doit permettre un envoi et une r\u00e9ception instantan\u00e9s, \u00e9tant donn\u00e9 que la facture hodl a un d\u00e9lai d&rsquo;expiration de 24 heures. Si le d\u00e9lai est d\u00e9pass\u00e9 et que la facture expire, il peut en r\u00e9sulter un litige, ce qui peut entra\u00eener la perte de la garantie de fid\u00e9lit\u00e9 (expliqu\u00e9e ci-dessus).<\/p>\n<div class=\"warning box\">\n<p>PayPal est l&rsquo;un des modes de paiement en monnaie fiduciaire les plus utilis\u00e9es. Cependant, avec la politique de protection des acheteurs de PayPal, les acheteurs peuvent effectuer des actions frauduleuses en cr\u00e9ant une demande de remboursement dans PayPal apr\u00e8s que le processus d&rsquo;\u00e9change dans RoboSats soit termin\u00e9 et donc en prenant \u00e0 la fois le fiat et le bitcoin par eux-m\u00eames. Cette fraude peut \u00eatre \u00e9vit\u00e9e en se mettant d&rsquo;accord avec l&rsquo;acheteur pour qu&rsquo;il envoie de l&rsquo;argent en utilisant l&rsquo;option \u00ab\u00a0envoyer de l&rsquo;argent \u00e0 un ami ou \u00e0 un membre de la famille\u00a0\u00bb. Ainsi, l&rsquo;acheteur sera responsable des frais de transaction et il sera moins susceptible de demander un remboursement.<\/p>\n<\/div>\n<h2>Frais de RoboSats<\/h2>\n<p>Lors de l&rsquo;utilisation de RoboSats, des frais de 0,2 % sont factur\u00e9s sur le montant total de la transaction. Ces frais sont r\u00e9partis entre le maker et le taker de commande, chacun payant respectivement 0,025\u00a0% et 0,175\u00a0%. Il est important de noter que des frais suppl\u00e9mentaires de 1,02\u00a0% du montant total des sats seront encourus si vous \u00eates pay\u00e9 via on-chain.<\/p>\n<h2>RoboSats est-il s\u00fbr ?<\/h2>\n<p>La plateforme d&rsquo;\u00e9change p2p RoboSats existe depuis 2021. Elle fonctionne sans n\u00e9cessiter de proc\u00e9dures de connaissance du client (KYC). Au lieu de cela, elle utilise Tor et des avatars de robots pour pr\u00e9server votre confidentialit\u00e9 en masquant votre v\u00e9ritable identit\u00e9. Chaque robot est \u00e9quip\u00e9 d&rsquo;une paire unique de cl\u00e9s PGP pour permettre un cryptage de communication de bout en bout s\u00e9curis\u00e9 pour une s\u00e9curit\u00e9 renforc\u00e9e.<\/p>\n<p>De plus, RoboSats comprend un syst\u00e8me d&rsquo;entiercement pour garantir davantage la s\u00e9curit\u00e9 des transactions. Le service d&rsquo;entiercement conserve les fonds impliqu\u00e9s dans une transaction jusqu&rsquo;\u00e0 ce que les deux parties s&rsquo;acquittent de leurs responsabilit\u00e9s. Cette approche permet de r\u00e9duire le risque de fraude ou de non-conformit\u00e9.<\/p>\n<p>Bien que RoboSats s&rsquo;appuie sur un seul serveur actuellement g\u00e9r\u00e9 par l&rsquo;\u00e9quipe de d\u00e9veloppement, il est important de noter que la plateforme \u00e9volue vers un mod\u00e8le f\u00e9d\u00e9r\u00e9. Cela att\u00e9nuera les risques associ\u00e9s au recours \u00e0 une seule entit\u00e9, car le contr\u00f4le et les fonctionnalit\u00e9s seront r\u00e9partis entre plusieurs participants. Cela permettra \u00e0 plusieurs instances RoboSats de fonctionner ensemble sous une application client unifi\u00e9e.<\/p>\n<h2>R\u00e9sum\u00e9 des principales caract\u00e9ristiques de RoboSats<\/h2>\n<p>La table ci-dessous r\u00e9sume les principales caract\u00e9ristiques de RoboSats:<\/p>\n<table>\n<thead>\n<tr>\n<th>Fonctionnalit\u00e9<\/th>\n<th><\/th>\n<\/tr>\n<\/thead>\n<tbody>\n<tr>\n<td><strong>Objectif<\/strong><\/td>\n<td>Simplicit\u00e9<\/td>\n<\/tr>\n<tr>\n<td><strong>Fonctionnalit\u00e9s et flexibilit\u00e9<\/strong><\/td>\n<td>Limit\u00e9e<\/td>\n<\/tr>\n<tr>\n<td><strong>Liquidit\u00e9<\/strong><\/td>\n<td>\u00c9lev\u00e9e<\/td>\n<\/tr>\n<tr>\n<td><strong>Options de paiement<\/strong><\/td>\n<td>Tout mode de paiement convenu par les deux parties, y compris des options plus risqu\u00e9es telles que PayPal, Venmo et les applications de paiement en esp\u00e8ces<\/td>\n<\/tr>\n<tr>\n<td><strong>Confidentialit\u00e9<\/strong><\/td>\n<td>Forte<\/td>\n<\/tr>\n<tr>\n<td><strong>Frais<\/strong><\/td>\n<td>0,025% Maker et 0,175% Taker<\/td>\n<\/tr>\n<tr>\n<td><strong>Cryptomonnaies<\/strong><\/td>\n<td>Bitcoin seulement<\/td>\n<\/tr>\n<tr>\n<td><strong>Tor<\/strong><\/td>\n<td>Oui<\/td>\n<\/tr>\n<tr>\n<td><strong>R\u00e9seau Lightning<\/strong><\/td>\n<td>Pris en charge<\/td>\n<\/tr>\n<tr>\n<td><strong>Application<\/strong><\/td>\n<td>Navigateur, navigateur I2P, application Android<\/td>\n<\/tr>\n<tr>\n<td><strong>Open source<\/strong><\/td>\n<td>Oui<\/td>\n<\/tr>\n<tr>\n<td><strong>Escrow<\/strong><\/td>\n<td>Pris en charge<\/td>\n<\/tr>\n<tr>\n<td><strong>Niveau utilisateur<\/strong><\/td>\n<td>Interm\u00e9diaire et avanc\u00e9<\/td>\n<\/tr>\n<\/tbody>\n<\/table>\n<h2>RoboSats: notre verdict<\/h2>\n<p>Fond\u00e9 en 2021, RoboSats est un \u00e9change de crypto-monnaies relativement nouveau, sp\u00e9cialis\u00e9 dans le bitcoin uniquement, en mettant l&rsquo;accent sur la confidentialit\u00e9, la simplicit\u00e9 et la facilit\u00e9 d&rsquo;utilisation. Son syst\u00e8me d&rsquo;escroc bas\u00e9 sur le r\u00e9seau Lightning minimise les exigences de confiance et de garde, tandis que les avatars robotiques g\u00e9n\u00e9r\u00e9s de mani\u00e8re d\u00e9terministe renforcent encore la confidentialit\u00e9 des utilisateurs.<\/p>\n<p>En g\u00e9n\u00e9ral, RoboSats est un \u00e9change convivial qui vous permet d&rsquo;\u00e9changer n&rsquo;importe quelle quantit\u00e9 de bitcoin, ce qui est un grand avantage si vous commencez tout juste \u00e0 accumuler des sats. Les transactions sur la plateforme sont toujours fluides et rapides, et prot\u00e9g\u00e9es par un syst\u00e8me d&rsquo;escroc. De plus, la plateforme offre un petit cashback sur les transactions, ce qui est un bon bonus pour vous. Enfin, la plateforme conna\u00eet tr\u00e8s peu de temps d&rsquo;arr\u00eat, ce qui signifie que vous pouvez compter sur elle pour des \u00e9changes rapides et efficaces.<\/p>\n<p>Dans l&rsquo;ensemble, si vous recherchez une exp\u00e9rience conviviale avec un \u00e9change de crypto-monnaies sans KYC, RoboSats est une option adapt\u00e9e. Cependant, sa liquidit\u00e9 limit\u00e9e, et son historique plus court peuvent dissuader certains utilisateurs potentiels.<\/p>\n<h2>Alternatives \u00e0 Robosats<\/h2>\n<div class=\"woocommerce columns-3 \"><ul class=\"products columns-3\">\n<li class=\"woocommerce-text-align-center woocommerce-image-align-center do-quantity-buttons product type-product post-689 status-publish first instock product_cat-acheter-du-bitcoin has-post-thumbnail shipping-taxable product-type-external\">\n\t<a href=\"https:\/\/h17n.com\/fr\/acheter-du-bitcoin\/agoradesk\/\" class=\"woocommerce-LoopProduct-link woocommerce-loop-product__link\"><img loading=\"lazy\" decoding=\"async\" width=\"300\" height=\"300\" src=\"https:\/\/h17n.com\/fr\/wp-content\/uploads\/sites\/2\/2023\/05\/agora-300x300.webp\" class=\"attachment-woocommerce_thumbnail size-woocommerce_thumbnail\" alt=\"AgoraDesk : un \u00e9change de bitcoins sans KYC\" srcset=\"https:\/\/h17n.com\/fr\/wp-content\/uploads\/sites\/2\/2023\/05\/agora-300x300.webp 300w, https:\/\/h17n.com\/fr\/wp-content\/uploads\/sites\/2\/2023\/05\/agora-150x150.webp 150w, https:\/\/h17n.com\/fr\/wp-content\/uploads\/sites\/2\/2023\/05\/agora-100x100.webp 100w\" sizes=\"auto, (max-width: 300px) 100vw, 300px\" \/><h2 class=\"woocommerce-loop-product__title\">AgoraDesk : un \u00e9change de bitcoins sans KYC<\/h2>\n            <div class=\"star-rating\" title=\"Pas encore not\u00e9\"><span style=\"width:0%\"><strong class=\"rating\">0<\/strong> sur 5<\/span><\/div>        <a href=\"https:\/\/h17n.com\/fr\/acheter-du-bitcoin\/agoradesk\/#reviews\" class=\"woocommerce-review-link\" rel=\"nofollow\">(0)<\/a>\n\n\n<\/a><a href=\"https:\/\/agoradesk.com\/\" aria-describedby=\"woocommerce_loop_add_to_cart_link_describedby_689\" data-quantity=\"1\" class=\"button product_type_external\" data-product_id=\"689\" data-product_sku=\"\" aria-label=\"D\u00e9couvrir AgoraDesk\" rel=\"nofollow\">D\u00e9couvrir AgoraDesk<\/a>\t<span id=\"woocommerce_loop_add_to_cart_link_describedby_689\" class=\"screen-reader-text\">\n\t\t\t<\/span>\n<\/li>\n<li class=\"woocommerce-text-align-center woocommerce-image-align-center do-quantity-buttons product type-product post-178 status-publish instock product_cat-acheter-du-bitcoin product_cat-onfidentialite has-post-thumbnail shipping-taxable product-type-external\">\n\t<a href=\"https:\/\/h17n.com\/fr\/acheter-du-bitcoin\/bisq\/\" class=\"woocommerce-LoopProduct-link woocommerce-loop-product__link\"><img loading=\"lazy\" decoding=\"async\" width=\"300\" height=\"300\" src=\"https:\/\/h17n.com\/fr\/wp-content\/uploads\/sites\/2\/2023\/02\/bisq-300x300.jpg\" class=\"attachment-woocommerce_thumbnail size-woocommerce_thumbnail\" alt=\"Bisq : un \u00e9change de bitcoins pair-\u00e0-pair\" srcset=\"https:\/\/h17n.com\/fr\/wp-content\/uploads\/sites\/2\/2023\/02\/bisq-300x300.jpg 300w, https:\/\/h17n.com\/fr\/wp-content\/uploads\/sites\/2\/2023\/02\/bisq-150x150.jpg 150w, https:\/\/h17n.com\/fr\/wp-content\/uploads\/sites\/2\/2023\/02\/bisq-100x100.jpg 100w\" sizes=\"auto, (max-width: 300px) 100vw, 300px\" \/><h2 class=\"woocommerce-loop-product__title\">Bisq : un \u00e9change de bitcoins pair-\u00e0-pair<\/h2>\n            <div class=\"star-rating\" title=\"Pas encore not\u00e9\"><span style=\"width:0%\"><strong class=\"rating\">0<\/strong> sur 5<\/span><\/div>        <a href=\"https:\/\/h17n.com\/fr\/acheter-du-bitcoin\/bisq\/#reviews\" class=\"woocommerce-review-link\" rel=\"nofollow\">(0)<\/a>\n\n\n<\/a><a href=\"https:\/\/bisq.network\/\" aria-describedby=\"woocommerce_loop_add_to_cart_link_describedby_178\" data-quantity=\"1\" class=\"button product_type_external\" data-product_id=\"178\" data-product_sku=\"\" aria-label=\"D\u00e9couvrir Bisq\" rel=\"nofollow\">D\u00e9couvrir Bisq<\/a>\t<span id=\"woocommerce_loop_add_to_cart_link_describedby_178\" class=\"screen-reader-text\">\n\t\t\t<\/span>\n<\/li>\n<li class=\"woocommerce-text-align-center woocommerce-image-align-center do-quantity-buttons product type-product post-191 status-publish last instock product_cat-acheter-du-bitcoin has-post-thumbnail shipping-taxable product-type-external\">\n\t<a href=\"https:\/\/h17n.com\/fr\/acheter-du-bitcoin\/hodl-hodl\/\" class=\"woocommerce-LoopProduct-link woocommerce-loop-product__link\"><img loading=\"lazy\" decoding=\"async\" width=\"300\" height=\"300\" src=\"https:\/\/h17n.com\/fr\/wp-content\/uploads\/sites\/2\/2023\/02\/hodl-hodl-300x300.jpg\" class=\"attachment-woocommerce_thumbnail size-woocommerce_thumbnail\" alt=\"Hodl Hodl : une plateforme de trading de bitcoins\" srcset=\"https:\/\/h17n.com\/fr\/wp-content\/uploads\/sites\/2\/2023\/02\/hodl-hodl-300x300.jpg 300w, https:\/\/h17n.com\/fr\/wp-content\/uploads\/sites\/2\/2023\/02\/hodl-hodl-1024x1024.jpg 1024w, https:\/\/h17n.com\/fr\/wp-content\/uploads\/sites\/2\/2023\/02\/hodl-hodl-150x150.jpg 150w, https:\/\/h17n.com\/fr\/wp-content\/uploads\/sites\/2\/2023\/02\/hodl-hodl-768x768.jpg 768w, https:\/\/h17n.com\/fr\/wp-content\/uploads\/sites\/2\/2023\/02\/hodl-hodl-120x120.jpg 120w, https:\/\/h17n.com\/fr\/wp-content\/uploads\/sites\/2\/2023\/02\/hodl-hodl-600x600.jpg 600w, https:\/\/h17n.com\/fr\/wp-content\/uploads\/sites\/2\/2023\/02\/hodl-hodl-100x100.jpg 100w, https:\/\/h17n.com\/fr\/wp-content\/uploads\/sites\/2\/2023\/02\/hodl-hodl.jpg 1280w\" sizes=\"auto, (max-width: 300px) 100vw, 300px\" \/><h2 class=\"woocommerce-loop-product__title\">Hodl Hodl : une plateforme de trading de bitcoins<\/h2>\n            <div class=\"star-rating\" title=\"Pas encore not\u00e9\"><span style=\"width:0%\"><strong class=\"rating\">0<\/strong> sur 5<\/span><\/div>        <a href=\"https:\/\/h17n.com\/fr\/acheter-du-bitcoin\/hodl-hodl\/#reviews\" class=\"woocommerce-review-link\" rel=\"nofollow\">(0)<\/a>\n\n\n<\/a><a href=\"https:\/\/hodlhodl.com\/\" aria-describedby=\"woocommerce_loop_add_to_cart_link_describedby_191\" data-quantity=\"1\" class=\"button product_type_external\" data-product_id=\"191\" data-product_sku=\"\" aria-label=\"D\u00e9couvrir Hodl Hodl\" rel=\"nofollow\">D\u00e9couvrir Hodl Hodl<\/a>\t<span id=\"woocommerce_loop_add_to_cart_link_describedby_191\" class=\"screen-reader-text\">\n\t\t\t<\/span>\n<\/li>\n<li class=\"woocommerce-text-align-center woocommerce-image-align-center do-quantity-buttons product type-product post-825 status-publish first instock product_cat-acheter-du-bitcoin has-post-thumbnail shipping-taxable product-type-external\">\n\t<a href=\"https:\/\/h17n.com\/fr\/acheter-du-bitcoin\/peach\/\" class=\"woocommerce-LoopProduct-link woocommerce-loop-product__link\"><img loading=\"lazy\" decoding=\"async\" width=\"300\" height=\"300\" src=\"https:\/\/h17n.com\/fr\/wp-content\/uploads\/sites\/2\/2023\/05\/peach-1-300x300.webp\" class=\"attachment-woocommerce_thumbnail size-woocommerce_thumbnail\" alt=\"Peach : un \u00e9change pair-\u00e0-pair\" srcset=\"https:\/\/h17n.com\/fr\/wp-content\/uploads\/sites\/2\/2023\/05\/peach-1-300x300.webp 300w, https:\/\/h17n.com\/fr\/wp-content\/uploads\/sites\/2\/2023\/05\/peach-1-150x150.webp 150w, https:\/\/h17n.com\/fr\/wp-content\/uploads\/sites\/2\/2023\/05\/peach-1-100x100.webp 100w\" sizes=\"auto, (max-width: 300px) 100vw, 300px\" \/><h2 class=\"woocommerce-loop-product__title\">Peach : un \u00e9change pair-\u00e0-pair<\/h2>\n            <div class=\"star-rating\" title=\"Pas encore not\u00e9\"><span style=\"width:0%\"><strong class=\"rating\">0<\/strong> sur 5<\/span><\/div>        <a href=\"https:\/\/h17n.com\/fr\/acheter-du-bitcoin\/peach\/#reviews\" class=\"woocommerce-review-link\" rel=\"nofollow\">(0)<\/a>\n\n\n<\/a><a href=\"https:\/\/peachbitcoin.com\/\" aria-describedby=\"woocommerce_loop_add_to_cart_link_describedby_825\" data-quantity=\"1\" class=\"button product_type_external\" data-product_id=\"825\" data-product_sku=\"\" aria-label=\"Obtenez un bonus d&#039;inscription\" rel=\"nofollow\">Obtenez un bonus d&#039;inscription<\/a>\t<span id=\"woocommerce_loop_add_to_cart_link_describedby_825\" class=\"screen-reader-text\">\n\t\t\t<\/span>\n<\/li>\n<\/ul>\n<\/div>\n<h2>Plus d&rsquo;informations<\/h2>\n<ul>\n<li><a href=\"https:\/\/learn.robosats.com\/watch\/fr\/\" rel=\"nofollow noopener\" target=\"_blank\">Apprendre \u00e0 utiliser Robosats<\/a> (vid\u00e9os)<\/li>\n<li><a href=\"https:\/\/www.torproject.org\/download\/\" rel=\"nofollow noopener\" target=\"_blank\">Obtenir le navigateur Tor<\/a><\/li>\n<li><a href=\"http:\/\/robosats6tkf3eva7x2voqso3a5wcorsnw34jveyxfqi2fu7oyheasid.onion\/\" rel=\"nofollow noopener\" target=\"_blank\">Site Tor de Robosats (le lien \u00e0 Robosats Onion)<\/a><\/li>\n<li><a href=\"https:\/\/learn.robosats.com\/docs\/wallets\/\" rel=\"nofollow noopener\" target=\"_blank\">Portefeuilles compatibles avec Robosats<\/li>\n<li><a href=\"https:\/\/github.com\/Reckless-Satoshi\/robosats\" rel=\"nofollow noopener\" target=\"_blank\">Page sur Github de Robosats<\/a><\/li>\n<\/ul>\n","protected":false},"excerpt":{"rendered":"<p>RoboSats est une plateforme open-source d&rsquo;\u00e9change de Bitcoin sans KYC qui vous permet d&rsquo;acheter et de vendre du Bitcoin en \u00e9change de n&rsquo;importe quelle devise nationale sans aucune inscription.<\/p>\n","protected":false},"featured_media":244,"comment_status":"open","ping_status":"closed","template":"","meta":[],"product_brand":[],"product_cat":[40],"product_tag":[358],"class_list":{"0":"post-246","1":"product","2":"type-product","3":"status-publish","4":"has-post-thumbnail","6":"product_cat-acheter-du-bitcoin","7":"product_tag-avance","8":"","9":"woocommerce-text-align-center","10":"woocommerce-image-align-center","11":"do-quantity-buttons","13":"first","14":"instock","15":"shipping-taxable","16":"product-type-external"},"_links":{"self":[{"href":"https:\/\/h17n.com\/fr\/wp-json\/wp\/v2\/product\/246","targetHints":{"allow":["GET"]}}],"collection":[{"href":"https:\/\/h17n.com\/fr\/wp-json\/wp\/v2\/product"}],"about":[{"href":"https:\/\/h17n.com\/fr\/wp-json\/wp\/v2\/types\/product"}],"replies":[{"embeddable":true,"href":"https:\/\/h17n.com\/fr\/wp-json\/wp\/v2\/comments?post=246"}],"wp:featuredmedia":[{"embeddable":true,"href":"https:\/\/h17n.com\/fr\/wp-json\/wp\/v2\/media\/244"}],"wp:attachment":[{"href":"https:\/\/h17n.com\/fr\/wp-json\/wp\/v2\/media?parent=246"}],"wp:term":[{"taxonomy":"product_brand","embeddable":true,"href":"https:\/\/h17n.com\/fr\/wp-json\/wp\/v2\/product_brand?post=246"},{"taxonomy":"product_cat","embeddable":true,"href":"https:\/\/h17n.com\/fr\/wp-json\/wp\/v2\/product_cat?post=246"},{"taxonomy":"product_tag","embeddable":true,"href":"https:\/\/h17n.com\/fr\/wp-json\/wp\/v2\/product_tag?post=246"}],"curies":[{"name":"wp","href":"https:\/\/api.w.org\/{rel}","templated":true}]}}