{"id":236,"date":"2023-02-27T18:34:29","date_gmt":"2023-02-27T18:34:29","guid":{"rendered":"https:\/\/h17n.com\/fr\/?post_type=product&#038;p=236"},"modified":"2024-11-29T11:56:18","modified_gmt":"2024-11-29T11:56:18","slug":"crypto-voucher","status":"publish","type":"product","link":"https:\/\/h17n.com\/fr\/acheter-du-bitcoin\/crypto-voucher\/","title":{"rendered":"Cryptovoucher.io : acheter des bons bitcoin"},"content":{"rendered":"<p><a href=\"https:\/\/cryptovoucher.io?refm=ndesanjo\" rel=\"nofollow noopener\" target=\"_blank\">Crypto Voucher<\/a> est une plateforme qui permet aux utilisateurs d&rsquo;acheter et d&rsquo;\u00e9changer des bons bitcoin. Les bons bitcoin peuvent \u00eatre achet\u00e9s aupr\u00e8s des distributeurs en ligne de la plateforme ou dans un magasin local. Sur la plateforme, vous pouvez aussi \u00e9changer diverses cartes-cadeaux, comme Amazon ou Walmart, contre des bitcoins. Vous pouvez \u00e9galement acheter directement avec une carte de cr\u00e9dit ou un virement bancaire.<\/p>\n<div class=\"action box\">\n<p>Un bon bitcoin est un type de bon qui peut \u00eatre \u00e9chang\u00e9 contre du bitcoin. Le bon est essentiellement une carte Bitcoin pr\u00e9pay\u00e9e qui, comme une carte-cadeau, peut \u00eatre achet\u00e9e et \u00e9chang\u00e9e en ligne. Les bons Bitcoin sont un moyen pratique et accessible pour les gens d&rsquo;acheter des bitcoins, en particulier pour ceux qui sont nouveaux dans le monde du bitcoin et qui ne connaissent pas les \u00e9tapes plus avanc\u00e9es impliqu\u00e9es dans l&rsquo;achat de bitcoin.<\/p>\n<\/div>\n<p><a href=\"https:\/\/cryptovoucher.io?refm=ndesanjo\" title=\"\" class=\"button\">Allez sur Crypto Voucher<\/a><\/p>\n<h2>Comment \u00e7a marche<\/h2>\n<p>Pour vous inscrire \u00e0 Cryptovoucher.io, visitez le site Web et cliquez sur le bouton \u00ab\u00a0Cr\u00e9er un compte\u00a0\u00bb dans le coin sup\u00e9rieur droit de la page. Vous devez entrer votre adresse e-mail, et vous recevrez un e-mail avec un lien. Cliquez sur le lien pour cr\u00e9er un mot de passe, puis connectez-vous. Vous devez effectuer tous les niveaux de v\u00e9rification pour acc\u00e9der \u00e0 toutes les fonctionnalit\u00e9s et supprimer toutes les restrictions. KYC niveau 1 n\u00e9cessite une v\u00e9rification d&rsquo;identit\u00e9, KYC niveau 2 n\u00e9cessite une preuve d&rsquo;adresse et KYC niveau 3 n\u00e9cessite une v\u00e9rification vid\u00e9o.<\/p>\n<p>Si vous avez achet\u00e9 directement sur la plateforme, votre bon devrait \u00eatre disponible sur votre compte en quelques minutes. Vous trouverez votre bon achet\u00e9 dans votre panneau de compte, dans la section \u00ab\u00a0Mes bons\u00a0\u00bb. Vous devriez \u00e9galement recevoir un e-mail avec des mises \u00e0 jour sur l&rsquo;\u00e9tat de votre commande. Si vous avez achet\u00e9 chez l&rsquo;un des distributeurs de Crypto Vouchers, c&rsquo;est \u00e0 lui de vous envoyer votre bon. Vous serez averti lorsque votre bitcoin arrivera apr\u00e8s avoir utilis\u00e9 votre bon. Toutes les 1 \u00e0 2 heures, la plateforme envoie des bitcoins par lots.<\/p>\n<p>La plateforme prend en charge plusieurs m\u00e9thodes de paiement, notamment la carte de cr\u00e9dit\/d\u00e9bit, <a href=\"https:\/\/h17n.com\/fr\/acheter-du-bitcoin\/cash-app\/\">Cash App<\/a>, PayPal, Skrill, M-Pesa et SEPA. Lorsque vous achetez aupr\u00e8s de distributeurs en ligne autoris\u00e9s, vous utiliserez le mode de paiement qu&rsquo;ils approuvent. Vous pouvez \u00e9galement acheter en esp\u00e8ces aupr\u00e8s des revendeurs de votre r\u00e9gion.<\/p>\n<p>Il est aussi possible d&rsquo;\u00e9changer des cartes cadeaux contre des bitcoins. Les cartes cadeaux accept\u00e9es sont Amazon, AirBnB, Best Buy et Walmart.<\/p>\n<h2>Frais<\/h2>\n<p>Les frais de Crypto Voucher comprennent des frais de service (4 % de la valeur du bon), des frais de blockchain (2,5-3 EUR, selon l&rsquo;activit\u00e9 du r\u00e9seau) et des frais de paiement potentiels factur\u00e9s par le prestataire de paiement choisi.<\/p>\n<p><a href=\"https:\/\/cryptovoucher.io?refm=ndesanjo\" title=\"\" class=\"button\">Allez sur Crypto Voucher<\/a><\/p>\n<h2>Alternative au Crypto Voucher<\/h2>\n<div class=\"woocommerce \"><ul class=\"products columns-4\">\n<li class=\"woocommerce-text-align-center woocommerce-image-align-center do-quantity-buttons product type-product post-175 status-publish first instock product_cat-acheter-du-bitcoin product_cat-bons-bitcoin product_cat-envois-de-fonds has-post-thumbnail shipping-taxable product-type-external\">\n\t<a href=\"https:\/\/h17n.com\/fr\/acheter-du-bitcoin\/azteco\/\" class=\"woocommerce-LoopProduct-link woocommerce-loop-product__link\"><img loading=\"lazy\" decoding=\"async\" width=\"300\" height=\"300\" src=\"https:\/\/h17n.com\/fr\/wp-content\/uploads\/sites\/2\/2023\/02\/azteco-300x300.jpg\" class=\"attachment-woocommerce_thumbnail size-woocommerce_thumbnail\" alt=\"Azteco : une plateforme de bons bitcoin\" srcset=\"https:\/\/h17n.com\/fr\/wp-content\/uploads\/sites\/2\/2023\/02\/azteco-300x300.jpg 300w, https:\/\/h17n.com\/fr\/wp-content\/uploads\/sites\/2\/2023\/02\/azteco-150x150.jpg 150w, https:\/\/h17n.com\/fr\/wp-content\/uploads\/sites\/2\/2023\/02\/azteco-100x100.jpg 100w\" sizes=\"auto, (max-width: 300px) 100vw, 300px\" \/><h2 class=\"woocommerce-loop-product__title\">Azteco : une plateforme de bons bitcoin<\/h2>\n            <div class=\"star-rating\" title=\"Pas encore not\u00e9\"><span style=\"width:0%\"><strong class=\"rating\">0<\/strong> sur 5<\/span><\/div>        <a href=\"https:\/\/h17n.com\/fr\/acheter-du-bitcoin\/azteco\/#reviews\" class=\"woocommerce-review-link\" rel=\"nofollow\">(0)<\/a>\n\n\n<\/a><a href=\"https:\/\/azte.co\" aria-describedby=\"woocommerce_loop_add_to_cart_link_describedby_175\" data-quantity=\"1\" class=\"button product_type_external\" data-product_id=\"175\" data-product_sku=\"\" aria-label=\"D\u00e9couvrir Azteco\" rel=\"nofollow\">D\u00e9couvrir Azteco<\/a>\t<span id=\"woocommerce_loop_add_to_cart_link_describedby_175\" class=\"screen-reader-text\">\n\t\t\t<\/span>\n<\/li>\n<\/ul>\n<\/div>\n<h2>Plus d&rsquo;informations<\/h2>\n<ul>\n<li>Avis sur Crypto Voucher sur <a href=\"https:\/\/www.trustpilot.com\/review\/cryptovoucher.io\" rel=\"nofollow noopener\" target=\"_blank\">Trustpilot<\/a><\/li>\n<li>Crypto Voucher sur <a href=\"https:\/\/twitter.com\/crypto_voucher\" rel=\"nofollow noopener\" target=\"_blank\">Twitter<\/a><\/li>\n<\/ul>\n","protected":false},"excerpt":{"rendered":"<p>Crypto Voucher est une plateforme o\u00f9 les utilisateurs peuvent acheter et \u00e9changer des bons bitcoin. Vous pouvez \u00e9galement \u00e9changer sur la plateforme des cartes-cadeaux telles que Best Buy, Amazon ou Walmart contre des bitcoins.<\/p>\n","protected":false},"featured_media":235,"comment_status":"open","ping_status":"closed","template":"","meta":[],"product_brand":[],"product_cat":[40,312],"product_tag":[],"class_list":{"0":"post-236","1":"product","2":"type-product","3":"status-publish","4":"has-post-thumbnail","6":"product_cat-acheter-du-bitcoin","7":"product_cat-bons-bitcoin","8":"","9":"woocommerce-text-align-center","10":"woocommerce-image-align-center","11":"do-quantity-buttons","13":"first","14":"instock","15":"shipping-taxable","16":"product-type-external"},"_links":{"self":[{"href":"https:\/\/h17n.com\/fr\/wp-json\/wp\/v2\/product\/236","targetHints":{"allow":["GET"]}}],"collection":[{"href":"https:\/\/h17n.com\/fr\/wp-json\/wp\/v2\/product"}],"about":[{"href":"https:\/\/h17n.com\/fr\/wp-json\/wp\/v2\/types\/product"}],"replies":[{"embeddable":true,"href":"https:\/\/h17n.com\/fr\/wp-json\/wp\/v2\/comments?post=236"}],"wp:featuredmedia":[{"embeddable":true,"href":"https:\/\/h17n.com\/fr\/wp-json\/wp\/v2\/media\/235"}],"wp:attachment":[{"href":"https:\/\/h17n.com\/fr\/wp-json\/wp\/v2\/media?parent=236"}],"wp:term":[{"taxonomy":"product_brand","embeddable":true,"href":"https:\/\/h17n.com\/fr\/wp-json\/wp\/v2\/product_brand?post=236"},{"taxonomy":"product_cat","embeddable":true,"href":"https:\/\/h17n.com\/fr\/wp-json\/wp\/v2\/product_cat?post=236"},{"taxonomy":"product_tag","embeddable":true,"href":"https:\/\/h17n.com\/fr\/wp-json\/wp\/v2\/product_tag?post=236"}],"curies":[{"name":"wp","href":"https:\/\/api.w.org\/{rel}","templated":true}]}}