{"id":219,"date":"2023-02-27T17:40:31","date_gmt":"2023-02-27T17:40:31","guid":{"rendered":"https:\/\/h17n.com\/fr\/?post_type=product&#038;p=219"},"modified":"2023-04-21T20:19:37","modified_gmt":"2023-04-21T20:19:37","slug":"stackinsat","status":"publish","type":"product","link":"https:\/\/h17n.com\/fr\/acheter-du-bitcoin\/stackinsat\/","title":{"rendered":"StackinSat : un service de livraison de bitcoins"},"content":{"rendered":"<p><a href=\"https:\/\/stackinsat.com\/\" rel=\"nofollow noopener\" target=\"_blank\">StackinSat<\/a> est un service fran\u00e7ais de livraison de bitcoins pour les particuliers et les entreprises des pays SEPA. Il permet aux utilisateurs d&rsquo;acheter et de recevoir des bitcoins des \u00e9changes directement sur leurs portefeuilles ou sur le portefeuille fourni par StackinSat. Le service se concentre sur la mise en place de plans d&rsquo;\u00e9pargne bitcoin automatis\u00e9s avec une strat\u00e9gie <a href=\"https:\/\/h17n.com\/fr\/investissement-programme\/\" target=\"_blank\" rel=\"noopener\"> DCA (dollar-cost averaging)<\/a> utilis\u00e9e pour cela.<\/p>\n<h2>Comment \u00e7a marche<\/h2>\n<p>Cr\u00e9ez votre compte sur le <a href=\"https:\/\/stackinsat.com\/\" rel=\"nofollow noopener\" target=\"_blank\">site officiel<\/a>, en entrant votre nom complet, votre date de naissance et votre num\u00e9ro de t\u00e9l\u00e9phone, suivis d&rsquo;une validation par e-mail requise. Vous devez compl\u00e9ter la proc\u00e9dure KYC pour utiliser toutes les fonctionnalit\u00e9s de la plateforme, mettre en place un virement bancaire SEPA ou lier une carte de cr\u00e9dit pour acheter des bitcoins.<\/p>\n<p>Outre les achats ponctuels de bitcoins, la plateforme se concentre sur la mise en place de plans d&rsquo;\u00e9pargne Bitcoin automatis\u00e9s avec une strat\u00e9gie DCA (dollar-cost averaging) utilis\u00e9e pour cela. Cette strat\u00e9gie consiste \u00e0 investir un montant fixe d&rsquo;euros dans le bitcoin \u00e0 intervalles r\u00e9guliers. Vous pouvez acc\u00e9der \u00e0 son plan d&rsquo;\u00e9pargne Bitcoin avec un paiement de 10 EUR et acheter des satoshis hebdomadaire ou mensuel pour le montant de votre choix.<\/p>\n<blockquote>\n<p>  Notre objectif est de permettre au plus grand nombre de personnes possible de poss\u00e9der des satoshis et de les accumuler petit \u00e0 petit pour qu&rsquo;un jour nous puissions peut-\u00eatre en rassembler 100 millions afin de poss\u00e9der un bitcoin entier or plus.\n<\/p><\/blockquote>\n<p>Pour ouvrir un plan d&rsquo;\u00e9pargne en bitcoins (vous pouvez cr\u00e9er jusqu&rsquo;\u00e0 10 plans d&rsquo;\u00e9pargne pour plusieurs objectifs), vous devez choisir o\u00f9 vous souhaitez stocker vos bitcoins. La plateforme propose les options suivantes :<\/p>\n<ul>\n<li>Utiliser Stackinsat Vault avec des frais de 2,5 % ;<\/li>\n<li>Utiliser votre portefeuille personnel (les sats achet\u00e9s y seront transf\u00e9r\u00e9s en un jour ouvrable) avec des frais de 1,5 % ;<\/li>\n<\/ul>\n<h3>Les portefeuilles froids que StackinSat propose de choisir :<\/h3>\n<div class=\"woocommerce columns-4 \"><ul class=\"products columns-4\">\n<li class=\"woocommerce-text-align-center woocommerce-image-align-center do-quantity-buttons product type-product post-104 status-publish first instock product_cat-portefeuilles-materiels has-post-thumbnail shipping-taxable product-type-external\">\n\t<a href=\"https:\/\/h17n.com\/fr\/portefeuilles-materiels\/coldcard\/\" class=\"woocommerce-LoopProduct-link woocommerce-loop-product__link\"><img loading=\"lazy\" decoding=\"async\" width=\"300\" height=\"300\" src=\"https:\/\/h17n.com\/fr\/wp-content\/uploads\/sites\/2\/2023\/02\/hodle-safe-300x300.jpg\" class=\"attachment-woocommerce_thumbnail size-woocommerce_thumbnail\" alt=\"Coldcard : un portefeuille Bitcoin en air gap\" srcset=\"https:\/\/h17n.com\/fr\/wp-content\/uploads\/sites\/2\/2023\/02\/hodle-safe-300x300.jpg 300w, https:\/\/h17n.com\/fr\/wp-content\/uploads\/sites\/2\/2023\/02\/hodle-safe-150x150.jpg 150w, https:\/\/h17n.com\/fr\/wp-content\/uploads\/sites\/2\/2023\/02\/hodle-safe-100x100.jpg 100w\" sizes=\"auto, (max-width: 300px) 100vw, 300px\" \/><h2 class=\"woocommerce-loop-product__title\">Coldcard : un portefeuille Bitcoin en air gap<\/h2>\n            <div class=\"star-rating\" title=\"Pas encore not\u00e9\"><span style=\"width:0%\"><strong class=\"rating\">0<\/strong> sur 5<\/span><\/div>        <a href=\"https:\/\/h17n.com\/fr\/portefeuilles-materiels\/coldcard\/#reviews\" class=\"woocommerce-review-link\" rel=\"nofollow\">(0)<\/a>\n\n\n\t<span class=\"price\"><span class=\"woocommerce-Price-amount amount\"><bdi><span class=\"woocommerce-Price-currencySymbol\">&euro;<\/span>140.00<\/bdi><\/span><\/span>\n<\/a><a href=\"https:\/\/coldcard.com\/\" aria-describedby=\"woocommerce_loop_add_to_cart_link_describedby_104\" data-quantity=\"1\" class=\"button product_type_external\" data-product_id=\"104\" data-product_sku=\"\" aria-label=\"D\u00e9couvrir Coldcard\" rel=\"nofollow\">D\u00e9couvrir Coldcard<\/a>\t<span id=\"woocommerce_loop_add_to_cart_link_describedby_104\" class=\"screen-reader-text\">\n\t\t\t<\/span>\n<\/li>\n<li class=\"woocommerce-text-align-center woocommerce-image-align-center do-quantity-buttons product type-product post-100 status-publish instock product_cat-portefeuilles-materiels has-post-thumbnail shipping-taxable product-type-external\">\n\t<a href=\"https:\/\/h17n.com\/fr\/portefeuilles-materiels\/ledger\/\" class=\"woocommerce-LoopProduct-link woocommerce-loop-product__link\"><img loading=\"lazy\" decoding=\"async\" width=\"300\" height=\"300\" src=\"https:\/\/h17n.com\/fr\/wp-content\/uploads\/sites\/2\/2023\/02\/ledger-1-300x300.jpg\" class=\"attachment-woocommerce_thumbnail size-woocommerce_thumbnail\" alt=\"Ledger : un portefeuille mat\u00e9riel pour Android et iOS\" srcset=\"https:\/\/h17n.com\/fr\/wp-content\/uploads\/sites\/2\/2023\/02\/ledger-1-300x300.jpg 300w, https:\/\/h17n.com\/fr\/wp-content\/uploads\/sites\/2\/2023\/02\/ledger-1-150x150.jpg 150w, https:\/\/h17n.com\/fr\/wp-content\/uploads\/sites\/2\/2023\/02\/ledger-1-100x100.jpg 100w\" sizes=\"auto, (max-width: 300px) 100vw, 300px\" \/><h2 class=\"woocommerce-loop-product__title\">Ledger : un portefeuille mat\u00e9riel pour Android et iOS<\/h2>\n            <div class=\"star-rating\" title=\"Pas encore not\u00e9\"><span style=\"width:0%\"><strong class=\"rating\">0<\/strong> sur 5<\/span><\/div>        <a href=\"https:\/\/h17n.com\/fr\/portefeuilles-materiels\/ledger\/#reviews\" class=\"woocommerce-review-link\" rel=\"nofollow\">(0)<\/a>\n\n\n\t<span class=\"price\"><span class=\"woocommerce-Price-amount amount\"><bdi><span class=\"woocommerce-Price-currencySymbol\">&euro;<\/span>83.00<\/bdi><\/span><\/span>\n<\/a><a href=\"https:\/\/www.ledger.com\/\" aria-describedby=\"woocommerce_loop_add_to_cart_link_describedby_100\" data-quantity=\"1\" class=\"button product_type_external\" data-product_id=\"100\" data-product_sku=\"\" aria-label=\"D\u00e9couvrir Ledger\" rel=\"nofollow\">D\u00e9couvrir Ledger<\/a>\t<span id=\"woocommerce_loop_add_to_cart_link_describedby_100\" class=\"screen-reader-text\">\n\t\t\t<\/span>\n<\/li>\n<li class=\"woocommerce-text-align-center woocommerce-image-align-center do-quantity-buttons product type-product post-97 status-publish instock product_cat-portefeuilles-materiels has-post-thumbnail shipping-taxable product-type-external\">\n\t<a href=\"https:\/\/h17n.com\/fr\/portefeuilles-materiels\/trezor\/\" class=\"woocommerce-LoopProduct-link woocommerce-loop-product__link\"><img loading=\"lazy\" decoding=\"async\" width=\"300\" height=\"300\" src=\"https:\/\/h17n.com\/fr\/wp-content\/uploads\/sites\/2\/2023\/04\/trezor-1-jpg-300x300.webp\" class=\"attachment-woocommerce_thumbnail size-woocommerce_thumbnail\" alt=\"Revue de Trezor : un portefeuille mat\u00e9riel open-source\" srcset=\"https:\/\/h17n.com\/fr\/wp-content\/uploads\/sites\/2\/2023\/04\/trezor-1-jpg-300x300.webp 300w, https:\/\/h17n.com\/fr\/wp-content\/uploads\/sites\/2\/2023\/04\/trezor-1-jpg-150x150.webp 150w, https:\/\/h17n.com\/fr\/wp-content\/uploads\/sites\/2\/2023\/04\/trezor-1-jpg-100x100.webp 100w\" sizes=\"auto, (max-width: 300px) 100vw, 300px\" \/><h2 class=\"woocommerce-loop-product__title\">Revue de Trezor : un portefeuille mat\u00e9riel open-source<\/h2>\n            <div class=\"star-rating\" title=\"Pas encore not\u00e9\"><span style=\"width:0%\"><strong class=\"rating\">0<\/strong> sur 5<\/span><\/div>        <a href=\"https:\/\/h17n.com\/fr\/portefeuilles-materiels\/trezor\/#reviews\" class=\"woocommerce-review-link\" rel=\"nofollow\">(0)<\/a>\n\n\n\t<span class=\"price\"><span class=\"woocommerce-Price-amount amount\"><bdi><span class=\"woocommerce-Price-currencySymbol\">&euro;<\/span>65.00<\/bdi><\/span><\/span>\n<\/a><a href=\"https:\/\/trezor.io\/\" aria-describedby=\"woocommerce_loop_add_to_cart_link_describedby_97\" data-quantity=\"1\" class=\"button product_type_external\" data-product_id=\"97\" data-product_sku=\"\" aria-label=\"D\u00e9couvrir Trezor\" rel=\"nofollow\">D\u00e9couvrir Trezor<\/a>\t<span id=\"woocommerce_loop_add_to_cart_link_describedby_97\" class=\"screen-reader-text\">\n\t\t\t<\/span>\n<\/li>\n<\/ul>\n<\/div>\n<div class=\"info box\">\n<p>Le service ach\u00e8te des bitcoins pendant la journ\u00e9e entre 8 h et 21 h sur les \u00e9changes <a href=\"https:\/\/h17n.com\/fr\/acheter-du-bitcoin\/kraken\/\" rel=\"nofollow noopener\" target=\"_blank\">Kraken<\/a>, Bitstamp ou via des plateformes OTC (comme Woorton). Les euros sont convertis en satoshis apr\u00e8s v\u00e9rification de votre paiement. Les satoshis sont ajout\u00e9s au bloc quotidien de transactions envoy\u00e9 au r\u00e9seau bitcoin apr\u00e8s 20 heures. Ils sont ensuite envoy\u00e9s dans votre portefeuille bitcoin une fois qu&rsquo;un miner a valid\u00e9 cette transaction.<\/p>\n<\/div>\n<h2>StackinSat Pro pour les entreprises<\/h2>\n<p>Si vous \u00eates ind\u00e9pendant ou dans une profession lib\u00e9rale, vous n&rsquo;\u00eates pas \u00e9ligible pour utiliser Bitcoin Savings Plan Pro ; dans ce cas, vous devez cr\u00e9er un Plan d&rsquo;Epargne Bitcoin pour les particuliers. Vous pouvez commencer \u00e0 \u00e9conomiser \u00e0 partir de 25 EUR par semaine ou 100 EUR par mois. Le premier paiement minimum est de 1000 EUR. Pour tout versement initial de 10 000 EUR, la plateforme offre 100 EUR en bitcoin. StackinSat Pro est fourni aux entreprises en France, en Belgique, au Luxembourg et en Suisse.<\/p>\n<h2>Frais et limites<\/h2>\n<p>Le d\u00e9p\u00f4t par carte bancaire jusqu&rsquo;\u00e0 1 000 euros co\u00fbte 2,5 % ; le d\u00e9p\u00f4t par virement bancaire jusqu&rsquo;\u00e0 10 000 euros est gratuit. Il n&rsquo;y a pas de limites maximales de d\u00e9p\u00f4t et de retrait.<\/p>\n<table>\n<thead>\n<tr>\n<th><\/th>\n<th>Portefeuille personnel (auto-h\u00e9berg\u00e9)<\/th>\n<th>Portefeuille StackinSat (d\u00e9positaire)<\/th>\n<\/tr>\n<\/thead>\n<tbody>\n<tr>\n<td>Code de parrainage<\/td>\n<td>-0,5%<\/td>\n<td>-0,5%<\/td>\n<\/tr>\n<tr>\n<td>Frais de base<\/td>\n<td>1,5%<\/td>\n<td>2,5%<\/td>\n<\/tr>\n<tr>\n<td>Virement SEPA<\/td>\n<td>0%<\/td>\n<td>0%<\/td>\n<\/tr>\n<tr>\n<td>Paiement par carte de cr\u00e9dit<\/td>\n<td>2,5%<\/td>\n<td>2,5%<\/td>\n<\/tr>\n<tr>\n<td>BSP avec des achats mensuels de plus de 250 euros<\/td>\n<td>-0,25%<\/td>\n<td>-0,25%<\/td>\n<\/tr>\n<tr>\n<td>BSP avec des achats mensuels de plus de 500 euros<\/td>\n<td>-0,5%<\/td>\n<td>-0,5%<\/td>\n<\/tr>\n<tr>\n<td>Frais finaux potentiels minimums<\/td>\n<td>0,5%<\/td>\n<td>1,5%<\/td>\n<\/tr>\n<\/tbody>\n<\/table>\n<h2>Plus d&rsquo;informations<\/h2>\n<ul>\n<li>Suivre les mises \u00e0 jour en fran\u00e7ais : <a href=\"https:\/\/twitter.com\/stackinsat_fr\" rel=\"nofollow noopener\" target=\"_blank\">@StackinSat_FR<\/a><\/li>\n<li><a href=\"https:\/\/stackinsat.com\/simulateur-plan-epargne-bitcoin\" rel=\"nofollow noopener\" target=\"_blank\">Simulateur d&rsquo;<\/a>\u00e9pargne en bitcoins<\/li>\n<\/ul>\n","protected":false},"excerpt":{"rendered":"<p>StackinSat est un courtier en bitcoins qui permet aux particuliers et aux entreprises d&rsquo;acheter automatiquement des bitcoins hebdomadairement ou mensuellement via un virement bancaire SEPA ou une carte de cr\u00e9dit et de les stocker dans leur portefeuille personnel ou dans le portefeuille fourni par le service. StackinSat est une application Web ; par cons\u00e9quent, il est accessible sur tous les appareils\u00a0: mobile, tablette, ordinateur de bureau ou ordinateur portable. Son site web est disponible en anglais et en fran\u00e7ais.<\/p>\n","protected":false},"featured_media":222,"comment_status":"open","ping_status":"closed","template":"","meta":[],"product_brand":[],"product_cat":[40],"product_tag":[],"class_list":{"0":"post-219","1":"product","2":"type-product","3":"status-publish","4":"has-post-thumbnail","6":"product_cat-acheter-du-bitcoin","7":"","8":"woocommerce-text-align-center","9":"woocommerce-image-align-center","10":"do-quantity-buttons","12":"first","13":"instock","14":"shipping-taxable","15":"product-type-external"},"_links":{"self":[{"href":"https:\/\/h17n.com\/fr\/wp-json\/wp\/v2\/product\/219","targetHints":{"allow":["GET"]}}],"collection":[{"href":"https:\/\/h17n.com\/fr\/wp-json\/wp\/v2\/product"}],"about":[{"href":"https:\/\/h17n.com\/fr\/wp-json\/wp\/v2\/types\/product"}],"replies":[{"embeddable":true,"href":"https:\/\/h17n.com\/fr\/wp-json\/wp\/v2\/comments?post=219"}],"wp:featuredmedia":[{"embeddable":true,"href":"https:\/\/h17n.com\/fr\/wp-json\/wp\/v2\/media\/222"}],"wp:attachment":[{"href":"https:\/\/h17n.com\/fr\/wp-json\/wp\/v2\/media?parent=219"}],"wp:term":[{"taxonomy":"product_brand","embeddable":true,"href":"https:\/\/h17n.com\/fr\/wp-json\/wp\/v2\/product_brand?post=219"},{"taxonomy":"product_cat","embeddable":true,"href":"https:\/\/h17n.com\/fr\/wp-json\/wp\/v2\/product_cat?post=219"},{"taxonomy":"product_tag","embeddable":true,"href":"https:\/\/h17n.com\/fr\/wp-json\/wp\/v2\/product_tag?post=219"}],"curies":[{"name":"wp","href":"https:\/\/api.w.org\/{rel}","templated":true}]}}