{"id":216,"date":"2023-02-27T17:03:05","date_gmt":"2023-02-27T17:03:05","guid":{"rendered":"https:\/\/h17n.com\/fr\/?post_type=product&#038;p=216"},"modified":"2024-10-08T12:10:42","modified_gmt":"2024-10-08T12:10:42","slug":"amber","status":"publish","type":"product","link":"https:\/\/h17n.com\/fr\/acheter-du-bitcoin\/amber\/","title":{"rendered":"Application Amber\u00a0: un \u00e9change de bitcoins mobile-first"},"content":{"rendered":"<p>Amber est un \u00e9change de bitcoins uniquement disponible sur <a href=\"https:\/\/apps.apple.com\/au\/app\/amber\/id1410639317\">iOS<\/a> et <a href=\"https:\/\/play.google.com\/store\/apps\/details?id=io.getamber.app\">Android<\/a>. Il est con\u00e7u pour acheter, vendre et transf\u00e9rer des bitcoins, en se concentrant sur la strat\u00e9gie d&rsquo;investissement programm\u00e9 (<a href=\"https:\/\/h17n.com\/fr\/investissement-programme\/\">Dollar-cost averaging<\/a>), qui consiste \u00e0 investir des bitcoins par le biais d&rsquo;achats r\u00e9currents. Amber est bas\u00e9 sur un abonnement et propose des plans Basic et Black, dont la disponibilit\u00e9 de certaines fonctionnalit\u00e9s et les frais d\u00e9pendent du plan s\u00e9lectionn\u00e9.<\/p>\n<p>Le service prend en charge <a href=\"https:\/\/h17n.com\/fr\/quest-ce-que-lnurl\/\">LNURL<\/a> pour des re\u00e7us de paiement rapides et faciles. Cette fonctionnalit\u00e9 permet d&rsquo;optimiser les transactions et d&rsquo;am\u00e9liorer l&rsquo;exp\u00e9rience utilisateur en rendant le processus d&rsquo;achat et de transfert de bitcoins encore plus fluide.<\/p>\n<p><a href=\"https:\/\/amber.app\/a\/bitapp\" title=\"\" class=\"button\">Recevez 10 $ en Bitcoin avec votre premier achat en utilisant le code AmberApp : bitapp<\/a><\/p>\n<h2>Comment \u00e7a marche<\/h2>\n<p>Vous pouvez vous inscrire \u00e0 Amber dans l&rsquo;application mobile en saisissant votre adresse e-mail et un code qui lui est envoy\u00e9, votre num\u00e9ro de t\u00e9l\u00e9phone portable, une date de naissance et un nom complet. Le service exige une v\u00e9rification obligatoire de l&rsquo;identit\u00e9 (v\u00e9rification de la connaissance du client). Vous devrez joindre une photo du document qui prouve votre identit\u00e9. Apr\u00e8s avoir pass\u00e9 la proc\u00e9dure, s\u00e9lectionnez le type d&rsquo;abonnement et ajoutez une m\u00e9thode de paiement, notamment les cartes de d\u00e9bit\/cr\u00e9dit, Google\/Apple Pay, PayID et EFT. Chaque fois que vous vous connectez \u00e0 votre compte, un code de v\u00e9rification sera envoy\u00e9 \u00e0 votre email. Amber recommande vivement d&rsquo;activer l&rsquo;authentification \u00e0 deux facteurs de votre email pour prot\u00e9ger davantage votre compte.<\/p>\n<div class=\"alert box\">\n<p>Nous vous conseillons vivement de retirer les bitcoins des \u00e9changes d\u00e8s que possible apr\u00e8s les avoir achet\u00e9s ou vendus. D\u00e9placer les bitcoins vers un portefeuille non d\u00e9positaire comme <a href=\"https:\/\/h17n.com\/fr\/portefeuilles-de-bureau\/exodus\/\" target=\"_blank\" rel=\"noopener\">Exodus<\/a> vous prot\u00e8ge de la perte de fonds. Il existe de nombreux \u00e9changes qui se sont effondr\u00e9s avec les fonds des utilisateurs.<\/p>\n<\/div>\n<p><a href=\"https:\/\/amber.app\/a\/bitapp\" title=\"\" class=\"button\">Recevez 10 $ en Bitcoin avec votre premier achat en utilisant le code AmberApp : bitapp<\/a><\/p>\n<h3>Amber Basic<\/h3>\n<p>Choisir un plan de base vous permet de ne pas payer pour utiliser le service, de vendre et d&rsquo;acheter des bitcoins instantan\u00e9ment, et d&rsquo;utiliser des achats r\u00e9currents quotidiens, hebdomadaires et mensuels. Les fonctions gratuites comprennent \u00e9galement un d\u00e9lai de s\u00e9curit\u00e9 de 24 heures : vous pouvez reporter le traitement de vos transactions de 24 heures pour plus de s\u00e9curit\u00e9. Cela \u00e9limine le besoin d&rsquo;un processeur de paiement tiers ou d&rsquo;un interm\u00e9diaire. En outre, exportez l&rsquo;historique de vos transactions dans un fichier CSV \u00e0 des fins fiscales.<\/p>\n<h3>Amber Black<\/h3>\n<p>Amber propose de passer \u00e0 son plan Black afin d&rsquo;avoir acc\u00e8s \u00e0 plus de fonctionnalit\u00e9s. Il y a une p\u00e9riode d&rsquo;essai de 7 jours pendant laquelle vous ne serez pas factur\u00e9 et vous pourrez d\u00e9cider si vous voulez poursuivre l&rsquo;abonnement. L&rsquo;abonnement co\u00fbte 13 USD\/mois s&rsquo;il est factur\u00e9 tous les mois, ou 10 USD\/mois s&rsquo;il est factur\u00e9 annuellement. Il propose, en plus du plan Basic, les fonctionnalit\u00e9s suivantes :<\/p>\n<ul>\n<li>0% de frais pour l&rsquo;achat et la vente de bitcoins (pour le montant jusqu&rsquo;\u00e0 200 000 USD) ;<\/li>\n<li>spreads minces ;<\/li>\n<li>des retraits automatis\u00e9s dans <a href=\"https:\/\/h17n.com\/fr\/portefeuilles-materiels\/\" target=\"_blank\" rel=\"noopener\">un portefeuille mat\u00e9riel<\/a> ou un autre <a href=\"17n.com\/fr\/portefeuilles-mobiles\/\" target=\"_blank\" rel=\"noopener\">portefeuille bitcoin<\/a> ;<\/li>\n<li>les automatisations intelligentes : vous d\u00e9finissez un pourcentage de transfert de l&rsquo;argent, un d\u00e9lai et un montant \u00e0 acheter ou \u00e0 vendre. Les automatisations disponibles : Buy the Dip, Buy the Schiff, Stack like a Saylor, Fear and Greed, Mayer Multiple, et Sell the Pump ;<\/li>\n<li>1 retrait gratuit de bitcoins par mois ;<\/li>\n<li>Les achats r\u00e9currents sur une journ\u00e9e, les automatisations personnalis\u00e9es, les ordres \u00e0 cours limit\u00e9 et les alertes et notifications intelligentes sont \u00e0 venir.<\/li>\n<\/ul>\n<h2>Limites et frais<\/h2>\n<p>Le montant minimum \u00e0 d\u00e9poser est de 20 USD, il n&rsquo;y a pas de maximum. Vous pouvez acheter des bitcoins instantan\u00e9ment ou mettre en place des investissements r\u00e9currents \u00e0 partir de 5 USD par mois.<\/p>\n<table>\n<thead>\n<tr>\n<th><\/th>\n<th>Ambre Gratuit<\/th>\n<th>Amber Black<\/th>\n<\/tr>\n<\/thead>\n<tbody>\n<tr>\n<td>Frais d&rsquo;\u00e9change<\/td>\n<td>0.99%<\/td>\n<td>0% jusqu&rsquo;\u00e0 200 000 USD<\/td>\n<\/tr>\n<tr>\n<td>Retraits plus que 0.02BTC<\/td>\n<td>0 USD<\/td>\n<td>0 USD<\/td>\n<\/tr>\n<tr>\n<td>Retraits moins que 0.02BTC<\/td>\n<td>Frais de r\u00e9seau<\/td>\n<td>Frais de r\u00e9seau<\/td>\n<\/tr>\n<tr>\n<td>Frais de retrait en USD<\/td>\n<td>Gratuit<\/td>\n<td>Gratuit<\/td>\n<\/tr>\n<\/tbody>\n<\/table>\n<h2>L&rsquo;application Amber est-elle l\u00e9gitime et s\u00e9curis\u00e9e ?<\/h2>\n<p>AmberApp est une entreprise r\u00e9put\u00e9e fond\u00e9e en 2017 \u00e0 Brisbane, en Australie. Elle op\u00e8re dans les limites de la l\u00e9galit\u00e9, \u00e9tant licenci\u00e9e \u00e0 la fois en Australie et aux \u00c9tats-Unis, ce qui garantit le respect des normes r\u00e9glementaires dans ces juridictions. Dans le cadre de son engagement en mati\u00e8re de s\u00e9curit\u00e9, AmberApp utilise un stockage \u00e0 froid dans un syst\u00e8me multi-signatures collaboratif pour ses portefeuilles de conservation. Cette approche renforce la s\u00e9curit\u00e9 des actifs des utilisateurs en les stockant hors ligne et en n\u00e9cessitant plusieurs autorisations pour toute transaction, affirmant ainsi la l\u00e9gitimit\u00e9 et les mesures de s\u00e9curit\u00e9 maintenues par Amber.<\/p>\n<h2>Pays soutenus par l&rsquo;application Amber<\/h2>\n<p>L&rsquo;application Amber est disponible dans de nombreux pays \u00e0 travers le monde. En Afrique, certains des pays soutenus incluent le Burkina Faso, le Cameroun, la C\u00f4te d&rsquo;Ivoire, le Gabon et le S\u00e9n\u00e9gal. En Europe, les utilisateurs peuvent acc\u00e9der \u00e0 l&rsquo;application Amber dans des pays comme la Belgique, la France, le Luxembourg, la Suisse et le Monaco. En Am\u00e9rique du Nord, l&rsquo;application soutient des pays comme le Canada et Ha\u00efti. Enfin, dans la r\u00e9gion de la Cara\u00efbe, l&rsquo;application est disponible en Martinique, en Guadeloupe et \u00e0 Saint-Martin. Veuillez noter qu&rsquo;il ne s&rsquo;agit pas d&rsquo;une liste exhaustive, car l&rsquo;application Amber soutient de nombreux autres pays.<\/p>\n<h2>AmberApp : acheter du Bitcoin avec un t\u00e9l\u00e9phone mobile<\/h2>\n<p>En conclusion, l&rsquo;application Amber est une option attrayante si vous recherchez une plateforme conviviale pour acheter et g\u00e9rer vos \u00e9conomies en Bitcoin avec un t\u00e9l\u00e9phone mobile. La capacit\u00e9 de l&rsquo;application \u00e0 accumuler des sats via des achats r\u00e9currents, son support pour <a href=\"https:\/\/h17n.com\/fr\/reseau-lightning\/\">le r\u00e9seau Lightning<\/a> et l&rsquo;utilisation <a href=\"https:\/\/h17n.com\/fr\/adresse-lightning\/\">d&rsquo;adresses Lightning<\/a> en font un choix id\u00e9al pour ceux qui cherchent \u00e0 maximiser leurs investissements en Bitcoin. De plus, son orientation uniquement Bitcoin attirera sans aucun doute les puristes du Bitcoin.<\/p>\n<p>Cependant, il est essentiel de reconna\u00eetre que l&rsquo;application Amber fonctionne comme un \u00e9change KYC, ce qui peut dissuader les utilisateurs qui privil\u00e9gient la vie priv\u00e9e par-dessus tout. Bien que cela puisse \u00eatre un inconv\u00e9nient pour certains, il est crucial de peser cela par rapport aux nombreux avantages de l&rsquo;application, y compris ses frais d&rsquo;\u00e9change comp\u00e9titifs, qui sont \u00e9chelonn\u00e9s en fonction des niveaux d&rsquo;adh\u00e9sion. Par exemple, les membres Amber Basic sont factur\u00e9s 0,99 % de leurs achats ou ventes de Bitcoin.<\/p>\n<p><a href=\"https:\/\/amber.app\/a\/bitapp\" title=\"\" class=\"button\">Recevez 10 $ en Bitcoin avec votre premier achat en utilisant le code AmberApp : bitapp<\/a><\/p>\n<div class=\"container-lazyload preview-lazyload container-youtube js-lazyload--not-loaded\"><a href=\"https:\/\/youtu.be\/oOSYMbxIflw\" class=\"lazy-load-youtube preview-lazyload preview-youtube\" data-video-title=\"Introducing the Amber App (Original version)\" title=\"Play video &quot;Introducing the Amber App (Original version)&quot;\">https:\/\/youtu.be\/oOSYMbxIflw<\/a><noscript>Video can&rsquo;t be loaded because JavaScript is disabled: <a href=\"https:\/\/youtu.be\/oOSYMbxIflw\" title=\"Introducing the Amber App (Original version)\">Introducing the Amber App (Original version) (https:\/\/youtu.be\/oOSYMbxIflw)<\/a><\/noscript><\/div>\n<h2>Plus d&rsquo;informations<\/h2>\n<ul>\n<li>Amber sur <a href=\"https:\/\/twitter.com\/theamberapp\" rel=\"nofollow noopener\" target=\"_blank\">Twitter<\/a><\/li>\n<li>Planifiez une <a href=\"https:\/\/amber.app\/setup-assist\/\" rel=\"nofollow noopener\" target=\"_blank\">assistance \u00e0 l&rsquo;installation<\/a><\/li>\n<li><a href=\"https:\/\/amber.app\/faqs\/\" rel=\"nofollow noopener\" target=\"_blank\">FAQ<\/a><\/li>\n<\/ul>\n","protected":false},"excerpt":{"rendered":"<p>Amber est une application mobile con\u00e7ue pour acheter, vendre et transf\u00e9rer des bitcoins. Le service se concentre sur la strat\u00e9gie d&rsquo;investissement programm\u00e9 (Dollar-cost averaging) offrant diff\u00e9rentes approches pour les achats r\u00e9currents de bitcoins. Vous pouvez choisir un plan gratuit pour commencer ou passer \u00e0 Amber Black avec une p\u00e9riode d&rsquo;essai de 7 jours.<\/p>\n","protected":false},"featured_media":215,"comment_status":"open","ping_status":"closed","template":"","meta":[],"product_brand":[],"product_cat":[40],"product_tag":[],"class_list":{"0":"post-216","1":"product","2":"type-product","3":"status-publish","4":"has-post-thumbnail","6":"product_cat-acheter-du-bitcoin","7":"","8":"woocommerce-text-align-center","9":"woocommerce-image-align-center","10":"do-quantity-buttons","12":"first","13":"instock","14":"shipping-taxable","15":"product-type-external"},"_links":{"self":[{"href":"https:\/\/h17n.com\/fr\/wp-json\/wp\/v2\/product\/216","targetHints":{"allow":["GET"]}}],"collection":[{"href":"https:\/\/h17n.com\/fr\/wp-json\/wp\/v2\/product"}],"about":[{"href":"https:\/\/h17n.com\/fr\/wp-json\/wp\/v2\/types\/product"}],"replies":[{"embeddable":true,"href":"https:\/\/h17n.com\/fr\/wp-json\/wp\/v2\/comments?post=216"}],"wp:featuredmedia":[{"embeddable":true,"href":"https:\/\/h17n.com\/fr\/wp-json\/wp\/v2\/media\/215"}],"wp:attachment":[{"href":"https:\/\/h17n.com\/fr\/wp-json\/wp\/v2\/media?parent=216"}],"wp:term":[{"taxonomy":"product_brand","embeddable":true,"href":"https:\/\/h17n.com\/fr\/wp-json\/wp\/v2\/product_brand?post=216"},{"taxonomy":"product_cat","embeddable":true,"href":"https:\/\/h17n.com\/fr\/wp-json\/wp\/v2\/product_cat?post=216"},{"taxonomy":"product_tag","embeddable":true,"href":"https:\/\/h17n.com\/fr\/wp-json\/wp\/v2\/product_tag?post=216"}],"curies":[{"name":"wp","href":"https:\/\/api.w.org\/{rel}","templated":true}]}}