{"id":211,"date":"2023-02-27T16:31:58","date_gmt":"2023-02-27T16:31:58","guid":{"rendered":"https:\/\/h17n.com\/fr\/?post_type=product&#038;p=211"},"modified":"2023-04-21T20:31:01","modified_gmt":"2023-04-21T20:31:01","slug":"kraken","status":"publish","type":"product","link":"https:\/\/h17n.com\/fr\/acheter-du-bitcoin\/kraken\/","title":{"rendered":"Kraken\u00a0: un \u00e9change mondial de bitcoins"},"content":{"rendered":"<p><a href=\"https:\/\/www.kraken.com\/\" rel=\"nofollow noopener\" target=\"_blank\">Kraken<\/a> est un \u00e9change qui vous permet d&rsquo;acheter, de vendre et de trader sur le bitcoin. Il prend en charge plusieurs options de paiement, notamment les virements bancaires, les cartes de d\u00e9bit\/cr\u00e9dit, Apple Pay et Google Pay. Le compte peut \u00eatre approvisionne\u00e9 avec des devises traditionnelles ou des bitcoins envoy\u00e9s depuis d&rsquo;autres portefeuilles ou \u00e9changes, par exemple <a href=\"https:\/\/h17n.com\/fr\/acheter-du-bitcoin\/luno\/\">Luno<\/a> et <a href=\"https:\/\/h17n.com\/fr\/acheter-du-bitcoin\/coinbase\/\">Coinbase<\/a>. Kraken fournit une API pour que les d\u00e9veloppeurs puissent l&rsquo;int\u00e9grer \u00e0 leur plateforme et un large \u00e9ventail de fonctionnalit\u00e9s, comme le trading sur marge, le trading \u00e0 terme et l&#8217;empilement. De plus, il prend en charge le <a href=\"https:\/\/h17n.com\/fr\/reseau-lightning\/\" target=\"_blank\" rel=\"noopener\">r\u00e9seau Lightning<\/a>.<\/p>\n<h2>Comment \u00e7a marche<\/h2>\n<p>Pour commencer \u00e0 utiliser Kraken, cr\u00e9ez un compte sur le <a href=\"https:\/\/www.kraken.com\/\" rel=\"nofollow noopener\" target=\"_blank\">site officiel<\/a> de la plateforme ou utilisez une application pour les appareils <a href=\"https:\/\/apps.apple.com\/us\/app\/kraken-buy-crypto-bitcoin\/id1481947260\" rel=\"nofollow noopener\" target=\"_blank\">iOS<\/a> ou <a href=\"https:\/\/play.google.com\/store\/apps\/details?id=com.kraken.invest.app&amp;hl=en&amp;gl=US\" rel=\"nofollow noopener\" target=\"_blank\">Android<\/a>. V\u00e9rifiez votre e-mail, saisissez un code PIN ou choisissez l&rsquo;option biom\u00e9trique pour ouvrir l&rsquo;appli \u00e0 chaque fois que vous l&rsquo;utilisez. Ensuite, configurez une authentification \u00e0 deux facteurs (A2F) via l&rsquo;appli authenticator ou la cl\u00e9 de s\u00e9curit\u00e9 (vous pouvez choisir des portefeuilles mat\u00e9riels comme <a href=\"https:\/\/h17n.com\/fr\/portefeuilles-materiels\/trezor\/\" target=\"_blank\" rel=\"noopener\">Trezor<\/a> ou <a href=\"https:\/\/h17n.com\/fr\/portefeuilles-materiels\/ledger\/\" target=\"_blank\" rel=\"noopener\">Ledger<\/a> pour cela).<\/p>\n<p>L&rsquo;\u00e9tape suivante consiste \u00e0 v\u00e9rifier votre identit\u00e9 pour acc\u00e9der \u00e0 plus de fonctionnalit\u00e9s et \u00e0 des limites plus \u00e9lev\u00e9es. Il existe les niveaux suivants : Starter, Express (disponible aux \u00c9tats-Unis uniquement, \u00e0 l&rsquo;exception de NY, TX, WA et des territoires am\u00e9ricains d&rsquo;outre-mer), Interm\u00e9diaire et Pro. Approvisionez votre compte avec un moyen de paiement disponible dans votre pays en USD, EUR, CAD, JPY, GBP, CHF ou AUD et achetez ou vendez des bitcoins.<\/p>\n<div class=\"alert box\">\n<p>Nous vous conseillons vivement de retirer vos bitcoins des \u00e9changes d\u00e8s que possible apr\u00e8s avoir achet\u00e9 ou vendu des bitcoins. En d\u00e9pla\u00e7ant vos bitcoins vers un portefeuille non d\u00e9positaire comme <a href=\"https:\/\/h17n.com\/fr\/portefeuilles-de-bureau\/exodus\">Exodus<\/a>, vous vous protegez contre la perte de vos fonds. Il existe de nombreux \u00e9changes qui se sont effondr\u00e9s avec les fonds des utilisateurs.<\/p>\n<\/div>\n<h2>Caract\u00e9ristiques de Kraken<\/h2>\n<ul>\n<li><strong>Kraken Pro.<\/strong> Il s&rsquo;agit d&rsquo;une plateforme de trading avanc\u00e9e pour les traders professionnels, disponible \u00e0 la fois sur le Web et sur les appareils mobiles. Elle offre une gamme de fonctionnalit\u00e9s, notamment le trading sur marge, des types d&rsquo;ordres avanc\u00e9s et l&rsquo;acc\u00e8s au bureau OTC de Kraken. <\/li>\n<li><strong>Contrats \u00e0 terme.<\/strong> Les contrats \u00e0 terme de bitcoin vous permettent d&rsquo;investir dans le futur prix du bitcoin et de faire un b\u00e9n\u00e9fice si la diff\u00e9rence de sa valeur a \u00e9t\u00e9 correctement pr\u00e9dite. L&rsquo;avantage des contrats \u00e0 terme de bitcoin parmi les utilisateurs de la plateforme est la possibilit\u00e9 de faire des profits en peu de temps.<\/li>\n<li><strong>Jalonnement.<\/strong> Il s&rsquo;agit d&rsquo;une fonctionnalit\u00e9 permettant de gagner un revenu passif en investissant des bitcoins. L&rsquo;\u00e9change propose des paris sur divers instruments financiers ; la r\u00e9compense est re\u00e7ue deux fois par semaine. <\/li>\n<li><strong>Trading sur marge.<\/strong> Kraken peut vous pr\u00eater de l&rsquo;argent pour un investissement suppl\u00e9mentaire. Pour ce faire, il vous permet de faire des op\u00e9rations en \u00e9change avec plus de fonds que ce que vous avez sur votre compte. Si vous faites un profit sur la transaction, vous pouvez garder les b\u00e9n\u00e9fices moins les int\u00e9r\u00eats vous devez rembourser \u00e0 la plateforme. Cependant, si le trade ne r\u00e9ussit pas, vous devrez couvrir les pertes plus les int\u00e9r\u00eats que vous devez rembourser \u00e0 Kraken.<\/li>\n<li><strong>Achats r\u00e9currents.<\/strong> Investissez une somme d&rsquo;argent fixe \u00e0 intervalles r\u00e9guliers en suivant la strat\u00e9gie DCA pour r\u00e9duire l&rsquo;impact de la volatilit\u00e9 du march\u00e9.<\/li>\n<\/ul>\n<h2>Limites<\/h2>\n<p>Kraken dispose d&rsquo;une vari\u00e9t\u00e9 de limites de trading bas\u00e9es sur le volume de trading et le niveau de v\u00e9rification de l&rsquo;utilisateur. Par exemple, le titulaire d&rsquo;un compte Starter ne peut retirer que jusqu&rsquo;\u00e0 2 500 USD par jour, tandis que le titulaire d&rsquo;un compte Intermediate peut retirer jusqu&rsquo;\u00e0 500 000 USD par jour.<\/p>\n<h2>Frais<\/h2>\n<p>Les frais d&rsquo;\u00e9change Kraken sont d\u00e9termin\u00e9s par un bar\u00e8me de frais \u00ab\u00a0taker\/maker\u00a0\u00bb et d\u00e9pendent de la taille de la transaction, du mode de paiement et des conditions du march\u00e9. Les frais de taker sont appliqu\u00e9s lorsque les ordres plac\u00e9s sont imm\u00e9diatement ex\u00e9cut\u00e9s contre des ordres existants dans le carnet d&rsquo;ordres. Les frais de maker sont appliqu\u00e9s lorsque les ordres plac\u00e9s ne sont pas imm\u00e9diatement ex\u00e9cut\u00e9s contre des ordres existants dans le carnet d&rsquo;ordres. Les frais vont de 0% \u00e0 0,26% pour les takers et de 0% \u00e0 0,16% pour les makers.<\/p>\n<h2>Plus d&rsquo;informations<\/h2>\n<ul>\n<li><a href=\"https:\/\/support.kraken.com\/hc\/en-us\/articles\/360001368823\" rel=\"nofollow noopener\" target=\"_blank\">Liste des pays pris en charge<\/a><\/li>\n<li>Suivre les mises \u00e0 jour de Kraken : <a href=\"https:\/\/twitter.com\/krakenfx\" rel=\"nofollow noopener\" target=\"_blank\">@krakenfx<\/a><\/li>\n<\/ul>\n","protected":false},"excerpt":{"rendered":"<p>Kraken est un \u00e9change de bitcoins et de crypto-monnaies qui op\u00e8re \u00e0 l&rsquo;\u00e9chelle mondiale et permet aux utilisateurs d&rsquo;acheter, de vendre et d&rsquo;\u00e9changer des bitcoins. Le service fournit des outils de trading de base et avanc\u00e9s, offre un syst\u00e8me d&rsquo;authentification \u00e0 deux facteurs pour plus de s\u00e9curit\u00e9 et donne la possibilit\u00e9 d&rsquo;effectuer des achats r\u00e9currents. Il est accessible sur le Web ou via des applications mobiles prises en charge dans de nombreuses langues.<\/p>\n","protected":false},"featured_media":214,"comment_status":"open","ping_status":"closed","template":"","meta":[],"product_brand":[],"product_cat":[40],"product_tag":[],"class_list":{"0":"post-211","1":"product","2":"type-product","3":"status-publish","4":"has-post-thumbnail","6":"product_cat-acheter-du-bitcoin","7":"","8":"woocommerce-text-align-center","9":"woocommerce-image-align-center","10":"do-quantity-buttons","12":"first","13":"instock","14":"shipping-taxable","15":"product-type-external"},"_links":{"self":[{"href":"https:\/\/h17n.com\/fr\/wp-json\/wp\/v2\/product\/211","targetHints":{"allow":["GET"]}}],"collection":[{"href":"https:\/\/h17n.com\/fr\/wp-json\/wp\/v2\/product"}],"about":[{"href":"https:\/\/h17n.com\/fr\/wp-json\/wp\/v2\/types\/product"}],"replies":[{"embeddable":true,"href":"https:\/\/h17n.com\/fr\/wp-json\/wp\/v2\/comments?post=211"}],"wp:featuredmedia":[{"embeddable":true,"href":"https:\/\/h17n.com\/fr\/wp-json\/wp\/v2\/media\/214"}],"wp:attachment":[{"href":"https:\/\/h17n.com\/fr\/wp-json\/wp\/v2\/media?parent=211"}],"wp:term":[{"taxonomy":"product_brand","embeddable":true,"href":"https:\/\/h17n.com\/fr\/wp-json\/wp\/v2\/product_brand?post=211"},{"taxonomy":"product_cat","embeddable":true,"href":"https:\/\/h17n.com\/fr\/wp-json\/wp\/v2\/product_cat?post=211"},{"taxonomy":"product_tag","embeddable":true,"href":"https:\/\/h17n.com\/fr\/wp-json\/wp\/v2\/product_tag?post=211"}],"curies":[{"name":"wp","href":"https:\/\/api.w.org\/{rel}","templated":true}]}}