{"id":204,"date":"2023-02-27T15:29:49","date_gmt":"2023-02-27T15:29:49","guid":{"rendered":"https:\/\/h17n.com\/fr\/?post_type=product&#038;p=204"},"modified":"2024-01-11T03:48:35","modified_gmt":"2024-01-11T03:48:35","slug":"river-financial","status":"publish","type":"product","link":"https:\/\/h17n.com\/fr\/acheter-du-bitcoin\/river-financial\/","title":{"rendered":"River Financial : une institution financi\u00e8re bitcoin"},"content":{"rendered":"<p><a href=\"https:\/\/river.com\/\">River Financial<\/a> est une institution financi\u00e8re qui permet aux utilisateurs d&rsquo;acheter, de vendre et de miner des bitcoins aux \u00c9tats-Unis (\u00e0 l&rsquo;exception de New York et du Nevada). Elle prend \u00e9galement en charge le processus <a href=\"https:\/\/h17n.com\/dollar-cost-averaging-dca\">DCA (dollar cost averaging)<\/a> sans frais sur les ordres r\u00e9currents avec une fr\u00e9quence quotidienne, hebdomadaire, bihebdomadaire ou mensuelle. Le d\u00e9p\u00f4t et le retrait de fonds sont possibles sur la cha\u00eene ou via <a href=\"https:\/\/h17n.com\/lightning-network\">le Lightning Network<\/a>. River Financial propose des comptes individuels et d&rsquo;entit\u00e9s.<\/p>\n<p>La plateforme fournit des services de garde ; elle stocke tous les bitcoins hors ligne dans un entrep\u00f4t frigorifique s\u00e9curis\u00e9.<\/p>\n<div class=\"alert box\">\n<p>Nous te conseillons vivement de retirer tes bitcoins des \u00e9changes d\u00e8s que possible apr\u00e8s avoir achet\u00e9 ou vendu des bitcoins. En d\u00e9pla\u00e7ant tes bitcoins vers un portefeuille sans service de garde comme <a href=\"https:\/\/h17n.com\/out\/muun\">Muun<\/a>, tu te prot\u00e8ges contre la perte de tes fonds. Il existe de nombreux <a href=\"https:\/\/h17n.com\/collapsed-exchanges\">\u00e9changes qui se sont effondr\u00e9s avec les fonds des utilisateurs<\/a>.<\/p>\n<\/div>\n<h2>Comment commencer<\/h2>\n<p>Pour commencer \u00e0 utiliser River Financial, cr\u00e9e un compte en suivant ces \u00e9tapes :<\/p>\n<ul>\n<li>Inscris-toi en saisissant ton nom, ton pr\u00e9nom et ton adresse e-mail, et cr\u00e9e un mot de passe.<\/li>\n<li>Clique sur le lien dans l&#8217;email pour confirmer ton compte.<\/li>\n<li>Saisis ton num\u00e9ro de t\u00e9l\u00e9phone portable pour configurer l&rsquo;authentification \u00e0 deux facteurs.<\/li>\n<li>Remplis les informations personnelles pour v\u00e9rifier ton identit\u00e9.<\/li>\n<\/ul>\n<p>Lie ton compte bancaire et alimente le compte River pour commencer \u00e0 acheter ou vendre des bitcoins. Le rechargement du compte est possible via le web ou l&rsquo;<a href=\"https:\/\/apps.apple.com\/us\/app\/river-buy-bitcoin-securely\/id1536176542\">application mobile iOS<\/a>.<\/p>\n<p>Tu dois faire v\u00e9rifier ton identit\u00e9 avant d&rsquo;envoyer et de recevoir des bitcoins. Le service propose deux fa\u00e7ons d&rsquo;envoyer ou de recevoir des bitcoins : sur la cha\u00eene et sur le Lightning Network. Tu ne peux utiliser le Lightning Network que si le portefeuille non-River \u00e0 partir duquel tu envoies prend \u00e9galement en charge Lightning.<\/p>\n<h2>Caract\u00e9ristiques de River Financial<\/h2>\n<ul>\n<li><strong>Outil de suivi des performances.<\/strong> Cette fonction permet de suivre et d&rsquo;analyser les performances du portefeuille.<\/li>\n<li><strong>Client priv\u00e9.<\/strong> Pour devenir un client priv\u00e9, tu dois chercher \u00e0 investir plus de 250 000 dollars en bitcoins et remplir le formulaire du site Web. Ce statut donne l&rsquo;occasion d&rsquo;utiliser les services d&rsquo;un conseiller en client\u00e8le priv\u00e9e.<\/li>\n<li><strong>Optimisation fiscale.<\/strong> River te permet de g\u00e9n\u00e9rer rapidement le formulaire 1099-B (le formulaire contient des informations sur tes transactions imposables pour l&rsquo;ann\u00e9e de d\u00e9claration) et de le soumettre directement \u00e0 l&rsquo;IRS. <\/li>\n<li><strong>H\u00e9ritage en bitcoins.<\/strong> Il est possible de d\u00e9signer des personnes, des fiducies ou des organisations comme b\u00e9n\u00e9ficiaires du compte pour obtenir des fonds au d\u00e9c\u00e8s de son propri\u00e9taire.<\/li>\n<li><strong>Bitcoin Mining.<\/strong> River Mining aide les clients \u00e0 trouver le mat\u00e9riel le plus fiable du march\u00e9 et dispose d&rsquo;une assistance technique pour configurer le mineur. Les clients re\u00e7oivent leurs b\u00e9n\u00e9fices sous forme de bitcoins directement sur leur compte River.<\/li>\n<li><strong>Relev\u00e9s de compte financiers River<\/strong>. Les relev\u00e9s sont disponibles en format papier et \u00e9lectronique ; ils sont envoy\u00e9s par courriel \u00e0 l&rsquo;adresse \u00e9lectronique du client. Ils couvrent trois sections principales : r\u00e9sum\u00e9 du compte, d\u00e9tails des bitcoins, et d\u00e9tails des esp\u00e8ces et de l&rsquo;argent.<\/li>\n<li><strong>Achats mobiles de bitcoins.<\/strong> Ach\u00e8te, vend et suit les bitcoins avec l&rsquo;application de River Financial pour iOS. L&rsquo;application n&rsquo;est pas disponible sur les appareils Android.<\/li>\n<li><strong>Compte de portefeuille mat\u00e9riel.<\/strong> Il s&rsquo;agit d&rsquo;une fonctionnalit\u00e9 b\u00eata servant d&rsquo;extension aux portefeuilles mat\u00e9riels. Elle permet de consulter ton solde, de suivre tes investissements et de g\u00e9n\u00e9rer des adresses de d\u00e9p\u00f4t. River prend actuellement en charge deux fournisseurs de portefeuilles mat\u00e9riels : Trezor et Ledger.<\/li>\n<\/ul>\n<div class=\"woocommerce columns-4 \"><\/div>\n<h2>Limites<\/h2>\n<p>River Financial exige un minimum de 10 USD pour les ordres d&rsquo;achat et de vente. La limite de d\u00e9p\u00f4t ACH hebdomadaire est de 150 000 USD. Limite d&rsquo;achat instantan\u00e9 &#8211; 100 000 $ par jour ouvrable, limite d&rsquo;achat et de vente &#8211; illimit\u00e9e (1 000 000 $ par transaction).<\/p>\n<h2>Frais<\/h2>\n<p>Les frais d\u00e9pendent de la quantit\u00e9 de bitcoins que tu ach\u00e8tes.<\/p>\n<table>\n<thead>\n<tr>\n<th>Taille de la commande<\/th>\n<th>Frais de rivi\u00e8re<\/th>\n<\/tr>\n<\/thead>\n<tbody>\n<tr>\n<td>Moins de 250 000 $.01<\/td>\n<td>1.20%<\/td>\n<\/tr>\n<tr>\n<td>Entre $250,000.01 et $1,000,000<\/td>\n<td>1.00%<\/td>\n<\/tr>\n<tr>\n<td>Entre $1 000 000.01 et $5 000 000<\/td>\n<td>0.90%<\/td>\n<\/tr>\n<tr>\n<td>Plus de 5 000 000<\/td>\n<td>0.80%<\/td>\n<\/tr>\n<\/tbody>\n<\/table>\n<p>Il y a aussi des frais de r\u00e9seau pour l&rsquo;envoi de bitcoins. Ils sont faibles mais peuvent varier en fonction de la taille de la transaction et de la congestion du r\u00e9seau.<\/p>\n<div class=\"container-lazyload preview-lazyload container-youtube js-lazyload--not-loaded\"><a href=\"https:\/\/www.youtube.com\/watch?v=eJCiDQuSg3A\" class=\"lazy-load-youtube preview-lazyload preview-youtube\" data-video-title=\"How to Buy Bitcoin\" title=\"Play video &quot;How to Buy Bitcoin&quot;\">https:\/\/www.youtube.com\/watch?v=eJCiDQuSg3A<\/a><noscript>Video can&rsquo;t be loaded because JavaScript is disabled: <a href=\"https:\/\/www.youtube.com\/watch?v=eJCiDQuSg3A\" title=\"How to Buy Bitcoin\">How to Buy Bitcoin (https:\/\/www.youtube.com\/watch?v=eJCiDQuSg3A)<\/a><\/noscript><\/div>\n<h2>Plus d&rsquo;informations<\/h2>\n<ul>\n<li>Mises \u00e0 jour : <a href=\"https:\/\/twitter.com\/River\">@River<\/a><\/li>\n<li><a href=\"https:\/\/river.com\/support\">Soutiens<\/a><\/li>\n<\/ul>\n","protected":false},"excerpt":{"rendered":"<p>River Financial est une institution financi\u00e8re uniquement bitcoin qui fournit ses services aux \u00c9tats-Unis. Il permet aux utilisateurs d&rsquo;acheter, de vendre, d&rsquo;exploiter, d&rsquo;envoyer et de recevoir des bitcoins. La plate-forme prend en charge les achats r\u00e9currents sans frais conform\u00e9ment \u00e0 la strat\u00e9gie DCA. L&rsquo;achat, la vente et le suivi de bitcoins sont \u00e9galement possibles avec l&rsquo;application de River Financial pour iOS.<\/p>\n","protected":false},"featured_media":203,"comment_status":"open","ping_status":"closed","template":"","meta":[],"product_brand":[],"product_cat":[40],"product_tag":[],"class_list":{"0":"post-204","1":"product","2":"type-product","3":"status-publish","4":"has-post-thumbnail","6":"product_cat-acheter-du-bitcoin","7":"","8":"woocommerce-text-align-center","9":"woocommerce-image-align-center","10":"do-quantity-buttons","12":"first","13":"instock","14":"shipping-taxable","15":"product-type-external"},"_links":{"self":[{"href":"https:\/\/h17n.com\/fr\/wp-json\/wp\/v2\/product\/204","targetHints":{"allow":["GET"]}}],"collection":[{"href":"https:\/\/h17n.com\/fr\/wp-json\/wp\/v2\/product"}],"about":[{"href":"https:\/\/h17n.com\/fr\/wp-json\/wp\/v2\/types\/product"}],"replies":[{"embeddable":true,"href":"https:\/\/h17n.com\/fr\/wp-json\/wp\/v2\/comments?post=204"}],"wp:featuredmedia":[{"embeddable":true,"href":"https:\/\/h17n.com\/fr\/wp-json\/wp\/v2\/media\/203"}],"wp:attachment":[{"href":"https:\/\/h17n.com\/fr\/wp-json\/wp\/v2\/media?parent=204"}],"wp:term":[{"taxonomy":"product_brand","embeddable":true,"href":"https:\/\/h17n.com\/fr\/wp-json\/wp\/v2\/product_brand?post=204"},{"taxonomy":"product_cat","embeddable":true,"href":"https:\/\/h17n.com\/fr\/wp-json\/wp\/v2\/product_cat?post=204"},{"taxonomy":"product_tag","embeddable":true,"href":"https:\/\/h17n.com\/fr\/wp-json\/wp\/v2\/product_tag?post=204"}],"curies":[{"name":"wp","href":"https:\/\/api.w.org\/{rel}","templated":true}]}}