{"id":194,"date":"2023-02-27T14:33:02","date_gmt":"2023-02-27T14:33:02","guid":{"rendered":"https:\/\/h17n.com\/fr\/?post_type=product&#038;p=194"},"modified":"2024-11-29T14:19:11","modified_gmt":"2024-11-29T14:19:11","slug":"bittr","status":"publish","type":"product","link":"https:\/\/h17n.com\/fr\/acheter-du-bitcoin\/bittr\/","title":{"rendered":"Bittr : acheter des bitcoins avec un transfert SEPA"},"content":{"rendered":"<p><a href=\"https:\/\/getbittr.com\/?satoshi=H17NBitcoin\">Bittr<\/a> est un \u00e9change de Bitcoin qui fournit des services aux utilisateurs dans la r\u00e9gion de l&rsquo;EEE. L&rsquo;une de ses caract\u00e9ristiques remarquables est qu&rsquo;il vous permet d&rsquo;acheter du Bitcoin directement dans votre propre portefeuille, \u00e9liminant ainsi le besoin de conserver des fonds de mani\u00e8re custodiale. La plateforme permet <a href=\"https:\/\/h17n.com\/buy-bitcoin-with-sepa\/\">d&rsquo;acheter du bitcoin avec SEPA<\/a> et IBAN en EUR et CHF.<\/p>\n<p>Bittr prend \u00e9galement en charge les achats r\u00e9currents, permettant aux utilisateurs d&rsquo;automatiser leurs achats de Bitcoin et de mettre en \u0153uvre des strat\u00e9gies de <a href=\"https:\/\/h17n.com\/dollar-cost-averaging-dca\/\">dollar-cost averaging<\/a> (DCA) de mani\u00e8re efficace. De plus, Bittr fonctionne comme un <a href=\"https:\/\/h17n.com\/fr\/echange-sans-kyc\/\">\u00e9change sans KYC<\/a> pour des montants allant jusqu&rsquo;\u00e0 1 000 CHF ou 900 \u20ac par p\u00e9riode de 24 heures, am\u00e9liorant ainsi la confidentialit\u00e9 des utilisateurs tout en restant conforme aux limites d\u00e9finies.<\/p>\n<p>Ces caract\u00e9ristiques font de Bittr une option conviviale pour toute personne cherchant une m\u00e9thode simple et ax\u00e9e sur la confidentialit\u00e9 pour acqu\u00e9rir du Bitcoin directement dans des <a href=\"https:\/\/h17n.com\/self-custody\/\">portefeuilles en auto-garde<\/a>.<\/p>\n<p><a href=\"https:\/\/getbittr.com\/?satoshi=H17NBitcoin\" title=\"\" class=\"button\">Ouvrir un compte Bittr<\/a><\/p>\n<h2>Bittr, comment \u00e7a marche ?<\/h2>\n<p>Pour commencer avec Bittr, entre\u044f votre e-mail sur le <a href=\"https:\/\/getbittr.com\/\" rel=\"nofollow noopener\" target=\"_blank\">site<\/a> de la plateforme et v\u00e9rifie-le en cliquant sur le lien qui vous&rsquo;a \u00e9t\u00e9 envoy\u00e9. Entrez ensuite votre IBAN, votre adresse bitcoin et configurez votre virement bancaire. Pour prouver qu&rsquo;il s&rsquo;agit de votre adresse bitcoin, vous devrez \u00e9galement signer un message avec votre portefeuille. Le service vous recommande d&rsquo;utiliser des <a href=\"https:\/\/h17n.com\/fr\/portefeuilles-materiels\/\" target=\"_blank\" rel=\"noopener\">portefeuilles mat\u00e9riels<\/a>.<\/p>\n<blockquote>\n<p>  Nous vous recommandons d&rsquo;utiliser un portefeuille mat\u00e9riel, afin de stocker vos satoshis en toute s\u00e9curit\u00e9 \u00e0 long terme. Les portefeuilles comprenant cette fonctionnalit\u00e9 sont <a href=\"https:\/\/h17n.com\/fr\/portefeuilles-materiels\/trezor\/\" target=\"_blank\" rel=\"noopener\">Trezor<\/a>, <a href=\"https:\/\/h17n.com\/fr\/portefeuilles-materiels\/ledger\/\" target=\"_blank\" rel=\"noopener\">Ledger<\/a> (via <a href=\"https:\/\/h17n.com\/fr\/portefeuilles-de-bureau\/electrum\/\" target=\"_blank\" rel=\"noopener\">Electrum<\/a>), <a href=\"https:\/\/h17n.com\/fr\/portefeuilles-materiels\/bitbox\/\" target=\"_blank\" rel=\"noopener\">BitBox<\/a> et <a href=\"https:\/\/h17n.com\/fr\/portefeuilles-materiels\/coldcard\/\" target=\"_blank\" rel=\"noopener\">Coldcard<\/a>.\n<\/p><\/blockquote>\n<p>Bittr ne stocke pas vos fonds sur sa plateforme. Une fois que votre paiement est trait\u00e9 et re\u00e7u sur votre compte bancaire, les sats seront envoy\u00e9s \u00e0 votre portefeuille dans les 30 minutes. Le service souligne qu&rsquo;il faut 0 \u00e0 3 jours ouvrables pour effectuer des transactions et qu&rsquo;il n&rsquo;effectue pas de transactions instantan\u00e9es.<\/p>\n<p>La fonction d&rsquo;investissement automatis\u00e9 de Bittr vous permet d&rsquo;investir en utilisant une approche <a href=\"https:\/\/h17n.com\/fr\/investissement-programme\/\" target=\"_blank\" rel=\"noopener\">DCA (le dollar-cost averaging)<\/a>, en d\u00e9finissant un montant et une fr\u00e9quence sp\u00e9cifiques (une fois, quotidiennement, hebdomadairement, mensuellement ou annuellement) que vous souhaitez que vos achats de bitcoins soient effectu\u00e9s. Vous pouvez activer cette fonction en configurant un virement unique ou r\u00e9current depuis votre banque. Bittr vous envoie une notification par e-mail chaque fois que vous achetez du bitcoin.<\/p>\n<p><a href=\"https:\/\/getbittr.com\/?satoshi=H17NBitcoin\" title=\"\" class=\"button\">Ouvrir un compte Bittr<\/a><\/p>\n<h2>Limites<\/h2>\n<p>Le montant minimum que vous pouvez commencer \u00e0 acheter du bitcoin est de 25 EUR (30 CHF). Le montant maximum est de 900 EUR (999 CHF) par 24 heures et de 99.999 EUR (99.999 CHF) par an.<\/p>\n<h2>Frais<\/h2>\n<p>Les frais pour acheter des bitcoins avec EUR ou CHR sont les suivants :<\/p>\n<ul>\n<li>1,5 % du montant de votre d\u00e9p\u00f4t factur\u00e9 par la soci\u00e9t\u00e9.<\/li>\n<li>les frais de minage les plus bas possibles factur\u00e9s par le r\u00e9seau.<\/li>\n<\/ul>\n<p>Par exemple, si vous d\u00e9posez 100 EUR, vous serez factur\u00e9 1,5 EUR plus les frais de minage. Cependant, l&rsquo;inclusion de la transaction dans un bloc peut prendre plus de temps en raison de frais de r\u00e9seau aussi bas.<\/p>\n<h2>Banques Support\u00e9es par Bittr<\/h2>\n<p>Bittr fonctionne avec presque toutes les banques europ\u00e9ennes, \u00e0 condition que le virement provienne de votre compte personnel et soit effectu\u00e9 en Euros (pour notre IBAN EUR) ou en Francs Suisses (pour notre IBAN CHF). Les virements dans des devises non prises en charge seront rejet\u00e9s par la banque des \u00e9changes, ce qui pourrait entra\u00eener des frais suppl\u00e9mentaires et des retards. \u00c9vitez d&rsquo;envoyer des Euros vers le compte CHF ou des Francs Suisses vers le compte EUR pour garantir un traitement fluide.<\/p>\n<h2>Bittr est-il un Bon \u00c9change de Bitcoin ?<\/h2>\n<p>Bittr se distingue par sa simplicit\u00e9 et son interface conviviale, \u00e9tant un \u00e9change d\u00e9di\u00e9 uniquement au Bitcoin. Il supprime la n\u00e9cessit\u00e9 d&rsquo;un processus d&rsquo;inscription long ou de proc\u00e9dures KYC (Connaissance du Client) complexes, vous permettant d&rsquo;acheter du Bitcoin directement via un virement bancaire SEPA. Le Bitcoin achet\u00e9 via Bittr est envoy\u00e9 directement vers votre portefeuille, vous offrant un contr\u00f4le total sur vos fonds. Les transactions sont trait\u00e9es rapidement, avec des conversions prenant seulement 10 minutes, et le Bitcoin est envoy\u00e9 vers les portefeuilles toutes les 4 heures. En regroupant les transactions, Bittr maintient les frais de minage bas, rendant le service \u00e9conomique.<\/p>\n<p>La transparence est un autre atout, sans frais cach\u00e9s, \u00e9carts de prix ni frais fixes pour les paiements. Bittr prend en charge les achats r\u00e9currents, vous permettant de pratiquer facilement l&rsquo;achat progressif (dollar-cost averaging). Cependant, il est \u00e0 noter que <a href=\"https:\/\/h17n.com\/fr\/reseau-lightning\/\">le r\u00e9seau Lightning<\/a> n&rsquo;est pas actuellement pris en charge, ce qui signifie que le Bitcoin ne peut pas \u00eatre envoy\u00e9 vers un <a href=\"https:\/\/h17n.com\/bitcoin-lightning-wallets\/\">portefeuille Lightning<\/a>. Malgr\u00e9 cette limitation, l&rsquo;accent mis par Bittr sur la simplicit\u00e9, la confidentialit\u00e9 et les transactions directes vers les portefeuilles en fait une option int\u00e9ressante pour ceux qui recherchent un moyen direct d&rsquo;accumuler du Bitcoin.<\/p>\n<p><a href=\"https:\/\/getbittr.com\/?satoshi=H17NBitcoin\" title=\"\" class=\"button\">Ouvrir un compte Bittr<\/a><\/p>\n<h2>Plus d&rsquo;informations<\/h2>\n<ul>\n<li>Suivre les <a href=\"https:\/\/twitter.com\/GetBittr\" rel=\"nofollow noopener\" target=\"_blank\">mises \u00e0 jour<\/a><\/li>\n<li>E-mail pour contacter Bittr : <a href=\"mailto:hello@getbittr.com\" rel=\"nofollow noopener\" target=\"_blank\">hello@getbittr.com<\/a><\/li>\n<li>Groupe sur<a href=\"https:\/\/getbittr.com\/whatsapp\" rel=\"nofollow noopener\" target=\"_blank\">WhatsApp<\/a> <\/li>\n<\/ul>\n","protected":false},"excerpt":{"rendered":"<p>Bittr est une plateforme qui permet aux utilisateurs d&rsquo;acheter des bitcoins avec des virements SEPA uniques ou r\u00e9currents. Le service ne d\u00e9tient pas vos fonds et envoie directement des bitcoins \u00e0 votre portefeuille. Il ne vous oblige pas \u00e0 fournir des informations personnelles pour ouvrir un compte.<\/p>\n","protected":false},"featured_media":195,"comment_status":"open","ping_status":"closed","template":"","meta":[],"product_brand":[],"product_cat":[40],"product_tag":[],"class_list":{"0":"post-194","1":"product","2":"type-product","3":"status-publish","4":"has-post-thumbnail","6":"product_cat-acheter-du-bitcoin","7":"","8":"woocommerce-text-align-center","9":"woocommerce-image-align-center","10":"do-quantity-buttons","12":"first","13":"instock","14":"shipping-taxable","15":"product-type-external"},"_links":{"self":[{"href":"https:\/\/h17n.com\/fr\/wp-json\/wp\/v2\/product\/194","targetHints":{"allow":["GET"]}}],"collection":[{"href":"https:\/\/h17n.com\/fr\/wp-json\/wp\/v2\/product"}],"about":[{"href":"https:\/\/h17n.com\/fr\/wp-json\/wp\/v2\/types\/product"}],"replies":[{"embeddable":true,"href":"https:\/\/h17n.com\/fr\/wp-json\/wp\/v2\/comments?post=194"}],"wp:featuredmedia":[{"embeddable":true,"href":"https:\/\/h17n.com\/fr\/wp-json\/wp\/v2\/media\/195"}],"wp:attachment":[{"href":"https:\/\/h17n.com\/fr\/wp-json\/wp\/v2\/media?parent=194"}],"wp:term":[{"taxonomy":"product_brand","embeddable":true,"href":"https:\/\/h17n.com\/fr\/wp-json\/wp\/v2\/product_brand?post=194"},{"taxonomy":"product_cat","embeddable":true,"href":"https:\/\/h17n.com\/fr\/wp-json\/wp\/v2\/product_cat?post=194"},{"taxonomy":"product_tag","embeddable":true,"href":"https:\/\/h17n.com\/fr\/wp-json\/wp\/v2\/product_tag?post=194"}],"curies":[{"name":"wp","href":"https:\/\/api.w.org\/{rel}","templated":true}]}}