{"id":191,"date":"2023-02-27T14:31:46","date_gmt":"2023-02-27T14:31:46","guid":{"rendered":"https:\/\/h17n.com\/fr\/?post_type=product&#038;p=191"},"modified":"2023-06-27T11:05:16","modified_gmt":"2023-06-27T11:05:16","slug":"hodl-hodl","status":"publish","type":"product","link":"https:\/\/h17n.com\/fr\/acheter-du-bitcoin\/hodl-hodl\/","title":{"rendered":"Hodl Hodl : une plateforme de trading de bitcoins"},"content":{"rendered":"<p><a href=\"https:\/\/hodlhodl.com\/\" rel=\"nofollow noopener\" target=\"_blank\">Hodl Hodl<\/a> est une plateforme mondiale de trading de bitcoins pair-\u00e0-pair. Il s&rsquo;agit d&rsquo;une solution non d\u00e9positaire et non KYC pour empiler les sats sans impliquer un tiers. Hodl Hodl utilise un syst\u00e8me d&rsquo;entiercement multisig pour s\u00e9curiser les transactions et un syst\u00e8me int\u00e9gr\u00e9 de r\u00e8glement des diff\u00e9rends pour prot\u00e9ger les deux parties du commerce. Il permet \u00e9galement aux utilisateurs de d\u00e9finir leurs conditions pour chaque transaction, telles que le mode de paiement, la devise et la fen\u00eatre de transaction. De plus, il prend en charge le r\u00e9seau Lightning.<\/p>\n<p>La plateforme ne d\u00e9tient pas les fonds des utilisateurs ; ils sont stock\u00e9s dans leurs <a href=\"https:\/\/h17n.com\/fr\/portefeuilles-mobiles\/\">portefeuilles bitcoin<\/a>. Il prend en charge toutes les devises fiduciaires du monde et propose plus de 100 m\u00e9thodes de paiement, notamment les virements bancaires, les virements SEPA, les virements SWIFT et les cartes de cr\u00e9dit. Si le moyen de paiement est manquant, il est possible de contacter le service et proposer de l&rsquo;ajouter. Apr\u00e8s v\u00e9rification, il pourra \u00eatre ajout\u00e9 \u00e0 la liste. Le syst\u00e8me permet aussi \u00e0 ses clients d&rsquo;apprendre le trading sans risquer de perdre leur argent. Il utilise pour cela la <a href=\"https:\/\/hhtestnet.com\/\" rel=\"nofollow noopener\" target=\"_blank\">plateforme TESTNET<\/a>.<\/p>\n<h2>Comment commencer \u00e0 utiliser Hodl Hodl<\/h2>\n<ul>\n<li>Cr\u00e9ez un compte en cliquant sur le bouton \u00ab\u00a0S&rsquo;inscrire\u00a0\u00bb sur le site officiel. <\/li>\n<li>Saisissez votre e-mail et cr\u00e9ez un mot de passe s\u00e9curis\u00e9. Aucune v\u00e9rification KYC n&rsquo;est requise.<\/li>\n<li>V\u00e9rifiez l&rsquo;e-mail via le lien envoy\u00e9 par Hodl Hodl. <\/li>\n<\/ul>\n<h2>Processus d&rsquo;achat et de vente de bitcoins<\/h2>\n<p>Hodl Hodl n&rsquo;a pas acc\u00e8s aux cl\u00e9s priv\u00e9es des utilisateurs. Toutes les transactions sur la plateforme se d\u00e9roulent entre un acheteur et un vendeur et sont s\u00e9curis\u00e9es par un entiercement multi-signatures. Cela signifie que lorsque le processus d&rsquo;achat de bitcoins est lanc\u00e9, le service g\u00e9n\u00e8re une adresse bitcoin unique d&rsquo;entiercement multisig. Le vendeur envoie des bitcoins \u00e0 cette adresse. Lorsque l&rsquo;acheteur envoie le paiement en fiat, le bitcoin est lib\u00e9r\u00e9 de l&rsquo;entiercement et envoy\u00e9 dans le portefeuille de l&rsquo;acheteur.<\/p>\n<h2>Syst\u00e8me de r\u00e9solution des diff\u00e9rends<\/h2>\n<p>Si l&rsquo;une des parties n&rsquo;est pas d&rsquo;accord avec les termes du contrat, alors Hodl Hodl peut agir en tant que tierce partie pour r\u00e9soudre le diff\u00e9rend. Cela peut se faire par le biais d&rsquo;un arbitrage ou d&rsquo;une m\u00e9diation. L&rsquo;\u00e9quipe d&rsquo;Hodl Hodl utilisera son exp\u00e9rience et son expertise pour \u00e9valuer la situation et proposer une r\u00e9solution \u00e9quitable. De cette fa\u00e7on, les fonds stock\u00e9s dans l&rsquo;adresse d&rsquo;entiercement restent s\u00fbrs et prot\u00e9g\u00e9s.<\/p>\n<h2>Limites<\/h2>\n<p>Les limites sont d\u00e9termin\u00e9es par le volume total de transactions d&rsquo;un utilisateur et le nombre de transactions r\u00e9ussies. Plus le volume total de transactions et le nombre de transactions r\u00e9ussies sont \u00e9lev\u00e9s, plus la limite est \u00e9lev\u00e9e. Il y a trois niveaux de limites dans l&rsquo;ensemble du compte. Pour passer du premier au deuxi\u00e8me niveau, vous devez avoir 10 contrats termin\u00e9s avec 5 utilisateurs diff\u00e9rents ; pour le troisi\u00e8me niveau &#8211; 50 contrats termin\u00e9s et 0,5 BTC atteint.<\/p>\n<h2>Frais<\/h2>\n<p>Les frais d\u00e9pendent du montant et du type de transaction. En g\u00e9n\u00e9ral, les frais varient de 0,2 \u00e0 0,4 % pour les petites transactions et peuvent aller jusqu&rsquo;\u00e0 1 \u00e0 2 % pour les grosses transactions. Le vendeur envoie les fonds au entiercement plus ses frais ; l&rsquo;acheteur re\u00e7oit le montant moins sa part des frais. Les frais de transaction sont partag\u00e9s \u00e9quitablement entre l&rsquo;acheteur et le vendeur. Il est pay\u00e9 uniquement en bitcoins lorsqu&rsquo;une transaction est r\u00e9gl\u00e9e avec succ\u00e8s.<\/p>\n<h2>Plus d&rsquo;informations<\/h2>\n<ul>\n<li><a href=\"https:\/\/twitter.com\/hodlhodl\" rel=\"nofollow noopener\" target=\"_blank\">Mises \u00e0 jour de<\/a> Hodl Hodl<\/li>\n<li>Hodl Hodl sur <a href=\"https:\/\/www.youtube.com\/@HodlHodl\/videos\" rel=\"nofollow noopener\" target=\"_blank\">YouTube<\/a><\/li>\n<li><a href=\"https:\/\/hodlhodl.com\/api\/docs\" rel=\"nofollow noopener\" target=\"_blank\">Documentation de l&rsquo;API<\/a> Hodl Hodl<\/li>\n<\/ul>\n","protected":false},"excerpt":{"rendered":"<p>Hodl Hodl est une plateforme de trading de bitcoins pair-\u00e0-pair qui permet aux utilisateurs d&rsquo;\u00e9changer directement entre eux sans aucune implication de tiers. Il offre des fonctionnalit\u00e9s telles qu&rsquo;une API, un entiercement multisig, une authentification \u00e0 deux facteurs, un syst\u00e8me int\u00e9gr\u00e9 de r\u00e9solution des diff\u00e9rends et diverses m\u00e9thodes de paiement. Le service est disponible en anglais, russe et espagnol.<\/p>\n","protected":false},"featured_media":190,"comment_status":"open","ping_status":"closed","template":"","meta":[],"product_brand":[],"product_cat":[40],"product_tag":[],"class_list":{"0":"post-191","1":"product","2":"type-product","3":"status-publish","4":"has-post-thumbnail","6":"product_cat-acheter-du-bitcoin","7":"","8":"woocommerce-text-align-center","9":"woocommerce-image-align-center","10":"do-quantity-buttons","12":"first","13":"instock","14":"shipping-taxable","15":"product-type-external"},"_links":{"self":[{"href":"https:\/\/h17n.com\/fr\/wp-json\/wp\/v2\/product\/191","targetHints":{"allow":["GET"]}}],"collection":[{"href":"https:\/\/h17n.com\/fr\/wp-json\/wp\/v2\/product"}],"about":[{"href":"https:\/\/h17n.com\/fr\/wp-json\/wp\/v2\/types\/product"}],"replies":[{"embeddable":true,"href":"https:\/\/h17n.com\/fr\/wp-json\/wp\/v2\/comments?post=191"}],"wp:featuredmedia":[{"embeddable":true,"href":"https:\/\/h17n.com\/fr\/wp-json\/wp\/v2\/media\/190"}],"wp:attachment":[{"href":"https:\/\/h17n.com\/fr\/wp-json\/wp\/v2\/media?parent=191"}],"wp:term":[{"taxonomy":"product_brand","embeddable":true,"href":"https:\/\/h17n.com\/fr\/wp-json\/wp\/v2\/product_brand?post=191"},{"taxonomy":"product_cat","embeddable":true,"href":"https:\/\/h17n.com\/fr\/wp-json\/wp\/v2\/product_cat?post=191"},{"taxonomy":"product_tag","embeddable":true,"href":"https:\/\/h17n.com\/fr\/wp-json\/wp\/v2\/product_tag?post=191"}],"curies":[{"name":"wp","href":"https:\/\/api.w.org\/{rel}","templated":true}]}}