{"id":186,"date":"2023-02-27T14:08:33","date_gmt":"2023-02-27T14:08:33","guid":{"rendered":"https:\/\/h17n.com\/fr\/?post_type=product&#038;p=186"},"modified":"2024-12-14T14:04:05","modified_gmt":"2024-12-14T14:04:05","slug":"relai","status":"publish","type":"product","link":"https:\/\/h17n.com\/fr\/acheter-du-bitcoin\/relai\/","title":{"rendered":"Relai : une application d&rsquo;investissement en bitcoins"},"content":{"rendered":"<p><a href=\"https:\/\/relai.app\/\" rel=\"nofollow noopener\" target=\"_blank\">Relai<\/a> est une application mobile suisse pour investir uniquement en bitcoins. Elle vous permet d&rsquo;acheter des bitcoins instantan\u00e9ment avec un compte bancaire, une carte de cr\u00e9dit, une carte de d\u00e9bit, Apple Pay ou Google Pay ou de configurer un plan d&rsquo;investissement automatique. Vous pouvez aussi utiliser Relai pour vendre, envoyer et recevoir des bitcoins. Le service ne n\u00e9cessite pas de cr\u00e9er un compte, de passer une v\u00e9rification ou de faire un d\u00e9p\u00f4t. Il est disponible dans tous les pays europ\u00e9ens, sauf ceux o\u00f9 il ne peut pas \u00eatre utilis\u00e9 en raison d&rsquo;exigences de conformit\u00e9. Relai dispose d&rsquo;un <a href=\"https:\/\/h17n.com\/fr\/auto-garde\" target=\"_blank\" rel=\"noopener\">portefeuille int\u00e9gr\u00e9 non d\u00e9positaire<\/a>. Cela signifie qu&rsquo;il ne stocke pas vos cl\u00e9s priv\u00e9es ; vois seul y avez acc\u00e8s.<\/p>\n<blockquote>\n<p>  Nous sommes en fait un distributeur automatique de bitcoins, mais num\u00e9rique. Vous mettez de l&rsquo;argent et vous retirez des bitcoins, et vice-versa. Relai ne d\u00e9tient jamais vos fonds et est \u00e9galement r\u00e9glement\u00e9 comme un distributeur de bitcoins, nomm\u00e9ment comme une entreprise d&rsquo;\u00e9change d&rsquo;argent.\n<\/p><\/blockquote>\n<h2>Commencez avec Relai<\/h2>\n<ul>\n<li>T\u00e9l\u00e9chargez l&rsquo;application pour les appareils <a href=\"https:\/\/apps.apple.com\/app\/id1513185997\" rel=\"nofollow noopener\" target=\"_blank\">iOS<\/a> ou <a href=\"https:\/\/play.google.com\/store\/apps\/details?id=com.relai\" rel=\"nofollow noopener\" target=\"_blank\">Android<\/a>. KYC n&rsquo;est pas requis.<\/li>\n<li>Cr\u00e9ez une sauvegarde de votre portefeuille Bitcoin de Relai avec une phrase de d\u00e9part de 12 mots.<\/li>\n<li>Saisissez le montant que vous voulez investir.<\/li>\n<li>S\u00e9lectionnez la fr\u00e9quence d&rsquo;investissement : achat unique, hebdomadaire ou mensuel.<\/li>\n<li>Choisissez votre mode de paiement.<\/li>\n<li>Achetez des bitcoins (pour un minimum de 10 CHF\/EUR).<\/li>\n<\/ul>\n<p>Relai est membre de la Swiss Financial Services Standards Association (VQF) et adh\u00e8re \u00e0 des r\u00e8glements sp\u00e9cifiques. Les limites de Relai s&rsquo;appliquent donc \u00e0 l&rsquo;achat et \u00e0 la vente de bitcoins et sont de 950 EUR (1000 CHF par jour) et 95 000 EUR (100 000 CHF) par an.<\/p>\n<p>Relai a collabor\u00e9 avec la startup Lightning Breez pour int\u00e9grer un portefeuille Lightning non d\u00e9positaire dans leur application. Cela signifie que les utilisateurs de Relai peuvent envoyer et recevoir des paiements via <a href=\"https:\/\/h17n.com\/fr\/reseau-lightning\/\">le r\u00e9seau Lightning<\/a>.<\/p>\n<div class=\"warning box\">\n<p>Acheter sur la plateforme d&rsquo;\u00e9change Relai prend g\u00e9n\u00e9ralement plus de temps que sur les plateformes qui permettent des transferts instantan\u00e9s. Les transferts instantan\u00e9s s&rsquo;effectuent imm\u00e9diatement ou dans un court d\u00e9lai de traitement. Les transferts via Relai doivent \u00eatre pr\u00e9alablement autoris\u00e9s en cr\u00e9ant un ordre avant de pouvoir \u00eatre ex\u00e9cut\u00e9s. Cet ordre pr\u00e9cise le montant exact \u00e0 transf\u00e9rer, le destinataire, et \u00e9ventuellement d&rsquo;autres d\u00e9tails comme l&rsquo;objectif du transfert. La plateforme exige que le montant exact soit sp\u00e9cifi\u00e9 dans l&rsquo;ordre. Toute discordance entra\u00eene un rejet et des frais potentiels. Une fois l&rsquo;ordre cr\u00e9\u00e9, il passe par un processus de v\u00e9rification avant que le transfert ne soit effectivement r\u00e9alis\u00e9.<\/p>\n<\/div>\n<h2>Relai exige-t-il un processus KYC ?<\/h2>\n<p>Relai est <a href=\"https:\/\/h17n.com\/fr\/echange-sans-kyc\/\">une plateforme d\u2019\u00e9change sans KYC<\/a>, ce qui signifie que vous n\u2019\u00eates pas tenu de passer par une v\u00e9rification d\u2019identit\u00e9 \u00ab\u00a0Know-Your-Customer\u00a0\u00bb. Cependant, cela ne garantit pas une anonymit\u00e9 compl\u00e8te lors de l\u2019achat de bitcoins via Relai. Bien que vous ne soyez pas oblig\u00e9 de remplir des formulaires ou de fournir des documents d\u2019identit\u00e9 pour \u00e9tablir votre identit\u00e9, il est important de noter que l\u2019absence de KYC ne signifie pas anonymat.<\/p>\n<p>Pour respecter les r\u00e9glementations, Relai demande le num\u00e9ro de compte bancaire international (IBAN) associ\u00e9 \u00e0 votre compte bancaire. L\u2019achat de bitcoins avec un IBAN permet \u00e0 Relai d\u2019identifier la source des paiements bancaires et d\u2019attribuer les bitcoins achet\u00e9s en cons\u00e9quence. De plus, l\u2019application Relai facilite actuellement les achats de bitcoins via des virements bancaires, ce qui peut potentiellement lier vos transactions en bitcoins \u00e0 votre compte bancaire personnel.<\/p>\n<p>Ainsi, bien que Relai op\u00e8re sous les r\u00e9glementations financi\u00e8res suisses, qui n\u2019exigent pas de conna\u00eetre les noms des clients, la plateforme est tout de m\u00eame oblig\u00e9e de v\u00e9rifier les transactions et les portefeuilles des utilisateurs optant pour un processus sans KYC. Cette mesure r\u00e9glementaire garantit que les transactions restent dans les limites de 1 000 CHF par jour et 100 000 CHF par an.<\/p>\n<h2>Relai vers un portefeuille mat\u00e9riel<\/h2>\n<p>Relai propose une fonctionnalit\u00e9 qui vous permet de recevoir les bitcoins achet\u00e9s sur la plateforme directement dans votre <a href=\"https:\/\/h17n.com\/fr\/portefeuilles-materiels\/\">portefeuille mat\u00e9riel<\/a>. Pour utiliser cette fonctionnalit\u00e9, vous aurez besoin de l\u2019application Relai et du portefeuille Electrum install\u00e9s sur votre ordinateur. De plus, un portefeuille mat\u00e9riel compatible, tel que <a href=\"https:\/\/h17n.com\/fr\/portefeuilles-bitcoin\/bitbox\/\">BitBox<\/a>, <a href=\"https:\/\/h17n.com\/fr\/portefeuilles-materiels\/trezor\/\">Trezor<\/a>, <a href=\"https:\/\/h17n.com\/fr\/portefeuilles-materiels\/ledger-wallet\/\">Ledger<\/a> ou un mod\u00e8le similaire, est n\u00e9cessaire pour stocker vos bitcoins. Suivez ce guide pour int\u00e9grer Relai, <a href=\"https:\/\/h17n.com\/fr\/portefeuilles-de-bureau\/electrum\/\">Electrum<\/a> et votre portefeuille mat\u00e9riel.<\/p>\n<h2>Caract\u00e9ristiques de Relai<\/h2>\n<ul>\n<li><strong>Achat et vente de bitcoins.<\/strong> Achetez des bitcoins instantan\u00e9ment et stockez-les dans le portefeuille d&rsquo;une application sans garde. Vous pouvez aussi utiliser l&rsquo;appli Relai pour vendre des bitcoins et recevoir des fiats sur votre compte bancaire. De plus, vous pouvez <a href=\"https:\/\/h17n.com\/fr\/acheter-bitcoin-avec-sepa\/\">acheter du bitcoin via SEPA<\/a> avec Relai.<\/li>\n<li><strong>Plan d&rsquo;auto-investissement.<\/strong> Vous pouvez configurer des achats automatiques chaque semaine ou chaque mois en utilisant une approche <a href=\"https:\/\/h17n.com\/dollar-cost-averaging-dca\">d&rsquo;investissment programm\u00e9 (le dollar cost averaging (DCA))<\/a>. Cela r\u00e9duira le risque d&rsquo;acheter des sats \u00e0 un prix \u00e9lev\u00e9 et b\u00e9n\u00e9ficiera de prix plus bas \u00e0 long terme. <\/li>\n<li><strong>Empilement de portefeuille externe.<\/strong> Il s&rsquo;agit d&rsquo;une fonctionnalit\u00e9 qui permet aux utilisateurs d&rsquo;investir dans le bitcoin directement dans leurs portefeuilles externes.<\/li>\n<li><strong>Relai Private.<\/strong> Cette fonction est destin\u00e9e \u00e0 ceux qui veulent acheter plus de 100 000 EUR par an. Dans ce cas, les frais sont de 0,50% \u00e0 1,25%, selon le montant que vous souhaitez acheter. De plus, vous obtiendrez des conseils d&rsquo;experts sur la s\u00e9lection de la meilleure option de garde de bitcoins. Pour devenir client de Relai Private, vous devrez fournir vos pi\u00e8ces d&rsquo;identit\u00e9. Seuls les cartes d&rsquo;identit\u00e9 ou les passeports sont autoris\u00e9s.<\/li>\n<li><strong>Frais du r\u00e9seau Bitcoin personnalis\u00e9 pour l&rsquo;envoi de bitcoins.<\/strong> Cette fonctionnalit\u00e9 vous permet de choisir manuellement les frais de r\u00e9seau bitcoin parmi quatre options pr\u00e9d\u00e9finies.<\/li>\n<li><strong>Programme de parrainage.<\/strong> Partagez un code de parrainage avec vos amis. Leurs frais seront r\u00e9duits de 0,5\u00a0% et vous obtiendrez 0,5\u00a0% du montant qu&rsquo;ils ach\u00e8tent ou vendent chaque fois qu&rsquo;ils utilisent votre code.<\/li>\n<\/ul>\n<h2>Relai Lightning Network<\/h2>\n<p>L&rsquo;application Relai s&rsquo;int\u00e8gre au Lightning Network, vous permettant de transf\u00e9rer rapidement des bitcoins entre votre portefeuille Bitcoin classique et leur portefeuille Lightning. Avec Lightning, envoyer et recevoir des bitcoins (BTC) est aussi rapide que la vitesse de la lumi\u00e8re, permettant des paiements pratiques pour de petites sommes. Pour utiliser le Lightning Network sur l&rsquo;application Relai, vous devez mettre \u00e0 jour vers la derni\u00e8re version 2.8.1.<\/p>\n<p>Cependant, bien que Relai facilite les transactions Lightning, il y a quelques points \u00e0 prendre en compte. L&rsquo;ouverture de votre propre canal Lightning sur Relai entra\u00eene des frais, ce qui peut constituer un obstacle pour les transactions de petite taille. De plus, ces frais peuvent parfois \u00eatre opaques, ce qui rend difficile l&rsquo;anticipation du montant exact n\u00e9cessaire pour les transactions.<\/p>\n<p>En outre, transf\u00e9rer l&rsquo;int\u00e9gralit\u00e9 du solde de votre portefeuille Relai Lightning vers une adresse externe n&rsquo;est pas toujours possible. Vous pouvez rencontrer des messages d&rsquo;erreur tels que \u00ab\u00a0fonds insuffisants\u00a0\u00bb malgr\u00e9 un solde suffisant, ce qui indique des limitations sur le montant maximal transf\u00e9rable en une seule fois.<\/p>\n<h2>Frais de Relai<\/h2>\n<p>La m\u00e9thode la plus \u00e9conomique pour acheter des bitcoins via Relai est de configurer des achats r\u00e9currents (hebdomadaires ou mensuels) d\u2019au moins 100 EUR\/CHF et d\u2019utiliser un code de parrainage. Cela r\u00e9duit vos frais de 2,5 % \u00e0 1,0 % pour les ordres permanents (auto-invest) inf\u00e9rieurs \u00e0 100 000 CHF\/EUR. N&rsquo;oubliez pas que les achats par carte de cr\u00e9dit entra\u00eenent des frais suppl\u00e9mentaires (1,5 % \u00e0 3,0 %).<\/p>\n<p>Les frais pour les transactions Relai Private commencent \u00e0 1 % et peuvent descendre jusqu\u2019\u00e0 0,5 %. Pour l&rsquo;envoi ou la r\u00e9ception de bitcoins, Relai ne facture pas de frais suppl\u00e9mentaires, mais les frais habituels du r\u00e9seau Bitcoin s&rsquo;appliquent.<\/p>\n<p>En mai 2023, Relai a introduit un achat de bitcoin gratuit (\u00e0 l&rsquo;exception des frais de carte de cr\u00e9dit ou des frais li\u00e9s \u00e0 d&rsquo;autres prestataires de paiement) pour les commandes entre 25 EUR\/CHF et 100 EUR\/CHF, une fois par mois. Notez que cette offre est uniquement applicable aux commandes uniques et non aux ordres auto-invest hebdomadaires ou mensuels.<\/p>\n<p>Voici un aper\u00e7u des frais de transaction de Relai :<\/p>\n<table>\n<thead>\n<tr>\n<th>Nom<\/th>\n<th>Achat<\/th>\n<th>Vente<\/th>\n<\/tr>\n<\/thead>\n<tbody>\n<tr>\n<td>Frais de base<\/td>\n<td>2.5%<\/td>\n<td>2.0%<\/td>\n<\/tr>\n<tr>\n<td>Frais de r\u00e9seau Bitcoin<\/td>\n<td>&#8211;<\/td>\n<td>\u2714\ufe0f<\/td>\n<\/tr>\n<tr>\n<td>Cr\u00e9er un plan d&rsquo;\u00e9pargne<\/td>\n<td>-0.5%<\/td>\n<td>&#8211;<\/td>\n<\/tr>\n<tr>\n<td>Appliquer un code de parrainage<\/td>\n<td>-0.5%<\/td>\n<td>-0.5%<\/td>\n<\/tr>\n<tr>\n<td>Le montant de la commande est de 100 EUR\/CHF ou plus<\/td>\n<td>-0.5%<\/td>\n<td>-0.5%<\/td>\n<\/tr>\n<tr>\n<td>Frais finaux potentiels<\/td>\n<td>1.0%<\/td>\n<td>1.0%<\/td>\n<\/tr>\n<\/tbody>\n<\/table>\n<div class=\"warning box\">\n<p>L&rsquo;ouverture de votre propre canal Lightning sur Relai entra\u00eene des frais, ce qui peut constituer un obstacle pour les transactions de petite taille. Ces co\u00fbts peuvent \u00eatre opaques, rendant difficile la pr\u00e9vision du montant exact n\u00e9cessaire. Il se peut que l&rsquo;envoi de l&rsquo;int\u00e9gralit\u00e9 du montant de votre portefeuille Relai Lightning vers une adresse externe ne soit pas possible. Des messages d&rsquo;erreur tels que \u00ab fonds insuffisants \u00bb peuvent appara\u00eetre m\u00eame lorsque vous avez un solde suffisant. Cela sugg\u00e8re des limitations sur le montant que vous pouvez transf\u00e9rer en une seule fois.<\/p>\n<\/div>\n<h2>Pays support\u00e9s par Relai<\/h2>\n<p>Relai est disponible dans tous les pays europ\u00e9ens, \u00e0 l&rsquo;exception de ceux o\u00f9 il ne peut pas \u00eatre utilis\u00e9 en raison des exigences de conformit\u00e9.<\/p>\n<h2>Relai est-il l\u00e9gitime et s\u00e9curis\u00e9 ?<\/h2>\n<p>Relai est une entreprise s\u00fbre et l\u00e9gitime. Elle op\u00e8re sous les r\u00e9gulations financi\u00e8res suisses, ce qui signifie qu&rsquo;elle respecte des normes et proc\u00e9dures rigoureuses pour prot\u00e9ger vos int\u00e9r\u00eats. Elle est membre de l&rsquo;Association des Normes des Services Financiers Suisses (VQF).<\/p>\n<p>Pour renforcer la s\u00e9curit\u00e9, le portefeuille Relai est un portefeuille non custodial. Cela signifie que la plateforme ne d\u00e9tient ni ne contr\u00f4le vos bitcoins, vous donnant un contr\u00f4le total sur vos fonds. De plus, l&rsquo;\u00e9change Relai propose \u00e9galement l&rsquo;authentification \u00e0 deux facteurs (2FA) comme couche de s\u00e9curit\u00e9 suppl\u00e9mentaire. En activant la 2FA, vous pouvez prot\u00e9ger votre compte contre les acc\u00e8s non autoris\u00e9s, r\u00e9duisant ainsi la probabilit\u00e9 d&rsquo;une activit\u00e9 non autoris\u00e9e.<\/p>\n<h2>Plus d&rsquo;informations<\/h2>\n<ul>\n<li>Relai sur <a href=\"https:\/\/twitter.com\/relai_app\" rel=\"nofollow noopener\" target=\"_blank\">Twitter<\/a><\/li>\n<li>La <a href=\"https:\/\/www.instagram.com\/relai.app\/\" rel=\"nofollow noopener\" target=\"_blank\">page Instagram<\/a> de Relai<\/li>\n<li><a href=\"https:\/\/10minutebooks.shop\/\" rel=\"nofollow noopener\" target=\"_blank\">Livre \u00e9lectronique gratuit sur le bitcoin<\/a><\/li>\n<\/ul>\n","protected":false},"excerpt":{"rendered":"<p>Relai est une application d&rsquo;investissement bitcoin uniquement qui vous permet d&rsquo;acheter et de vendre instantan\u00e9ment des bitcoins en EUR ou en CHF sans inscription, v\u00e9rification d&rsquo;identit\u00e9 et d\u00e9p\u00f4ts. Le service est disponible en plusieurs langues, dont l&rsquo;anglais, le fran\u00e7ais, l&rsquo;allemand, l&rsquo;espagnol et l&rsquo;italien.<\/p>\n","protected":false},"featured_media":189,"comment_status":"open","ping_status":"closed","template":"","meta":[],"product_brand":[],"product_cat":[40],"product_tag":[],"class_list":{"0":"post-186","1":"product","2":"type-product","3":"status-publish","4":"has-post-thumbnail","6":"product_cat-acheter-du-bitcoin","7":"","8":"woocommerce-text-align-center","9":"woocommerce-image-align-center","10":"do-quantity-buttons","12":"first","13":"instock","14":"shipping-taxable","15":"product-type-external"},"_links":{"self":[{"href":"https:\/\/h17n.com\/fr\/wp-json\/wp\/v2\/product\/186","targetHints":{"allow":["GET"]}}],"collection":[{"href":"https:\/\/h17n.com\/fr\/wp-json\/wp\/v2\/product"}],"about":[{"href":"https:\/\/h17n.com\/fr\/wp-json\/wp\/v2\/types\/product"}],"replies":[{"embeddable":true,"href":"https:\/\/h17n.com\/fr\/wp-json\/wp\/v2\/comments?post=186"}],"wp:featuredmedia":[{"embeddable":true,"href":"https:\/\/h17n.com\/fr\/wp-json\/wp\/v2\/media\/189"}],"wp:attachment":[{"href":"https:\/\/h17n.com\/fr\/wp-json\/wp\/v2\/media?parent=186"}],"wp:term":[{"taxonomy":"product_brand","embeddable":true,"href":"https:\/\/h17n.com\/fr\/wp-json\/wp\/v2\/product_brand?post=186"},{"taxonomy":"product_cat","embeddable":true,"href":"https:\/\/h17n.com\/fr\/wp-json\/wp\/v2\/product_cat?post=186"},{"taxonomy":"product_tag","embeddable":true,"href":"https:\/\/h17n.com\/fr\/wp-json\/wp\/v2\/product_tag?post=186"}],"curies":[{"name":"wp","href":"https:\/\/api.w.org\/{rel}","templated":true}]}}