{"id":182,"date":"2023-02-27T14:01:38","date_gmt":"2023-02-27T14:01:38","guid":{"rendered":"https:\/\/h17n.com\/fr\/?post_type=product&#038;p=182"},"modified":"2024-01-11T03:42:04","modified_gmt":"2024-01-11T03:42:04","slug":"cash-app","status":"publish","type":"product","link":"https:\/\/h17n.com\/fr\/acheter-du-bitcoin\/cash-app\/","title":{"rendered":"Cash App : acheter, vendre, recevoir et investir dans le bitcoin"},"content":{"rendered":"<p>Cash App est un service de paiement mobile disponible pour <a href=\"https:\/\/apps.apple.com\/us\/app\/cash-app\/id711923939\">iOS<\/a> et <a href=\"https:\/\/play.google.com\/store\/apps\/details?id=com.squareup.cash&amp;hl=en&amp;gl=US\">Android<\/a> qui fonctionne aux \u00c9tats-Unis et au Royaume-Uni. Il te permet de vendre, d&rsquo;envoyer, de recevoir et d&rsquo;acheter des bitcoins, d&rsquo;effectuer des paiements, d&rsquo;investir en utilisant le Dollar cost averaging (DCA) et de d\u00e9clarer tes imp\u00f4ts. Cash App propose aussi des <a href=\"https:\/\/h17n.com\/lightning-network\">transactions rapides comme l&rsquo;\u00e9clair<\/a>, des frais r\u00e9duits et la possibilit\u00e9 d&rsquo;utiliser des bitcoins et des Cash Boosts pour gagner des r\u00e9compenses sur tes achats.<\/p>\n<h2>Pour commencer avec Cash App<\/h2>\n<p>Pour commencer, t\u00e9l\u00e9charge Cash App sur ton appareil mobile. Tu devras ensuite entrer tes coordonn\u00e9es, comme ton num\u00e9ro de t\u00e9l\u00e9phone portable ou ton adresse e-mail. L&rsquo;appli te demandera d&rsquo;entrer le code de v\u00e9rification qui lui a \u00e9t\u00e9 envoy\u00e9. Relie ton compte bancaire \u00e0 ton Cash App avec une carte de cr\u00e9dit. Ensuite, cr\u00e9e ton $Cashtag, un identifiant unique, et entre un code postal. Tu peux prot\u00e9ger tes paiements et tes investissements avec un code d&rsquo;acc\u00e8s, TouchID ou FaceID.<\/p>\n<h2>Caract\u00e9ristiques de Bitcoin sur Cash App<\/h2>\n<ul>\n<li><strong>Acheter des bitcoins.<\/strong> L&rsquo;appli a un graphique qui montre les prix des bitcoins, leurs variations et ton solde. Ton solde doit \u00eatre positif pour acheter des bitcoins. <\/li>\n<li><strong>Vendre.<\/strong> La proc\u00e9dure de vente se d\u00e9roule en quelques tapotements sur l&rsquo;onglet Bitcoin. Tu vends des bitcoins et re\u00e7ois des fiats sur ton solde ou ta carte Cash. Cet argent peut ensuite \u00eatre d\u00e9pens\u00e9 pour ce que tu veux. <\/li>\n<li><strong>Envoi et r\u00e9ception.<\/strong> Le destinataire recevra des bitcoins sur son $Cashtag tout comme tu peux en recevoir sur le tien. <\/li>\n<li><strong>Retrait.<\/strong> Pour plus de s\u00e9curit\u00e9, tu peux retirer des bitcoins sur un <a href=\"https:\/\/h17n.com\/wallets\">portefeuille bitcoin<\/a> tiers. Le montant minimum pour les retraits est de 5 000 satoshi.<\/li>\n<li><strong>Commandes personnalis\u00e9es.<\/strong> Tu d\u00e9finis le montant pour lequel tu es pr\u00eat \u00e0 vendre ou \u00e0 acheter des bitcoins. Une fois que le montant choisi est atteint, la transaction est termin\u00e9e.<\/li>\n<li><strong>Plan Auto Invest.<\/strong> Tu peux personnaliser chaque plan avec les Ordres Standard pour r\u00e9pondre \u00e0 tes objectifs et pr\u00e9f\u00e9rences d&rsquo;investissement. Les Ordres Standard sont des paiements r\u00e9currents qui peuvent \u00eatre configur\u00e9s pour se produire automatiquement selon un calendrier que tu choisis. <\/li>\n<li><strong>Pay\u00e9 en bitcoin.<\/strong> Tu peux recevoir ton salaire en bitcoins. Tu dois acheter des bitcoins au moins une fois avant d&rsquo;utiliser cette fonction. D\u00e8s que tu as configur\u00e9 ta carte de paiement, tu peux la relier \u00e0 ton compte Paid in Bitcoin et s\u00e9lectionner la part de ton d\u00e9p\u00f4t direct que tu veux investir en bitcoins. Paid in Bitcoin investira alors automatiquement le montant que tu as s\u00e9lectionn\u00e9 en Bitcoin. <\/li>\n<li><strong>D\u00e9clarer ses imp\u00f4ts.<\/strong> Tu peux acc\u00e9der \u00e0 ton formulaire 1099-B en te connectant \u00e0 ton compte Cash App. Tu peux l&rsquo;utiliser pour d\u00e9clarer tes transactions en Bitcoin \u00e0 l&rsquo;IRS (Internal Revenue Service).<\/li>\n<\/ul>\n<div class=\"info box\">\n<p>Avec Bitcoin Boost et Cash Boost, tu peux gagner jusqu&rsquo;\u00e0 10 % de remboursement en bitcoins ou en esp\u00e8ces sur des achats s\u00e9lectionn\u00e9s chez n&rsquo;importe quel commer\u00e7ant participant. L&rsquo;achat doit \u00eatre effectu\u00e9 avec une carte Cash.<\/p>\n<\/div>\n<h2>Plus d&rsquo;informations<\/h2>\n<ul>\n<li>Suis les mises \u00e0 jour de Cash App sur <a href=\"https:\/\/twitter.com\/cashapp\">Twitter<\/a><\/li>\n<li>Cash App sur <a href=\"https:\/\/www.instagram.com\/cashapp\/\">Instagram<\/a><\/li>\n<\/ul>\n","protected":false},"excerpt":{"rendered":"<p>Cash App est une application de paiement mobile qui vous permet d&rsquo;acheter, de vendre et de recevoir des bitcoins, ainsi que de recevoir votre ch\u00e8que de paie en bitcoins. Il fonctionne aux \u00c9tats-Unis et au Royaume-Uni et est disponible en anglais et en fran\u00e7ais. Il offre \u00e9galement une vari\u00e9t\u00e9 de fonctionnalit\u00e9s, notamment une carte de paiement et un plan d&rsquo;investissement automatique.<\/p>\n","protected":false},"featured_media":185,"comment_status":"open","ping_status":"closed","template":"","meta":[],"product_brand":[],"product_cat":[40],"product_tag":[],"class_list":{"0":"post-182","1":"product","2":"type-product","3":"status-publish","4":"has-post-thumbnail","6":"product_cat-acheter-du-bitcoin","7":"","8":"woocommerce-text-align-center","9":"woocommerce-image-align-center","10":"do-quantity-buttons","12":"first","13":"instock","14":"shipping-taxable","15":"product-type-external"},"_links":{"self":[{"href":"https:\/\/h17n.com\/fr\/wp-json\/wp\/v2\/product\/182","targetHints":{"allow":["GET"]}}],"collection":[{"href":"https:\/\/h17n.com\/fr\/wp-json\/wp\/v2\/product"}],"about":[{"href":"https:\/\/h17n.com\/fr\/wp-json\/wp\/v2\/types\/product"}],"replies":[{"embeddable":true,"href":"https:\/\/h17n.com\/fr\/wp-json\/wp\/v2\/comments?post=182"}],"wp:featuredmedia":[{"embeddable":true,"href":"https:\/\/h17n.com\/fr\/wp-json\/wp\/v2\/media\/185"}],"wp:attachment":[{"href":"https:\/\/h17n.com\/fr\/wp-json\/wp\/v2\/media?parent=182"}],"wp:term":[{"taxonomy":"product_brand","embeddable":true,"href":"https:\/\/h17n.com\/fr\/wp-json\/wp\/v2\/product_brand?post=182"},{"taxonomy":"product_cat","embeddable":true,"href":"https:\/\/h17n.com\/fr\/wp-json\/wp\/v2\/product_cat?post=182"},{"taxonomy":"product_tag","embeddable":true,"href":"https:\/\/h17n.com\/fr\/wp-json\/wp\/v2\/product_tag?post=182"}],"curies":[{"name":"wp","href":"https:\/\/api.w.org\/{rel}","templated":true}]}}