{"id":178,"date":"2023-02-27T13:57:01","date_gmt":"2023-02-27T13:57:01","guid":{"rendered":"https:\/\/h17n.com\/fr\/?post_type=product&#038;p=178"},"modified":"2024-12-10T12:28:29","modified_gmt":"2024-12-10T12:28:29","slug":"bisq","status":"publish","type":"product","link":"https:\/\/h17n.com\/fr\/acheter-du-bitcoin\/bisq\/","title":{"rendered":"Bisq : un \u00e9change de bitcoins pair-\u00e0-pair"},"content":{"rendered":"<p><a href=\"https:\/\/bisq.network\/\" rel=\"nofollow noopener\" target=\"_blank\">Bisq<\/a> est un \u00e9change de bitcoins pair-\u00e0-pair d\u00e9centralis\u00e9 qui vous permet d&rsquo;acheter et de vendre des bitcoins \u00e0 l&rsquo;aide d&rsquo;un logiciel de bureau \u00e0 code source ouvert. L&rsquo;\u00e9change fonctionne sur un r\u00e9seau distribu\u00e9 de n\u0153uds, ce qui signifie qu&rsquo;il n&rsquo;y a pas de serveur central qui pourrait \u00eatre pirat\u00e9 ou mis hors service par une seule entit\u00e9. Cela rend Bisq plus r\u00e9sistant \u00e0 la censure et aux saisies, et offre aux utilisateurs une plus grande confidentialit\u00e9 et une meilleure s\u00e9curit\u00e9.<\/p>\n<blockquote>\n<p>  Bisq est un code, pas une entreprise. Il s&rsquo;agit d&rsquo;un projet open-source organis\u00e9 comme une organisation autonome d\u00e9centralis\u00e9e (OAD) construite au-dessus de Bitcoin.<\/p>\n<\/blockquote>\n<h2>Avantages de Bisq<\/h2>\n<p>Bisq offre plusieurs avantages aux utilisateurs qui \u00e9changent des bitcoins. Voici quelques-uns de ces avantages :<\/p>\n<p>L&rsquo;un des avantages les plus importants de l&rsquo;utilisation de Bisq est sa nature d\u00e9centralis\u00e9e. Contrairement aux \u00e9changes centralis\u00e9s qui n\u00e9cessitent un interm\u00e9diaire pour faciliter les transactions, Bisq est un r\u00e9seau d&rsquo;utilisateurs peer-to-peer qui fonctionne sans aucune autorit\u00e9 centrale. Cela signifie qu&rsquo;il n&rsquo;y a pas d&rsquo;interm\u00e9diaires, pas de points de d\u00e9faillance uniques et pas de contr\u00f4le central sur l&rsquo;\u00e9change, ce qui se traduit par une plus grande confidentialit\u00e9, s\u00e9curit\u00e9 et contr\u00f4le des fonds pour les utilisateurs.<\/p>\n<p>Un autre avantage cl\u00e9 de l&rsquo;utilisation de Bisq est son mod\u00e8le de s\u00e9curit\u00e9, qui utilise des transactions multi-signatures pour s&rsquo;assurer que les fonds ne sont pas d\u00e9tenus par une seule partie. De plus, le mod\u00e8le de s\u00e9curit\u00e9 de Bisq garantit que les utilisateurs d\u00e9tiennent les cl\u00e9s priv\u00e9es de leurs portefeuilles Bitcoin, ce qui signifie qu&rsquo;ils ont un contr\u00f4le total sur leurs fonds.<\/p>\n<p>Contrairement aux \u00e9changes centralis\u00e9s qui obligent les utilisateurs \u00e0 passer par un processus KYC (connaissance du client) et \u00e0 fournir des informations personnelles, Bisq ne collecte aucune donn\u00e9e utilisateur et n&rsquo;exige pas KYC. Au lieu de cela, les utilisateurs peuvent \u00e9changer sans r\u00e9v\u00e9ler leur identit\u00e9 ou leurs informations personnelles \u00e0 qui que ce soit, ce qui est un avantage significatif pour ceux qui attachent de l&rsquo;importance \u00e0 leur vie priv\u00e9e.<\/p>\n<p>De plus, Bisq utilise Tor, un logiciel gratuit qui aide \u00e0 prot\u00e9ger la confidentialit\u00e9 et l&rsquo;anonymat en ligne des utilisateurs. Tor garantit que le trafic Internet des utilisateurs est achemin\u00e9 via un r\u00e9seau de serveurs, ce qui rend difficile pour quiconque de suivre ou de retracer les transactions des utilisateurs.<\/p>\n<div class=\"action box\">\n<p>Lisez aussi: <a href=\"https:\/\/h17n.com\/fr\/robosats-vs-bisq\/\">RoboSats vs. Bisq : \u00c9changes Bitcoin P2P sans KYC<\/a><\/p>\n<\/div>\n<h2>Comment fonctionne Bisq<\/h2>\n<p>Les utilisateurs <a href=\"https:\/\/bisq.network\/downloads\" rel=\"nofollow noopener\" target=\"_blank\">t\u00e9l\u00e9chargent<\/a> et installent le logiciel Bisq sur leur ordinateur. Ils peuvent ensuite cr\u00e9er des comptes et consulter les offres d&rsquo;achat ou de vente de bitcoins sur le r\u00e9seau. Bisq exige un d\u00e9p\u00f4t de garantie en bitcoins des deux partenaires commerciaux en tant que forme de s\u00e9questre afin d&rsquo;encourager les deux partenaires commerciaux \u00e0 se comporter de bonne foi. C&rsquo;est aussi pourquoi vous devez avoir des bitcoins pour commencer \u00e0 trader sur Bisq. Une fois qu&rsquo;un \u00e9change est termin\u00e9, les deux parties se laissent des commentaires, ce qui aide \u00e0 \u00e9tablir des scores de r\u00e9putation pour chaque utilisateur.<\/p>\n<p>Bisq utilise un syst\u00e8me d&rsquo;entiercement multisignature pour garantir que les fonds ne sont pas d\u00e9tenus par une seule partie afin de s\u00e9curiser vos fonds. Lorsqu&rsquo;une transaction est initi\u00e9e, l&rsquo;acheteur et le vendeur d\u00e9posent chacun leurs fonds dans une adresse de d\u00e9p\u00f4t fiduciaire multisignature 2 sur 3. Cela signifie que deux cl\u00e9s sur trois sont n\u00e9cessaires pour transf\u00e9rer les fonds, une cl\u00e9 \u00e9tant d\u00e9tenue par l&rsquo;acheteur, une cl\u00e9 par le vendeur et la troisi\u00e8me cl\u00e9 par Bisq. Cela garantit que ni l&rsquo;acheteur ni le vendeur ne peuvent contr\u00f4ler unilat\u00e9ralement les fonds et que Bisq agit en tant que tierce partie neutre pour r\u00e9soudre les litiges si n\u00e9cessaire.<\/p>\n<p>Une fois les fonds bloqu\u00e9s dans le syst\u00e8me d&rsquo;entiercemen multisig, l&rsquo;acheteur envoie son paiement au vendeur en utilisant une m\u00e9thode de paiement convenue par les deux parties. Le vendeur confirme ensuite la r\u00e9ception du paiement et l&rsquo;acheteur dispose d&rsquo;un d\u00e9lai pr\u00e9d\u00e9termin\u00e9 pour examiner les crypto-monnaies re\u00e7ues et lib\u00e9rer les fonds au profit du vendeur ou entamer une proc\u00e9dure de contestation.<\/p>\n<p>En cas de litige, l&rsquo;affaire est port\u00e9e devant un arbitre qui a acc\u00e8s \u00e0 la troisi\u00e8me cl\u00e9. L&rsquo;arbitre examine les preuves fournies par les deux parties et prend une d\u00e9cision sur la mani\u00e8re de r\u00e9soudre le litige. Si l&rsquo;arbitre donne raison \u00e0 l&rsquo;acheteur, les fonds lui sont restitu\u00e9s. Si l&rsquo;arbitre se prononce en faveur du vendeur, les fonds sont d\u00e9bloqu\u00e9s au profit du vendeur.<\/p>\n<p>Comme Bisq est une application de bureau, ses applications Android et iOS vous permettent uniquement de recevoir des notifications essentielles comme les mises \u00e0 jour des transactions et les alertes d&rsquo;offres, m\u00eame lorsque tu n&rsquo;es pas \u00e0 proximit\u00e9 de ton ordinateur.<\/p>\n<div class=\"warning box\">\n<p>Bisq n&rsquo;utilise pas de correspondance informatis\u00e9e des commandes et les transactions sont r\u00e9gl\u00e9es manuellement par des personnes. En cons\u00e9quence, les transactions ne sont pas conclues aussi rapidement qu&rsquo;elles le seraient sur des bourses centralis\u00e9es, bien qu&rsquo;elles puissent encore \u00eatre ex\u00e9cut\u00e9es relativement rapidement. Certaines options de paiement sont instantan\u00e9es, tandis que d&rsquo;autres peuvent prendre plusieurs jours (par exemple, SEPA).<\/p>\n<\/div>\n<h2>Frais de Bisq<\/h2>\n<p>Lorsque l&rsquo;on utilise la plateforme Bisq pour \u00e9changer des bitcoins, il y a des frais dont les utilisateurs doivent \u00eatre conscients. Les frais de transaction sont calcul\u00e9s en pourcentage de la taille de la transaction et varient selon que l&rsquo;utilisateur est un \u00ab\u00a0maker\u00a0\u00bb ou un \u00ab\u00a0taker\u00a0\u00bb. Les \u00ab\u00a0makers\u00a0\u00bb paient 0,1 % de frais, tandis que les \u00ab\u00a0takers\u00a0\u00bb paient 0,7 % de frais, s&rsquo;ils sont pay\u00e9s en BTC. Cependant, s&rsquo;ils sont pay\u00e9s en BSQ (la crypto native du r\u00e9seau Bisq), les frais sont approximativement la moiti\u00e9 des frais en BTC.<\/p>\n<p>Outre les frais d&rsquo;\u00e9change, les utilisateurs doivent \u00e9galement s&rsquo;attendre \u00e0 payer des frais d&rsquo;exploitation mini\u00e8re pour les transactions sur la cha\u00eene, ainsi qu&rsquo;un d\u00e9p\u00f4t pour s&rsquo;engager dans le d\u00e9p\u00f4t fiduciaire multisig. Le d\u00e9p\u00f4t est enti\u00e8rement rembours\u00e9 lorsque la transaction est termin\u00e9e avec succ\u00e8s. Dans l&rsquo;ensemble, bien que l&rsquo;utilisation de Bisq entra\u00eene des frais, ceux-ci sont g\u00e9n\u00e9ralement inf\u00e9rieurs \u00e0 ceux factur\u00e9s par les bourses centralis\u00e9es, et les utilisateurs b\u00e9n\u00e9ficient d&rsquo;une plus grande confidentialit\u00e9, d&rsquo;une plus grande s\u00e9curit\u00e9 et d&rsquo;un meilleur contr\u00f4le de leurs fonds.<\/p>\n<div class=\"action box\">\n<p>Un \u00ab\u00a0maker\u00a0\u00bb est un utilisateur qui cr\u00e9e une offre d&rsquo;achat ou de vente de bitcoins sur la plateforme et paie des frais de n\u00e9gociation inf\u00e9rieurs lorsque son offre est accept\u00e9e. Un \u00ab\u00a0taker\u00a0\u00bb est un utilisateur qui accepte une offre existante du carnet d&rsquo;ordres cr\u00e9\u00e9 par un fabricant et paie des frais de n\u00e9gociation plus \u00e9lev\u00e9s pour l&rsquo;ex\u00e9cution imm\u00e9diate de la transaction.<\/p>\n<\/div>\n<h2>Diff\u00e9rences entre Bisq et les autres \u00e9changes centralis\u00e9s<\/h2>\n<ul>\n<li>Bisq ne d\u00e9tient aucun bitcoin. Tous les bitcoins utilis\u00e9s pour les \u00e9changes sont stock\u00e9s dans des adresses multisignatures 2 sur 2 qui sont enti\u00e8rement d\u00e9tenues par les pairs qui \u00e9changent.<\/li>\n<li>Bisq ne poss\u00e8de pas de monnaie nationale. Les syst\u00e8mes bancaires et de paiement traditionnels sont utilis\u00e9s pour transf\u00e9rer la monnaie nationale directement d&rsquo;un trader \u00e0 l&rsquo;autre.<\/li>\n<li>Les donn\u00e9es Bisq sont envoy\u00e9es sur son propre r\u00e9seau peer-to-peer s\u00e9curis\u00e9, qui est construit au-dessus du r\u00e9seau Tor. Il n&rsquo;y a pas de serveurs centraux. Comme il n&rsquo;y a pas de <a href=\"https:\/\/fr.wikipedia.org\/wiki\/Honeypot\" rel=\"nofollow noopener\" target=\"_blank\">honeypots de donn\u00e9es<\/a>, les attaques \u00e0 grande \u00e9chelle sur les bases de donn\u00e9es d&rsquo;informations sur les clients sont impossibles.<\/li>\n<li>Bisq ne sait rien des traders qui utilisent son r\u00e9seau, et aucune information sur qui n\u00e9gocie avec qui n&rsquo;est stock\u00e9e.<\/li>\n<li>Bisq ne n\u00e9cessite pas d&rsquo;inscription, ce qui prot\u00e8ge votre vie priv\u00e9e et vous permet de commencer \u00e0 n\u00e9gocier imm\u00e9diatement.<\/li>\n<li>Bisq est un code, pas une entreprise. C&rsquo;est un projet open-source bas\u00e9 sur Bitcoin qui est organis\u00e9 comme une organisation autonome d\u00e9centralis\u00e9e (OAD).<\/li>\n<\/ul>\n<div class=\"container-lazyload preview-lazyload container-youtube js-lazyload--not-loaded\"><a href=\"https:\/\/www.youtube.com\/watch?v=e4-RtLVasmE\" class=\"lazy-load-youtube preview-lazyload preview-youtube\" data-video-title=\"Tutoriel BISQ - partie 1 [BTC 205]\" title=\"Play video &quot;Tutoriel BISQ - partie 1 [BTC 205]&quot;\">https:\/\/www.youtube.com\/watch?v=e4-RtLVasmE<\/a><noscript>Video can&rsquo;t be loaded because JavaScript is disabled: <a href=\"https:\/\/www.youtube.com\/watch?v=e4-RtLVasmE\" title=\"Tutoriel BISQ - partie 1 [BTC 205]\">Tutoriel BISQ &#8211; partie 1 [BTC 205] (https:\/\/www.youtube.com\/watch?v=e4-RtLVasmE)<\/a><\/noscript><\/div>\n<h2>Alternatives \u00e0 Bisq<\/h2>\n<div class=\"woocommerce columns-3 \"><ul class=\"products columns-3\">\n<li class=\"woocommerce-text-align-center woocommerce-image-align-center do-quantity-buttons product type-product post-689 status-publish first instock product_cat-acheter-du-bitcoin has-post-thumbnail shipping-taxable product-type-external\">\n\t<a href=\"https:\/\/h17n.com\/fr\/acheter-du-bitcoin\/agoradesk\/\" class=\"woocommerce-LoopProduct-link woocommerce-loop-product__link\"><img loading=\"lazy\" decoding=\"async\" width=\"300\" height=\"300\" src=\"https:\/\/h17n.com\/fr\/wp-content\/uploads\/sites\/2\/2023\/05\/agora-300x300.webp\" class=\"attachment-woocommerce_thumbnail size-woocommerce_thumbnail\" alt=\"AgoraDesk : un \u00e9change de bitcoins sans KYC\" srcset=\"https:\/\/h17n.com\/fr\/wp-content\/uploads\/sites\/2\/2023\/05\/agora-300x300.webp 300w, https:\/\/h17n.com\/fr\/wp-content\/uploads\/sites\/2\/2023\/05\/agora-150x150.webp 150w, https:\/\/h17n.com\/fr\/wp-content\/uploads\/sites\/2\/2023\/05\/agora-100x100.webp 100w\" sizes=\"auto, (max-width: 300px) 100vw, 300px\" \/><h2 class=\"woocommerce-loop-product__title\">AgoraDesk : un \u00e9change de bitcoins sans KYC<\/h2>\n            <div class=\"star-rating\" title=\"Pas encore not\u00e9\"><span style=\"width:0%\"><strong class=\"rating\">0<\/strong> sur 5<\/span><\/div>        <a href=\"https:\/\/h17n.com\/fr\/acheter-du-bitcoin\/agoradesk\/#reviews\" class=\"woocommerce-review-link\" rel=\"nofollow\">(0)<\/a>\n\n\n<\/a><a href=\"https:\/\/agoradesk.com\/\" aria-describedby=\"woocommerce_loop_add_to_cart_link_describedby_689\" data-quantity=\"1\" class=\"button product_type_external\" data-product_id=\"689\" data-product_sku=\"\" aria-label=\"D\u00e9couvrir AgoraDesk\" rel=\"nofollow\">D\u00e9couvrir AgoraDesk<\/a>\t<span id=\"woocommerce_loop_add_to_cart_link_describedby_689\" class=\"screen-reader-text\">\n\t\t\t<\/span>\n<\/li>\n<li class=\"woocommerce-text-align-center woocommerce-image-align-center do-quantity-buttons product type-product post-191 status-publish instock product_cat-acheter-du-bitcoin has-post-thumbnail shipping-taxable product-type-external\">\n\t<a href=\"https:\/\/h17n.com\/fr\/acheter-du-bitcoin\/hodl-hodl\/\" class=\"woocommerce-LoopProduct-link woocommerce-loop-product__link\"><img loading=\"lazy\" decoding=\"async\" width=\"300\" height=\"300\" src=\"https:\/\/h17n.com\/fr\/wp-content\/uploads\/sites\/2\/2023\/02\/hodl-hodl-300x300.jpg\" class=\"attachment-woocommerce_thumbnail size-woocommerce_thumbnail\" alt=\"Hodl Hodl : une plateforme de trading de bitcoins\" srcset=\"https:\/\/h17n.com\/fr\/wp-content\/uploads\/sites\/2\/2023\/02\/hodl-hodl-300x300.jpg 300w, https:\/\/h17n.com\/fr\/wp-content\/uploads\/sites\/2\/2023\/02\/hodl-hodl-1024x1024.jpg 1024w, https:\/\/h17n.com\/fr\/wp-content\/uploads\/sites\/2\/2023\/02\/hodl-hodl-150x150.jpg 150w, https:\/\/h17n.com\/fr\/wp-content\/uploads\/sites\/2\/2023\/02\/hodl-hodl-768x768.jpg 768w, https:\/\/h17n.com\/fr\/wp-content\/uploads\/sites\/2\/2023\/02\/hodl-hodl-120x120.jpg 120w, https:\/\/h17n.com\/fr\/wp-content\/uploads\/sites\/2\/2023\/02\/hodl-hodl-600x600.jpg 600w, https:\/\/h17n.com\/fr\/wp-content\/uploads\/sites\/2\/2023\/02\/hodl-hodl-100x100.jpg 100w, https:\/\/h17n.com\/fr\/wp-content\/uploads\/sites\/2\/2023\/02\/hodl-hodl.jpg 1280w\" sizes=\"auto, (max-width: 300px) 100vw, 300px\" \/><h2 class=\"woocommerce-loop-product__title\">Hodl Hodl : une plateforme de trading de bitcoins<\/h2>\n            <div class=\"star-rating\" title=\"Pas encore not\u00e9\"><span style=\"width:0%\"><strong class=\"rating\">0<\/strong> sur 5<\/span><\/div>        <a href=\"https:\/\/h17n.com\/fr\/acheter-du-bitcoin\/hodl-hodl\/#reviews\" class=\"woocommerce-review-link\" rel=\"nofollow\">(0)<\/a>\n\n\n<\/a><a href=\"https:\/\/hodlhodl.com\/\" aria-describedby=\"woocommerce_loop_add_to_cart_link_describedby_191\" data-quantity=\"1\" class=\"button product_type_external\" data-product_id=\"191\" data-product_sku=\"\" aria-label=\"D\u00e9couvrir Hodl Hodl\" rel=\"nofollow\">D\u00e9couvrir Hodl Hodl<\/a>\t<span id=\"woocommerce_loop_add_to_cart_link_describedby_191\" class=\"screen-reader-text\">\n\t\t\t<\/span>\n<\/li>\n<\/ul>\n<\/div>\n","protected":false},"excerpt":{"rendered":"<p>Bisq est une plateforme d\u00e9centralis\u00e9e d&rsquo;achat et de vente de bitcoins qui fonctionne sur la base d&rsquo;un r\u00e9seau pair-\u00e0-pair et d&rsquo;un logiciel de bureau \u00e0 code source ouvert.<\/p>\n","protected":false},"featured_media":181,"comment_status":"open","ping_status":"closed","template":"","meta":[],"product_brand":[],"product_cat":[40,287],"product_tag":[],"class_list":{"0":"post-178","1":"product","2":"type-product","3":"status-publish","4":"has-post-thumbnail","6":"product_cat-acheter-du-bitcoin","7":"product_cat-onfidentialite","8":"","9":"woocommerce-text-align-center","10":"woocommerce-image-align-center","11":"do-quantity-buttons","13":"first","14":"instock","15":"shipping-taxable","16":"product-type-external"},"_links":{"self":[{"href":"https:\/\/h17n.com\/fr\/wp-json\/wp\/v2\/product\/178","targetHints":{"allow":["GET"]}}],"collection":[{"href":"https:\/\/h17n.com\/fr\/wp-json\/wp\/v2\/product"}],"about":[{"href":"https:\/\/h17n.com\/fr\/wp-json\/wp\/v2\/types\/product"}],"replies":[{"embeddable":true,"href":"https:\/\/h17n.com\/fr\/wp-json\/wp\/v2\/comments?post=178"}],"wp:featuredmedia":[{"embeddable":true,"href":"https:\/\/h17n.com\/fr\/wp-json\/wp\/v2\/media\/181"}],"wp:attachment":[{"href":"https:\/\/h17n.com\/fr\/wp-json\/wp\/v2\/media?parent=178"}],"wp:term":[{"taxonomy":"product_brand","embeddable":true,"href":"https:\/\/h17n.com\/fr\/wp-json\/wp\/v2\/product_brand?post=178"},{"taxonomy":"product_cat","embeddable":true,"href":"https:\/\/h17n.com\/fr\/wp-json\/wp\/v2\/product_cat?post=178"},{"taxonomy":"product_tag","embeddable":true,"href":"https:\/\/h17n.com\/fr\/wp-json\/wp\/v2\/product_tag?post=178"}],"curies":[{"name":"wp","href":"https:\/\/api.w.org\/{rel}","templated":true}]}}