{"id":175,"date":"2023-02-27T13:53:38","date_gmt":"2023-02-27T13:53:38","guid":{"rendered":"https:\/\/h17n.com\/fr\/?post_type=product&#038;p=175"},"modified":"2023-05-23T07:57:59","modified_gmt":"2023-05-23T07:57:59","slug":"azteco","status":"publish","type":"product","link":"https:\/\/h17n.com\/fr\/acheter-du-bitcoin\/azteco\/","title":{"rendered":"Azteco : une plateforme de bons bitcoin"},"content":{"rendered":"<p><a href=\"https:\/\/azte.co\/\" rel=\"nofollow noopener\" target=\"_blank\">Azteco<\/a> est une plateforme de bons qui vous permet d&rsquo;acheter des bitcoins de fa\u00e7on anonyme chez les d\u00e9taillants Azteco participants ou en ligne. C&rsquo;est la m\u00eame chose que de recharger un t\u00e9l\u00e9phone avec un bon bitcoin. Votre bitcoin sera envoy\u00e9 \u00e0 l&rsquo;adresse Bitcoin que vous avez indiqu\u00e9e. Vous pouvez acheter des bons en cha\u00eene et des bons de r\u00e9seau Lightning. Les bons sont disponibles dans une vari\u00e9t\u00e9 de d\u00e9nominations.<\/p>\n<h2>Comment cela fonctionne<\/h2>\n<ul>\n<li>Cherchez un <a href=\"https:\/\/azte.co\/find_a_vendor\" rel=\"nofollow noopener\" target=\"_blank\">vendeur Azteco<\/a><\/li>\n<li>Allez chez un vendeur pr\u00e8s de chez vous et achetez un bon<\/li>\n<li>Visitez le site Web Azteco pour l&rsquo;\u00e9changer. En entrant le code du bon sur le site Web Azteco, les bons peuvent ensuite \u00eatre \u00e9chang\u00e9s contre des bitcoins<\/li>\n<\/ul>\n<p>Vous pouvez aussi scanner le code QR sur le bon si vous utilisez <a href=\"https:\/\/h17n.com\/fr\/portefeuilles-mobiles\/bluewallet\/\" target=\"_blank\" rel=\"noopener\">BlueWallet<\/a>, <a href=\"https:\/\/h17n.com\/fr\/portefeuilles-mobiles\/muun\/\" target=\"_blank\" rel=\"noopener\">Muun<\/a>, Phoenix, Breez, Zeus, Zebedee, Wallet of Satoshi, etc., et recevoir votre bitcoin instantan\u00e9ment.<\/p>\n<h2>Avantages d&rsquo;Azteco<\/h2>\n<p>Azteco peut vous \u00eatre utile si vous voulez acheter du bitcoin mais que vous n&rsquo;avez pas de compte bancaire\/de carte de cr\u00e9dit, ou si vous souhaitez garder vos achats priv\u00e9s. De plus, on peut \u00e9viter d&rsquo;avoir \u00e0 fournir des informations personnelles \u00e0 un \u00e9change de crypto-monnaie en achetant de bitcoins avec un bon.<\/p>\n<p>Un autre avantage est que l&rsquo;achat d&rsquo;un bon est moins intimidant que l&rsquo;achat direct aupr\u00e8s d&rsquo;un \u00e9change, car il est similaire \u00e0 une recharge t\u00e9l\u00e9phonique, ce qui est courant dans de nombreuses r\u00e9gions du monde.<\/p>\n<p>En outre, vous pouvez utiliser Azteco pour envoyer de l&rsquo;argent \u00e0 vos proches. Vous achetez simplement un bon bitcoin, puis envoyez le num\u00e9ro du bon \u00e0 votre destinataire qui peut ensuite l&rsquo;\u00e9changer contre du bitcoin instantan\u00e9ment sur le site Web.<\/p>\n<h2>Azteco pour les commer\u00e7ants<\/h2>\n<p>Azteco offre aussi aux commer\u00e7ants un moyen de vendre des bitcoins \u00e0 leurs clients. Vous n&rsquo;avez pas besoin d&rsquo;un nouvel \u00e9quipement pour commencer \u00e0 vendre des bons Azteco. En tant que vendeur Azteco, vous pouvez approvisionner votre compte \u00e0 tout moment avec le programme Pay As You Go. Vous n&rsquo;interagissez pas avec le bitcoin ou n&rsquo;avez pas \u00e0 vous soucier du taux de change ; au lieu de cela, vous imprimez simplement des bons \u00e0 partir de votre solde de recharge. De plus, vous n&rsquo;avez pas besoin d&rsquo;un compte marchand. Cela signifie que vous pouvez commencer \u00e0 vendre imm\u00e9diatement apr\u00e8s le rechargement. Vous pouvez gagner 3% sur chaque vente.<\/p>\n<h2>Frais d&rsquo;Azteco<\/h2>\n<p>Azteco facture des frais pour l&rsquo;achat de bons en bitcoins. Les frais sp\u00e9cifiques seront d\u00e9termin\u00e9s par la valeur du bon et le lieu de l&rsquo;achat. Les bons <a href=\"https:\/\/h17n.com\/fr\/reseau-lightning\/\" target=\"_blank\" rel=\"noopener\">Lightning<\/a> sont instantan\u00e9s et sans frais de r\u00e9seau.<\/p>\n<h2>Alternative \u00e0 Azteco<\/h2>\n<div class=\"woocommerce \"><ul class=\"products columns-4\">\n<li class=\"woocommerce-text-align-center woocommerce-image-align-center do-quantity-buttons product type-product post-236 status-publish first instock product_cat-acheter-du-bitcoin product_cat-bons-bitcoin has-post-thumbnail shipping-taxable product-type-external\">\n\t<a href=\"https:\/\/h17n.com\/fr\/acheter-du-bitcoin\/crypto-voucher\/\" class=\"woocommerce-LoopProduct-link woocommerce-loop-product__link\"><img loading=\"lazy\" decoding=\"async\" width=\"300\" height=\"300\" src=\"https:\/\/h17n.com\/fr\/wp-content\/uploads\/sites\/2\/2023\/02\/crypto-voucher-1-300x300.jpg\" class=\"attachment-woocommerce_thumbnail size-woocommerce_thumbnail\" alt=\"Cryptovoucher.io : acheter des bons bitcoin\" srcset=\"https:\/\/h17n.com\/fr\/wp-content\/uploads\/sites\/2\/2023\/02\/crypto-voucher-1-300x300.jpg 300w, https:\/\/h17n.com\/fr\/wp-content\/uploads\/sites\/2\/2023\/02\/crypto-voucher-1-150x150.jpg 150w, https:\/\/h17n.com\/fr\/wp-content\/uploads\/sites\/2\/2023\/02\/crypto-voucher-1-120x120.jpg 120w, https:\/\/h17n.com\/fr\/wp-content\/uploads\/sites\/2\/2023\/02\/crypto-voucher-1-100x100.jpg 100w\" sizes=\"auto, (max-width: 300px) 100vw, 300px\" \/><h2 class=\"woocommerce-loop-product__title\">Cryptovoucher.io : acheter des bons bitcoin<\/h2>\n            <div class=\"star-rating\" title=\"Pas encore not\u00e9\"><span style=\"width:0%\"><strong class=\"rating\">0<\/strong> sur 5<\/span><\/div>        <a href=\"https:\/\/h17n.com\/fr\/acheter-du-bitcoin\/crypto-voucher\/#reviews\" class=\"woocommerce-review-link\" rel=\"nofollow\">(0)<\/a>\n\n\n<\/a><a href=\"https:\/\/cryptovoucher.io?refm=ndesanjo\" aria-describedby=\"woocommerce_loop_add_to_cart_link_describedby_236\" data-quantity=\"1\" class=\"button product_type_external\" data-product_id=\"236\" data-product_sku=\"\" aria-label=\"D\u00e9couvrir Crypto Voucher\" rel=\"nofollow\">D\u00e9couvrir Crypto Voucher<\/a>\t<span id=\"woocommerce_loop_add_to_cart_link_describedby_236\" class=\"screen-reader-text\">\n\t\t\t<\/span>\n<\/li>\n<\/ul>\n<\/div>\n<h2>Plus d&rsquo;informations<\/h2>\n<ul>\n<li><a href=\"https:\/\/azte.co\/find_a_vendor\" rel=\"nofollow noopener\" target=\"_blank\">Trouve un vendeur Azteco pr\u00e8s de chez toi<\/a><\/li>\n<li><a href=\"https:\/\/azte.co\/vendor_application\" rel=\"nofollow noopener\" target=\"_blank\">Devenir vendeur Azteco<\/a><\/li>\n<\/ul>\n","protected":false},"excerpt":{"rendered":"<p>Azteco est une plateforme de bons bitcoin qui vous permet d&rsquo;acheter des bitcoins chez les d\u00e9taillants Azteco participants ou en ligne. C&rsquo;est la m\u00eame chose que de recharger un t\u00e9l\u00e9phone mobile avec un bon bitcoin. Il propose \u00e0 la fois des bons en cha\u00eene et r\u00e9seau Lightning. Avec Azteco, les particuliers peuvent d\u00e9sormais acheter des bitcoins sans avoir besoin d&rsquo;un compte bancaire ou d&rsquo;une carte de cr\u00e9dit.<\/p>\n","protected":false},"featured_media":173,"comment_status":"open","ping_status":"closed","template":"","meta":[],"product_brand":[],"product_cat":[40,312,42],"product_tag":[],"class_list":{"0":"post-175","1":"product","2":"type-product","3":"status-publish","4":"has-post-thumbnail","6":"product_cat-acheter-du-bitcoin","7":"product_cat-bons-bitcoin","8":"product_cat-envois-de-fonds","9":"","10":"woocommerce-text-align-center","11":"woocommerce-image-align-center","12":"do-quantity-buttons","14":"first","15":"instock","16":"shipping-taxable","17":"product-type-external"},"_links":{"self":[{"href":"https:\/\/h17n.com\/fr\/wp-json\/wp\/v2\/product\/175","targetHints":{"allow":["GET"]}}],"collection":[{"href":"https:\/\/h17n.com\/fr\/wp-json\/wp\/v2\/product"}],"about":[{"href":"https:\/\/h17n.com\/fr\/wp-json\/wp\/v2\/types\/product"}],"replies":[{"embeddable":true,"href":"https:\/\/h17n.com\/fr\/wp-json\/wp\/v2\/comments?post=175"}],"wp:featuredmedia":[{"embeddable":true,"href":"https:\/\/h17n.com\/fr\/wp-json\/wp\/v2\/media\/173"}],"wp:attachment":[{"href":"https:\/\/h17n.com\/fr\/wp-json\/wp\/v2\/media?parent=175"}],"wp:term":[{"taxonomy":"product_brand","embeddable":true,"href":"https:\/\/h17n.com\/fr\/wp-json\/wp\/v2\/product_brand?post=175"},{"taxonomy":"product_cat","embeddable":true,"href":"https:\/\/h17n.com\/fr\/wp-json\/wp\/v2\/product_cat?post=175"},{"taxonomy":"product_tag","embeddable":true,"href":"https:\/\/h17n.com\/fr\/wp-json\/wp\/v2\/product_tag?post=175"}],"curies":[{"name":"wp","href":"https:\/\/api.w.org\/{rel}","templated":true}]}}