{"id":164,"date":"2023-02-27T12:26:05","date_gmt":"2023-02-27T12:26:05","guid":{"rendered":"https:\/\/h17n.com\/fr\/?post_type=product&#038;p=164"},"modified":"2023-05-09T10:48:46","modified_gmt":"2023-05-09T10:48:46","slug":"send-globally","status":"publish","type":"product","link":"https:\/\/h17n.com\/fr\/envois-de-fonds\/send-globally\/","title":{"rendered":"Send Globally : un transfert d&rsquo;argent via le r\u00e9seau Lightning"},"content":{"rendered":"<p>Send Globally est un nouveau service de <a href=\"https:\/\/h17n.com\/fr\/acheter-du-bitcoin\/coincorner\/\" target=\"_blank\" rel=\"noopener\">CoinCorner<\/a>, un \u00e9change de bitcoins uniquement qui permet aux utilisateurs poss\u00e9dant une livre sterling (GBP) ou un euro (EUR) de transf\u00e9rer des fonds librement et instantan\u00e9ment au Nigeria, au Kenya, au Ghana et aux Philippines via le r\u00e9seau Lightning. Dans ces pays, les destinataires recevront la monnaie locale sur leur compte bancaire local ou leur portefeuille d&rsquo;argent mobile.<\/p>\n<div class=\"woocommerce \"><ul class=\"products columns-4\">\n<li class=\"woocommerce-text-align-center woocommerce-image-align-center do-quantity-buttons product type-product post-155 status-publish first instock product_cat-acheter-du-bitcoin has-post-thumbnail shipping-taxable product-type-external\">\n\t<a href=\"https:\/\/h17n.com\/fr\/acheter-du-bitcoin\/coincorner\/\" class=\"woocommerce-LoopProduct-link woocommerce-loop-product__link\"><img loading=\"lazy\" decoding=\"async\" width=\"300\" height=\"300\" src=\"https:\/\/h17n.com\/fr\/wp-content\/uploads\/sites\/2\/2023\/02\/coincorner-300x300.jpg\" class=\"attachment-woocommerce_thumbnail size-woocommerce_thumbnail\" alt=\"CoinCorner : un \u00e9change de bitcoins\" srcset=\"https:\/\/h17n.com\/fr\/wp-content\/uploads\/sites\/2\/2023\/02\/coincorner-300x300.jpg 300w, https:\/\/h17n.com\/fr\/wp-content\/uploads\/sites\/2\/2023\/02\/coincorner-150x150.jpg 150w, https:\/\/h17n.com\/fr\/wp-content\/uploads\/sites\/2\/2023\/02\/coincorner-100x100.jpg 100w\" sizes=\"auto, (max-width: 300px) 100vw, 300px\" \/><h2 class=\"woocommerce-loop-product__title\">CoinCorner : un \u00e9change de bitcoins<\/h2>\n            <div class=\"star-rating\" title=\"Pas encore not\u00e9\"><span style=\"width:0%\"><strong class=\"rating\">0<\/strong> sur 5<\/span><\/div>        <a href=\"https:\/\/h17n.com\/fr\/acheter-du-bitcoin\/coincorner\/#reviews\" class=\"woocommerce-review-link\" rel=\"nofollow\">(0)<\/a>\n\n\n<\/a><a href=\"https:\/\/www.coincorner.com\/\" aria-describedby=\"woocommerce_loop_add_to_cart_link_describedby_155\" data-quantity=\"1\" class=\"button product_type_external\" data-product_id=\"155\" data-product_sku=\"\" aria-label=\"Visiter CoinCorner\" rel=\"nofollow\">Visiter CoinCorner<\/a>\t<span id=\"woocommerce_loop_add_to_cart_link_describedby_155\" class=\"screen-reader-text\">\n\t\t\t<\/span>\n<\/li>\n<\/ul>\n<\/div>\n<h2>Comment fonctionne Send Globally<\/h2>\n<p>Pour utiliser Send Globally, ouvrez d&rsquo;abord l&rsquo;application mobile, disponible pour Android et iOS, et naviguez jusqu&rsquo;\u00e0 l&rsquo;onglet Send. S\u00e9lectionnez Envoyer globalement parmi les options disponibles. S\u00e9lectionnez le pays auquel vous envoyez des fonds dans le menu d\u00e9roulant et saisissez le montant dans la case ci-dessous. Vous pouvez choisir si les fonds doivent \u00eatre d\u00e9duits de votre solde en GBP ou en EUR \u00e0 l&rsquo;aide du bouton situ\u00e9 \u00e0 droite de cette case. Remplissez les cases ci-dessous pour d\u00e9signer le destinataire des fonds transf\u00e9r\u00e9s, puis cliquez sur le bouton Confirmer si vous \u00eates satisfait des informations concernant le destinataire.<\/p>\n<p>Avant que les fonds ne soient transf\u00e9r\u00e9s, une confirmation d&rsquo;envoi appara\u00eetra \u00e0 l&rsquo;\u00e9cran pour que vous la r\u00e9visiez. Cette confirmation comprendra le montant transf\u00e9r\u00e9 et re\u00e7u, le montant en bitcoins transf\u00e9r\u00e9, ainsi que le nom et les informations de compte du destinataire. Si vous \u00eates satisfait de la confirmation d&rsquo;envoi, vous aurez 30 secondes pour confirmer le paiement en cliquant sur le bouton Envoyer.<\/p>\n<p>Votre solde CoinCorner GBP\/EUR sera d\u00e9duit et converti en bitcoins avant d&rsquo;\u00eatre envoy\u00e9 via le Lightning Network. Lorsque le bitcoin est re\u00e7u par l&rsquo;un des partenaires de CoinCorner, il est instantan\u00e9ment converti dans la monnaie locale (NGN, KES, GHS ou PHP) et le destinataire re\u00e7oit les fonds dans sa monnaie locale directement sur son compte bancaire ou dans son portefeuille d&rsquo;argent mobile.<\/p>\n<h2>Frais<\/h2>\n<p>CoinCorner ne facture pas de frais, mais ses partenaires peuvent en facturer. Ces frais seront affich\u00e9s avant l&rsquo;envoi.<\/p>\n","protected":false},"excerpt":{"rendered":"<p>Send Globally de CoinCorner, une nouvelle fonctionnalit\u00e9 de l&rsquo;\u00e9change Bitcoin, permet aux utilisateurs d\u00e9tenant des livres sterling (GBP) ou des euros (EUR) d&rsquo;effectuer des transferts de fonds instantan\u00e9s et transparents vers le Nigeria, le Kenya, le Ghana et les Philippines via le r\u00e9seau Lightning.<\/p>\n","protected":false},"featured_media":683,"comment_status":"open","ping_status":"closed","template":"","meta":[],"product_brand":[],"product_cat":[40,42],"product_tag":[],"class_list":{"0":"post-164","1":"product","2":"type-product","3":"status-publish","4":"has-post-thumbnail","6":"product_cat-acheter-du-bitcoin","7":"product_cat-envois-de-fonds","8":"","9":"woocommerce-text-align-center","10":"woocommerce-image-align-center","11":"do-quantity-buttons","13":"first","14":"instock","15":"shipping-taxable","16":"product-type-external"},"_links":{"self":[{"href":"https:\/\/h17n.com\/fr\/wp-json\/wp\/v2\/product\/164","targetHints":{"allow":["GET"]}}],"collection":[{"href":"https:\/\/h17n.com\/fr\/wp-json\/wp\/v2\/product"}],"about":[{"href":"https:\/\/h17n.com\/fr\/wp-json\/wp\/v2\/types\/product"}],"replies":[{"embeddable":true,"href":"https:\/\/h17n.com\/fr\/wp-json\/wp\/v2\/comments?post=164"}],"wp:featuredmedia":[{"embeddable":true,"href":"https:\/\/h17n.com\/fr\/wp-json\/wp\/v2\/media\/683"}],"wp:attachment":[{"href":"https:\/\/h17n.com\/fr\/wp-json\/wp\/v2\/media?parent=164"}],"wp:term":[{"taxonomy":"product_brand","embeddable":true,"href":"https:\/\/h17n.com\/fr\/wp-json\/wp\/v2\/product_brand?post=164"},{"taxonomy":"product_cat","embeddable":true,"href":"https:\/\/h17n.com\/fr\/wp-json\/wp\/v2\/product_cat?post=164"},{"taxonomy":"product_tag","embeddable":true,"href":"https:\/\/h17n.com\/fr\/wp-json\/wp\/v2\/product_tag?post=164"}],"curies":[{"name":"wp","href":"https:\/\/api.w.org\/{rel}","templated":true}]}}