{"id":160,"date":"2023-02-27T11:02:31","date_gmt":"2023-02-27T11:02:31","guid":{"rendered":"https:\/\/h17n.com\/fr\/?post_type=product&#038;p=160"},"modified":"2024-12-11T15:27:03","modified_gmt":"2024-12-11T15:27:03","slug":"bullbitcoin","status":"publish","type":"product","link":"https:\/\/h17n.com\/fr\/acheter-du-bitcoin\/bullbitcoin\/","title":{"rendered":"Bull Bitcoin : une bourse Bitcoin non-custodiale en France, au Canada, et au Costa Rica."},"content":{"rendered":"<p><a href=\"https:\/\/www.bullbitcoin.com\/fr\">Bull Bitcoin<\/a> est une bourse d\u00e9di\u00e9e uniquement au bitcoin, <a href=\"https:\/\/h17n.com\/kyc\/no-kyc\/\">sans KYC<\/a>, qui vous permet d&rsquo;acheter du bitcoin en France. De plus, elle prend en charge <a href=\"https:\/\/h17n.com\/dollar-cost-averaging-dca\/\">le dollar-cost averaging<\/a> (DCA), <a href=\"https:\/\/h17n.com\/lightning-network\/\">le Lightning Network<\/a>, <a href=\"https:\/\/h17n.com\/liquid-network\/\">le Liquid Network<\/a>, et les paiements de factures utilisant du bitcoin.<\/p>\n<p>En outre, vous pouvez utiliser la bourse pour acheter du Bitcoin au Canada et au Costa Rica.<\/p>\n<div class=\"action box\">\n<p>Alors que la plupart des \u00e9changes ont des portefeuilles d\u00e9positaires qui g\u00e8rent vos fonds en votre nom, Bull Bitcoin ne le fait jamais ; au lieu de cela, vous devez utiliser votre propre portefeuille non d\u00e9positaire.<\/p>\n<\/div>\n<h2>Comment ouvrir un compte Bull Bitcoin<\/h2>\n<p>Vous pouvez ouvrir un compte Bull Bitcoin sans fournir de documents pour Know Your Customer (KYC). Il vous suffit d&rsquo;avoir un e-mail et de l&rsquo;approvisionner en esp\u00e8ces ou par carte de d\u00e9bit dans un bureau de Postes Canada. Tout ce dont vous avez besoin \u00e0 partir de l\u00e0 est de montrer au caissier de Postes Canada le code QR g\u00e9n\u00e9r\u00e9 dans votre ordre de financement de compte Bull Bitcoin. Ensuite, vous pourrez acheter des bitcoins.<\/p>\n<p>Contrairement \u00e0 la plupart des \u00e9changes, Bull Bitcoin oblige ses utilisateurs \u00e0 stocker leurs bitcoins eux-m\u00eames. Cela signifie que vous devez avoir votre propre portefeuille Bitcoin. L&rsquo;\u00e9change recommande <a href=\"https:\/\/h17n.com\/fr\/portefeuilles-mobiles\/bluewallet\/\" target=\"_blank\" rel=\"noopener\">BlueWallet<\/a> (mobile), <a>Wasabi<\/a> (de bureau) et <a href=\"https:\/\/h17n.com\/fr\/portefeuilles-materiels\/coldcard\/\" target=\"_blank\" rel=\"noopener\">Coldcard<\/a> (mat\u00e9riel).<\/p>\n<h2>Caract\u00e9ristiques de Bull Bitcoin<\/h2>\n<p>En plus de vendre et d&rsquo;acheter des bitcoins, Bull Bitcoin offre les fonctionnalit\u00e9s suivantes.<\/p>\n<h3>Bylls<\/h3>\n<p>Bylls vous permet d&rsquo;utiliser des bitcoins pour payer n&rsquo;importe quelle facture au Canada, ce qui inclut les cartes de cr\u00e9dit, les services publics, les t\u00e9l\u00e9communications, les imp\u00f4ts, les comptes de courtage, les services d&rsquo;avocats et de plombiers. Le destinataire du paiement n&rsquo;a rien \u00e0 faire et n&rsquo;a m\u00eame pas besoin de savoir que vous utilisez des bitcoins, tant qu&rsquo;il figure sur la liste des \u00e9metteurs de factures de Bull Bitcoin ou que vous avez ses coordonn\u00e9es bancaires.<\/p>\n<p>Avec Bylls, vous pouvez non seulement payer mais aussi \u00eatre pay\u00e9. Vous devez cr\u00e9er une facture et choisir o\u00f9 le paiement doit \u00eatre effectu\u00e9 : sur un compte bancaire, une carte de cr\u00e9dit ou re\u00e7u sous forme de virement \u00e9lectronique Interact. Une fois la facture pay\u00e9e, Bull Bitcoin envoie des CAD sur votre compte.<\/p>\n<h3>L&rsquo;investissement programm\u00e9 (le Dollar Cost Averaging)<\/h3>\n<p>L&rsquo;investissement programm\u00e9 est une technique d&rsquo;investissement en utilisant laquelle vous acheter la m\u00eame quantit\u00e9 de bitcoins \u00e0 intervalles r\u00e9guliers, quel que soit le prix, afin de neutraliser la volatilit\u00e9 des prix. \u00c0 cet \u00e9gard, Bull Bitcoin vous permet d&rsquo;automatiser les achats r\u00e9currents quotidiens. Lorsque vous approvisionnez votre compte, les fonds sont imm\u00e9diatement transf\u00e9r\u00e9s vers le portefeuille de l&rsquo;\u00e9change, Cyphernode, un syst\u00e8me de portefeuille Bitcoin open source. Si vous avez configur\u00e9 des achats r\u00e9currents de bitcoins, les fonds sont automatiquement envoy\u00e9s sur votre portefeuille non d\u00e9positaire une fois la transaction termin\u00e9e.<\/p>\n<h3>Comptes d&rsquo;entreprise Bitcoin<\/h3>\n<p>Si vous souhaitez adopter le bitcoin en entreprise, vous pouvez ouvrir un compte d&rsquo;entreprise avec Bull Bitcoin et ajouter le bitcoin \u00e0 votre bilan d&rsquo;entreprise, accepter les paiements en bitcoin, payer vos employ\u00e9s en bitcoin et payer vos fournisseurs en bitcoin.<\/p>\n<h3>Prime Bull Bitcoin<\/h3>\n<p>Bull Bitcoin Prime est un service de conseil VIP pour les particuliers fortun\u00e9s et les clients professionnels. C&rsquo;est un service personnalis\u00e9 et individuel supervis\u00e9 directement par Francis Pouliot, sp\u00e9cialiste du bitcoin et fondateur de Bull Bitcoin.<\/p>\n<h2>Frais et montants autoris\u00e9s par transaction<\/h2>\n<p>Il n&rsquo;y a pas de frais pour approvisionner votre compte ou acheter des bitcoins. Les frais factur\u00e9s pour vendre des bitcoins d\u00e9pendent de la quantit\u00e9 de bitcoins vendus.<\/p>\n<table>\n<thead>\n<tr>\n<th>Limites par jour<\/th>\n<th>Frais<\/th>\n<\/tr>\n<\/thead>\n<tbody>\n<tr>\n<td>25 \u00e0 100 CAD<\/td>\n<td>sans frais<\/td>\n<\/tr>\n<tr>\n<td>100.01 \u00e0 1000 CAD<\/td>\n<td>0.5%<\/td>\n<\/tr>\n<tr>\n<td>1 000,01 \u00e0 3 000 CAD<\/td>\n<td>0.75%<\/td>\n<\/tr>\n<tr>\n<td>3 000,01 \u00e0 10 000 CAD<\/td>\n<td>1%<\/td>\n<\/tr>\n<tr>\n<td>10,000.01 \u00e0 1,000,000 CAD<\/td>\n<td>1.25%<\/td>\n<\/tr>\n<tr>\n<td>1,000,000.01 et plus<\/td>\n<td>Variable<\/td>\n<\/tr>\n<\/tbody>\n<\/table>\n<p>25 CAD est le montant minimum que vous pouvez traiter par transaction. Si vous achetez des bitcoins, vous serez limit\u00e9 \u00e0 500 000 CAD. Dans le cas d&rsquo;une vente, le montant maximum est de 750 000 CAD. Ces montants peuvent \u00eatre augment\u00e9s si vous contactez le support. Il n&rsquo;y a pas de maximum par transaction.<\/p>\n","protected":false},"excerpt":{"rendered":"<p>Bull Bitcoin est un \u00e9change de bitcoins non d\u00e9positaire et un service de paiement pour les utilisateurs au Canada. Il vous permet d&rsquo;acheter, de vendre et de d\u00e9penser des bitcoins via votre portefeuille bitcoin.<\/p>\n","protected":false},"featured_media":159,"comment_status":"open","ping_status":"closed","template":"","meta":[],"product_brand":[],"product_cat":[40],"product_tag":[],"class_list":{"0":"post-160","1":"product","2":"type-product","3":"status-publish","4":"has-post-thumbnail","6":"product_cat-acheter-du-bitcoin","7":"","8":"woocommerce-text-align-center","9":"woocommerce-image-align-center","10":"do-quantity-buttons","12":"first","13":"instock","14":"shipping-taxable","15":"product-type-external"},"_links":{"self":[{"href":"https:\/\/h17n.com\/fr\/wp-json\/wp\/v2\/product\/160","targetHints":{"allow":["GET"]}}],"collection":[{"href":"https:\/\/h17n.com\/fr\/wp-json\/wp\/v2\/product"}],"about":[{"href":"https:\/\/h17n.com\/fr\/wp-json\/wp\/v2\/types\/product"}],"replies":[{"embeddable":true,"href":"https:\/\/h17n.com\/fr\/wp-json\/wp\/v2\/comments?post=160"}],"wp:featuredmedia":[{"embeddable":true,"href":"https:\/\/h17n.com\/fr\/wp-json\/wp\/v2\/media\/159"}],"wp:attachment":[{"href":"https:\/\/h17n.com\/fr\/wp-json\/wp\/v2\/media?parent=160"}],"wp:term":[{"taxonomy":"product_brand","embeddable":true,"href":"https:\/\/h17n.com\/fr\/wp-json\/wp\/v2\/product_brand?post=160"},{"taxonomy":"product_cat","embeddable":true,"href":"https:\/\/h17n.com\/fr\/wp-json\/wp\/v2\/product_cat?post=160"},{"taxonomy":"product_tag","embeddable":true,"href":"https:\/\/h17n.com\/fr\/wp-json\/wp\/v2\/product_tag?post=160"}],"curies":[{"name":"wp","href":"https:\/\/api.w.org\/{rel}","templated":true}]}}