{"id":155,"date":"2023-02-27T11:00:06","date_gmt":"2023-02-27T11:00:06","guid":{"rendered":"https:\/\/h17n.com\/fr\/?post_type=product&#038;p=155"},"modified":"2023-05-24T09:10:08","modified_gmt":"2023-05-24T09:10:08","slug":"coincorner","status":"publish","type":"product","link":"https:\/\/h17n.com\/fr\/acheter-du-bitcoin\/coincorner\/","title":{"rendered":"CoinCorner : un \u00e9change de bitcoins"},"content":{"rendered":"<p><a href=\"https:\/\/www.coincorner.com\/\" rel=\"nofollow noopener\" target=\"_blank\">CoinCorner<\/a> est un \u00e9change de bitcoins qui vous permet de vendre et d&rsquo;acheter des bitcoins par carte de cr\u00e9dit\/d\u00e9bit, virement bancaire et SEPA. Lorsque vous effectuez des achats en ligne, l&rsquo;extension de navigateur CoinCorner vous informe si vous pouvez gagner du cashback en bitcoins sur vos achats. Lanc\u00e9e en 2014, il prend aussi en charge la m\u00e9thode d&rsquo;investissement programm\u00e9 (le Dollar Cost Averaging) pour vous permettre d&rsquo;acheter des bitcoins automatiquement et r\u00e9guli\u00e8rement. CoinCorner est l&rsquo;un des rares \u00e9changes \u00e0 avoir int\u00e9gr\u00e9 <a href=\"https:\/\/h17n.com\/fr\/reseau-lightning\/\" target=\"_blank\" rel=\"noopener\">le r\u00e9seau Lightning<\/a>.<\/p>\n<h2>Comment s&rsquo;inscrire sur CoinCorner<\/h2>\n<p>Avant de pouvoir faire quoi que ce soit sur l&rsquo;\u00e9change, vous devez d&rsquo;abord vous inscrire et v\u00e9rifier votre compte. Vous pouvez vous inscrire sur le site Web de CoinCorner ou sur l&rsquo;application CoinCorner pour les appareils <a href=\"https:\/\/play.google.com\/store\/apps\/details?id=com.coincorner.app.crypt&amp;hl=en\" rel=\"nofollow noopener\" target=\"_blank\">Android<\/a> ou <a href=\"https:\/\/itunes.apple.com\/us\/app\/coincorner-bitcoin-wallet\/id917721788?mt=8\" rel=\"nofollow noopener\" target=\"_blank\">iOS<\/a>. Votre adresse r\u00e9sidentielle actuelle, votre num\u00e9ro de t\u00e9l\u00e9phone portable, votre carte d&rsquo;identit\u00e9 et la source des fonds sont tous n\u00e9cessaires pour le KYC. Pour terminer la v\u00e9rification de votre compte, vous devrez peut-\u00eatre \u00e9galement t\u00e9l\u00e9charger un selfie. Si votre pi\u00e8ce d&rsquo;identit\u00e9 et vos informations d&rsquo;adresse passent les contr\u00f4les automatiques, vous pourrez acc\u00e9der imm\u00e9diatement \u00e0 votre compte.<\/p>\n<h2>Caract\u00e9ristiques et avantages de CoinCorner<\/h2>\n<ul>\n<li>Acheter et vendre des bitcoins instantan\u00e9ment via le r\u00e9seau Lightning<\/li>\n<li>Diverses m\u00e9thodes de paiement : carte de d\u00e9bit et carte de cr\u00e9dit pour les transferts en EUR et GBP, SEPA ou virement bancaire<\/li>\n<li><a href=\"https:\/\/www.coincorner.com\/TheBoltCard\" rel=\"nofollow noopener\" target=\"_blank\">Carte Bolt<\/a>, une carte de paiement Lightning sans contact<\/li>\n<li>Option d&rsquo;achat automatique de bitcoins (le dollar-cost averaging)<\/li>\n<li><a href=\"https:\/\/blog.coincorner.com\/how-to-accept-bitcoin-payments-in-store-cb838931d13d\" rel=\"nofollow noopener\" target=\"_blank\">CoinCorner Checkout<\/a> pour que les entreprises acceptent les paiements en bitcoins<\/li>\n<li>Vous pouvez acheter des cartes cadeaux avec des bitcoins de <a href=\"https:\/\/h17n.com\/fr\/utiliser-bitcoin\/bitrefill\/\" target=\"_blank\" rel=\"noopener\">Bitrefill<\/a>, directement depuis votre compte CoinCorner<\/li>\n<li>Les paiements Lightning r\u00e9currents vous permettent de payer des factures, des services d&rsquo;abonnement ou d&rsquo;envoyer des paiements r\u00e9guliers \u00e0 votre famille et vos amis<\/li>\n<\/ul>\n<h2>Acheter des bitcoins automatiquement<\/h2>\n<p>Mettre en place une strat\u00e9gie d&rsquo;investissement DCA est possible gr\u00e2ce au service d&rsquo;achat automatique de bitcoins de la plateforme CoinCorner. Il suffit de vous inscrire \u00e0 un compte gratuit, de d\u00e9finir le montant de votre commande \u00e0 partir de 10 EUR et de choisir la fr\u00e9quence \u00e0 laquelle vous pouvez acheter des bitcoins. L&rsquo;achat automatique de bitcoins en petites quantit\u00e9s r\u00e9guli\u00e8rement vous aidera \u00e0 \u00e9conomiser de l&rsquo;argent \u00e0 long terme et \u00e0 att\u00e9nuer l&rsquo;impact des variations de prix \u00e0 court terme.<\/p>\n<p>Le service d&rsquo;achat automatique de CoinCorner vous permet d&rsquo;approvisionner le compte avec un virement bancaire en EUR qui sera utilis\u00e9 pour acheter automatiquement des bitcoins une fois re\u00e7us sur votre compte. Un ordre permanent sur un compte bancaire peut \u00e9galement aider \u00e0 \u00e9liminer tous les processus d&rsquo;achat de bitcoins qui n\u00e9cessitent une intervention manuelle personnelle. Il suffit de cr\u00e9er un ordre permanent en utilisant les coordonn\u00e9es bancaires de l&rsquo;\u00e9change et d&rsquo;y ajouter une attestation d&rsquo;achat automatique.<\/p>\n<h2>Comment retirer des fonds de CoinCorner<\/h2>\n<p>Les utilisateurs peuvent retirer des fonds de leurs comptes en utilisant le retrait bancaire en EUR et le retrait de bitcoins dans votre propre portefeuille de bitcoins.<\/p>\n<h2>D\u00e9p\u00f4ts et frais<\/h2>\n<p>Le d\u00e9p\u00f4t minimum sur l&rsquo;\u00e9change CoinCorner d\u00e9pend de la m\u00e9thode de d\u00e9p\u00f4t de votre compte :<\/p>\n<table>\n<thead>\n<tr>\n<th>M\u00e9thode de d\u00e9p\u00f4t<\/th>\n<th>Montant minimum<\/th>\n<\/tr>\n<\/thead>\n<tbody>\n<tr>\n<td>Virement bancaire en EUR<\/td>\n<td>5 EUR<\/td>\n<\/tr>\n<tr>\n<td>D\u00e9p\u00f4t par carte bancaire<\/td>\n<td>10.00 EUR<\/td>\n<\/tr>\n<\/tbody>\n<\/table>\n<p>Les d\u00e9p\u00f4ts minimums en bitcoin n&rsquo;ont aucune restriction. Il n&rsquo;y a \u00e9galement aucune restriction sur le montant maximum du d\u00e9p\u00f4t pour toutes les devises et m\u00e9thodes de d\u00e9p\u00f4t.<\/p>\n<table>\n<thead>\n<tr>\n<th>Frais<\/th>\n<th>Limites<\/th>\n<\/tr>\n<\/thead>\n<tbody>\n<tr>\n<td>Frais de transaction<\/td>\n<td>1% pour les transactions sup\u00e9rieures \u00e0 300 EUR<\/td>\n<\/tr>\n<tr>\n<td>Frais de d\u00e9p\u00f4t<\/td>\n<td>Si vous choisissez Neteller, CoinCorner vous facture 3,2%, et la limite est de 20 EUR \u00e0 5000 EUR.<\/td>\n<\/tr>\n<tr>\n<td>Frais de retrait<\/td>\n<td>Retrait en EUR avec des frais de 1 EUR<\/td>\n<\/tr>\n<\/tbody>\n<\/table>\n<p>Trouvez la liste compl\u00e8te des frais et limites de CoinCorner <a href=\"https:\/\/www.coincorner.com\/Fees\" rel=\"nofollow noopener\" target=\"_blank\">ici<\/a>.<\/p>\n<h2>La carte Bolt<\/h2>\n<p><a href=\"https:\/\/h17n.com\/use\/bolt-card\" rel=\"nofollow noopener\" target=\"_blank\">La carte Bolt<\/a> de CoinCorner est une carte NFC physique qui peut \u00eatre utilis\u00e9e pour payer via le r\u00e9seau Lightning de bitcoin chez n&rsquo;importe quel commer\u00e7ant physique ou n&rsquo;importe quel commer\u00e7ant en ligne acceptant les paiements Lightning de bitcoin par une tape sur votre t\u00e9l\u00e9phone. Vous pouvez aussi utiliser la carte pour cr\u00e9er des bons ou des cartes-cadeaux bitcoin compatibles NFC que tout le monde peut \u00e9changer avec l&rsquo;aide du portefeuille Lightning sur le t\u00e9l\u00e9phone mobile.<\/p>\n<div class=\"container-lazyload preview-lazyload container-youtube js-lazyload--not-loaded\"><a href=\"https:\/\/www.youtube.com\/watch?v=C8GsJBukEkI&#038;pp=ygUdY29pbmNvcm5lciBib2x0IGNhcmQgZnJhbmNhaXM%3D\" class=\"lazy-load-youtube preview-lazyload preview-youtube\" data-video-title=\"Voici comment payer en Bitcoin par carte sans convertir en euro avec coincorner !!!\" title=\"Play video &quot;Voici comment payer en Bitcoin par carte sans convertir en euro avec coincorner !!!&quot;\">https:\/\/www.youtube.com\/watch?v=C8GsJBukEkI&#038;pp=ygUdY29pbmNvcm5lciBib2x0IGNhcmQgZnJhbmNhaXM%3D<\/a><noscript>Video can&rsquo;t be loaded because JavaScript is disabled: <a href=\"https:\/\/www.youtube.com\/watch?v=C8GsJBukEkI&#038;pp=ygUdY29pbmNvcm5lciBib2x0IGNhcmQgZnJhbmNhaXM%3D\" title=\"Voici comment payer en Bitcoin par carte sans convertir en euro avec coincorner !!!\">Voici comment payer en Bitcoin par carte sans convertir en euro avec coincorner !!! (https:\/\/www.youtube.com\/watch?v=C8GsJBukEkI&#038;pp=ygUdY29pbmNvcm5lciBib2x0IGNhcmQgZnJhbmNhaXM%3D)<\/a><\/noscript><\/div>\n","protected":false},"excerpt":{"rendered":"<p>CoinCorner est un \u00e9change pour acheter et vendre des bitcoins avec une carte de cr\u00e9dit, une carte de d\u00e9bit, SEPA ou un virement bancaire. CoinCorner est pris en charge dans plus de 40 pays dans le monde.<\/p>\n","protected":false},"featured_media":158,"comment_status":"open","ping_status":"closed","template":"","meta":[],"product_brand":[],"product_cat":[40],"product_tag":[],"class_list":{"0":"post-155","1":"product","2":"type-product","3":"status-publish","4":"has-post-thumbnail","6":"product_cat-acheter-du-bitcoin","7":"","8":"woocommerce-text-align-center","9":"woocommerce-image-align-center","10":"do-quantity-buttons","12":"first","13":"instock","14":"shipping-taxable","15":"product-type-external"},"_links":{"self":[{"href":"https:\/\/h17n.com\/fr\/wp-json\/wp\/v2\/product\/155","targetHints":{"allow":["GET"]}}],"collection":[{"href":"https:\/\/h17n.com\/fr\/wp-json\/wp\/v2\/product"}],"about":[{"href":"https:\/\/h17n.com\/fr\/wp-json\/wp\/v2\/types\/product"}],"replies":[{"embeddable":true,"href":"https:\/\/h17n.com\/fr\/wp-json\/wp\/v2\/comments?post=155"}],"wp:featuredmedia":[{"embeddable":true,"href":"https:\/\/h17n.com\/fr\/wp-json\/wp\/v2\/media\/158"}],"wp:attachment":[{"href":"https:\/\/h17n.com\/fr\/wp-json\/wp\/v2\/media?parent=155"}],"wp:term":[{"taxonomy":"product_brand","embeddable":true,"href":"https:\/\/h17n.com\/fr\/wp-json\/wp\/v2\/product_brand?post=155"},{"taxonomy":"product_cat","embeddable":true,"href":"https:\/\/h17n.com\/fr\/wp-json\/wp\/v2\/product_cat?post=155"},{"taxonomy":"product_tag","embeddable":true,"href":"https:\/\/h17n.com\/fr\/wp-json\/wp\/v2\/product_tag?post=155"}],"curies":[{"name":"wp","href":"https:\/\/api.w.org\/{rel}","templated":true}]}}