{"id":151,"date":"2023-02-27T11:00:28","date_gmt":"2023-02-27T11:00:28","guid":{"rendered":"https:\/\/h17n.com\/fr\/?post_type=product&#038;p=151"},"modified":"2023-05-24T09:12:14","modified_gmt":"2023-05-24T09:12:14","slug":"swan","status":"publish","type":"product","link":"https:\/\/h17n.com\/fr\/acheter-du-bitcoin\/swan\/","title":{"rendered":"Swan Bitcoin : achetez des bitcoins avec un compte bancaire"},"content":{"rendered":"<p><a href=\"https:\/\/www.swanbitcoin.com\/\" rel=\"nofollow noopener\" target=\"_blank\">Swan Bitcoin<\/a> est une plateforme qui facilite l&rsquo;achat automatique de bitcoins, ce qui en fait un outil permettant d&rsquo;augmenter r\u00e9guli\u00e8rement la quantit\u00e9 de bitcoins que vous stockez. La plateforme vise \u00e0 \u00eatre le moyen le plus accessible et le plus convivial d&rsquo;obtenir des bitcoins. Vous pouvez vous inscrire pour faire des achats de bitcoins peu co\u00fbteux et faire transf\u00e9rer automatiquement vos bitcoins dans le portefeuille de votre choix.<\/p>\n<p>En restant li\u00e9 aux principes de ce que repr\u00e9sente le bitcoin, Swan vous permet de retirer les bitcoins imm\u00e9diatement apr\u00e8s l&rsquo;achat, ou \u00e0 intervalles r\u00e9guliers, en connectant une adresse bitcoin \u00e0 votre compte Swan. Vous pouvez choisir n&rsquo;importe quel montant en USD et n&rsquo;importe quelle p\u00e9riode, par exemple chaque jour, semaine ou mois. Cette m\u00e9thode d&rsquo;investissement programm\u00e9 (le Dollar Cost Averaging) vous permet de stimuler l&rsquo;\u00e9pargne et les d\u00e9penses excessives.<\/p>\n<h2>Caract\u00e9ristiques et avantages de Swan Bitcoin<\/h2>\n<table>\n<thead>\n<tr>\n<th>Nom de l&rsquo;\u00e9change<\/th>\n<th>Swan Bitcoin<\/th>\n<\/tr>\n<\/thead>\n<tbody>\n<tr>\n<td>Monnaie fiduciaire<\/td>\n<td>USD<\/td>\n<\/tr>\n<tr>\n<td>Crypto-monnaie<\/td>\n<td>Bitcoin uniquement<\/td>\n<\/tr>\n<tr>\n<td>March\u00e9s pris en charge<\/td>\n<td>Trading au comptant<\/td>\n<\/tr>\n<tr>\n<td>M\u00e9thode de d\u00e9p\u00f4t<\/td>\n<td>Virements bancaires (ACH), virements \u00e9lectroniques, DCA<\/td>\n<\/tr>\n<tr>\n<td>Frais de trading<\/td>\n<td>1.19%-2.29% (achats ponctuels)<\/td>\n<\/tr>\n<tr>\n<td>Application mobile<\/td>\n<td>Oui<\/td>\n<\/tr>\n<tr>\n<td>Propre token<\/td>\n<td>Non<\/td>\n<\/tr>\n<tr>\n<td>Mesures du processus de connaissance du client (KYC)<\/td>\n<td>Oui<\/td>\n<\/tr>\n<tr>\n<td>Prise en charge du r\u00e9seau Lightning<\/td>\n<td>Non<\/td>\n<\/tr>\n<tr>\n<td>Lanc\u00e9<\/td>\n<td>2019<\/td>\n<\/tr>\n<\/tbody>\n<\/table>\n<h3>Achats r\u00e9currents de bitcoins<\/h3>\n<p>Si vous \u00eates \u00e0 la recherche du service avec l&rsquo;usage d&rsquo;investissement programm\u00e9 (le Dollar Cost Averaging), l&rsquo;option d&rsquo;achat r\u00e9current de Bitcoin de Swan est une excellente option. Pour effectuer un achat r\u00e9current de Bitcoin, il faut pr\u00e9ciser le montant que vous voulez acheter en USD et la fr\u00e9quence (par exemple, quotidienne, hebdomadaire, mensuelle). En utilisant l&rsquo;investissement programm\u00e9, vous pouvez att\u00e9nuer la volatilit\u00e9 du march\u00e9. D\u00e9terminer le DCA vous permet de d\u00e9penser sans incertitude et sans market timing.<\/p>\n<p>Les clients de Swan ne peuvent utiliser que des virements en USD. Les r\u00e8glements persistants \u00e0 intervalles pr\u00e9\u00e9tablis sont l&rsquo;un des services les plus populaires de Swan Bitcoin. Vous pouvez mettre en place des paiements automatiques pour acheter des quantit\u00e9s particuli\u00e8res de bitcoins \u00e0 intervalles r\u00e9guliers. Quotidiennement, hebdomadairement ou mensuellement, aussi souvent que vous le souhaitez. Cette approche d&rsquo;investissement financier est comprise dans le monde de la finance comme l&rsquo;investissement programm\u00e9 et elle est l&rsquo;une des fa\u00e7ons les moins risqu\u00e9es d&rsquo;acheter des actifs mon\u00e9taires.<\/p>\n<p>Swan Bitcoin cherche \u00e0 automatiser et \u00e0 maximiser le potentiel des investisseurs en bitcoins. Ces paiements r\u00e9currents permettent aux utilisateurs de choisir le montant appropri\u00e9 et la bonne fr\u00e9quence d&rsquo;investissement. Les utilisateurs peuvent choisir d&rsquo;effectuer des paiements hebdomadaires, bihebdomadaires ou mensuels sur la plateforme. L&rsquo;avantage des paiements p\u00e9riodiques est la strat\u00e9gie \u00e0 long terme qui permet de se prot\u00e9ger contre la volatilit\u00e9 et les fluctuations des prix. Elle supprime \u00e9galement l&rsquo;\u00e9motion du trading et encourage une mentalit\u00e9 d&rsquo;acheter et de conserver qui peut finir par \u00eatre plus rentable sur le march\u00e9. Au fil du temps, le prix de revient de l&rsquo;investissement bitcoin s&rsquo;\u00e9tablit en moyenne et permet \u00e0 l&rsquo;acheteur de r\u00e9aliser des gains constants \u00e0 long terme.<\/p>\n<h3>Cadeaux Bitcoin et programme de parrainage<\/h3>\n<p>Swan Bitcoin permet aux utilisateurs d&rsquo;acheter et de partager des bitcoins avec d&rsquo;autres personnes via leur <a href=\"https:\/\/www.swanbitcoin.com\/app\/\" rel=\"nofollow noopener\" target=\"_blank\">application<\/a>. En envoyant un cadeau \u00e0 un autre utilisateur, Swan l&rsquo;accompagnera dans le processus de cr\u00e9ation d&rsquo;un compte et convertira la valeur en dollars du cadeau en bitcoin.<\/p>\n<p>En outre, Swan a aussi un programme de parrainage. Tout le monde peut rejoindre SwanForce en tant qu&rsquo;affili\u00e9. Une fois que vous avez rejoint SwanForce, vous obtenez un lien unique pour vous. Les visiteurs du site peuvent s&rsquo;inscrire \u00e0 Swan avec votre lien. Lorsqu&rsquo;ils le font, ils obtiennent un incitatif Bitcoin de 10 USD. De plus, vous gagnez 25% de leurs frais en bitcoins pendant la premi\u00e8re ann\u00e9e d&rsquo;acquisition de bitcoins en tant qu&rsquo;affili\u00e9. Il y a aussi un panneau de contr\u00f4le de parrainage pour vous aider \u00e0 suivre vos r\u00e9f\u00e9rences et vos revenus.<\/p>\n<h3>Frais et limites de Swan Bitcoin<\/h3>\n<p>Les frais de Swan ne sont pas aussi bon march\u00e9 que, par exemple, ceux de l&rsquo;\u00e9change comme <a href=\"https:\/\/h17n.com\/fr\/acheter-du-bitcoin\/kraken\/\" target=\"_blank\" rel=\"noopener\">Kraken<\/a>, mais il est facile \u00e0 utiliser et une fois que vous avez configur\u00e9 vos achats r\u00e9currents, il fonctionne tr\u00e8s bien. Les frais de Swan Bitcoin sont les suivants :<\/p>\n<table>\n<thead>\n<tr>\n<th>Acheter des bitcoins<\/th>\n<th>Frais<\/th>\n<th>Montant de l&rsquo;achat<\/th>\n<\/tr>\n<\/thead>\n<tbody>\n<tr>\n<td>Achats instantan\u00e9s<\/td>\n<td>0.99%<\/td>\n<td>de 10 \u00e0 50 000 dollars<\/td>\n<\/tr>\n<tr>\n<td>Achats r\u00e9currents<\/td>\n<td>2.29%<\/td>\n<td>de 5 \u00e0 24 dollars par semaine.<\/td>\n<\/tr>\n<tr>\n<td>Achats r\u00e9currents<\/td>\n<td>1.79%<\/td>\n<td>25 \u00e0 49 dollars par semaine.<\/td>\n<\/tr>\n<tr>\n<td>Achats r\u00e9currents<\/td>\n<td>1.19%<\/td>\n<td>50 dollars et plus par semaine<\/td>\n<\/tr>\n<tr>\n<td>Achats annuels pr\u00e9pay\u00e9s<\/td>\n<td>1.99%<\/td>\n<td>5 \u00e0 24 dollars par semaine.<\/td>\n<\/tr>\n<tr>\n<td>Achats annuels pr\u00e9pay\u00e9s<\/td>\n<td>1.49%<\/td>\n<td>de 25 \u00e0 49 dollars par semaine<\/td>\n<\/tr>\n<tr>\n<td>Achats annuels pr\u00e9pay\u00e9s<\/td>\n<td>0.99%<\/td>\n<td>50 dollars et plus par semaine<\/td>\n<\/tr>\n<\/tbody>\n<\/table>\n<p><img decoding=\"async\" src=\"https:\/\/h17n.com\/wp-content\/uploads\/2022\/12\/Swan.jpg\" alt=\"Swan Bitcoin\" \/><\/p>\n<h3>Programme de parrainage (10 dollars de bonus en bitcoins)<\/h3>\n<p>Swan a \u00e9galement un programme de parrainage. Tout le monde peut rejoindre SwanForce en tant qu&rsquo;affili\u00e9. Une fois que vous avez rejoint SwanForce, vous obtenez un lien unique. Les visiteurs du site peuvent s&rsquo;inscrire \u00e0 Swan avec votre lien. Lorsqu&rsquo;ils le font, ils obtiennent une prime de 10 bitcoins. De plus, vous gagnez 25% de leurs frais en bitcoins pendant la premi\u00e8re ann\u00e9e d&rsquo;acquisition de bitcoins en tant qu&rsquo;affili\u00e9. Il y a aussi un panneau de contr\u00f4le de r\u00e9f\u00e9rence pour vous aider \u00e0 suivre vos r\u00e9f\u00e9rences et vos revenus.<\/p>\n","protected":false},"excerpt":{"rendered":"<p>Swan Bitcoin est une plateforme qui facilite les achats automatiques de bitcoin, ce qui en fait un outil pour augmenter r\u00e9guli\u00e8rement votre portefeuille de bitcoins. La plate-forme vise \u00e0 \u00eatre le moyen le plus accessible et le plus convivial d&rsquo;obtenir des bitcoins. Les clients peuvent s&rsquo;inscrire pour des achats bitcoin bon march\u00e9 et faire transf\u00e9rer automatiquement leur bitcoin vers un portefeuille de leur choix.<\/p>\n","protected":false},"featured_media":154,"comment_status":"open","ping_status":"closed","template":"","meta":[],"product_brand":[],"product_cat":[40],"product_tag":[],"class_list":{"0":"post-151","1":"product","2":"type-product","3":"status-publish","4":"has-post-thumbnail","6":"product_cat-acheter-du-bitcoin","7":"","8":"woocommerce-text-align-center","9":"woocommerce-image-align-center","10":"do-quantity-buttons","12":"first","13":"instock","14":"shipping-taxable","15":"product-type-external"},"_links":{"self":[{"href":"https:\/\/h17n.com\/fr\/wp-json\/wp\/v2\/product\/151","targetHints":{"allow":["GET"]}}],"collection":[{"href":"https:\/\/h17n.com\/fr\/wp-json\/wp\/v2\/product"}],"about":[{"href":"https:\/\/h17n.com\/fr\/wp-json\/wp\/v2\/types\/product"}],"replies":[{"embeddable":true,"href":"https:\/\/h17n.com\/fr\/wp-json\/wp\/v2\/comments?post=151"}],"wp:featuredmedia":[{"embeddable":true,"href":"https:\/\/h17n.com\/fr\/wp-json\/wp\/v2\/media\/154"}],"wp:attachment":[{"href":"https:\/\/h17n.com\/fr\/wp-json\/wp\/v2\/media?parent=151"}],"wp:term":[{"taxonomy":"product_brand","embeddable":true,"href":"https:\/\/h17n.com\/fr\/wp-json\/wp\/v2\/product_brand?post=151"},{"taxonomy":"product_cat","embeddable":true,"href":"https:\/\/h17n.com\/fr\/wp-json\/wp\/v2\/product_cat?post=151"},{"taxonomy":"product_tag","embeddable":true,"href":"https:\/\/h17n.com\/fr\/wp-json\/wp\/v2\/product_tag?post=151"}],"curies":[{"name":"wp","href":"https:\/\/api.w.org\/{rel}","templated":true}]}}