{"id":144,"date":"2023-02-27T09:15:41","date_gmt":"2023-02-27T09:15:41","guid":{"rendered":"https:\/\/h17n.com\/fr\/?post_type=product&#038;p=144"},"modified":"2024-09-21T06:14:40","modified_gmt":"2024-09-21T06:14:40","slug":"coinbase","status":"publish","type":"product","link":"https:\/\/h17n.com\/fr\/acheter-du-bitcoin\/coinbase\/","title":{"rendered":"Coinbase : acheter et vendre des bitcoins"},"content":{"rendered":"<p><a href=\"https:\/\/www.coinbase.com\/\">Coinbase<\/a> est l&rsquo;un des plus grands et des plus populaires <a href=\"https:\/\/h17n.com\/fr\/acheter-du-bitcoin\/\">\u00e9changes de Bitcoin<\/a> dans le monde. Fond\u00e9e en 2012 par Brian Armstrong et Fred Ehrsam, Coinbase vous permet d&rsquo;acheter, de vendre et de stocker du Bitcoin. Elle est devenue une soci\u00e9t\u00e9 cot\u00e9e en bourse, offrant ses services \u00e0 des millions d&rsquo;utilisateurs dans le monde entier.<\/p>\n<p>Malheureusement, Coinbase attire ses clients vers le trading de shitcoins. Tout leur mod\u00e8le \u00e9conomique est bas\u00e9 sur le fait d&rsquo;inciter les clients \u00e0 acheter de nouvelles pi\u00e8ces tout le temps. Coinbase obtient une belle commission sur chaque transaction que vous effectuez. Ils ne se soucient pas de savoir si vous &lsquo;gagnez&rsquo; ou &lsquo;perdez&rsquo;. Ils veulent simplement que vous vous &lsquo;mettiez dans la crypto&rsquo;, car c&rsquo;est ainsi qu&rsquo;ils gagnent leur argent.<\/p>\n<h2>Fonctionnalit\u00e9s de Coinbase<\/h2>\n<ul>\n<li><strong>Interface conviviale:<\/strong> Coinbase est con\u00e7u pour \u00eatre facile \u00e0 utiliser, ce qui le rend accessible aux personnes nouvelles au Bitcoin.<\/li>\n<li><strong>S\u00e9curit\u00e9:<\/strong> Coinbase est un \u00e9change \u00e0 deux facteurs d&rsquo;authentification et d\u00e9tient une partie importante des fonds des utilisateurs en stockage \u00e0 froid.<\/li>\n<li><strong>M\u00e9thodes de paiement multiples:<\/strong> Supporte les virements bancaires, les cartes de d\u00e9bit\/cr\u00e9dit, PayPal, <a href=\"https:\/\/h17n.com\/fr\/acheter-du-bitcoin\/bringin\/\">SEPA<\/a>, etc.<\/li>\n<li><strong>Coinbase Pro:<\/strong> Une plateforme de trading avanc\u00e9e pour les utilisateurs exp\u00e9riment\u00e9s. Elle offre des graphiques plus d\u00e9taill\u00e9s, des frais plus bas et un plus large \u00e9ventail de types d&rsquo;ordres que la plateforme standard Coinbase.<\/li>\n<li><strong>Ressources \u00e9ducatives:<\/strong> Coinbase fournit du contenu \u00e9ducatif \u00e0 travers sa plateforme, vous permettant d&rsquo;apprendre et de gagner de la crypto gr\u00e2ce \u00e0 son programme \u00ab\u00a0Coinbase Earn\u00a0\u00bb.<\/li>\n<li><strong>Coinbase Commerce:<\/strong> Une plateforme permettant aux entreprises d&rsquo;accepter des paiements en cryptomonnaie, y compris le Bitcoin, directement dans leurs portefeuilles.<\/li>\n<li><strong>Clients priv\u00e9s:<\/strong> Offre des services sp\u00e9cialis\u00e9s pour les particuliers fortun\u00e9s, notamment un support personnalis\u00e9 et des strat\u00e9gies d&rsquo;investissement adapt\u00e9es.<\/li>\n<li><strong>Coinbase Wallet:<\/strong> <a href=\"https:\/\/h17n.com\/fr\/portefeuille-bitcoin\/\">Un portefeuille Bitcoin<\/a> auto-gard\u00e9 qui vous permet de stocker en toute s\u00e9curit\u00e9 vos Bitcoins et vos cl\u00e9s priv\u00e9es.<\/li>\n<li><strong>Coinbase Card:<\/strong> Une carte de d\u00e9bit Bitcoin qui vous permet de d\u00e9penser du Bitcoin et de gagner des r\u00e9compenses en Bitcoin sur vos achats quotidiens. Actuellement, Coinbase Card est disponible pour tous les clients Coinbase qui vivent aux \u00c9tats-Unis.<\/li>\n<\/ul>\n<h2>Comment fonctionne Coinbase<\/h2>\n<p>Coinbase fonctionne comme un portefeuille num\u00e9rique et un \u00e9change de cryptomonnaie. Vous pouvez cr\u00e9er un compte, lier vos comptes bancaires, vos cartes de cr\u00e9dit ou de d\u00e9bit, et commencer \u00e0 acheter ou vendre du Bitcoin. Coinbase supporte un large \u00e9ventail de cryptomonnaies, y compris le Bitcoin. La plateforme offre \u00e9galement une application mobile, vous permettant de g\u00e9rer votre compte o\u00f9 que vous soyez.<\/p>\n<h2>Comment acheter du Bitcoin sur Coinbase<\/h2>\n<ol>\n<li><strong>Cr\u00e9ez un compte :<\/strong> Inscrivez-vous pour un compte Coinbase en utilisant votre adresse e-mail et cr\u00e9ez un mot de passe fort.<\/li>\n<li><strong>V\u00e9rifiez votre identit\u00e9 :<\/strong> Contrairement aux \u00e9changes non KYC, avec Coinbase, vous devez compl\u00e9ter le processus de v\u00e9rification d&rsquo;identit\u00e9 en fournissant la documentation n\u00e9cessaire, telle qu&rsquo;une pi\u00e8ce d&rsquo;identit\u00e9 d\u00e9livr\u00e9e par le gouvernement.<\/li>\n<li><strong>Liez une m\u00e9thode de paiement :<\/strong> Ajoutez une m\u00e9thode de paiement, telle qu&rsquo;un compte bancaire, une carte de cr\u00e9dit ou de d\u00e9bit, \u00e0 votre compte.<\/li>\n<li><strong>Achetez du Bitcoin :<\/strong> Naviguez dans la section \u00ab\u00a0Acheter\/Vendre\u00a0\u00bb, s\u00e9lectionnez Bitcoin, saisissez le montant que vous souhaitez acheter et confirmez la transaction.<\/li>\n<\/ol>\n<h2>Comment vendre du Bitcoin sur Coinbase<\/h2>\n<ol>\n<li><strong>Connectez-vous \u00e0 votre compte :<\/strong> Acc\u00e9dez \u00e0 votre compte Coinbase en utilisant vos identifiants.<\/li>\n<li><strong>Allez dans la section \u00ab\u00a0Vendre\u00a0\u00bb :<\/strong> Cliquez sur \u00ab\u00a0Acheter\/Vendre\u00a0\u00bb, puis s\u00e9lectionnez l&rsquo;option \u00ab\u00a0Vendre\u00a0\u00bb.<\/li>\n<li><strong>S\u00e9lectionnez Bitcoin :<\/strong> Choisissez Bitcoin dans votre liste d&rsquo;actifs.<\/li>\n<li><strong>Saisissez le montant :<\/strong> Sp\u00e9cifiez le montant de Bitcoin que vous souhaitez vendre.<\/li>\n<li><strong>Confirmez la transaction :<\/strong> V\u00e9rifiez les d\u00e9tails et confirmez la vente. Les fonds seront cr\u00e9dit\u00e9s sur votre compte Coinbase.<\/li>\n<\/ol>\n<h2>Comment retirer de l&rsquo;argent de Coinbase<\/h2>\n<p>Pour retirer des fonds de votre compte Coinbase, commencez par vous connecter et naviguez dans la section \u00ab\u00a0Portefeuille\u00a0\u00bb. Une fois l\u00e0-bas, s\u00e9lectionnez la devise fiat que vous souhaitez retirer, telle que USD ou EUR. Ensuite, cliquez sur \u00ab\u00a0Retirer\u00a0\u00bb et saisissez le montant que vous souhaitez transf\u00e9rer. Choisissez votre destination de retrait, comme votre compte bancaire ou PayPal, puis v\u00e9rifiez les d\u00e9tails de la transaction. Enfin, confirmez le retrait, et les fonds seront transf\u00e9r\u00e9s sur votre compte s\u00e9lectionn\u00e9.<\/p>\n<h2>Limites de Coinbase<\/h2>\n<p>Coinbase impose diverses limites aux transactions en fonction de facteurs tels que le niveau de compte de l&rsquo;utilisateur, la m\u00e9thode de paiement et le pays de r\u00e9sidence. Par exemple, il existe des limites sur la quantit\u00e9 de cryptomonnaie que vous pouvez acheter, vendre ou retirer quotidiennement ou hebdomadairement. Ces limites peuvent \u00eatre augment\u00e9es en compl\u00e9tant des \u00e9tapes de v\u00e9rification suppl\u00e9mentaires.<\/p>\n<p>Les limitations de compte Coinbase sont accessibles dans l&rsquo;onglet \u00ab\u00a0Limites de compte\u00a0\u00bb de vos param\u00e8tres. Vos restrictions hebdomadaires actuelles peuvent \u00e9galement \u00eatre trouv\u00e9es \u00e0 c\u00f4t\u00e9 de l&rsquo;achat ou de la vente de cryptomonnaies, o\u00f9 elles peuvent fluctuer en fonction des m\u00e9thodes de paiement (pour les achats) ou des types de retrait (pour les ventes). Les limites quotidiennes d\u00e9signent les allocations de d\u00e9penses sur 24 heures, tandis que les limites hebdomadaires dictent les d\u00e9penses admissibles dans une p\u00e9riode de sept jours.<\/p>\n<h2>Frais de Coinbase<\/h2>\n<p>Lorsque vous achetez, vendez ou convertissez des cryptomonnaies sur Coinbase, des frais sont appliqu\u00e9s au moment de votre transaction. Ces frais peuvent varier en fonction de plusieurs facteurs, notamment votre m\u00e9thode de paiement, la taille de votre commande, les conditions du march\u00e9, votre localisation, la cryptomonnaie sp\u00e9cifique et tous les co\u00fbts suppl\u00e9mentaires encourus pour faciliter la transaction.<\/p>\n<p>Pour les transferts de Bitcoin via <a href=\"https:\/\/h17n.com\/fr\/reseau-lightning\/\">le Lightning Network<\/a>, Coinbase facture des frais de traitement de 0,1 % du montant transf\u00e9r\u00e9. De plus, lorsque vous ajoutez ou retirez de l&rsquo;argent, des frais peuvent \u00eatre factur\u00e9s en fonction de la m\u00e9thode de paiement que vous choisissez. Coinbase Pro offre des frais plus bas que la plateforme standard Coinbase, ce qui en fait une option plus rentable pour les traders fr\u00e9quents.<\/p>\n<h2>Pays pris en charge par Coinbase<\/h2>\n<p>Coinbase est disponible dans plus de 100 pays, dont les \u00c9tats-Unis, le Canada, le Royaume-Uni, la plupart de l&rsquo;Europe, y compris la France, et certaines r\u00e9gions d&rsquo;Asie et d&rsquo;Am\u00e9rique latine. Cependant, tous les services ne sont pas disponibles dans tous les pays. Par exemple, certaines r\u00e9gions peuvent avoir des options de paiement limit\u00e9es ou un acc\u00e8s restreint \u00e0 certaines cryptomonnaies.<\/p>\n<h2>Peut-on faire confiance \u00e0 Coinbase ? Est-ce que Coinbase est l\u00e9gitime et s\u00fbr ?<\/h2>\n<p>Coinbase est un \u00e9change de cryptomonnaie l\u00e9gitime et r\u00e9glement\u00e9. Il est cot\u00e9 en bourse sur le NASDAQ sous le symbole boursier COIN, ce qui renforce sa cr\u00e9dibilit\u00e9. Coinbase suit une conformit\u00e9 r\u00e9glementaire stricte, y compris les proc\u00e9dures de lutte contre le blanchiment d&rsquo;argent (AML) et de connaissance du client (KYC). De plus, Coinbase d\u00e9tient une partie importante des fonds des utilisateurs en stockage \u00e0 froid, qui n&rsquo;est pas connect\u00e9e \u00e0 Internet, ce qui r\u00e9duit le risque de piratage.<\/p>\n<p>Cependant, comme toute plateforme en ligne, il n&rsquo;est pas enti\u00e8rement sans risque. Les utilisateurs doivent pratiquer de bonnes habitudes de s\u00e9curit\u00e9, telles que l&rsquo;activation de l&rsquo;authentification \u00e0 deux facteurs et la surveillance r\u00e9guli\u00e8re de leurs comptes.<\/p>\n<h2>Est-ce que Coinbase est le meilleur endroit pour acheter et vendre du Bitcoin ?<\/h2>\n<p>Coinbase est souvent reconnu pour son interface conviviale, ce qui en fait une option attrayante pour les d\u00e9butants et les traders exp\u00e9riment\u00e9s. C&rsquo;est un bon choix pour acheter et vendre du Bitcoin, surtout pour les d\u00e9butants, en raison de sa facilit\u00e9 d&rsquo;utilisation et de ses ressources \u00e9ducatives. Cependant, ce n&rsquo;est pas n\u00e9cessairement la meilleure option pour tout le monde. Les frais plus \u00e9lev\u00e9s sur la plateforme standard et le fait qu&rsquo;il s&rsquo;agisse d&rsquo;un \u00e9change de garde (ce qui signifie que Coinbase contr\u00f4le vos cl\u00e9s priv\u00e9es) peuvent \u00eatre des inconv\u00e9nients pour certains utilisateurs.<\/p>\n<p>De nombreux clients de Coinbase ont signal\u00e9 des probl\u00e8mes avec leurs comptes bloqu\u00e9s ou restreints sans raisons claires, et le processus pour retrouver l&rsquo;acc\u00e8s peut \u00eatre difficile. De plus, l&rsquo;utilisation d&rsquo;un VPN ou de Tor peut entra\u00eener des blocages de compte, car Coinbase exige que les adresses IP soient autoris\u00e9es avant que l&rsquo;acc\u00e8s au compte soit accord\u00e9. Comme beaucoup de grandes entreprises, le service client de Coinbase a \u00e9t\u00e9 critiqu\u00e9 pour \u00eatre lent et inefficace.<\/p>\n<p>Malgr\u00e9 le fait d&rsquo;\u00eatre un \u00e9change centralis\u00e9 et de garde, Coinbase offre un portefeuille auto-custody, ce qui est une caract\u00e9ristique positive. Cependant, pour les utilisateurs de Bitcoin uniquement, en particulier les d\u00e9butants, Coinbase peut ne pas \u00eatre le choix id\u00e9al. Le support de la plateforme pour des centaines de cryptomonnaies peut \u00eatre distrayant et accablant, compliquant potentiellement l&rsquo;exp\u00e9rience pour ceux qui souhaitent se concentrer uniquement sur le Bitcoin. Pour ceux qui recherchent un plus grand contr\u00f4le sur leurs actifs et des frais plus bas, Coinbase Pro ou d&rsquo;autres plateformes pourraient \u00eatre plus appropri\u00e9es.<\/p>\n","protected":false},"excerpt":{"rendered":"<p>Coinbase est l&rsquo;un des \u00e9changes Bitcoin les plus importants et les plus populaires au monde qui vous permet d&rsquo;acheter, de vendre et de stocker des Bitcoins.<\/p>\n","protected":false},"featured_media":146,"comment_status":"open","ping_status":"closed","template":"","meta":[],"product_brand":[],"product_cat":[40],"product_tag":[],"class_list":{"0":"post-144","1":"product","2":"type-product","3":"status-publish","4":"has-post-thumbnail","6":"product_cat-acheter-du-bitcoin","7":"","8":"woocommerce-text-align-center","9":"woocommerce-image-align-center","10":"do-quantity-buttons","12":"first","13":"instock","14":"shipping-taxable","15":"product-type-external"},"_links":{"self":[{"href":"https:\/\/h17n.com\/fr\/wp-json\/wp\/v2\/product\/144","targetHints":{"allow":["GET"]}}],"collection":[{"href":"https:\/\/h17n.com\/fr\/wp-json\/wp\/v2\/product"}],"about":[{"href":"https:\/\/h17n.com\/fr\/wp-json\/wp\/v2\/types\/product"}],"replies":[{"embeddable":true,"href":"https:\/\/h17n.com\/fr\/wp-json\/wp\/v2\/comments?post=144"}],"wp:featuredmedia":[{"embeddable":true,"href":"https:\/\/h17n.com\/fr\/wp-json\/wp\/v2\/media\/146"}],"wp:attachment":[{"href":"https:\/\/h17n.com\/fr\/wp-json\/wp\/v2\/media?parent=144"}],"wp:term":[{"taxonomy":"product_brand","embeddable":true,"href":"https:\/\/h17n.com\/fr\/wp-json\/wp\/v2\/product_brand?post=144"},{"taxonomy":"product_cat","embeddable":true,"href":"https:\/\/h17n.com\/fr\/wp-json\/wp\/v2\/product_cat?post=144"},{"taxonomy":"product_tag","embeddable":true,"href":"https:\/\/h17n.com\/fr\/wp-json\/wp\/v2\/product_tag?post=144"}],"curies":[{"name":"wp","href":"https:\/\/api.w.org\/{rel}","templated":true}]}}