{"id":141,"date":"2023-02-27T08:05:08","date_gmt":"2023-02-27T08:05:08","guid":{"rendered":"https:\/\/h17n.com\/fr\/?post_type=product&#038;p=141"},"modified":"2024-12-04T16:21:16","modified_gmt":"2024-12-04T16:21:16","slug":"mycelium","status":"publish","type":"product","link":"https:\/\/h17n.com\/fr\/portefeuilles-mobiles\/mycelium\/","title":{"rendered":"Revue du portefeuille Mycelium : un portefeuille Bitcoin open source"},"content":{"rendered":"<p><a href=\"https:\/\/wallet.mycelium.com\/\">Mycelium<\/a> est un portefeuille bitcoin open source, non d\u00e9positaire, disponible uniquement sur les appareils Android et iOS. Il offre une interface simple et conviviale pour stocker, acheter et vendre des bitcoins. Mycelium est open source, ce qui signifie que son code source est \u00e0 la disposition du public et peut \u00eatre \u00e9valu\u00e9 par la communaut\u00e9. \u00c9tant l&rsquo;un des plus anciens portefeuilles de bitcoins, il a une solide r\u00e9putation au sein de la communaut\u00e9 bitcoin.<\/p>\n<h2>Caract\u00e9ristiques principales<\/h2>\n<ul>\n<li>Prise en charge des <a href=\"https:\/\/h17n.com\/fr\/portefeuilles-materiels\/\" target=\"_blank\" rel=\"noopener\">portefeuilles mat\u00e9riels<\/a> qui vous permet de stocker vos bitcoins hors ligne \u00e0 l&rsquo;aide de portefeuilles mat\u00e9riels tels que <a href=\"https:\/\/h17n.com\/fr\/portefeuilles-materiels\/trezor\/\" target=\"_blank\" rel=\"noopener\">Trezor<\/a>, <a href=\"https:\/\/h17n.com\/wallets\/ledger\">Ledger<\/a> et [KeepKey](https:\/\/h17n.com\/fr\/portefeuilles-materiels\/keepkey\/).<\/li>\n<li>La fonction Mycelium Local Trader comprend un support int\u00e9gr\u00e9 pour l&rsquo;achat et la vente de bitcoins avec des commer\u00e7ants locaux.<\/li>\n<li>Vos cl\u00e9s priv\u00e9es sont automatiquement crypt\u00e9es.<\/li>\n<li>Prise en charge de l&rsquo;int\u00e9gration de Tor, de l&rsquo;authentification \u00e0 deux facteurs et des comptes \u00a0\u00bb watch-only \u00ab\u00a0. <\/li>\n<li>Les param\u00e8tres de frais personnalis\u00e9s vous permettent d&rsquo;ajuster les frais de transaction.<\/li>\n<\/ul>\n<h2>Avantages et inconv\u00e9nients du portefeuille Mycelium<\/h2>\n<p>L&rsquo;un de ses principaux avantages est qu&rsquo;il est open source, ce qui permet la transparence et la s\u00e9curit\u00e9 car la communaut\u00e9 peut \u00e9valuer le code source. Il poss\u00e8de \u00e9galement une interface facile \u00e0 utiliser pour g\u00e9rer les transactions en bitcoins et acheter et vendre directement depuis l&rsquo;application. Un autre avantage est la fonction de confidentialit\u00e9 avanc\u00e9e qui permet des transactions plus s\u00fbres, comme l&rsquo;int\u00e9gration de portefeuilles mat\u00e9riels tels que Trezor.<\/p>\n<p>Cependant, Mycelium a quelques inconv\u00e9nients \u00e0 prendre en compte. L&rsquo;un des inconv\u00e9nients est qu&rsquo;il n&rsquo;est disponible que pour les appareils mobiles, et non pour les ordinateurs de bureau ou le Web. De plus, la fonction Local Trader qui permet aux utilisateurs d&rsquo;acheter et de vendre des bitcoins directement dans l&rsquo;application, a fait l&rsquo;objet de quelques critiques concernant sa fiabilit\u00e9 et sa s\u00e9curit\u00e9. En outre, elle n&rsquo;est peut-\u00eatre pas adapt\u00e9e aux d\u00e9butants car elle n\u00e9cessite une compr\u00e9hension de base du bitcoin et de son fonctionnement.<\/p>\n<h2>Comment utiliser le portefeuille Mycelium<\/h2>\n<p>Pour utiliser Mycelium Wallet, installez d&rsquo;abord l&rsquo;application sur votre appareil <a href=\"https:\/\/play.google.com\/store\/apps\/details?id=com.mycelium.wallet\" rel=\"nofollow noopener\" target=\"_blank\">Android<\/a> ou <a href=\"https:\/\/apps.apple.com\/us\/app\/mycelium-bitcoin-wallet\/id943912290\" rel=\"nofollow noopener\" target=\"_blank\">iOS<\/a>, puis cr\u00e9ez un nouveau portefeuille. Voici les \u00e9tapes g\u00e9n\u00e9rales pour commencer :<\/p>\n<ul>\n<li>Obtenez le portefeuille Mycelium sur l&rsquo;App Store ou Google Play Store.<\/li>\n<li>Lancez l&rsquo;appli et choisissez \u00ab\u00a0Cr\u00e9er un nouveau portefeuille\u00a0\u00bb<\/li>\n<li>Pour configurer votre portefeuille, suivez les instructions qui incluent la cr\u00e9ation d&rsquo;un mot de passe fort et l&rsquo;\u00e9criture de votre phrase de r\u00e9cup\u00e9ration.<\/li>\n<li>Apr\u00e8s avoir configur\u00e9 votre portefeuille, vous pouvez voir votre solde, l&rsquo;historique de vos transactions et d&rsquo;autres informations sur l&rsquo;\u00e9cran d&rsquo;accueil.<\/li>\n<li>Pour recevoir des bitcoins, appuyez sur le bouton \u00ab\u00a0Recevoir\u00a0\u00bb et fournissez \u00e0 l&rsquo;exp\u00e9diteur votre adresse publique.<\/li>\n<li>Appuyez sur le bouton \u00ab\u00a0Envoyer\u00a0\u00bb pour envoyer des bitcoins, puis entrez l&rsquo;adresse du destinataire et le montant que vous souhaitez envoyer.<\/li>\n<li>Pour acheter et vendre des bitcoins directement, utilisez votre \u00e9change int\u00e9gr\u00e9, Mycelium Local Trader. <\/li>\n<\/ul>\n<div class=\"action box\">\n<p>Mycelium Local Trader est un \u00e9change d\u00e9centralis\u00e9 int\u00e9gr\u00e9 \u00e0 votre portefeuille Bitcoin. Il organise des transactions sans d\u00e9tenir aucun de vos Bitcoin ou fiat et g\u00e9n\u00e8re des \u00e9valuations de r\u00e9putation bas\u00e9es sur les transactions effectu\u00e9es.<\/p>\n<\/div>\n<h2>Frais de portefeuille Mycelium<\/h2>\n<p>Mycelium, comme la plupart des portefeuilles Bitcoin, facture des frais de transaction. Les frais sont d\u00e9termin\u00e9s par l&rsquo;\u00e9tat actuel du r\u00e9seau Bitcoin et la taille de la transaction en bytes. Le portefeuille dispose d&rsquo;un m\u00e9canisme de tarification dynamique qui d\u00e9termine les frais appropri\u00e9s en fonction des circonstances actuelles du r\u00e9seau. Vous verrez le montant des frais avant de terminer votre transaction. Il convient de noter que des co\u00fbts plus \u00e9lev\u00e9s entra\u00eenent souvent des confirmations de transaction plus rapides, tandis que des frais moins \u00e9lev\u00e9s peuvent prendre plus de temps. Mycelium propose \u00e9galement une option de \u00ab\u00a0frais personnalis\u00e9s\u00a0\u00bb qui permet aux clients de d\u00e9terminer manuellement les frais de leur transaction.<\/p>\n<h2>Alternatives \u00e0 Mycelium<\/h2>\n<div class=\"woocommerce columns-4 \"><ul class=\"products columns-4\">\n<li class=\"woocommerce-text-align-center woocommerce-image-align-center do-quantity-buttons product type-product post-92 status-publish first instock product_cat-portefeuilles-de-bureau has-post-thumbnail shipping-taxable product-type-external\">\n\t<a href=\"https:\/\/h17n.com\/fr\/portefeuilles-de-bureau\/electrum\/\" class=\"woocommerce-LoopProduct-link woocommerce-loop-product__link\"><img loading=\"lazy\" decoding=\"async\" width=\"300\" height=\"300\" src=\"https:\/\/h17n.com\/fr\/wp-content\/uploads\/sites\/2\/2023\/02\/portefeuille-electrum-300x300.jpg\" class=\"attachment-woocommerce_thumbnail size-woocommerce_thumbnail\" alt=\"Revue du portefeuille Electrum\" srcset=\"https:\/\/h17n.com\/fr\/wp-content\/uploads\/sites\/2\/2023\/02\/portefeuille-electrum-300x300.jpg 300w, https:\/\/h17n.com\/fr\/wp-content\/uploads\/sites\/2\/2023\/02\/portefeuille-electrum-150x150.jpg 150w, https:\/\/h17n.com\/fr\/wp-content\/uploads\/sites\/2\/2023\/02\/portefeuille-electrum-768x768.jpg 768w, https:\/\/h17n.com\/fr\/wp-content\/uploads\/sites\/2\/2023\/02\/portefeuille-electrum-120x120.jpg 120w, https:\/\/h17n.com\/fr\/wp-content\/uploads\/sites\/2\/2023\/02\/portefeuille-electrum-600x600.jpg 600w, https:\/\/h17n.com\/fr\/wp-content\/uploads\/sites\/2\/2023\/02\/portefeuille-electrum-100x100.jpg 100w, https:\/\/h17n.com\/fr\/wp-content\/uploads\/sites\/2\/2023\/02\/portefeuille-electrum.jpg 1024w\" sizes=\"auto, (max-width: 300px) 100vw, 300px\" \/><h2 class=\"woocommerce-loop-product__title\">Revue du portefeuille Electrum<\/h2>\n            <div class=\"star-rating\" title=\"Pas encore not\u00e9\"><span style=\"width:0%\"><strong class=\"rating\">0<\/strong> sur 5<\/span><\/div>        <a href=\"https:\/\/h17n.com\/fr\/portefeuilles-de-bureau\/electrum\/#reviews\" class=\"woocommerce-review-link\" rel=\"nofollow\">(0)<\/a>\n\n\n<\/a><a href=\"https:\/\/electrum.org\/\" aria-describedby=\"woocommerce_loop_add_to_cart_link_describedby_92\" data-quantity=\"1\" class=\"button product_type_external\" data-product_id=\"92\" data-product_sku=\"\" aria-label=\"D\u00e9couvrir Electrum\" rel=\"nofollow\">D\u00e9couvrir Electrum<\/a>\t<span id=\"woocommerce_loop_add_to_cart_link_describedby_92\" class=\"screen-reader-text\">\n\t\t\t<\/span>\n<\/li>\n<li class=\"woocommerce-text-align-center woocommerce-image-align-center do-quantity-buttons product type-product post-135 status-publish instock product_cat-portefeuilles-mobiles has-post-thumbnail shipping-taxable product-type-external\">\n\t<a href=\"https:\/\/h17n.com\/fr\/portefeuilles-mobiles\/samourai\/\" class=\"woocommerce-LoopProduct-link woocommerce-loop-product__link\"><img loading=\"lazy\" decoding=\"async\" width=\"300\" height=\"300\" src=\"https:\/\/h17n.com\/fr\/wp-content\/uploads\/sites\/2\/2023\/02\/portefeuille-samourai-300x300.jpg\" class=\"attachment-woocommerce_thumbnail size-woocommerce_thumbnail\" alt=\"Revue du portefeuille Samourai\" srcset=\"https:\/\/h17n.com\/fr\/wp-content\/uploads\/sites\/2\/2023\/02\/portefeuille-samourai-300x300.jpg 300w, https:\/\/h17n.com\/fr\/wp-content\/uploads\/sites\/2\/2023\/02\/portefeuille-samourai-150x150.jpg 150w, https:\/\/h17n.com\/fr\/wp-content\/uploads\/sites\/2\/2023\/02\/portefeuille-samourai-768x768.jpg 768w, https:\/\/h17n.com\/fr\/wp-content\/uploads\/sites\/2\/2023\/02\/portefeuille-samourai-120x120.jpg 120w, https:\/\/h17n.com\/fr\/wp-content\/uploads\/sites\/2\/2023\/02\/portefeuille-samourai-600x600.jpg 600w, https:\/\/h17n.com\/fr\/wp-content\/uploads\/sites\/2\/2023\/02\/portefeuille-samourai-100x100.jpg 100w, https:\/\/h17n.com\/fr\/wp-content\/uploads\/sites\/2\/2023\/02\/portefeuille-samourai.jpg 1024w\" sizes=\"auto, (max-width: 300px) 100vw, 300px\" \/><h2 class=\"woocommerce-loop-product__title\">Revue du portefeuille Samourai<\/h2>\n            <div class=\"star-rating\" title=\"Pas encore not\u00e9\"><span style=\"width:0%\"><strong class=\"rating\">0<\/strong> sur 5<\/span><\/div>        <a href=\"https:\/\/h17n.com\/fr\/portefeuilles-mobiles\/samourai\/#reviews\" class=\"woocommerce-review-link\" rel=\"nofollow\">(0)<\/a>\n\n\n<\/a><a href=\"https:\/\/samouraiwallet.com\/\" aria-describedby=\"woocommerce_loop_add_to_cart_link_describedby_135\" data-quantity=\"1\" class=\"button product_type_external\" data-product_id=\"135\" data-product_sku=\"\" aria-label=\"D\u00e9couvrir Samourai\" rel=\"nofollow\">D\u00e9couvrir Samourai<\/a>\t<span id=\"woocommerce_loop_add_to_cart_link_describedby_135\" class=\"screen-reader-text\">\n\t\t\t<\/span>\n<\/li>\n<\/ul>\n<\/div>\n","protected":false},"excerpt":{"rendered":"<p>Mycelium est un portefeuille mobile Bitcoin, open source et non d\u00e9positaire, disponible pour les appareils Android et iOS. Il vous permet de stocker, d&rsquo;acheter et de vendre des bitcoins.<\/p>\n","protected":false},"featured_media":142,"comment_status":"open","ping_status":"closed","template":"","meta":[],"product_brand":[],"product_cat":[51],"product_tag":[358],"class_list":{"0":"post-141","1":"product","2":"type-product","3":"status-publish","4":"has-post-thumbnail","6":"product_cat-portefeuilles-mobiles","7":"product_tag-avance","8":"","9":"woocommerce-text-align-center","10":"woocommerce-image-align-center","11":"do-quantity-buttons","13":"first","14":"instock","15":"shipping-taxable","16":"product-type-external"},"_links":{"self":[{"href":"https:\/\/h17n.com\/fr\/wp-json\/wp\/v2\/product\/141","targetHints":{"allow":["GET"]}}],"collection":[{"href":"https:\/\/h17n.com\/fr\/wp-json\/wp\/v2\/product"}],"about":[{"href":"https:\/\/h17n.com\/fr\/wp-json\/wp\/v2\/types\/product"}],"replies":[{"embeddable":true,"href":"https:\/\/h17n.com\/fr\/wp-json\/wp\/v2\/comments?post=141"}],"wp:featuredmedia":[{"embeddable":true,"href":"https:\/\/h17n.com\/fr\/wp-json\/wp\/v2\/media\/142"}],"wp:attachment":[{"href":"https:\/\/h17n.com\/fr\/wp-json\/wp\/v2\/media?parent=141"}],"wp:term":[{"taxonomy":"product_brand","embeddable":true,"href":"https:\/\/h17n.com\/fr\/wp-json\/wp\/v2\/product_brand?post=141"},{"taxonomy":"product_cat","embeddable":true,"href":"https:\/\/h17n.com\/fr\/wp-json\/wp\/v2\/product_cat?post=141"},{"taxonomy":"product_tag","embeddable":true,"href":"https:\/\/h17n.com\/fr\/wp-json\/wp\/v2\/product_tag?post=141"}],"curies":[{"name":"wp","href":"https:\/\/api.w.org\/{rel}","templated":true}]}}