{"id":138,"date":"2023-02-27T07:43:43","date_gmt":"2023-02-27T07:43:43","guid":{"rendered":"https:\/\/h17n.com\/fr\/?post_type=product&#038;p=138"},"modified":"2023-05-18T15:29:27","modified_gmt":"2023-05-18T15:29:27","slug":"pine","status":"publish","type":"product","link":"https:\/\/h17n.com\/fr\/portefeuilles-mobiles\/pine\/","title":{"rendered":"Pine : recevoir, envoyer des bitcoins comme un email"},"content":{"rendered":"<p><a href=\"https:\/\/pine.pm\/\" rel=\"nofollow noopener\" target=\"_blank\">Pine<\/a> est une application open source qui vous permet d&rsquo;envoyer et de recevoir des bitcoins de la m\u00eame mani\u00e8re que vous enverriez un SMS. Cela ressemble \u00e0 un programme de messagerie, mais au lieu d&rsquo;envoyer des messages, vous envoyez des bitcoins. Cela signifie que si vous pouvez envoyer un message, vous pouvez facilement envoyer ou recevoir des bitcoins. Le chiffrement de bout en bout est utilis\u00e9 pour toutes les transactions Pine et seuls les destinataires pr\u00e9vus peuvent les d\u00e9chiffrer. L&rsquo;application est actuellement en b\u00eata-test <a href=\"https:\/\/h17n.com\/fr\/reseau-lightning\/\" target=\"_blank\" rel=\"noopener\">Lightning<\/a> et est disponible sur l&rsquo;<a href=\"https:\/\/apps.apple.com\/app\/pine-bitcoin-wallet\/id1445357961\" rel=\"nofollow noopener\" target=\"_blank\">App Store<\/a>.<\/p>\n<h2>Fonctionnalit\u00e9s<\/h2>\n<ul>\n<li><strong>Contr\u00f4le total.<\/strong> Pine n&rsquo;a pas la garde des fonds. Vous avez le contr\u00f4le de vos fonds stock\u00e9s chez Pine. L&rsquo;application n&rsquo;a pas acc\u00e8s \u00e0 vos cl\u00e9s priv\u00e9es ou \u00e0 vos bitcoins. <\/li>\n<li><strong>Un design connu.<\/strong> L&rsquo;interface de Pine, qui ressemble \u00e0 celle d&rsquo;un messager, est imm\u00e9diatement reconnaissable par tous ceux qui ont utilis\u00e9 un service de messagerie comme WhatsApp ou Messenger.<\/li>\n<li><strong>Localisation.<\/strong> L&rsquo;application prend en charge des centaines de devises locales pour afficher les taux de conversion, ainsi que les langues dans un proche avenir.<\/li>\n<li><strong>Adresses pratiques.<\/strong> Saisissez les adresses Pine de vos contacts qui sont similaires aux adresses e-mail. Obtenez une adresse @pine.pm ou h\u00e9bergez votre propre serveur sous votre propre domaine.<\/li>\n<li><strong>Biom\u00e9trie.<\/strong> TVous \u00eates le seul \u00e0 pouvoir d\u00e9penser votre argent en signant des transactions avec Touch\/Face ID. Cela emp\u00eache les paiements ill\u00e9gaux de se produire si votre t\u00e9l\u00e9phone tombe en de mauvaises mains.<\/li>\n<li><strong>Ex\u00e9cuter votre propre n\u0153ud.<\/strong> Vous pouvez ex\u00e9cuter votre propre n\u0153ud bitcoin pour diffuser et valider les transactions sans d\u00e9pendre des autres. L&rsquo;ex\u00e9cution de votre propre n\u0153ud peut \u00e9galement aider \u00e0 prot\u00e9ger votre vie priv\u00e9e en ne divulguant pas les transactions qui vous int\u00e9ressent.<\/li>\n<li><strong>Lightning.<\/strong> Rejoignez <a href=\"https:\/\/testflight.apple.com\/join\/87Zydb0C\" rel=\"nofollow noopener\" target=\"_blank\">la b\u00eata de Pine Lightning<\/a>.<\/li>\n<li><strong>Mondial.<\/strong> Pine n&rsquo;a pas de limites g\u00e9ographiques. Vous pouvez effectuer des transactions avec n&rsquo;importe qui, partout dans le monde, sans restriction et ils n&rsquo;ont m\u00eame pas besoin d&rsquo;utiliser Pine si la devise est le bitcoin. <\/li>\n<\/ul>\n<h2>Plus d&rsquo;informations<\/h2>\n<ul>\n<li><a href=\"https:\/\/apps.apple.com\/app\/pine-bitcoin-wallet\/id1445357961\" rel=\"nofollow noopener\" target=\"_blank\">T\u00e9l\u00e9charge l&rsquo;application Pine pour iOS<\/a><\/li>\n<\/ul>\n","protected":false},"excerpt":{"rendered":"<p>Pine est une application bitcoin open source qui vous permet de recevoir et d&rsquo;envoyer de l&rsquo;argent \u00e0 vos amis et \u00e0 votre famille comme si vous envoyiez un SMS.<\/p>\n","protected":false},"featured_media":140,"comment_status":"open","ping_status":"closed","template":"","meta":[],"product_brand":[],"product_cat":[51],"product_tag":[],"class_list":{"0":"post-138","1":"product","2":"type-product","3":"status-publish","4":"has-post-thumbnail","6":"product_cat-portefeuilles-mobiles","7":"","8":"woocommerce-text-align-center","9":"woocommerce-image-align-center","10":"do-quantity-buttons","12":"first","13":"instock","14":"shipping-taxable","15":"product-type-external"},"_links":{"self":[{"href":"https:\/\/h17n.com\/fr\/wp-json\/wp\/v2\/product\/138","targetHints":{"allow":["GET"]}}],"collection":[{"href":"https:\/\/h17n.com\/fr\/wp-json\/wp\/v2\/product"}],"about":[{"href":"https:\/\/h17n.com\/fr\/wp-json\/wp\/v2\/types\/product"}],"replies":[{"embeddable":true,"href":"https:\/\/h17n.com\/fr\/wp-json\/wp\/v2\/comments?post=138"}],"wp:featuredmedia":[{"embeddable":true,"href":"https:\/\/h17n.com\/fr\/wp-json\/wp\/v2\/media\/140"}],"wp:attachment":[{"href":"https:\/\/h17n.com\/fr\/wp-json\/wp\/v2\/media?parent=138"}],"wp:term":[{"taxonomy":"product_brand","embeddable":true,"href":"https:\/\/h17n.com\/fr\/wp-json\/wp\/v2\/product_brand?post=138"},{"taxonomy":"product_cat","embeddable":true,"href":"https:\/\/h17n.com\/fr\/wp-json\/wp\/v2\/product_cat?post=138"},{"taxonomy":"product_tag","embeddable":true,"href":"https:\/\/h17n.com\/fr\/wp-json\/wp\/v2\/product_tag?post=138"}],"curies":[{"name":"wp","href":"https:\/\/api.w.org\/{rel}","templated":true}]}}