{"id":135,"date":"2023-02-24T20:48:05","date_gmt":"2023-02-24T20:48:05","guid":{"rendered":"https:\/\/h17n.com\/fr\/?post_type=product&#038;p=135"},"modified":"2024-07-14T06:06:24","modified_gmt":"2024-07-14T06:06:24","slug":"samourai","status":"publish","type":"product","link":"https:\/\/h17n.com\/fr\/portefeuilles-mobiles\/samourai\/","title":{"rendered":"Revue du portefeuille Samourai"},"content":{"rendered":"<p><a href=\"https:\/\/samouraiwallet.com\/\" rel=\"nofollow noopener\" target=\"_blank\">Samourai<\/a> est un portefeuille open source non d\u00e9positaire disponible sur Android. Vous pouvez l&rsquo;utiliser pour vendre, recevoir et stocker des bitcoins. Le portefeuille prend en charge Tor et VPN, CoinJoin, et il propose \u00e9galement des options pour l&rsquo;int\u00e9gration de portefeuilles mat\u00e9riels et le stockage froid crypt\u00e9.<\/p>\n<p>L&rsquo;objectif principal de Samourai est de garder vos transactions priv\u00e9es, votre identit\u00e9 cach\u00e9e et vos actifs en s\u00e9curit\u00e9.<\/p>\n<div class=\"warning box\">\n<p>Le 24 avril 2024, les fondateurs de Samourai Wallet, Keonne Rodriguez et William Lonergan Hill, ont \u00e9t\u00e9 accus\u00e9s de blanchiment d&rsquo;argent et d&rsquo;exploitation d&rsquo;une entreprise de transmission d&rsquo;argent non autoris\u00e9e. En cons\u00e9quence, les applications Samourai ont \u00e9t\u00e9 retir\u00e9es des magasins d&rsquo;applications Google et Apple. Voici quelques <a href=\"https:\/\/h17n.com\/fr\/portefeuilles-mobiles\/\">alternatives au portefeuille Samourai<\/a>.<\/p>\n<\/div>\n<h2>Configurer le portefeuille Samourai<\/h2>\n<p>Pour commencer \u00e0 utiliser Samourai Wallet, t\u00e9l\u00e9chargez-le sur <a href=\"https:\/\/play.google.com\/store\/apps\/details?id=com.samourai.wallet\" rel=\"nofollow noopener\" target=\"_blank\">Google Play Store<\/a>, <a href=\"https:\/\/samouraiwallet.com\/download\/fdroid\" rel=\"nofollow noopener\" target=\"_blank\">F-Droid<\/a> ou <a href=\"https:\/\/samouraiwallet.com\/download\/latest-apk\" rel=\"nofollow noopener\" target=\"_blank\">Android APK<\/a>. L&rsquo;\u00e9tape suivante consiste \u00e0 autoriser l&rsquo;acc\u00e8s au stockage pour enregistrer un fichier de sauvegarde du portefeuille sur votre appareil. Vous devez activer la fonctionnalit\u00e9 de r\u00e9seau Tor pour obtenir un niveau de confidentialit\u00e9 plus \u00e9lev\u00e9. Cr\u00e9ez ensuite une phrase de passe pour plus de s\u00e9curit\u00e9. Une fois que vous l&rsquo;avez fait, l&rsquo;application n\u00e9cessitera la cr\u00e9ation du code PIN. Vous l&rsquo;utiliserez pour r\u00e9cup\u00e9rer le portefeuille. Ce processus est suivi par la g\u00e9n\u00e9ration d&rsquo;une phrase de d\u00e9part \u00e0 partir de 12 mots al\u00e9atoires. Assurez-vous de m\u00e9moriser vos mots et de les conserver dans un endroit s\u00fbr. Cette phrase de d\u00e9part, utilis\u00e9e avec une phrase de passe, vous permet de restaurer le portefeuille et l&rsquo;\u00e9quilibre dans n&rsquo;importe quel logiciel de portefeuille compatible.<\/p>\n<h3>Avantages et inconv\u00e9nients du portefeuille Samourai<\/h3>\n<h3>Avantages<\/h3>\n<ul>\n<li><strong>Samourai Whirlpool.<\/strong> Il s&rsquo;agit d&rsquo;une plateforme CoinJoin gratuite et open-source. Son objectif est d&rsquo;am\u00e9liorer la confidentialit\u00e9 lors des transactions en bitcoins. Vous pouvez envoyer des bitcoins sans divulguer d&rsquo;informations sur vos transactions pass\u00e9es. Vous payez des frais fixes uniques pour l&rsquo;anonymat et utilisez cette fonctionnalit\u00e9 de mani\u00e8re illimit\u00e9e. De plus, vous pouvez utiliser Whirpool via mobile ou associer le portefeuille Samourai \u00e0 l&rsquo;application de bureau Whirpool.<\/li>\n<li><strong>Prise en charge de SegWit.<\/strong> SegWit (abr\u00e9viation de Segregated Witness) est une proposition de mise \u00e0 niveau du protocole bitcoin invent\u00e9e pour aider \u00e0 r\u00e9duire les frais et acc\u00e9l\u00e9rer les transactions bitcoin. <\/li>\n<li><strong>Mode hors ligne.<\/strong> Vous n&rsquo;avez pas besoin d&rsquo;une connexion r\u00e9seau pour commencer \u00e0 utiliser Bitcoin. Avec Samourai, vous pouvez diffuser des transactions vers le r\u00e9seau bitcoin par SMS ou r\u00e9seau maill\u00e9.<\/li>\n<li><strong>Frais de mineur intelligents.<\/strong> Utilisez l&rsquo;estimation des frais de mineur pour d\u00e9finir un niveau de priorit\u00e9 pour votre transaction, ou m\u00eame augmenter les frais de mineur d&rsquo;une transaction m\u00eame apr\u00e8s l&rsquo;avoir envoy\u00e9e.<\/li>\n<li><strong>Mode furtif.<\/strong> Cette fonction supprime Samourai du lanceur et de l&rsquo;\u00e9cran d&rsquo;accueil de votre appareil Android. <\/li>\n<li><strong>Anonymat.<\/strong> Vous pouvez rendre votre IP anonyme en utilisant un VPN ou TOR (The Onion Router).<\/li>\n<li><strong>Assistance par chat en direct et par courriel.<\/strong> Si vous perdez l&rsquo;acc\u00e8s \u00e0 votre portefeuille ou rencontrez d&rsquo;autres probl\u00e8mes, vous pouvez <a href=\"https:\/\/samouraiwallet.com\/support\" rel=\"nofollow noopener\" target=\"_blank\">contacter l&rsquo;assistance<\/a> par chat en direct ou par email.<\/li>\n<\/ul>\n<div class=\"action box\">\n<p><a href=\"https:\/\/samouraiwallet.com\/sentinel\" rel=\"nofollow noopener\" target=\"_blank\">Samourai Sentinel<\/a> est un portefeuille \u00a0\u00bb watch-only \u00a0\u00bb bitcoin gratuit et open source. C&rsquo;est un compagnon en ligne pour vos portefeuilles bitcoin hors ligne et \u00e0 stockage froid. Il peut suivre les transactions et les soldes sur les portefeuilles mat\u00e9riels, notamment les portefeuilles <a href=\"https:\/\/h17n.com\/fr\/portefeuilles-materiels\/trezor\" target=\"_blank\" rel=\"noopener\">Trezor<\/a> et <a href=\"https:\/\/h17n.com\/fr\/portefeuilles-materiels\/ledger\/\" target=\"_blank\" rel=\"noopener\">Ledger<\/a>.<\/p>\n<\/div>\n<div class=\"woocommerce columns-4 \"><ul class=\"products columns-4\">\n<li class=\"woocommerce-text-align-center woocommerce-image-align-center do-quantity-buttons product type-product post-100 status-publish first instock product_cat-portefeuilles-materiels has-post-thumbnail shipping-taxable product-type-external\">\n\t<a href=\"https:\/\/h17n.com\/fr\/portefeuilles-materiels\/ledger\/\" class=\"woocommerce-LoopProduct-link woocommerce-loop-product__link\"><img loading=\"lazy\" decoding=\"async\" width=\"300\" height=\"300\" src=\"https:\/\/h17n.com\/fr\/wp-content\/uploads\/sites\/2\/2023\/02\/ledger-1-300x300.jpg\" class=\"attachment-woocommerce_thumbnail size-woocommerce_thumbnail\" alt=\"Ledger : un portefeuille mat\u00e9riel pour Android et iOS\" srcset=\"https:\/\/h17n.com\/fr\/wp-content\/uploads\/sites\/2\/2023\/02\/ledger-1-300x300.jpg 300w, https:\/\/h17n.com\/fr\/wp-content\/uploads\/sites\/2\/2023\/02\/ledger-1-150x150.jpg 150w, https:\/\/h17n.com\/fr\/wp-content\/uploads\/sites\/2\/2023\/02\/ledger-1-100x100.jpg 100w\" sizes=\"auto, (max-width: 300px) 100vw, 300px\" \/><h2 class=\"woocommerce-loop-product__title\">Ledger : un portefeuille mat\u00e9riel pour Android et iOS<\/h2>\n            <div class=\"star-rating\" title=\"Pas encore not\u00e9\"><span style=\"width:0%\"><strong class=\"rating\">0<\/strong> sur 5<\/span><\/div>        <a href=\"https:\/\/h17n.com\/fr\/portefeuilles-materiels\/ledger\/#reviews\" class=\"woocommerce-review-link\" rel=\"nofollow\">(0)<\/a>\n\n\n\t<span class=\"price\"><span class=\"woocommerce-Price-amount amount\"><bdi><span class=\"woocommerce-Price-currencySymbol\">&euro;<\/span>83.00<\/bdi><\/span><\/span>\n<\/a><a href=\"https:\/\/www.ledger.com\/\" aria-describedby=\"woocommerce_loop_add_to_cart_link_describedby_100\" data-quantity=\"1\" class=\"button product_type_external\" data-product_id=\"100\" data-product_sku=\"\" aria-label=\"D\u00e9couvrir Ledger\" rel=\"nofollow\">D\u00e9couvrir Ledger<\/a>\t<span id=\"woocommerce_loop_add_to_cart_link_describedby_100\" class=\"screen-reader-text\">\n\t\t\t<\/span>\n<\/li>\n<li class=\"woocommerce-text-align-center woocommerce-image-align-center do-quantity-buttons product type-product post-97 status-publish instock product_cat-portefeuilles-materiels has-post-thumbnail shipping-taxable product-type-external\">\n\t<a href=\"https:\/\/h17n.com\/fr\/portefeuilles-materiels\/trezor\/\" class=\"woocommerce-LoopProduct-link woocommerce-loop-product__link\"><img loading=\"lazy\" decoding=\"async\" width=\"300\" height=\"300\" src=\"https:\/\/h17n.com\/fr\/wp-content\/uploads\/sites\/2\/2023\/04\/trezor-1-jpg-300x300.webp\" class=\"attachment-woocommerce_thumbnail size-woocommerce_thumbnail\" alt=\"Revue de Trezor : un portefeuille mat\u00e9riel open-source\" srcset=\"https:\/\/h17n.com\/fr\/wp-content\/uploads\/sites\/2\/2023\/04\/trezor-1-jpg-300x300.webp 300w, https:\/\/h17n.com\/fr\/wp-content\/uploads\/sites\/2\/2023\/04\/trezor-1-jpg-150x150.webp 150w, https:\/\/h17n.com\/fr\/wp-content\/uploads\/sites\/2\/2023\/04\/trezor-1-jpg-100x100.webp 100w\" sizes=\"auto, (max-width: 300px) 100vw, 300px\" \/><h2 class=\"woocommerce-loop-product__title\">Revue de Trezor : un portefeuille mat\u00e9riel open-source<\/h2>\n            <div class=\"star-rating\" title=\"Pas encore not\u00e9\"><span style=\"width:0%\"><strong class=\"rating\">0<\/strong> sur 5<\/span><\/div>        <a href=\"https:\/\/h17n.com\/fr\/portefeuilles-materiels\/trezor\/#reviews\" class=\"woocommerce-review-link\" rel=\"nofollow\">(0)<\/a>\n\n\n\t<span class=\"price\"><span class=\"woocommerce-Price-amount amount\"><bdi><span class=\"woocommerce-Price-currencySymbol\">&euro;<\/span>65.00<\/bdi><\/span><\/span>\n<\/a><a href=\"https:\/\/trezor.io\/\" aria-describedby=\"woocommerce_loop_add_to_cart_link_describedby_97\" data-quantity=\"1\" class=\"button product_type_external\" data-product_id=\"97\" data-product_sku=\"\" aria-label=\"D\u00e9couvrir Trezor\" rel=\"nofollow\">D\u00e9couvrir Trezor<\/a>\t<span id=\"woocommerce_loop_add_to_cart_link_describedby_97\" class=\"screen-reader-text\">\n\t\t\t<\/span>\n<\/li>\n<\/ul>\n<\/div>\n<h3>Inconv\u00e9nients<\/h3>\n<ul>\n<li><strong>Pas de prise en charge des appareils iOS.<\/strong> L&rsquo;application mobile est disponible uniquement sur Android OS. <\/li>\n<li><strong>Pas de multisignature.<\/strong> Cette technologie est utilis\u00e9e pour s\u00e9curiser les transactions en bitcoins. Elle n\u00e9cessite plusieurs signatures avant que la transaction ne soit diffus\u00e9e sur la blockchain. Le portefeuille Samourai ne propose pas cette fonctionnalit\u00e9.<\/li>\n<li><strong>Compliqu\u00e9 pour les d\u00e9butants.<\/strong> L&rsquo;application est cr\u00e9\u00e9e pour les utilisateurs ayant beaucoup d&rsquo;exp\u00e9rience, elle est donc tr\u00e8s compliqu\u00e9e pour les d\u00e9butants.<\/li>\n<li><strong>Samourai est un portefeuille chaud<\/strong>. Il est donc plus expos\u00e9 aux cyberattaques et au piratage en raison de sa connexion constante \u00e0 Internet.<\/li>\n<\/ul>\n<div class=\"warning box\">\n<p>Le 24 avril 2024, les fondateurs de Samourai Wallet, Keonne Rodriguez et William Lonergan Hill, ont \u00e9t\u00e9 accus\u00e9s de blanchiment d&rsquo;argent et d&rsquo;exploitation d&rsquo;une entreprise de transmission d&rsquo;argent non autoris\u00e9e. En cons\u00e9quence, les applications Samourai ont \u00e9t\u00e9 retir\u00e9es des magasins d&rsquo;applications Google et Apple. Voici quelques <a href=\"https:\/\/h17n.com\/fr\/portefeuilles-mobiles\/\">alternatives au portefeuille Samourai<\/a>.<\/p>\n<\/div>\n<h2>Plus d&rsquo;informations<\/h2>\n<ul>\n<li><a href=\"https:\/\/blog.samouraiwallet.com\/\" rel=\"nofollow noopener\" target=\"_blank\">Samourai Blog<\/a><\/li>\n<li><a href=\"https:\/\/medium.com\/@SamouraiWallet\" rel=\"nofollow noopener\" target=\"_blank\">Samourai Medium<\/a><\/li>\n<li><a href=\"https:\/\/twitter.com\/samouraiwallet\" rel=\"nofollow noopener\" target=\"_blank\">Samourai sur Twitter<\/a><\/li>\n<li><a href=\"https:\/\/t.me\/SamouraiWallet\" rel=\"nofollow noopener\" target=\"_blank\">Samourai sur Telegram<\/a><\/li>\n<li><a href=\"https:\/\/www.youtube.com\/channel\/UCb4Y89L9Bokuo6OWqjAhMoA\" rel=\"nofollow noopener\" target=\"_blank\">Samourai sur Youtube<\/a><\/li>\n<\/ul>\n","protected":false},"excerpt":{"rendered":"<p>Samourai est un portefeuille open source non d\u00e9positaire pour Android. Il est destin\u00e9 \u00e0 \u00eatre utilis\u00e9 pour acheter, vendre et stocker des bitcoins. Pour l&rsquo;anonymat, le portefeuille prend en charge Tor et VPN, ainsi que CoinJoin.<\/p>\n","protected":false},"featured_media":136,"comment_status":"open","ping_status":"closed","template":"","meta":[],"product_brand":[],"product_cat":[51],"product_tag":[],"class_list":{"0":"post-135","1":"product","2":"type-product","3":"status-publish","4":"has-post-thumbnail","6":"product_cat-portefeuilles-mobiles","7":"pa_coinjoin-oui","8":"","9":"woocommerce-text-align-center","10":"woocommerce-image-align-center","11":"do-quantity-buttons","13":"first","14":"instock","15":"shipping-taxable","16":"product-type-external"},"_links":{"self":[{"href":"https:\/\/h17n.com\/fr\/wp-json\/wp\/v2\/product\/135","targetHints":{"allow":["GET"]}}],"collection":[{"href":"https:\/\/h17n.com\/fr\/wp-json\/wp\/v2\/product"}],"about":[{"href":"https:\/\/h17n.com\/fr\/wp-json\/wp\/v2\/types\/product"}],"replies":[{"embeddable":true,"href":"https:\/\/h17n.com\/fr\/wp-json\/wp\/v2\/comments?post=135"}],"wp:featuredmedia":[{"embeddable":true,"href":"https:\/\/h17n.com\/fr\/wp-json\/wp\/v2\/media\/136"}],"wp:attachment":[{"href":"https:\/\/h17n.com\/fr\/wp-json\/wp\/v2\/media?parent=135"}],"wp:term":[{"taxonomy":"product_brand","embeddable":true,"href":"https:\/\/h17n.com\/fr\/wp-json\/wp\/v2\/product_brand?post=135"},{"taxonomy":"product_cat","embeddable":true,"href":"https:\/\/h17n.com\/fr\/wp-json\/wp\/v2\/product_cat?post=135"},{"taxonomy":"product_tag","embeddable":true,"href":"https:\/\/h17n.com\/fr\/wp-json\/wp\/v2\/product_tag?post=135"}],"curies":[{"name":"wp","href":"https:\/\/api.w.org\/{rel}","templated":true}]}}