{"id":132,"date":"2023-02-24T20:31:16","date_gmt":"2023-02-24T20:31:16","guid":{"rendered":"https:\/\/h17n.com\/fr\/?post_type=product&#038;p=132"},"modified":"2023-05-17T20:30:27","modified_gmt":"2023-05-17T20:30:27","slug":"bluewallet","status":"publish","type":"product","link":"https:\/\/h17n.com\/fr\/portefeuilles-mobiles\/bluewallet\/","title":{"rendered":"BlueWallet : un portefeuille Bitcoin"},"content":{"rendered":"<p><a href=\"https:\/\/bluewallet.io\/\" rel=\"nofollow noopener\" target=\"_blank\">BlueWallet<\/a> est un portefeuille Bitcoin auto d\u00e9positaire pour on-chain. <a href=\"https:\/\/h17n.com\/fr\/reseau-lightning\/\" target=\"_blank\" rel=\"noopener\">Lightning<\/a>, quant \u00e0 lui, est d\u00e9positaire par d\u00e9faut. Le portefeuille est disponible sur ordinateur et sur mobile<a href=\"https:\/\/play.google.com\/store\/apps\/details?id=io.bluewallet.bluewallet\" rel=\"nofollow noopener\" target=\"_blank\">(Android<\/a> et <a href=\"https:\/\/itunes.apple.com\/app\/bluewallet-bitcoin-wallet\/id1376878040\" rel=\"nofollow noopener\" target=\"_blank\">iOS<\/a>). Il est open source, prend en charge Lightning Network et vous permet d&rsquo;envoyer, de recevoir, d&rsquo;acheter et de stocker des bitcoins.<\/p>\n<div class=\"warning box\">\n<p>BlueWallet cessera d&rsquo;offrir le portefeuille Lightning le 30 avril. Si vous avez des sats sur le n\u0153ud Lightning de BlueWallet, veuillez les d\u00e9placer vers un autre service ou portefeuille tel que <a href=\"https:\/\/h17n.com\/fr\/portefeuilles-mobiles\/phoenix\/\" target=\"_blank\" rel=\"noopener\">Phoenix<\/a>, <a href=\"https:\/\/breez.technology\/mobile\/\" rel=\"nofollow noopener\" target=\"_blank\">Breez<\/a>, <a href=\"https:\/\/lnbits.com\/\" rel=\"nofollow noopener\" target=\"_blank\">LNbits<\/a> d\u00e8s que possible. Voir l&rsquo;annonce compl\u00e8te <a href=\"https:\/\/bluewallet.io\/sunsetting-lndhub\/\" rel=\"nofollow noopener\" target=\"_blank\">ici<\/a>.<\/p>\n<\/div>\n<h2>Comment utiliser BlueWallet<\/h2>\n<p>Pour commencer avec BlueWallet, il faut le t\u00e9l\u00e9charger sur votre mobile depuis Google Play, Apple Store ou votre ordinateur de bureau. L&rsquo;\u00e9tape suivante consiste \u00e0 ajouter un portefeuille. Vous pouvez choisir parmi les portefeuilles Bitcoin, Lightning ou Vault. Vous pouvez cr\u00e9er autant de portefeuilles que vous voulez. Pour sauvegarder le portefeuille en cas de perte, \u00e9crivez une phrase mn\u00e9motechnique de 12 mots. Vous pouvez utiliser le portefeuille Lightning comme un portefeuille sans garde, mais vous devez vous connecter \u00e0 LNDHub (un plugin Lightning) et stocker la sauvegarde du portefeuille si vous avez votre propre n\u0153ud LND. Un Vault est un wallet multisig 2-of-3. Deux cl\u00e9s de vault cr\u00e9\u00e9es seront utilis\u00e9es pour effectuer des transactions, et la troisi\u00e8me sert de sauvegarde.<\/p>\n<h2>Avantages de BlueWallet<\/h2>\n<p>Le portefeuille prend en charge plus de 20 langues et 30 devises, ce qui vous permet d&rsquo;effectuer des transactions dans votre langue maternelle et votre devise. Il a une compatibilit\u00e9 mat\u00e9rielle et mobile. Il peut se synchroniser avec la plupart des types de portefeuilles, y compris <a href=\"https:\/\/h17n.com\/fr\/portefeuilles-de-bureau\/electrum\/\" target=\"_blank\" rel=\"noopener\">Electrum<\/a> et Bread (BRD), qui appara\u00eetront dans l&rsquo;onglet \u00ab\u00a0Portefeuilles\u00a0\u00bb d\u00e8s que vous les auras import\u00e9s. Vous pouvez vous connecter aux portefeuilles mat\u00e9riels par le biais d&rsquo;un portefeuille \u00a0\u00bb watch-only \u00ab\u00a0. Vous ne pouvez pas effectuer de transactions mais seulement recevoir des bitcoins et v\u00e9rifier le solde. Cela fonctionne aussi avec le <a href=\"https:\/\/h17n.com\/fr\/portefeuilles-materiels\/trezor\/\">wallet mat\u00e9riel Trezor<\/a>, <a href=\"https:\/\/h17n.com\/fr\/portefeuilles-materiels\/coldcard\/\" target=\"_blank\" rel=\"noopener\">Coldcard<\/a> et <a href=\"https:\/\/h17n.com\/fr\/portefeuilles-materiels\/ledger\/\" target=\"_blank\" rel=\"noopener\">le wallet Ledger<\/a>.<\/p>\n<div class=\"woocommerce columns-4 \"><ul class=\"products columns-4\">\n<li class=\"woocommerce-text-align-center woocommerce-image-align-center do-quantity-buttons product type-product post-104 status-publish first instock product_cat-portefeuilles-materiels has-post-thumbnail shipping-taxable product-type-external\">\n\t<a href=\"https:\/\/h17n.com\/fr\/portefeuilles-materiels\/coldcard\/\" class=\"woocommerce-LoopProduct-link woocommerce-loop-product__link\"><img loading=\"lazy\" decoding=\"async\" width=\"300\" height=\"300\" src=\"https:\/\/h17n.com\/fr\/wp-content\/uploads\/sites\/2\/2023\/02\/hodle-safe-300x300.jpg\" class=\"attachment-woocommerce_thumbnail size-woocommerce_thumbnail\" alt=\"Coldcard : un portefeuille Bitcoin en air gap\" srcset=\"https:\/\/h17n.com\/fr\/wp-content\/uploads\/sites\/2\/2023\/02\/hodle-safe-300x300.jpg 300w, https:\/\/h17n.com\/fr\/wp-content\/uploads\/sites\/2\/2023\/02\/hodle-safe-150x150.jpg 150w, https:\/\/h17n.com\/fr\/wp-content\/uploads\/sites\/2\/2023\/02\/hodle-safe-100x100.jpg 100w\" sizes=\"auto, (max-width: 300px) 100vw, 300px\" \/><h2 class=\"woocommerce-loop-product__title\">Coldcard : un portefeuille Bitcoin en air gap<\/h2>\n            <div class=\"star-rating\" title=\"Pas encore not\u00e9\"><span style=\"width:0%\"><strong class=\"rating\">0<\/strong> sur 5<\/span><\/div>        <a href=\"https:\/\/h17n.com\/fr\/portefeuilles-materiels\/coldcard\/#reviews\" class=\"woocommerce-review-link\" rel=\"nofollow\">(0)<\/a>\n\n\n\t<span class=\"price\"><span class=\"woocommerce-Price-amount amount\"><bdi><span class=\"woocommerce-Price-currencySymbol\">&euro;<\/span>140.00<\/bdi><\/span><\/span>\n<\/a><a href=\"https:\/\/coldcard.com\/\" aria-describedby=\"woocommerce_loop_add_to_cart_link_describedby_104\" data-quantity=\"1\" class=\"button product_type_external\" data-product_id=\"104\" data-product_sku=\"\" aria-label=\"D\u00e9couvrir Coldcard\" rel=\"nofollow\">D\u00e9couvrir Coldcard<\/a>\t<span id=\"woocommerce_loop_add_to_cart_link_describedby_104\" class=\"screen-reader-text\">\n\t\t\t<\/span>\n<\/li>\n<li class=\"woocommerce-text-align-center woocommerce-image-align-center do-quantity-buttons product type-product post-100 status-publish instock product_cat-portefeuilles-materiels has-post-thumbnail shipping-taxable product-type-external\">\n\t<a href=\"https:\/\/h17n.com\/fr\/portefeuilles-materiels\/ledger\/\" class=\"woocommerce-LoopProduct-link woocommerce-loop-product__link\"><img loading=\"lazy\" decoding=\"async\" width=\"300\" height=\"300\" src=\"https:\/\/h17n.com\/fr\/wp-content\/uploads\/sites\/2\/2023\/02\/ledger-1-300x300.jpg\" class=\"attachment-woocommerce_thumbnail size-woocommerce_thumbnail\" alt=\"Ledger : un portefeuille mat\u00e9riel pour Android et iOS\" srcset=\"https:\/\/h17n.com\/fr\/wp-content\/uploads\/sites\/2\/2023\/02\/ledger-1-300x300.jpg 300w, https:\/\/h17n.com\/fr\/wp-content\/uploads\/sites\/2\/2023\/02\/ledger-1-150x150.jpg 150w, https:\/\/h17n.com\/fr\/wp-content\/uploads\/sites\/2\/2023\/02\/ledger-1-100x100.jpg 100w\" sizes=\"auto, (max-width: 300px) 100vw, 300px\" \/><h2 class=\"woocommerce-loop-product__title\">Ledger : un portefeuille mat\u00e9riel pour Android et iOS<\/h2>\n            <div class=\"star-rating\" title=\"Pas encore not\u00e9\"><span style=\"width:0%\"><strong class=\"rating\">0<\/strong> sur 5<\/span><\/div>        <a href=\"https:\/\/h17n.com\/fr\/portefeuilles-materiels\/ledger\/#reviews\" class=\"woocommerce-review-link\" rel=\"nofollow\">(0)<\/a>\n\n\n\t<span class=\"price\"><span class=\"woocommerce-Price-amount amount\"><bdi><span class=\"woocommerce-Price-currencySymbol\">&euro;<\/span>83.00<\/bdi><\/span><\/span>\n<\/a><a href=\"https:\/\/www.ledger.com\/\" aria-describedby=\"woocommerce_loop_add_to_cart_link_describedby_100\" data-quantity=\"1\" class=\"button product_type_external\" data-product_id=\"100\" data-product_sku=\"\" aria-label=\"D\u00e9couvrir Ledger\" rel=\"nofollow\">D\u00e9couvrir Ledger<\/a>\t<span id=\"woocommerce_loop_add_to_cart_link_describedby_100\" class=\"screen-reader-text\">\n\t\t\t<\/span>\n<\/li>\n<li class=\"woocommerce-text-align-center woocommerce-image-align-center do-quantity-buttons product type-product post-97 status-publish instock product_cat-portefeuilles-materiels has-post-thumbnail shipping-taxable product-type-external\">\n\t<a href=\"https:\/\/h17n.com\/fr\/portefeuilles-materiels\/trezor\/\" class=\"woocommerce-LoopProduct-link woocommerce-loop-product__link\"><img loading=\"lazy\" decoding=\"async\" width=\"300\" height=\"300\" src=\"https:\/\/h17n.com\/fr\/wp-content\/uploads\/sites\/2\/2023\/04\/trezor-1-jpg-300x300.webp\" class=\"attachment-woocommerce_thumbnail size-woocommerce_thumbnail\" alt=\"Revue de Trezor : un portefeuille mat\u00e9riel open-source\" srcset=\"https:\/\/h17n.com\/fr\/wp-content\/uploads\/sites\/2\/2023\/04\/trezor-1-jpg-300x300.webp 300w, https:\/\/h17n.com\/fr\/wp-content\/uploads\/sites\/2\/2023\/04\/trezor-1-jpg-150x150.webp 150w, https:\/\/h17n.com\/fr\/wp-content\/uploads\/sites\/2\/2023\/04\/trezor-1-jpg-100x100.webp 100w\" sizes=\"auto, (max-width: 300px) 100vw, 300px\" \/><h2 class=\"woocommerce-loop-product__title\">Revue de Trezor : un portefeuille mat\u00e9riel open-source<\/h2>\n            <div class=\"star-rating\" title=\"Pas encore not\u00e9\"><span style=\"width:0%\"><strong class=\"rating\">0<\/strong> sur 5<\/span><\/div>        <a href=\"https:\/\/h17n.com\/fr\/portefeuilles-materiels\/trezor\/#reviews\" class=\"woocommerce-review-link\" rel=\"nofollow\">(0)<\/a>\n\n\n\t<span class=\"price\"><span class=\"woocommerce-Price-amount amount\"><bdi><span class=\"woocommerce-Price-currencySymbol\">&euro;<\/span>65.00<\/bdi><\/span><\/span>\n<\/a><a href=\"https:\/\/trezor.io\/\" aria-describedby=\"woocommerce_loop_add_to_cart_link_describedby_97\" data-quantity=\"1\" class=\"button product_type_external\" data-product_id=\"97\" data-product_sku=\"\" aria-label=\"D\u00e9couvrir Trezor\" rel=\"nofollow\">D\u00e9couvrir Trezor<\/a>\t<span id=\"woocommerce_loop_add_to_cart_link_describedby_97\" class=\"screen-reader-text\">\n\t\t\t<\/span>\n<\/li>\n<\/ul>\n<\/div>\n<p>Pour pr\u00e9server votre vie priv\u00e9e, vous pouvez acheter et vendre des bitcoins sans KYC avec BlueWallet. Le portefeuille a int\u00e9gr\u00e9 <a href=\"https:\/\/h17n.com\/fr\/acheter-du-bitcoin\/hodl-hodl\/\" target=\"_blank\" rel=\"noopener\">HodlHodl<\/a>, un <a href=\"https:\/\/h17n.com\/fr\/echange-p2p\/\" target=\"_blank\" rel=\"noopener\">\u00e9change Bitcoin peer-to-peer<\/a>. Pour utiliser cette fonctionnalit\u00e9, vous devez cr\u00e9er un compte HodlHodl et utiliser la fonctionnalit\u00e9 Local Trader dans votre portefeuille.<\/p>\n<p>Une autre caract\u00e9ristique int\u00e9ressante du portefeuille est le d\u00e9ni plausible. Sa fonction de base est de g\u00e9n\u00e9rer un faux stockage crypt\u00e9 suppl\u00e9mentaire au cas o\u00f9 vous seriez oblig\u00e9 de r\u00e9v\u00e9ler votre mot de passe. Dans ce cas, un faux stockage sera affich\u00e9 et vos fonds seront en s\u00e9curit\u00e9.<\/p>\n<p>BlueWallet prend en charge Payjoin ou Pay-to-endpoint, l&rsquo;un des types de technologie CoinJoin qui am\u00e9liore la confidentialit\u00e9 de l&rsquo;exp\u00e9diteur et du destinataire. Les autres fonctionnalit\u00e9s avantageuses incluent la surveillance uniquement, le multisig et la possibilit\u00e9 d&rsquo;envoyer plusieurs transactions en un seul lot.<\/p>\n<h2>Inconv\u00e9nients de BlueWallet<\/h2>\n<p>Le portefeuille en cha\u00eene de BlueWallet est auto-d\u00e9positaire, ce qui signifie que vous avez le contr\u00f4le total de vos cl\u00e9s priv\u00e9es. Cependant, le composant Lightning du portefeuille est d\u00e9positaire, ce qui implique que BlueWallet d\u00e9tient vos fonds en votre nom.<\/p>\n<p>Un autre inconv\u00e9nient de ce portefeuille est la n\u00e9cessit\u00e9 d&rsquo;instructions d\u00e9taill\u00e9es pour ceux qui commencent tout juste \u00e0 utiliser l&rsquo;application. Sans ces supports p\u00e9dagogiques, il sera assez difficile de ma\u00eetriser toutes les fonctionnalit\u00e9s du service.<\/p>\n<p>Comme tous les portefeuilles chauds, les transactions se font en ligne. BlueWallet peut faire l&rsquo;objet d&rsquo;attaques de hackers. Il s&rsquo;agit d&rsquo;un risque potentiel avec toute application logicielle. Cependant, les d\u00e9veloppeurs de BlueWallet ont mis en place plusieurs fonctionnalit\u00e9s de s\u00e9curit\u00e9 pour prot\u00e9ger vos informations.<\/p>\n<div class=\"warning box\">\n<p>Il est essentiel de faire attention lorsque vous utilisez des param\u00e8tres Lightning par d\u00e9faut dans le portefeuille BlueWallet, car il est d\u00e9positaire, ce qui signifie que BlueWallet d\u00e9tient les fonds en votre nom. Vous ne devriez y conserver que de petites quantit\u00e9s de bitcoin. Les plus grandes quantit\u00e9s de bitcoins doivent \u00eatre transf\u00e9r\u00e9es vers un <a href=\"https:\/\/h17n.com\/fr\/auto-garde\/\" target=\"_blank\" rel=\"noopener\">portefeuille d&rsquo;auto-garde<\/a> pour plus de s\u00e9curit\u00e9.<\/p>\n<\/div>\n","protected":false},"excerpt":{"rendered":"<p>BlueWallet est un portefeuille Bitcoin auto d\u00e9positaire. Il est open source et vous permet d&rsquo;envoyer, de recevoir, d&rsquo;acheter et de stocker des bitcoins.<\/p>\n","protected":false},"featured_media":134,"comment_status":"open","ping_status":"closed","template":"","meta":[],"product_brand":[],"product_cat":[51],"product_tag":[],"class_list":{"0":"post-132","1":"product","2":"type-product","3":"status-publish","4":"has-post-thumbnail","6":"product_cat-portefeuilles-mobiles","7":"","8":"woocommerce-text-align-center","9":"woocommerce-image-align-center","10":"do-quantity-buttons","12":"first","13":"instock","14":"shipping-taxable","15":"product-type-external"},"_links":{"self":[{"href":"https:\/\/h17n.com\/fr\/wp-json\/wp\/v2\/product\/132","targetHints":{"allow":["GET"]}}],"collection":[{"href":"https:\/\/h17n.com\/fr\/wp-json\/wp\/v2\/product"}],"about":[{"href":"https:\/\/h17n.com\/fr\/wp-json\/wp\/v2\/types\/product"}],"replies":[{"embeddable":true,"href":"https:\/\/h17n.com\/fr\/wp-json\/wp\/v2\/comments?post=132"}],"wp:featuredmedia":[{"embeddable":true,"href":"https:\/\/h17n.com\/fr\/wp-json\/wp\/v2\/media\/134"}],"wp:attachment":[{"href":"https:\/\/h17n.com\/fr\/wp-json\/wp\/v2\/media?parent=132"}],"wp:term":[{"taxonomy":"product_brand","embeddable":true,"href":"https:\/\/h17n.com\/fr\/wp-json\/wp\/v2\/product_brand?post=132"},{"taxonomy":"product_cat","embeddable":true,"href":"https:\/\/h17n.com\/fr\/wp-json\/wp\/v2\/product_cat?post=132"},{"taxonomy":"product_tag","embeddable":true,"href":"https:\/\/h17n.com\/fr\/wp-json\/wp\/v2\/product_tag?post=132"}],"curies":[{"name":"wp","href":"https:\/\/api.w.org\/{rel}","templated":true}]}}