{"id":129,"date":"2023-02-24T19:53:37","date_gmt":"2023-02-24T19:53:37","guid":{"rendered":"https:\/\/h17n.com\/fr\/?post_type=product&#038;p=129"},"modified":"2023-07-01T15:20:58","modified_gmt":"2023-07-01T15:20:58","slug":"muun","status":"publish","type":"product","link":"https:\/\/h17n.com\/fr\/portefeuilles-mobiles\/muun\/","title":{"rendered":"Muun : un portefeuille Bitcoin mobile"},"content":{"rendered":"<p><a href=\"https:\/\/muun.com\/\" rel=\"nofollow noopener\" target=\"_blank\">Muun<\/a> est un portefeuille mobile Bitcoin auto-d\u00e9positaire r\u00e9serv\u00e9 aux bitcoins. Muun prend en charge <a href=\"https:\/\/h17n.com\/fr\/reseau-lightning\/\" target=\"_blank\" rel=\"noopener\">le R\u00e9seau Lightning<\/a> pour envoyer et recevoir des bitcoins en quelques secondes, avec des frais tr\u00e8s bas. Le portefeuille est disponible pour <a href=\"https:\/\/play.google.com\/store\/apps\/details?id=io.muun.apollo\" rel=\"nofollow noopener\" target=\"_blank\">Android<\/a> et <a href=\"https:\/\/apps.apple.com\/us\/app\/muun-wallet\/id1482037683\" rel=\"nofollow noopener\" target=\"_blank\">iOS<\/a>. Muun est enti\u00e8rement open-source, ce qui signifie que n&rsquo;importe qui peut voir, auditer ou contribuer au code. Cette transparence renforce la confiance, la s\u00e9curit\u00e9 et encourage la collaboration.<\/p>\n<div class=\"alert box\">\n<p>Muun est-il un portefeuille Lightning ? La l\u00e9gitimit\u00e9 de Muun en tant que portefeuille Lightning a fait l&rsquo;objet d&rsquo;un d\u00e9bat au sein des communaut\u00e9s bitcoin en ligne. Afin de clarifier cette question, nous avons contact\u00e9 Muun et nous nous sommes renseign\u00e9s sur son statut de \u00a0\u00bb vrai \u00a0\u00bb portefeuille Lightning. En r\u00e9ponse \u00e0 h17n, Muun a confirm\u00e9 qu&rsquo;il utilise actuellement des swaps sous-marins pour les paiements Lightning et qu&rsquo;il ne d\u00e9tient pas de fonds hors cha\u00eene pour le moment. Cependant, ils reconnaissent que les swaps sous-marins ne sont pas une solution durable pour eux, et ils travaillent activement \u00e0 la transition vers un cadre hors cha\u00eene qui donne la priorit\u00e9 \u00e0 la s\u00e9curit\u00e9 de l&rsquo;utilisateur sans aucun compromis.<\/p>\n<\/div>\n<h2>D\u00e9marrer avec un portefeuille Muun<\/h2>\n<p>T\u00e9l\u00e9chargez Muun sur votre appareil mobile depuis Google Play ou Apple Store. Installez le portefeuille sur votre appareil. Lors de son ouverture, vous serez invit\u00e9 \u00e0 cr\u00e9er un nouveau portefeuille ou \u00e0 r\u00e9cup\u00e9rer un portefeuille perdu. Si vous choisissez de cr\u00e9er un nouveau portefeuille, vous devrez d\u00e9finir un code PIN, que Muun utilisera pour confirmer et cr\u00e9er votre portefeuille. Pour assurer la s\u00e9curit\u00e9 de votre bitcoin, vous devez sauvegarder votre portefeuille en cas de perte ou de dommage de l&rsquo;appareil. Cela implique de fournir et de v\u00e9rifier votre adresse e-mail et de cr\u00e9er un mot de passe fort. Gardez \u00e0 l&rsquo;esprit que vous aurez besoin d&rsquo;acc\u00e9der \u00e0 votre adresse e-mail et \u00e0 votre mot de passe de r\u00e9cup\u00e9ration Muun afin de r\u00e9cup\u00e9rer votre portefeuille. Alternativement, Muun propose d&rsquo;autres options de r\u00e9cup\u00e9ration de sauvegarde telles que l&rsquo;\u00e9criture d&rsquo;un code sur papier ou la cr\u00e9ation d&rsquo;un kit d&rsquo;urgence (un fichier PDF que vous devez enregistrer en cas d&rsquo;urgence) qui vous permet de r\u00e9cup\u00e9rer votre portefeuille sans compter sur Muun. Pour le moment, il n&rsquo;y a pas d&rsquo;option pour la graine de r\u00e9cup\u00e9ration du portefeuille Muun (phrase de sauvegarde).<\/p>\n<blockquote><p>\n  Muun est un portefeuille multi-signatures 2 sur 2, donc toutes vos transactions sortantes doivent \u00eatre sign\u00e9es avec 2 cl\u00e9s au lieu de 1. Cette configuration permet ce que nous appelons le stockage \u00e0 chaud : une bonne s\u00e9curit\u00e9 est \u00e9quilibr\u00e9e avec une bonne UX et l&rsquo;auto-conservation n&rsquo;est jamais compromis. Au lieu de tenir toutes les cl\u00e9s au chaud dans un seul appareil (votre t\u00e9l\u00e9phone), vous n&rsquo;y transportez qu&rsquo;une seule cl\u00e9. Muun cosigne les transactions quotidiennes.\n<\/p><\/blockquote>\n<p>\u00c0 l&rsquo;ouverture de l&rsquo;application, l&rsquo;\u00e9cran d&rsquo;accueil affiche votre solde actuel et vous permet d&rsquo;envoyer ou de recevoir des bitcoins en utilisant la cha\u00eene principale ou le r\u00e9seau Lightning. L&rsquo;application comporte \u00e9galement trois onglets en bas :<\/p>\n<ul>\n<li><strong>Portefeuille:<\/strong> cet onglet sert d&rsquo;\u00e9cran d&rsquo;accueil, comme expliqu\u00e9 ci-dessus.<\/li>\n<li><strong>S\u00e9curit\u00e9 :<\/strong> cet onglet vous guide dans le processus de sauvegarde de votre portefeuille Muun.<\/li>\n<li><strong>Param\u00e8tres :<\/strong> cet onglet vous permet de modifier la devise principale affich\u00e9e dans votre solde, de s\u00e9lectionner votre unit\u00e9 Bitcoin pr\u00e9f\u00e9r\u00e9e (sats ou BTC) et de personnaliser l&rsquo;apparence de votre portefeuille.<\/li>\n<\/ul>\n<div class=\"info box\">\n<p>? \u00c0 qui appartient le portefeuille Muun ? Le portefeuille bitcoin Muun a \u00e9t\u00e9 fond\u00e9 par <a href=\"https:\/\/twitter.com\/esneider\" rel=\"nofollow noopener\" target=\"_blank\">Dario Sneidermanis<\/a> en 2018. Il est important de reconna\u00eetre que Muun fonctionne comme un portefeuille autod\u00e9tenu, vous offrant un contr\u00f4le total sur vos cl\u00e9s priv\u00e9es et emp\u00eachant l&rsquo;entreprise de transf\u00e9rer ou de bloquer vos fonds.<\/p>\n<\/div>\n<h2>Frais du portefeuille Muun<\/h2>\n<p>Muun utilise un estimateur bas\u00e9 sur le mempool pour d\u00e9terminer ses frais, ce qui vous \u00e9vite de surpayer lorsque ce n&rsquo;est pas n\u00e9cessaire et de sous-estimer le taux de frais en cas de forte congestion du r\u00e9seau. Contrairement \u00e0 d&rsquo;autres estimateurs qui se basent sur les blocs, les transactions et les taux de frais pass\u00e9s, l&rsquo;estimateur de Muun examine l&rsquo;\u00e9tat actuel du <a href=\"https:\/\/h17n.com\/fr\/mempool\/\" rel=\"nofollow noopener\" target=\"_blank\">mempool<\/a> pour sugg\u00e9rer un taux de frais pour le prochain bloc.<\/p>\n<p>Muun d\u00e9termine et recommande le tarif le plus appropri\u00e9 pour valider votre transaction dans les 30 minutes, un processus qui prend g\u00e9n\u00e9ralement moins d&rsquo;une demi-heure. Par exemple, \u00e0 l&rsquo;heure o\u00f9 nous \u00e9crivons ces lignes, le transfert de bitcoins d&rsquo;une valeur de 100 USD entra\u00eene des frais de 1,25 USD. Vous avez la possibilit\u00e9 de s\u00e9lectionner la dur\u00e9e de confirmation souhait\u00e9e, avec des options telles que les 30 minutes par d\u00e9faut, 9 heures ou 13 heures, ou de saisir manuellement une dur\u00e9e sp\u00e9cifique. Le choix d&rsquo;une commission plus \u00e9lev\u00e9e augmente la priorit\u00e9 de votre transaction, tandis que le choix d&rsquo;une commission moins \u00e9lev\u00e9e peut retarder la confirmation de plusieurs heures.<\/p>\n<h2>Avantages de Muun Wallet<\/h2>\n<p>Le portefeuille Muun prend en charge Taproot, une mise \u00e0 niveau importante du protocole Bitcoin. Avec Taproot, les co\u00fbts de transaction sont r\u00e9duits et les transactions plus indiscernables et moins tra\u00e7ables.<\/p>\n<p>Muun, qui est disponible en anglais et en espagnol, utilise un solde unique pour les transactions, ce qui facilite la gestion des fonds sur les r\u00e9seaux Lightning et en cha\u00eene. Une nouvelle fonctionnalit\u00e9 qui sera bient\u00f4t introduite vous permettra de verrouiller votre portefeuille si votre t\u00e9l\u00e9phone est vol\u00e9 jusqu&rsquo;\u00e0 ce que vous obteniez un nouveau t\u00e9l\u00e9phone et que vous r\u00e9cup\u00e9riez vos fonds.<\/p>\n<p>Le portefeuille Muun peut \u00eatre jumel\u00e9 au <a href=\"https:\/\/h17n.com\/fr\/portefeuilles-materiels\/trezor\/\" target=\"_blank\" rel=\"noopener\">portefeulle mat\u00e9riel Trezor<\/a>. Vous pouvez facilement et en toute s\u00e9curit\u00e9 transf\u00e9rer de l&rsquo;argent de Muun \u00e0 Trezor et vice versa. Pour envoyer de l&rsquo;argent de Muun vers Trezor, saisissez le montant que vous souhaitez envoyer et l&rsquo;adresse Trezor \u00e0 laquelle vous souhaitez l&rsquo;envoyer. Pour recevoir de l&rsquo;argent de Trezor \u00e0 Muun, scannez le code QR ou entrez l&rsquo;adresse de Trezor dans votre portefeuille mobile.<\/p>\n<div class=\"woocommerce \"><ul class=\"products columns-4\">\n<li class=\"woocommerce-text-align-center woocommerce-image-align-center do-quantity-buttons product type-product post-97 status-publish first instock product_cat-portefeuilles-materiels has-post-thumbnail shipping-taxable product-type-external\">\n\t<a href=\"https:\/\/h17n.com\/fr\/portefeuilles-materiels\/trezor\/\" class=\"woocommerce-LoopProduct-link woocommerce-loop-product__link\"><img loading=\"lazy\" decoding=\"async\" width=\"300\" height=\"300\" src=\"https:\/\/h17n.com\/fr\/wp-content\/uploads\/sites\/2\/2023\/04\/trezor-1-jpg-300x300.webp\" class=\"attachment-woocommerce_thumbnail size-woocommerce_thumbnail\" alt=\"Revue de Trezor : un portefeuille mat\u00e9riel open-source\" srcset=\"https:\/\/h17n.com\/fr\/wp-content\/uploads\/sites\/2\/2023\/04\/trezor-1-jpg-300x300.webp 300w, https:\/\/h17n.com\/fr\/wp-content\/uploads\/sites\/2\/2023\/04\/trezor-1-jpg-150x150.webp 150w, https:\/\/h17n.com\/fr\/wp-content\/uploads\/sites\/2\/2023\/04\/trezor-1-jpg-100x100.webp 100w\" sizes=\"auto, (max-width: 300px) 100vw, 300px\" \/><h2 class=\"woocommerce-loop-product__title\">Revue de Trezor : un portefeuille mat\u00e9riel open-source<\/h2>\n            <div class=\"star-rating\" title=\"Pas encore not\u00e9\"><span style=\"width:0%\"><strong class=\"rating\">0<\/strong> sur 5<\/span><\/div>        <a href=\"https:\/\/h17n.com\/fr\/portefeuilles-materiels\/trezor\/#reviews\" class=\"woocommerce-review-link\" rel=\"nofollow\">(0)<\/a>\n\n\n\t<span class=\"price\"><span class=\"woocommerce-Price-amount amount\"><bdi><span class=\"woocommerce-Price-currencySymbol\">&euro;<\/span>65.00<\/bdi><\/span><\/span>\n<\/a><a href=\"https:\/\/trezor.io\/\" aria-describedby=\"woocommerce_loop_add_to_cart_link_describedby_97\" data-quantity=\"1\" class=\"button product_type_external\" data-product_id=\"97\" data-product_sku=\"\" aria-label=\"D\u00e9couvrir Trezor\" rel=\"nofollow\">D\u00e9couvrir Trezor<\/a>\t<span id=\"woocommerce_loop_add_to_cart_link_describedby_97\" class=\"screen-reader-text\">\n\t\t\t<\/span>\n<\/li>\n<\/ul>\n<\/div>\n<p>Muun peut \u00eatre utilis\u00e9 partout dans le monde car il prend en charge presque toutes les devises du monde. Vous pouvez s\u00e9lectionner votre devise nationale comme devise principale afin de conna\u00eetre la valeur du bitcoin dans votre devise locale. Enfin, en prenant en charge les paiements Lightning via des swaps sous-marins, vous pourrez effectuer des transactions en bitcoins plus rapides.<\/p>\n<h2>Inconv\u00e9nients de Muun Wallet<\/h2>\n<p>Muun est un portefeuille chaud, ce qui signifie que tu dois \u00eatre connect\u00e9 \u00e0 Internet pour l&rsquo;utiliser. Cela peut vous exposer aux hackers. Contrairement aux portefeuilles <a href=\"https:\/\/h17n.com\/fr\/portefeuilles-mobiles\/samourai\/\" target=\"_blank\" rel=\"noopener\">Samourai<\/a> ou <a href=\"https:\/\/h17n.com\/fr\/portefeuilles-de-bureau\/wasabi\/\" target=\"_blank\" rel=\"noopener\">Wasabi<\/a>, Muun ne prend pas en charge <a href=\"https:\/\/www.investopedia.com\/terms\/c\/coinjoin.asp\" rel=\"nofollow noopener\" target=\"_blank\">CoinJoin<\/a>, une m\u00e9thode utilis\u00e9e pour anonymiser les transactions en bitcoins. Cela signifie que Muun n&rsquo;utilise pas le r\u00e9seau Tor pour anonymiser les transactions bitcoin en ligne. De plus, Muun ne prend pas en charge les fonctionnalit\u00e9s avanc\u00e9es telles que <a href=\"https:\/\/h17n.com\/fr\/quest-ce-que-lnurl\/\" target=\"_blank\" rel=\"noopener\">LNURL<\/a>.<\/p>\n<h2>Plus d&rsquo;informations<\/h2>\n<ul>\n<li><a href=\"https:\/\/blog.muun.com\/why-not-just-a-mnemonic\/\" rel=\"nofollow noopener\" target=\"blank\">Pourquoi Muun n&rsquo;utilise pas la phrase de d\u00e9part<\/a><\/li>\n<li><a href=\"https:\/\/blog.muun.com\/muuns-multisig-model\/\" rel=\"nofollow noopener\" target=\"blank\">Mod\u00e8le de multi-signature de Muun<\/a><\/li>\n<\/ul>\n","protected":false},"excerpt":{"rendered":"<p>Muun est un portefeuille mobile Bitcoin auto-d\u00e9positaire. Il prend en charge le r\u00e9seau Lightning qui permet aux utilisateurs d&rsquo;envoyer et de recevoir des bitcoins en quelques secondes \u00e0 des taux tr\u00e8s bas. Le portefeuille est enti\u00e8rement open-source.<\/p>\n","protected":false},"featured_media":130,"comment_status":"open","ping_status":"closed","template":"","meta":[],"product_brand":[],"product_cat":[51],"product_tag":[359],"class_list":{"0":"post-129","1":"product","2":"type-product","3":"status-publish","4":"has-post-thumbnail","6":"product_cat-portefeuilles-mobiles","7":"product_tag-debutant","8":"","9":"woocommerce-text-align-center","10":"woocommerce-image-align-center","11":"do-quantity-buttons","13":"first","14":"instock","15":"shipping-taxable","16":"product-type-external"},"_links":{"self":[{"href":"https:\/\/h17n.com\/fr\/wp-json\/wp\/v2\/product\/129","targetHints":{"allow":["GET"]}}],"collection":[{"href":"https:\/\/h17n.com\/fr\/wp-json\/wp\/v2\/product"}],"about":[{"href":"https:\/\/h17n.com\/fr\/wp-json\/wp\/v2\/types\/product"}],"replies":[{"embeddable":true,"href":"https:\/\/h17n.com\/fr\/wp-json\/wp\/v2\/comments?post=129"}],"wp:featuredmedia":[{"embeddable":true,"href":"https:\/\/h17n.com\/fr\/wp-json\/wp\/v2\/media\/130"}],"wp:attachment":[{"href":"https:\/\/h17n.com\/fr\/wp-json\/wp\/v2\/media?parent=129"}],"wp:term":[{"taxonomy":"product_brand","embeddable":true,"href":"https:\/\/h17n.com\/fr\/wp-json\/wp\/v2\/product_brand?post=129"},{"taxonomy":"product_cat","embeddable":true,"href":"https:\/\/h17n.com\/fr\/wp-json\/wp\/v2\/product_cat?post=129"},{"taxonomy":"product_tag","embeddable":true,"href":"https:\/\/h17n.com\/fr\/wp-json\/wp\/v2\/product_tag?post=129"}],"curies":[{"name":"wp","href":"https:\/\/api.w.org\/{rel}","templated":true}]}}