{"id":125,"date":"2023-02-24T19:38:43","date_gmt":"2023-02-24T19:38:43","guid":{"rendered":"https:\/\/h17n.com\/fr\/?post_type=product&#038;p=125"},"modified":"2023-05-16T10:31:21","modified_gmt":"2023-05-16T10:31:21","slug":"shieldfolio","status":"publish","type":"product","link":"https:\/\/h17n.com\/fr\/sauvegarde-de-phrase-de-recuperation\/shieldfolio\/","title":{"rendered":"Shieldfolio Stonebook : un carnet de notes en pierre"},"content":{"rendered":"<p><a href=\"https:\/\/shieldfolio.com\/\" rel=\"nofollow noopener\" target=\"_blank\">Le Shieldfolio Stonebook<\/a> est un carnet de notes hors ligne qui offre un moyen s\u00fbr de sauvegarder vos cl\u00e9s priv\u00e9es bitcoin et vos phrases de r\u00e9cup\u00e9ration. Il comporte des pages r\u00e9sistantes \u00e0 l&rsquo;eau et aux d\u00e9chirures qui peuvent r\u00e9sister aux \u00e9l\u00e9ments, ce qui garantit que vos cl\u00e9s sont prot\u00e9g\u00e9es m\u00eame dans des conditions difficiles. Le carnet offre \u00e9galement la possibilit\u00e9 d&rsquo;utiliser le <a href=\"https:\/\/shieldfolio.com\/products\/ghost-pen\" rel=\"nofollow noopener\" target=\"_blank\">stylo fant\u00f4me<\/a>, un marqueur \u00e0 encre invisible qui rend difficile pour quiconque de lire vos cl\u00e9s sans une lumi\u00e8re UV int\u00e9gr\u00e9e.<\/p>\n<p>Les pages du carnet, contrairement au papier traditionnel, ne sont pas fabriqu\u00e9es \u00e0 partir d&rsquo;arbres. Elles sont fabriqu\u00e9es \u00e0 partir de pierres concass\u00e9es. Par cons\u00e9quent, le Stonebook est construit pour durer toute une vie. Les pages sont aussi compl\u00e8tement r\u00e9sistantes aux d\u00e9chirures et \u00e0 l&rsquo;eau. Par cons\u00e9quent, le Stonebook est non biod\u00e9gradable et r\u00e9sistant aux d\u00e9chirures, aux huiles et aux produits chimiques, aux d\u00e9g\u00e2ts des eaux et aux insectes qui mangent le papier.<\/p>\n<blockquote><p>Vous pouvez renverser votre caf\u00e9 sur ce carnet de 80 pages sans vous inqui\u00e9ter. Se faire surprendre par la pluie ou une maison inond\u00e9e, avec le Stonebook cela ne provoquera pas non plus de perte d&rsquo;informations comme ce qui peut potentiellement arriver avec un portefeuille de cl\u00e9s priv\u00e9es.<\/p><\/blockquote>\n<p>D&rsquo;apr\u00e8s la taille du carnet, vous pouvez sauvegarder plus de 50 portefeuilles de bitcoins. Les informations que vous pouvez stocker sont les suivantes :<\/p>\n<ul>\n<li>Cl\u00e9s priv\u00e9es<\/li>\n<li>Phrases de r\u00e9cup\u00e9ration<\/li>\n<li>Phrases de sauvegarde<\/li>\n<li>Noms d&rsquo;utilisateur et mots de passe<\/li>\n<li>A2F<\/li>\n<li>Notes<\/li>\n<\/ul>\n<p><a href=\"https:\/\/shieldfolio.com\/pages\/shieldcrypt\" rel=\"nofollow noopener\" target=\"_blank\">Shieldcrypt<\/a> est une technologie int\u00e9gr\u00e9e \u00e0 l&rsquo;arri\u00e8re de l&rsquo;ordinateur portable qui ajoute une couche suppl\u00e9mentaire de s\u00e9curit\u00e9. Shieldcrypt dissimule les caract\u00e8res critiques de votre cl\u00e9 priv\u00e9e, la rendant inutilisable pour un voleur. Il fonctionne en vous donnant la possibilit\u00e9 de crypter manuellement vos cl\u00e9s priv\u00e9es. Il utilise des mots de passe faciles \u00e0 retenir que vous cr\u00e9ez pour masquer certains caract\u00e8res de la cl\u00e9 priv\u00e9e. Si quelqu&rsquo;un acc\u00e8de \u00e0 votre Stonebook, il sera incapable de lire ou de comprendre la cl\u00e9 priv\u00e9e chiffr\u00e9e manuellement car il ne pourra pas la d\u00e9crypter ou la d\u00e9chiffrer par lui-m\u00eame.<\/p>\n<p><a href=\"https:\/\/shieldfolio.com\/products\/ghost-pen\" rel=\"nofollow noopener\" target=\"_blank\">Le stylo fant\u00f4me<\/a> utilise une encre fant\u00f4me sp\u00e9ciale pour cacher le texte et ne pas r\u00e9v\u00e9ler vos informations. Seules la lumi\u00e8re UV et des conditions d&rsquo;\u00e9clairage sp\u00e9cifiques rendent le texte lisible. L&rsquo;encre fant\u00f4me prot\u00e8ge vos cl\u00e9s des regards indiscrets, des photocopies, des perquisitions et saisies, des gens trop curieux, etc.<\/p>\n<h2>Plus d&rsquo;informations<\/h2>\n<ul>\n<li><a href=\"https:\/\/shieldfolio.com\/pages\/faq\" rel=\"nofollow noopener\" target=\"_blank\">FAQ sur Stonebook<\/a><\/li>\n<li>Suivez les mises \u00e0 jour de Shielfdfolio : <a href=\"https:\/\/twitter.com\/shieldfolio\" rel=\"nofollow noopener\" target=\"_blank\">@shieldfolio<\/a><\/li>\n<\/ul>\n","protected":false},"excerpt":{"rendered":"<p>Le Shieldfolio Stonebook est un carnet physique destin\u00e9 au stockage hors ligne et \u00e0 la s\u00e9curit\u00e9 de vos cl\u00e9s priv\u00e9es bitcoin et de vos phrases de r\u00e9cup\u00e9ration. Il est compos\u00e9 de pages r\u00e9sistantes \u00e0 l&rsquo;eau et \u00e0 la d\u00e9chirure qui peuvent r\u00e9sister \u00e0 des temp\u00e9ratures extr\u00eames.<\/p>\n","protected":false},"featured_media":126,"comment_status":"open","ping_status":"closed","template":"","meta":[],"product_brand":[],"product_cat":[313],"product_tag":[],"class_list":{"0":"post-125","1":"product","2":"type-product","3":"status-publish","4":"has-post-thumbnail","6":"product_cat-sauvegarde-de-phrase-de-recuperation","7":"","8":"woocommerce-text-align-center","9":"woocommerce-image-align-center","10":"do-quantity-buttons","12":"first","13":"instock","14":"sale","15":"shipping-taxable","16":"product-type-external"},"_links":{"self":[{"href":"https:\/\/h17n.com\/fr\/wp-json\/wp\/v2\/product\/125","targetHints":{"allow":["GET"]}}],"collection":[{"href":"https:\/\/h17n.com\/fr\/wp-json\/wp\/v2\/product"}],"about":[{"href":"https:\/\/h17n.com\/fr\/wp-json\/wp\/v2\/types\/product"}],"replies":[{"embeddable":true,"href":"https:\/\/h17n.com\/fr\/wp-json\/wp\/v2\/comments?post=125"}],"wp:featuredmedia":[{"embeddable":true,"href":"https:\/\/h17n.com\/fr\/wp-json\/wp\/v2\/media\/126"}],"wp:attachment":[{"href":"https:\/\/h17n.com\/fr\/wp-json\/wp\/v2\/media?parent=125"}],"wp:term":[{"taxonomy":"product_brand","embeddable":true,"href":"https:\/\/h17n.com\/fr\/wp-json\/wp\/v2\/product_brand?post=125"},{"taxonomy":"product_cat","embeddable":true,"href":"https:\/\/h17n.com\/fr\/wp-json\/wp\/v2\/product_cat?post=125"},{"taxonomy":"product_tag","embeddable":true,"href":"https:\/\/h17n.com\/fr\/wp-json\/wp\/v2\/product_tag?post=125"}],"curies":[{"name":"wp","href":"https:\/\/api.w.org\/{rel}","templated":true}]}}