{"id":123,"date":"2023-02-24T15:02:07","date_gmt":"2023-02-24T15:02:07","guid":{"rendered":"https:\/\/h17n.com\/fr\/?post_type=product&#038;p=123"},"modified":"2023-04-27T20:03:45","modified_gmt":"2023-04-27T20:03:45","slug":"tapsigner","status":"publish","type":"product","link":"https:\/\/h17n.com\/fr\/portefeuilles-materiels\/tapsigner\/","title":{"rendered":"Tapsigner : une carte \u00e0 puce NFC pour signer des transactions en Bitcoin"},"content":{"rendered":"<p><a href=\"https:\/\/tapsigner.com\/\" rel=\"nofollow noopener\" target=\"_blank\">Tapsigner<\/a> est une carte \u00e0 puce NFC qui permet de signer des transactions en bitcoins en la posant au dos de votre t\u00e9l\u00e9phone. La majorit\u00e9 des fonctionnalit\u00e9s du portefeuille sont fournies par votre portefeuille mobile, tandis que Tapsigner garde les secrets. En gardant vos cl\u00e9s s\u00e9par\u00e9es de votre portefeuille, la carte fonctionne comme <a href=\"https:\/\/h17n.com\/fr\/portefeuilles-materiels\/\" target=\"_blank\" rel=\"noopener\">un portefeuille mat\u00e9riel<\/a> qui se range dans votre portefeuille de poche ordinaire. Son co\u00fbt r\u00e9duit vise \u00e0 rendre la fonctionnalit\u00e9 et la s\u00e9curit\u00e9 du portefeuille mat\u00e9riel accessibles \u00e0 un march\u00e9 mondial plus large. La carte est fabriqu\u00e9e par l&rsquo;entreprise <a href=\"https:\/\/coinkite.com\" rel=\"nofollow noopener\" target=\"_blank\">Coinkite<\/a>.<\/p>\n<p>Bien que les portefeuilles mat\u00e9riels soient plus s\u00fbrs que les <a href=\"https:\/\/h17n.com\/fr\/portefeuilles-mobiles\/\" target=\"_blank\" rel=\"noopener\">portefeuilles mobiles<\/a>, ils sont plus difficiles \u00e0 utiliser et \u00e0 d\u00e9placer. Tapsigner cherche \u00e0 combler l&rsquo;\u00e9cart d&rsquo;utilisabilit\u00e9 et de transportabilit\u00e9 entre les portefeuilles mobiles et les portefeuilles mat\u00e9riels. Tapsigner a la taille d&rsquo;une carte de cr\u00e9dit et peut \u00eatre utilis\u00e9 en appuyant simplement dessus sur votre t\u00e9l\u00e9phone.<\/p>\n<h2>Comment fonctionne Tapsigner<\/h2>\n<p>Tapsigner n\u00e9cessite que vous ayez un portefeuille mobile. Pour l&rsquo;instant, la carte est uniquement compatible avec les portefeuilles <a href=\"https:\/\/nunchuk.io\" rel=\"nofollow noopener\" target=\"_blank\">Nunchuk<\/a> et <a href=\"https:\/\/hexawallet.io\" rel=\"nofollow noopener\" target=\"_blank\">Hexa<\/a>. La carte n&rsquo;est pas fournie avec des cl\u00e9s priv\u00e9es. Au lieu de cela, elle utilise la biblioth\u00e8que de cryptographie Bitcoin pour g\u00e9n\u00e9rer des cl\u00e9s \u00e0 l&rsquo;aide d&rsquo;un portefeuille mobile compatible avant votre premi\u00e8re utilisation.<\/p>\n<p>Pour utiliser la carte avec un ordinateur, vous avez besoin d&rsquo;un lecteur de carte USB NFC et du logiciel de ligne de commande cktap ou de tout portefeuille de bureau utilisant le protocole ouvert Tapsigner. La cl\u00e9 priv\u00e9e est g\u00e9n\u00e9r\u00e9e dans la carte et ne la quitte jamais, quels que soient les logiciels malveillants ou les enregistreurs de frappe \u00e9ventuellement pr\u00e9sents sur un ordinateur connect\u00e9.<\/p>\n<p>La carte g\u00e9n\u00e8re des cl\u00e9s priv\u00e9es qui suivent la norme BIP 32 plut\u00f4t que la norme BIP 39. Cela signifie essentiellement que vous ne pouvez pas l&rsquo;utiliser avec une phrase de d\u00e9part. Vous aurez besoin d&rsquo;une copie crypt\u00e9e de vos cl\u00e9s priv\u00e9es pour sauvegarder vos cl\u00e9s priv\u00e9es.<\/p>\n<p>Elle est livr\u00e9e avec un manchon de blocage RF (radiofr\u00e9quence) pour emp\u00eacher l&rsquo;acc\u00e8s non autoris\u00e9 par des lecteurs RF avec une intention malveillante. La carte doit \u00eatre compl\u00e8tement ins\u00e9r\u00e9e dans le manchon car m\u00eame un espace de 5 mm peut permettre \u00e0 un lecteur de capter un signal.<\/p>\n<h2>Caract\u00e9ristiques<\/h2>\n<ul>\n<li>L&rsquo;entropie v\u00e9rifiable vous assure que seul le Tapsigner a acc\u00e8s \u00e0 la cl\u00e9 priv\u00e9e qui r\u00e9git le bitcoin.<\/li>\n<li>Elle peut \u00eatre sauvegard\u00e9e facilement et en toute s\u00e9curit\u00e9 dans un fichier.<\/li>\n<\/ul>\n<h2>Cas d&rsquo;utilisation de Tapsigner<\/h2>\n<ul>\n<li>Signature de messages <\/li>\n<li>Cosignature du portefeuille t\u00e9l\u00e9phonique<\/li>\n<li>Ouverture et fermeture des canaux Lightning Network<\/li>\n<li>Authentification des applications<\/li>\n<li>Applications de service collaboratif multisig<\/li>\n<li>Utilisation d&rsquo;un NFC avec un n\u0153ud Lightning Network<\/li>\n<li>Transactions Bitcoin partiellement sign\u00e9es (PSBT) via HWI<\/li>\n<\/ul>\n<h2>Plus d&rsquo;informations<\/h2>\n<ul>\n<li><a href=\"https:\/\/tapsigner.com\/faq\" rel=\"nofollow noopener\" target=\"_blank\">FAQ<\/a> sur Tapsigner<\/li>\n<\/ul>\n","protected":false},"excerpt":{"rendered":"<p>Tapsigner est une carte \u00e0 puce compatible NFC qui vous permet de signer des transactions en bitcoins en la tapant sur votre t\u00e9l\u00e9phone. La carte sert de porte-monnaie mat\u00e9riel qui s&rsquo;ins\u00e8re dans votre portefeuille de poche ordinaire en gardant vos cl\u00e9s priv\u00e9es s\u00e9par\u00e9es de votre portefeuille.<\/p>\n","protected":false},"featured_media":121,"comment_status":"open","ping_status":"closed","template":"","meta":[],"product_brand":[],"product_cat":[50],"product_tag":[],"class_list":{"0":"post-123","1":"product","2":"type-product","3":"status-publish","4":"has-post-thumbnail","6":"product_cat-portefeuilles-materiels","7":"","8":"woocommerce-text-align-center","9":"woocommerce-image-align-center","10":"do-quantity-buttons","12":"first","13":"instock","14":"shipping-taxable","15":"product-type-external"},"_links":{"self":[{"href":"https:\/\/h17n.com\/fr\/wp-json\/wp\/v2\/product\/123","targetHints":{"allow":["GET"]}}],"collection":[{"href":"https:\/\/h17n.com\/fr\/wp-json\/wp\/v2\/product"}],"about":[{"href":"https:\/\/h17n.com\/fr\/wp-json\/wp\/v2\/types\/product"}],"replies":[{"embeddable":true,"href":"https:\/\/h17n.com\/fr\/wp-json\/wp\/v2\/comments?post=123"}],"wp:featuredmedia":[{"embeddable":true,"href":"https:\/\/h17n.com\/fr\/wp-json\/wp\/v2\/media\/121"}],"wp:attachment":[{"href":"https:\/\/h17n.com\/fr\/wp-json\/wp\/v2\/media?parent=123"}],"wp:term":[{"taxonomy":"product_brand","embeddable":true,"href":"https:\/\/h17n.com\/fr\/wp-json\/wp\/v2\/product_brand?post=123"},{"taxonomy":"product_cat","embeddable":true,"href":"https:\/\/h17n.com\/fr\/wp-json\/wp\/v2\/product_cat?post=123"},{"taxonomy":"product_tag","embeddable":true,"href":"https:\/\/h17n.com\/fr\/wp-json\/wp\/v2\/product_tag?post=123"}],"curies":[{"name":"wp","href":"https:\/\/api.w.org\/{rel}","templated":true}]}}