{"id":117,"date":"2023-02-24T14:20:20","date_gmt":"2023-02-24T14:20:20","guid":{"rendered":"https:\/\/h17n.com\/fr\/?post_type=product&#038;p=117"},"modified":"2023-05-16T10:32:06","modified_gmt":"2023-05-16T10:32:06","slug":"seedplate","status":"publish","type":"product","link":"https:\/\/h17n.com\/fr\/sauvegarde-de-phrase-de-recuperation\/seedplate\/","title":{"rendered":"Seedplate : une plaque en m\u00e9tal pour le stockage d&rsquo;une phrase de r\u00e9cup\u00e9ration"},"content":{"rendered":"<p><a href=\"https:\/\/seedplate.com\/\" rel=\"nofollow noopener\" target=\"_blank\">Seedplate<\/a> est une plaque de sauvegarde en m\u00e9tal pour le stockage d&rsquo;une phrase de r\u00e9cup\u00e9ration produite par <a href=\"https:\/\/coinkite.com\/\" rel=\"nofollow noopener\" target=\"_blank\">Coinkite<\/a>. C&rsquo;est un dispositif de stockage physique con\u00e7u pour stocker en toute s\u00e9curit\u00e9 la phrase de r\u00e9cup\u00e9ration d&rsquo;un portefeuille Bitcoin. Comme elle est fabriqu\u00e9e en acier inoxydable, la Seedplate est durable et r\u00e9sistante \u00e0 l&rsquo;usure. Elle est \u00e9galement r\u00e9sistante au feu, \u00e0 l&rsquo;eau et \u00e0 d&rsquo;autres facteurs environnementaux, ce qui en fait une option fiable pour la sauvegarde de la phrase de r\u00e9cup\u00e9ration.<\/p>\n<h2>Avantages d&rsquo;une plaque m\u00e9tallique<\/h2>\n<p>Il y a plusieurs avantages \u00e0 stocker votre phrase de r\u00e9cup\u00e9ration sur une plaque m\u00e9tallique. L&rsquo;un des principaux avantages est une durabilit\u00e9 et une r\u00e9sistance accrues aux dommages physiques. Les plaques de m\u00e9tal sont bien plus durables que les m\u00e9thodes de stockage papier ou num\u00e9riques qui sont facilement endommag\u00e9es ou perdues \u00e0 la suite d&rsquo;\u00e9v\u00e9nements physiques tels que le feu, l&rsquo;eau ou le vol. Les plaques m\u00e9talliques sont \u00e9galement r\u00e9sistantes \u00e0 la d\u00e9t\u00e9rioration, ce qui garantit que vos semences restent lisibles m\u00eame dans des conditions d\u00e9favorables.<\/p>\n<p>La s\u00e9curit\u00e9 accrue est un autre avantage. Les plaques m\u00e9talliques peuvent \u00eatre conserv\u00e9es dans des endroits s\u00fbrs, comme un coffre-fort ou un coffre ignifug\u00e9 pour ajouter une couche suppl\u00e9mentaire de s\u00e9curit\u00e9 contre le vol ou l&rsquo;acc\u00e8s non autoris\u00e9. Les plaques m\u00e9talliques peuvent aussi \u00eatre dissimul\u00e9es et d\u00e9guis\u00e9es, ce qui en fait une option de stockage plus furtive.<\/p>\n<p>Enfin, les plaques de r\u00e9cup\u00e9ration en m\u00e9tal sont une option de stockage portable et pratique. Elles sont petites, ce qui les rend faciles \u00e0 ranger et \u00e0 transporter, et elles ne n\u00e9cessitent pas de source d&rsquo;\u00e9nergie ni de connexion Internet, ce qui en fait une option de sauvegarde id\u00e9ale pour ceux qui sont constamment en d\u00e9placement.<\/p>\n<h2>Caract\u00e9ristiques de Seedplate<\/h2>\n<p>La Seedplate pr\u00e9sente un design unique \u00e0 une seule plaque avec 24 mots, 12 sur chaque c\u00f4t\u00e9. Elle est fabriqu\u00e9e en acier de haute qualit\u00e9 qui a \u00e9t\u00e9 d\u00e9coup\u00e9 et grav\u00e9 au Canada, avec des marques de gravure color\u00e9es chimiquement en noir pour une meilleure lisibilit\u00e9. Sa petite taille de 5&#215;3 pouces (12,7&#215;7,62 cm) la rend pratique \u00e0 ranger et \u00e0 dissimuler. La plaque est \u00e9galement fabriqu\u00e9e en acier r\u00e9sistant de 2 mm d&rsquo;\u00e9paisseur, ce qui garantit sa long\u00e9vit\u00e9. Coinkite vend \u00e9galement un poin\u00e7on automatique pour un prix similaire \u00e0 celui trouv\u00e9 sur Amazon, ce qui facilite encore plus la cr\u00e9ation de plaques de semences. L&rsquo;entreprise a \u00e9galement effectu\u00e9 des tests de destruction pour garantir la fiabilit\u00e9 et la durabilit\u00e9 du produit.<\/p>\n<p>Coinkite, la soci\u00e9t\u00e9 de s\u00e9curit\u00e9 Bitcoin derri\u00e8re Seedplate, est aussi le fabricant de <a href=\"https:\/\/h17n.com\/fr\/portefeuilles-materiels\/tapsigner\/\" target=\"_blank\" rel=\"noopener\">Tapsigner<\/a>, <a href=\"https:\/\/h17n.com\/fr\/utiliser-bitcoin\/opendime\/\" target=\"_blank\" rel=\"noopener\">Opendime<\/a> et <a href=\"https:\/\/h17n.com\/fr\/portefeuilles-materiels\/coldcard\/\">ColdCard<\/a>.<\/p>\n<div class=\"woocommerce columns-4 \"><ul class=\"products columns-4\">\n<li class=\"woocommerce-text-align-center woocommerce-image-align-center do-quantity-buttons product type-product post-104 status-publish first instock product_cat-portefeuilles-materiels has-post-thumbnail shipping-taxable product-type-external\">\n\t<a href=\"https:\/\/h17n.com\/fr\/portefeuilles-materiels\/coldcard\/\" class=\"woocommerce-LoopProduct-link woocommerce-loop-product__link\"><img loading=\"lazy\" decoding=\"async\" width=\"300\" height=\"300\" src=\"https:\/\/h17n.com\/fr\/wp-content\/uploads\/sites\/2\/2023\/02\/hodle-safe-300x300.jpg\" class=\"attachment-woocommerce_thumbnail size-woocommerce_thumbnail\" alt=\"Coldcard : un portefeuille Bitcoin en air gap\" srcset=\"https:\/\/h17n.com\/fr\/wp-content\/uploads\/sites\/2\/2023\/02\/hodle-safe-300x300.jpg 300w, https:\/\/h17n.com\/fr\/wp-content\/uploads\/sites\/2\/2023\/02\/hodle-safe-150x150.jpg 150w, https:\/\/h17n.com\/fr\/wp-content\/uploads\/sites\/2\/2023\/02\/hodle-safe-100x100.jpg 100w\" sizes=\"auto, (max-width: 300px) 100vw, 300px\" \/><h2 class=\"woocommerce-loop-product__title\">Coldcard : un portefeuille Bitcoin en air gap<\/h2>\n            <div class=\"star-rating\" title=\"Pas encore not\u00e9\"><span style=\"width:0%\"><strong class=\"rating\">0<\/strong> sur 5<\/span><\/div>        <a href=\"https:\/\/h17n.com\/fr\/portefeuilles-materiels\/coldcard\/#reviews\" class=\"woocommerce-review-link\" rel=\"nofollow\">(0)<\/a>\n\n\n\t<span class=\"price\"><span class=\"woocommerce-Price-amount amount\"><bdi><span class=\"woocommerce-Price-currencySymbol\">&euro;<\/span>140.00<\/bdi><\/span><\/span>\n<\/a><a href=\"https:\/\/coldcard.com\/\" aria-describedby=\"woocommerce_loop_add_to_cart_link_describedby_104\" data-quantity=\"1\" class=\"button product_type_external\" data-product_id=\"104\" data-product_sku=\"\" aria-label=\"D\u00e9couvrir Coldcard\" rel=\"nofollow\">D\u00e9couvrir Coldcard<\/a>\t<span id=\"woocommerce_loop_add_to_cart_link_describedby_104\" class=\"screen-reader-text\">\n\t\t\t<\/span>\n<\/li>\n<li class=\"woocommerce-text-align-center woocommerce-image-align-center do-quantity-buttons product type-product post-536 status-publish instock product_cat-utiliser-bitcoin has-post-thumbnail shipping-taxable product-type-external\">\n\t<a href=\"https:\/\/h17n.com\/fr\/utiliser-bitcoin\/opendime\/\" class=\"woocommerce-LoopProduct-link woocommerce-loop-product__link\"><img loading=\"lazy\" decoding=\"async\" width=\"300\" height=\"300\" src=\"https:\/\/h17n.com\/fr\/wp-content\/uploads\/sites\/2\/2023\/04\/opendime-jpg-300x300.webp\" class=\"attachment-woocommerce_thumbnail size-woocommerce_thumbnail\" alt=\"Opendime : une cl\u00e9 USB Bitcoin\" srcset=\"https:\/\/h17n.com\/fr\/wp-content\/uploads\/sites\/2\/2023\/04\/opendime-jpg-300x300.webp 300w, https:\/\/h17n.com\/fr\/wp-content\/uploads\/sites\/2\/2023\/04\/opendime-jpg-150x150.webp 150w, https:\/\/h17n.com\/fr\/wp-content\/uploads\/sites\/2\/2023\/04\/opendime-jpg-100x100.webp 100w\" sizes=\"auto, (max-width: 300px) 100vw, 300px\" \/><h2 class=\"woocommerce-loop-product__title\">Opendime : une cl\u00e9 USB Bitcoin<\/h2>\n            <div class=\"star-rating\" title=\"Pas encore not\u00e9\"><span style=\"width:0%\"><strong class=\"rating\">0<\/strong> sur 5<\/span><\/div>        <a href=\"https:\/\/h17n.com\/fr\/utiliser-bitcoin\/opendime\/#reviews\" class=\"woocommerce-review-link\" rel=\"nofollow\">(0)<\/a>\n\n\n\t<span class=\"price\"><span class=\"woocommerce-Price-amount amount\"><bdi><span class=\"woocommerce-Price-currencySymbol\">&euro;<\/span>65.00<\/bdi><\/span><\/span>\n<\/a><a href=\"https:\/\/opendime.com\/\" aria-describedby=\"woocommerce_loop_add_to_cart_link_describedby_536\" data-quantity=\"1\" class=\"button product_type_external\" data-product_id=\"536\" data-product_sku=\"\" aria-label=\"D\u00e9couvrir Opendime\" rel=\"nofollow\">D\u00e9couvrir Opendime<\/a>\t<span id=\"woocommerce_loop_add_to_cart_link_describedby_536\" class=\"screen-reader-text\">\n\t\t\t<\/span>\n<\/li>\n<li class=\"woocommerce-text-align-center woocommerce-image-align-center do-quantity-buttons product type-product post-123 status-publish instock product_cat-portefeuilles-materiels has-post-thumbnail shipping-taxable product-type-external\">\n\t<a href=\"https:\/\/h17n.com\/fr\/portefeuilles-materiels\/tapsigner\/\" class=\"woocommerce-LoopProduct-link woocommerce-loop-product__link\"><img loading=\"lazy\" decoding=\"async\" width=\"300\" height=\"300\" src=\"https:\/\/h17n.com\/fr\/wp-content\/uploads\/sites\/2\/2023\/02\/tapsigner-300x300.png\" class=\"attachment-woocommerce_thumbnail size-woocommerce_thumbnail\" alt=\"Tapsigner : une carte \u00e0 puce NFC pour signer des transactions en Bitcoin\" srcset=\"https:\/\/h17n.com\/fr\/wp-content\/uploads\/sites\/2\/2023\/02\/tapsigner-300x300.png 300w, https:\/\/h17n.com\/fr\/wp-content\/uploads\/sites\/2\/2023\/02\/tapsigner-150x150.png 150w, https:\/\/h17n.com\/fr\/wp-content\/uploads\/sites\/2\/2023\/02\/tapsigner-100x100.png 100w\" sizes=\"auto, (max-width: 300px) 100vw, 300px\" \/><h2 class=\"woocommerce-loop-product__title\">Tapsigner : une carte \u00e0 puce NFC pour signer des transactions en Bitcoin<\/h2>\n            <div class=\"star-rating\" title=\"Pas encore not\u00e9\"><span style=\"width:0%\"><strong class=\"rating\">0<\/strong> sur 5<\/span><\/div>        <a href=\"https:\/\/h17n.com\/fr\/portefeuilles-materiels\/tapsigner\/#reviews\" class=\"woocommerce-review-link\" rel=\"nofollow\">(0)<\/a>\n\n\n\t<span class=\"price\"><span class=\"woocommerce-Price-amount amount\"><bdi><span class=\"woocommerce-Price-currencySymbol\">&euro;<\/span>37.00<\/bdi><\/span><\/span>\n<\/a><a href=\"https:\/\/tapsigner.com\/\" aria-describedby=\"woocommerce_loop_add_to_cart_link_describedby_123\" data-quantity=\"1\" class=\"button product_type_external\" data-product_id=\"123\" data-product_sku=\"\" aria-label=\"D\u00e9couvrir Tapsigner\" rel=\"nofollow\">D\u00e9couvrir Tapsigner<\/a>\t<span id=\"woocommerce_loop_add_to_cart_link_describedby_123\" class=\"screen-reader-text\">\n\t\t\t<\/span>\n<\/li>\n<\/ul>\n<\/div>\n","protected":false},"excerpt":{"rendered":"<p>Seedplate, fabriqu\u00e9 par Coinkite, est une plaque m\u00e9tallique de sauvegarde des graines de bitcoin con\u00e7ue pour stocker en toute s\u00e9curit\u00e9 la phrase de semence d&rsquo;un portefeuille Bitcoin. La Seedplate est fabriqu\u00e9e en acier inoxydable.<\/p>\n","protected":false},"featured_media":118,"comment_status":"open","ping_status":"closed","template":"","meta":[],"product_brand":[],"product_cat":[313],"product_tag":[],"class_list":{"0":"post-117","1":"product","2":"type-product","3":"status-publish","4":"has-post-thumbnail","6":"product_cat-sauvegarde-de-phrase-de-recuperation","7":"","8":"woocommerce-text-align-center","9":"woocommerce-image-align-center","10":"do-quantity-buttons","12":"first","13":"instock","14":"sale","15":"shipping-taxable","16":"product-type-external"},"_links":{"self":[{"href":"https:\/\/h17n.com\/fr\/wp-json\/wp\/v2\/product\/117","targetHints":{"allow":["GET"]}}],"collection":[{"href":"https:\/\/h17n.com\/fr\/wp-json\/wp\/v2\/product"}],"about":[{"href":"https:\/\/h17n.com\/fr\/wp-json\/wp\/v2\/types\/product"}],"replies":[{"embeddable":true,"href":"https:\/\/h17n.com\/fr\/wp-json\/wp\/v2\/comments?post=117"}],"wp:featuredmedia":[{"embeddable":true,"href":"https:\/\/h17n.com\/fr\/wp-json\/wp\/v2\/media\/118"}],"wp:attachment":[{"href":"https:\/\/h17n.com\/fr\/wp-json\/wp\/v2\/media?parent=117"}],"wp:term":[{"taxonomy":"product_brand","embeddable":true,"href":"https:\/\/h17n.com\/fr\/wp-json\/wp\/v2\/product_brand?post=117"},{"taxonomy":"product_cat","embeddable":true,"href":"https:\/\/h17n.com\/fr\/wp-json\/wp\/v2\/product_cat?post=117"},{"taxonomy":"product_tag","embeddable":true,"href":"https:\/\/h17n.com\/fr\/wp-json\/wp\/v2\/product_tag?post=117"}],"curies":[{"name":"wp","href":"https:\/\/api.w.org\/{rel}","templated":true}]}}