{"id":115,"date":"2023-02-24T13:04:59","date_gmt":"2023-02-24T13:04:59","guid":{"rendered":"https:\/\/h17n.com\/fr\/?post_type=product&#038;p=115"},"modified":"2023-04-27T17:48:31","modified_gmt":"2023-04-27T17:48:31","slug":"passport","status":"publish","type":"product","link":"https:\/\/h17n.com\/fr\/portefeuilles-materiels\/passport\/","title":{"rendered":"Passport : un portefeuille mat\u00e9riel open source"},"content":{"rendered":"<p><a href=\"https:\/\/foundationdevices.com\/passport\/\" rel=\"nofollow noopener\" target=\"_blank\">Passport<\/a> est un portefeuille mat\u00e9riel open source pour Bitcoin. Le portefeuille est en air gap, ce qui signifie qu&rsquo;il ne communique jamais directement avec un appareil connect\u00e9 \u00e0 Internet. Son connecteur USB-C alimente uniquement la batterie et ne transf\u00e8re pas de donn\u00e9es. Comme il s&rsquo;agit d&rsquo;un portefeuille mat\u00e9riel open source, les chercheurs en s\u00e9curit\u00e9 peuvent facilement d\u00e9couvrir toutes les vuln\u00e9rabilit\u00e9s qui peuvent exister dans le portefeuille.<\/p>\n<p>Passport a \u00e9t\u00e9 lanc\u00e9 en 2020 par une entreprise bas\u00e9e aux \u00c9tats-Unis, <a href=\"https:\/\/foundationdevices.com\/about\/\" rel=\"nofollow noopener\" target=\"_blank\">Foundation<\/a>.<\/p>\n<h2>Avantages et inconv\u00e9nients du portefeuille Passport<\/h2>\n<h3>Pour<\/h3>\n<ul>\n<li>Le logiciel et l&rsquo;application mobile sont tous deux open source. Essentiellement, cela signifie que votre portefeuille est hautement s\u00e9curis\u00e9 et qu&rsquo;il a \u00e9t\u00e9 compl\u00e8tement v\u00e9rifi\u00e9 par la communaut\u00e9 open source<\/li>\n<li>Passport est en air gap, il utilise une cam\u00e9ra et des codes QR au lieu de donn\u00e9es USB et d&rsquo;Internet<\/li>\n<li>Il est compatible avec <a href=\"https:\/\/h17n.com\/fr\/portefeuilles-mobiles\/bluewallet\/\" target=\"_blank\" rel=\"noopener\">BlueWallet<\/a>, <a href=\"https:\/\/h17n.com\/fr\/paiements-bitcoin\/btcpay-server\/\" target=\"_blank\" rel=\"noopener\">BTCPay<\/a>, <a href=\"https:\/\/h17n.com\/fr\/portefeuilles-de-bureau\/electrum\/\" target=\"_blank\" rel=\"noopener\">Electrum<\/a>, <a href=\"https:\/\/h17n.com\/fr\/portefeuilles-de-bureau\/wasabi\/\" target=\"_blank\" rel=\"noopener\">Wasabi<\/a>, Sparrow, etc<\/li>\n<li><a href=\"https:\/\/foundationdevices.com\/envoy\/\" rel=\"nofollow noopener\" target=\"_blank\">Envoy<\/a> est l&rsquo;application compagnon mobile de Passport. L&rsquo;application mobile enregistre comme son interface<\/li>\n<li>Il est magnifiquement con\u00e7u dans le style d&rsquo;un smartphone, avec une interface facile \u00e0 utiliser et une protection en verre extra-dur<\/li>\n<li>Un \u00e9cran en verre avec une haute r\u00e9solution et une cam\u00e9ra int\u00e9gr\u00e9e pour scanner les codes QR <\/li>\n<\/ul>\n<h3>Inconv\u00e9nients<\/h3>\n<ul>\n<li>Il est assez cher. Au moment de la r\u00e9daction, le portefeuille est vendu \u00e0 246 EUR.<\/li>\n<\/ul>\n","protected":false},"excerpt":{"rendered":"<p>Passport est un portefeuille mat\u00e9riel \u00e0 code source ouvert et en air gap fabriqu\u00e9 aux \u00c9tats-Unis uniquement pour Bitcoin.<\/p>\n","protected":false},"featured_media":114,"comment_status":"open","ping_status":"closed","template":"","meta":[],"product_brand":[],"product_cat":[50],"product_tag":[],"class_list":{"0":"post-115","1":"product","2":"type-product","3":"status-publish","4":"has-post-thumbnail","6":"product_cat-portefeuilles-materiels","7":"","8":"woocommerce-text-align-center","9":"woocommerce-image-align-center","10":"do-quantity-buttons","12":"first","13":"instock","14":"shipping-taxable","15":"product-type-external"},"_links":{"self":[{"href":"https:\/\/h17n.com\/fr\/wp-json\/wp\/v2\/product\/115","targetHints":{"allow":["GET"]}}],"collection":[{"href":"https:\/\/h17n.com\/fr\/wp-json\/wp\/v2\/product"}],"about":[{"href":"https:\/\/h17n.com\/fr\/wp-json\/wp\/v2\/types\/product"}],"replies":[{"embeddable":true,"href":"https:\/\/h17n.com\/fr\/wp-json\/wp\/v2\/comments?post=115"}],"wp:featuredmedia":[{"embeddable":true,"href":"https:\/\/h17n.com\/fr\/wp-json\/wp\/v2\/media\/114"}],"wp:attachment":[{"href":"https:\/\/h17n.com\/fr\/wp-json\/wp\/v2\/media?parent=115"}],"wp:term":[{"taxonomy":"product_brand","embeddable":true,"href":"https:\/\/h17n.com\/fr\/wp-json\/wp\/v2\/product_brand?post=115"},{"taxonomy":"product_cat","embeddable":true,"href":"https:\/\/h17n.com\/fr\/wp-json\/wp\/v2\/product_cat?post=115"},{"taxonomy":"product_tag","embeddable":true,"href":"https:\/\/h17n.com\/fr\/wp-json\/wp\/v2\/product_tag?post=115"}],"curies":[{"name":"wp","href":"https:\/\/api.w.org\/{rel}","templated":true}]}}