{"id":111,"date":"2023-02-24T12:44:33","date_gmt":"2023-02-24T12:44:33","guid":{"rendered":"https:\/\/h17n.com\/fr\/?post_type=product&#038;p=111"},"modified":"2024-11-13T09:31:56","modified_gmt":"2024-11-13T09:31:56","slug":"blockstream-jade","status":"publish","type":"product","link":"https:\/\/h17n.com\/fr\/portefeuilles-materiels\/blockstream-jade\/","title":{"rendered":"Blockstream Jade : un portefeuille mat\u00e9riel Bitcoin open source"},"content":{"rendered":"<p><a href=\"https:\/\/store.blockstream.com\/?code=YQb54C6K3G1S\">Blockstream Jade<\/a> est un portefeuille mat\u00e9riel open source pour bitcoins uniquement. Il s\u00e9curise vos cl\u00e9s hors ligne en combinaison avec un portefeuille logiciel. Il est le mieux adapt\u00e9 au stockage \u00e0 froid \u00e0 long terme de grandes quantit\u00e9s de bitcoins.<\/p>\n<p>En tant que portefeuille bitcoin en air gap, Blockstream Jade peut \u00eatre utilis\u00e9 en scannant les codes QR via sq cam\u00e9ra et en les affichant sur l&rsquo;\u00e9cran, \u00e9liminant ainsi le besoin d&rsquo;une connexion USB ou Bluetooth.<\/p>\n<p><a href=\"https:\/\/store.blockstream.com\/?code=YQb54C6K3G1S\" title=\"\" class=\"button\">Obtenez Blockstream Jade<\/a><\/p>\n<h2>Comment utiliser Blockstream Jade<\/h2>\n<p>Branchez Jade sur votre ordinateur \u00e0 l&rsquo;aide de son c\u00e2ble USB. Il faut installer <a href=\"https:\/\/www.silabs.com\/developers\/usb-to-uart-bridge-vcp-drivers\" rel=\"nofollow noopener\" target=\"_blank\">un pilote<\/a> pour que votre ordinateur reconnaisse Jade. Pour les utilisateurs de Linux, Jade fonctionnera imm\u00e9diatement sans avoir besoin de pilotes suppl\u00e9mentaires.<\/p>\n<p>La prochaine \u00e9tape principale consiste \u00e0 cr\u00e9er un nouveau portefeuille en choisissant 12 ou 24 mots pour votre phrase de r\u00e9cup\u00e9ration. La phrase de r\u00e9cup\u00e9ration de votre portefeuille est g\u00e9n\u00e9r\u00e9e hors ligne et n&rsquo;appara\u00eet jamais sur les appareils en ligne. Une fois votre phrase de r\u00e9cup\u00e9ration g\u00e9n\u00e9r\u00e9e, vous pouvez d\u00e9finir votre code PIN \u00e0 six chiffres et le confirmer. Chaque fois que vous voudrez utiliser votre portefeuille, vous aurez besoin de ce code PIN pour le d\u00e9verrouiller.<\/p>\n<p>Il est conseill\u00e9 de tester votre phrase de r\u00e9cup\u00e9ration pour vous assurer qu&rsquo;elle est correcte. Alors que les portefeuilles mat\u00e9riels comme <a href=\"https:\/\/h17n.com\/fr\/portefeuilles-materiels\/coldcard\/\" target=\"_blank\" rel=\"noopener\">Coldcard<\/a> vous proposeront un quiz vous demandant la signification de chaque mot dans un ordre al\u00e9atoire, Jade vous demande d&rsquo;envoyer une petite quantit\u00e9 de bitcoins dans votre portefeuille, de r\u00e9initialiser votre Jade en usine pour supprimer la phrase de r\u00e9cup\u00e9ration, puis de red\u00e9marrer Jade et de s\u00e9lectionner R\u00e9cup\u00e9rer un portefeuille. Si vous r\u00e9ussissez \u00e0 restaurer votre portefeuille en utilisant la phrase et que vous voyez le petit montant test de bitcoin, cela signifie que la sauvegarde de votre phrase de r\u00e9cup\u00e9ration est correcte.<\/p>\n<p>Blockstream Jade est un appareil destin\u00e9 \u00e0 stocker vos cl\u00e9s priv\u00e9es, vous devrez donc toujours le connecter \u00e0 un autre portefeuille pour afficher vos adresses de r\u00e9ception et d\u00e9penser vos fonds. Bien qu&rsquo;il soit recommand\u00e9 d&rsquo;utiliser son portefeuille logiciel, <a href=\"https:\/\/blockstream.com\/green\/\" rel=\"nofollow noopener\" target=\"_blank\">Blockstream Green<\/a>, la prise en charge de Jade est \u00e9galement disponible sur d&rsquo;autres portefeuilles tels que Nunchuk, Sparrow Wallet, Specter Wallet, <a href=\"https:\/\/h17n.com\/fr\/portefeuilles-mobiles\/bluewallet\/\" target=\"_blank\" rel=\"noopener\">BlueWallet<\/a> et <a href=\"17n.com\/fr\/portefeuilles-de-bureau\/electrum\/\" target=\"_blank\" rel=\"noopener\">Electrum<\/a>.<\/p>\n<div class=\"action box\">\n<p>Au lieu d&rsquo;\u00e9crire les 24 mots sur papier, vous pouvez pr\u00e9f\u00e9rer les enregistrer sur un <a href=\"https:\/\/store.blockstream.com\/product\/blockstream-metal\/\" rel=\"nofollow noopener\" target=\"_blank\">Blockstream Metal<\/a> ou un <a href=\"https:\/\/store.blockstream.com\/product\/blockstream-capsule\/\" rel=\"nofollow noopener\" target=\"_blank\">Blockstream Capsule<\/a> pour prot\u00e9ger votre phrase de r\u00e9cup\u00e9ration des dangers physiques.<\/p>\n<\/div>\n<p>Vous pouvez activer le mode \u00ab watch-only \u00bb pour ne recevoir que des fonds et voir votre solde. Vous pouvez \u00e9galement cr\u00e9er un portefeuille \u00ab\u00a0contrainte\u00a0\u00bb pour les situations o\u00f9 vous \u00eates oblig\u00e9 de r\u00e9v\u00e9ler votre code PIN. Jade utilise la fonction Multisig Shield pour augmenter la s\u00e9curit\u00e9 de vos fonds. Les transactions multisignatures n\u00e9cessitent la signature de plus d&rsquo;une personne. La transaction ne peut \u00eatre conclue tant que toutes les parties ne l&rsquo;ont pas sign\u00e9e.<\/p>\n<p><a href=\"https:\/\/store.blockstream.com\/?code=YQb54C6K3G1S\" title=\"\" class=\"button\">Obtenez Blockstream Jade<\/a><\/p>\n<h2>Le Blockstream Jade est-il s\u00fbr et s\u00e9curis\u00e9 ?<\/h2>\n<p>Oui, le portefeuille mat\u00e9riel Blockstream Jade est consid\u00e9r\u00e9 comme un portefeuille mat\u00e9riel s\u00fbr pour stocker vos Bitcoins. Son design isol\u00e9 <a href=\"https:\/\/h17n.com\/fr\/air-gap\/\">air-gapped<\/a> minimise les risques de piratage en ligne en ne se connectant jamais \u00e0 Internet. Le code source ouvert permet une v\u00e9rification publique, r\u00e9duisant ainsi les vuln\u00e9rabilit\u00e9s. De plus, Jade propose <a href=\"https:\/\/h17n.com\/watch-only\/yes\/\">un portefeuille en mode watch-only<\/a> pour recevoir des fonds et visualiser les soldes sans exposition en ligne. Les transactions multi-signatures ajoutent une couche de s\u00e9curit\u00e9 suppl\u00e9mentaire en exigeant des signatures de plusieurs appareils. Un code PIN de contrainte prot\u00e8ge votre code PIN principal en fournissant un code distinct en cas de situation forc\u00e9e.<\/p>\n<p>Dans les portefeuilles mat\u00e9riels traditionnels, il existe un risque inh\u00e9rent \u00e0 stocker les cl\u00e9s priv\u00e9es directement sur l\u2019appareil, les rendant vuln\u00e9rables en cas de vol de l\u2019appareil physique ou d\u2019extraction de la puce contenant les cl\u00e9s. Cette vuln\u00e9rabilit\u00e9, connue sous le nom d\u2019attaque \u00ab Klepto \u00bb, constitue une menace s\u00e9rieuse pour la s\u00e9curit\u00e9 de vos fonds. Cependant, Jade adopte une approche distinctive en ne stockant pas les cl\u00e9s priv\u00e9es sur l\u2019appareil lui-m\u00eame. Il utilise plut\u00f4t une combinaison de code PIN s\u00e9curis\u00e9 et de serveur \u00ab oracle aveugle \u00bb pour d\u00e9crypter les cl\u00e9s uniquement lorsque c\u2019est n\u00e9cessaire. Ce design innovant rend impossible pour les acteurs malveillants de voler vos cl\u00e9s, m\u00eame s\u2019ils obtiennent l\u2019appareil physique, att\u00e9nuant ainsi les attaques Klepto. En plus de cela, le design de Jade rend extr\u00eamement difficile pour les hackers de voler vos cl\u00e9s de chiffrement. Cette protection suppl\u00e9mentaire est appel\u00e9e \u00ab anti-exfil \u00bb.<\/p>\n<p>Dans les portefeuilles mat\u00e9riels conventionnels, la signature des transactions expose directement votre cl\u00e9 priv\u00e9e aux vuln\u00e9rabilit\u00e9s potentielles du processus de signature. En revanche, Jade introduit une couche de s\u00e9curit\u00e9 suppl\u00e9mentaire en utilisant un serveur \u00ab oracle aveugle \u00bb pour signer les transactions de mani\u00e8re aveugle. Ce serveur ne re\u00e7oit que les donn\u00e9es de transaction et votre code PIN, garantissant que votre cl\u00e9 priv\u00e9e reste non divulgu\u00e9e.<\/p>\n<p>La robustesse de votre phrase de r\u00e9cup\u00e9ration ou de vos cl\u00e9s priv\u00e9es repose fortement sur l\u2019al\u00e9atoire des nombres g\u00e9n\u00e9r\u00e9s, souvent appel\u00e9e \u00ab entropie \u00bb. Des sources faibles d\u2019al\u00e9atoire peuvent compromettre la pr\u00e9visibilit\u00e9 des cl\u00e9s, les exposant \u00e0 diverses attaques. Heureusement, Jade se distingue en offrant une source d\u2019entropie plus robuste compar\u00e9e aux appareils comme <a href=\"https:\/\/h17n.com\/fr\/portefeuilles-materiels\/trezor\/\">Trezor<\/a> et <a href=\"https:\/\/h17n.com\/fr\/portefeuilles-materiels\/coldcard\/\">Coldcard<\/a>. Cela inclut des facteurs tels que le bruit thermique et les interactions des utilisateurs, entra\u00eenant la g\u00e9n\u00e9ration de cl\u00e9s priv\u00e9es plus fortes et moins pr\u00e9visibles.<\/p>\n<p><a href=\"https:\/\/store.blockstream.com\/?code=YQb54C6K3G1S\" title=\"\" class=\"button\">Obtenez Blockstream Jade<\/a><\/p>\n<h2>Le Blockstream Jade est-il un bon portefeuille ?<\/h2>\n<p>Le code source ouvert et le design hors ligne (\u00ab air-gapped \u00bb) du Blockstream Jade mettent l&rsquo;accent sur la s\u00e9curit\u00e9. Bien que les utilisateurs de Linux b\u00e9n\u00e9ficient d&rsquo;une configuration simple, les autres n\u00e9cessitent des installations de pilotes suppl\u00e9mentaires. De plus, le portefeuille Jade ne stocke que vos cl\u00e9s priv\u00e9es, ce qui signifie que vous avez besoin d&rsquo;une application de portefeuille distincte comme Blockstream Green pour afficher les adresses et g\u00e9rer les transactions. Cette complexit\u00e9 pourrait d\u00e9courager les d\u00e9butants. Cependant, les utilisateurs soucieux de la s\u00e9curit\u00e9 avec des avoirs Bitcoin plus importants appr\u00e9cieront les fonctionnalit\u00e9s avanc\u00e9es de Jade, comme le mode \u00ab watch-only \u00bb, le portefeuille de contrainte et les transactions multi-signatures qui offrent une couche de protection suppl\u00e9mentaire au-del\u00e0 du stockage des cl\u00e9s priv\u00e9es.<\/p>\n<p>Consid\u00e9r\u00e9 comme l&rsquo;un des meilleurs <a href=\"https:\/\/h17n.com\/source-code\/open-source\/\">portefeuilles mat\u00e9riels open source<\/a>, le Blockstream Jade, ax\u00e9 sur Bitcoin, attire les utilisateurs qui privil\u00e9gient Bitcoin par rapport aux autres cryptomonnaies. En fin de compte, la d\u00e9cision de savoir si la s\u00e9curit\u00e9 robuste de Jade compense ses difficult\u00e9s initiales d\u00e9pend de vos besoins sp\u00e9cifiques. Une comparaison approfondie des diff\u00e9rentes <a href=\"https:\/\/h17n.com\/fr\/portefeuilles-materiels\/\">options de portefeuille mat\u00e9riel<\/a> est cruciale avant de faire votre choix.<\/p>\n<p><a href=\"https:\/\/store.blockstream.com\/?code=YQb54C6K3G1S\" title=\"\" class=\"button\">Obtenez Blockstream Jade<\/a><\/p>\n<div class=\"container-lazyload preview-lazyload container-youtube js-lazyload--not-loaded\"><a href=\"https:\/\/youtu.be\/0fPVzsyL360\" class=\"lazy-load-youtube preview-lazyload preview-youtube\" data-video-title=\"Blockstream Jade | How to set up a Bitcoin wallet\" title=\"Play video &quot;Blockstream Jade | How to set up a Bitcoin wallet&quot;\">https:\/\/youtu.be\/0fPVzsyL360<\/a><noscript>Video can&rsquo;t be loaded because JavaScript is disabled: <a href=\"https:\/\/youtu.be\/0fPVzsyL360\" title=\"Blockstream Jade | How to set up a Bitcoin wallet\">Blockstream Jade | How to set up a Bitcoin wallet (https:\/\/youtu.be\/0fPVzsyL360)<\/a><\/noscript><\/div>\n<p>&nbsp;<\/p>\n<h2>Plus d&rsquo;informations<\/h2>\n<ul>\n<li><a href=\"https:\/\/blockstream.com\/jade\/\" rel=\"nofollow noopener\" target=\"_blank\">Site Web de<\/a> Blockstream Jade<\/li>\n<li><a href=\"https:\/\/store.blockstream.com\/?code=YQb54C6K3G1S\" rel=\"nofollow noopener\" target=\"_blank\">Boutique<\/a> Blockstream Jade<\/li>\n<li>Blockstream Jade sur <a href=\"https:\/\/twitter.com\/Blockstream\" rel=\"nofollow noopener\" target=\"_blank\">Twitter<\/a><\/li>\n<\/ul>\n","protected":false},"excerpt":{"rendered":"<p>Blockstream Jade est un portefeuille mat\u00e9riel Bitcoin open source. Il convient mieux au stockage \u00e0 froid \u00e0 long terme de grandes quantit\u00e9s de bitcoins.<\/p>\n","protected":false},"featured_media":113,"comment_status":"open","ping_status":"closed","template":"","meta":[],"product_brand":[],"product_cat":[50],"product_tag":[],"class_list":{"0":"post-111","1":"product","2":"type-product","3":"status-publish","4":"has-post-thumbnail","6":"product_cat-portefeuilles-materiels","7":"","8":"woocommerce-text-align-center","9":"woocommerce-image-align-center","10":"do-quantity-buttons","12":"first","13":"instock","14":"shipping-taxable","15":"product-type-external"},"_links":{"self":[{"href":"https:\/\/h17n.com\/fr\/wp-json\/wp\/v2\/product\/111","targetHints":{"allow":["GET"]}}],"collection":[{"href":"https:\/\/h17n.com\/fr\/wp-json\/wp\/v2\/product"}],"about":[{"href":"https:\/\/h17n.com\/fr\/wp-json\/wp\/v2\/types\/product"}],"replies":[{"embeddable":true,"href":"https:\/\/h17n.com\/fr\/wp-json\/wp\/v2\/comments?post=111"}],"wp:featuredmedia":[{"embeddable":true,"href":"https:\/\/h17n.com\/fr\/wp-json\/wp\/v2\/media\/113"}],"wp:attachment":[{"href":"https:\/\/h17n.com\/fr\/wp-json\/wp\/v2\/media?parent=111"}],"wp:term":[{"taxonomy":"product_brand","embeddable":true,"href":"https:\/\/h17n.com\/fr\/wp-json\/wp\/v2\/product_brand?post=111"},{"taxonomy":"product_cat","embeddable":true,"href":"https:\/\/h17n.com\/fr\/wp-json\/wp\/v2\/product_cat?post=111"},{"taxonomy":"product_tag","embeddable":true,"href":"https:\/\/h17n.com\/fr\/wp-json\/wp\/v2\/product_tag?post=111"}],"curies":[{"name":"wp","href":"https:\/\/api.w.org\/{rel}","templated":true}]}}