{"id":108,"date":"2023-02-24T12:29:32","date_gmt":"2023-02-24T12:29:32","guid":{"rendered":"https:\/\/h17n.com\/fr\/?post_type=product&#038;p=108"},"modified":"2023-05-18T10:43:59","modified_gmt":"2023-05-18T10:43:59","slug":"bitbox","status":"publish","type":"product","link":"https:\/\/h17n.com\/fr\/portefeuilles-bitcoin\/bitbox\/","title":{"rendered":"Bitbox : un portefeuille mat\u00e9riel open source"},"content":{"rendered":"<p><a href=\"https:\/\/shiftcrypto.ch\/\" rel=\"nofollow noopener\" target=\"_blank\">Le portefeuille Bitbox<\/a> est un portefeuille mat\u00e9riel USB-C facile \u00e0 utiliser, con\u00e7u pour stocker et g\u00e9rer les actifs en crypto-monnaies en toute s\u00e9curit\u00e9. C&rsquo;est un produit de l&rsquo;entreprise suisse Shift Cryptosecurity et il a \u00e9t\u00e9 lanc\u00e9 en 2018. Vous pouvez le connecter \u00e0 votre ordinateur ou votre smartphone et utiliser le logiciel Bixbox pour signer des transactions ou g\u00e9n\u00e9rer de nouvelles adresses de r\u00e9ception. Le portefeuille est bas\u00e9 sur un logiciel open source.<\/p>\n<p>BitBox est connu pour ses mesures de confidentialit\u00e9 et de s\u00e9curit\u00e9, qui comprennent une puce physique \u00e0 \u00e9l\u00e9ments s\u00e9curis\u00e9s qui stocke les cl\u00e9s priv\u00e9es de l&rsquo;utilisateur, <a href=\"https:\/\/h17n.com\/fr\/multisig\/\" target=\"_blank\" rel=\"noopener\">Multisig<\/a> s\u00e9curis\u00e9, la prise en charge de Tor, le chiffrement de bout en bout de la communication entre l&rsquo;appli et l&rsquo;appareil. Le portefeuille BitBox prend en charge plusieurs crypto-monnaies, y compris le bitcoin. Il est possible d&rsquo;utiliser une \u00e9dition bitcoin uniquement. Le portefeuille est \u00e9galement compatible avec un certain nombre de portefeuilles de bureau et mobiles populaires, notamment <a href=\"https:\/\/h17n.com\/fr\/portefeuilles-de-bureau\/electrum\/\" target=\"_blank\" rel=\"noopener\">Electrum<\/a> et <a href=\"https:\/\/www.myetherwallet.com\/\" rel=\"nofollow noopener\" target=\"_blank\">MyEtherWallet<\/a>.<\/p>\n<div class=\"action box\">\n<p>\u00c9dition Bitcoin pour les maximalistes Bitcoin : l&rsquo;\u00e9dition BitBox02 Bitcoin uniquement n&rsquo;aura jamais que le firmware Bitcoin. Rien d&rsquo;autre. Contrairement aux autres portefeuilles mat\u00e9riels, l&rsquo;\u00e9dition Bitcoin ne peut pas \u00eatre r\u00e9initialis\u00e9e pour prendre en charge d&rsquo;autres pi\u00e8ces. Le micrologiciel Bitcoin est verrouill\u00e9 lors de la configuration d&rsquo;usine.<\/p>\n<\/div>\n<p>En plus de ses fonctions de s\u00e9curit\u00e9 et de confidentialit\u00e9, BitBox est aussi connu pour sa taille compacte et sa portabilit\u00e9, car il est assez petit pour tenir dans une poche ou \u00eatre port\u00e9 sur un porte-cl\u00e9s. Elle poss\u00e8de \u00e9galement une interface conviviale et est simple \u00e0 configurer et \u00e0 utiliser.<\/p>\n<p>Un inconv\u00e9nient potentiel du portefeuille BitBox est son prix, car il est relativement cher par rapport \u00e0 certains autres portefeuilles mat\u00e9riels sur le march\u00e9. De plus, le BitBox n&rsquo;a pas d&rsquo;\u00e9cran, vous devrez donc utiliser un appareil s\u00e9par\u00e9 pour interagir avec lui. Cependant, cela peut aussi \u00eatre consid\u00e9r\u00e9 comme une caract\u00e9ristique de s\u00e9curit\u00e9, car cela r\u00e9duit la surface d&rsquo;attaque du portefeuille. En g\u00e9n\u00e9ral, le BitBox est une option fiable et s\u00fbre pour g\u00e9rer votre bitcoin.<\/p>\n<p>Alors que son application mobile n&rsquo;est disponible que pour les appareils Android, son application de bureau est compatible avec Windows, macOS et Linux.<\/p>\n","protected":false},"excerpt":{"rendered":"<p>Le portefeuille Bitbox est un portefeuille mat\u00e9riel USB-C facile \u00e0 utiliser. Vous pouvez le connecter \u00e0 votre ordinateur ou votre smartphone et utiliser le logiciel Bixbox pour signer des transactions ou g\u00e9n\u00e9rer de nouvelles adresses de r\u00e9ception. Le portefeuille est bas\u00e9 sur un logiciel open source.<\/p>\n","protected":false},"featured_media":110,"comment_status":"open","ping_status":"closed","template":"","meta":[],"product_brand":[],"product_cat":[48,50],"product_tag":[],"class_list":{"0":"post-108","1":"product","2":"type-product","3":"status-publish","4":"has-post-thumbnail","6":"product_cat-portefeuilles-bitcoin","7":"product_cat-portefeuilles-materiels","8":"","9":"woocommerce-text-align-center","10":"woocommerce-image-align-center","11":"do-quantity-buttons","13":"first","14":"instock","15":"shipping-taxable","16":"product-type-external"},"_links":{"self":[{"href":"https:\/\/h17n.com\/fr\/wp-json\/wp\/v2\/product\/108","targetHints":{"allow":["GET"]}}],"collection":[{"href":"https:\/\/h17n.com\/fr\/wp-json\/wp\/v2\/product"}],"about":[{"href":"https:\/\/h17n.com\/fr\/wp-json\/wp\/v2\/types\/product"}],"replies":[{"embeddable":true,"href":"https:\/\/h17n.com\/fr\/wp-json\/wp\/v2\/comments?post=108"}],"wp:featuredmedia":[{"embeddable":true,"href":"https:\/\/h17n.com\/fr\/wp-json\/wp\/v2\/media\/110"}],"wp:attachment":[{"href":"https:\/\/h17n.com\/fr\/wp-json\/wp\/v2\/media?parent=108"}],"wp:term":[{"taxonomy":"product_brand","embeddable":true,"href":"https:\/\/h17n.com\/fr\/wp-json\/wp\/v2\/product_brand?post=108"},{"taxonomy":"product_cat","embeddable":true,"href":"https:\/\/h17n.com\/fr\/wp-json\/wp\/v2\/product_cat?post=108"},{"taxonomy":"product_tag","embeddable":true,"href":"https:\/\/h17n.com\/fr\/wp-json\/wp\/v2\/product_tag?post=108"}],"curies":[{"name":"wp","href":"https:\/\/api.w.org\/{rel}","templated":true}]}}