{"id":1079,"date":"2025-01-11T08:26:00","date_gmt":"2025-01-11T08:26:00","guid":{"rendered":"https:\/\/h17n.com\/fr\/?post_type=product&#038;p=1079"},"modified":"2025-01-11T08:30:10","modified_gmt":"2025-01-11T08:30:10","slug":"blockstream-green","status":"publish","type":"product","link":"https:\/\/h17n.com\/fr\/portefeuilles-bitcoin\/blockstream-green\/","title":{"rendered":"Revue du Wallet Blockstream Green"},"content":{"rendered":"<p><a href=\"https:\/\/blockstream.com\/green\">Blockstream Green<\/a> est un <a href=\"https:\/\/h17n.com\/open-source-bitcoin-wallets\/\">wallet open-source pour Bitcoin<\/a>, Lightning et Liquid disponible sur les plateformes iOS, Android et desktop (Linux, macOS, Windows). Il est con\u00e7u pour les d\u00e9butants en Bitcoin ainsi que pour les utilisateurs exp\u00e9riment\u00e9s. Son ensemble de fonctionnalit\u00e9s robuste et son accent mis sur la s\u00e9curit\u00e9 en font un choix de premier plan sur le march\u00e9 des <a href=\"https:\/\/h17n.com\/fr\/portefeuilles-mobiles\/\">wallets Bitcoin<\/a>.<\/p>\n<h2>Fonctionnalit\u00e9s du Wallet Green<\/h2>\n<p>Blockstream Green propose une s\u00e9rie de fonctionnalit\u00e9s impressionnantes qui am\u00e9liorent l\u2019utilisabilit\u00e9, la s\u00e9curit\u00e9 et la flexibilit\u00e9. Celles-ci incluent :<\/p>\n<ul>\n<li><strong>Support des singlesig standard<\/strong> : Un processus de configuration et d\u2019utilisation simple. C\u2019est une fonctionnalit\u00e9 id\u00e9ale pour les d\u00e9butants.<\/li>\n<li><strong>Protection multisignature<\/strong> : S\u00e9curit\u00e9 renforc\u00e9e gr\u00e2ce \u00e0 plusieurs cl\u00e9s n\u00e9cessaires pour autoriser les transactions.<\/li>\n<li><strong>Comptes prot\u00e9g\u00e9s par 2FA<\/strong> : Ajoute une couche de s\u00e9curit\u00e9 suppl\u00e9mentaire en exigeant une authentification \u00e0 deux facteurs pour acc\u00e9der au wallet et effectuer des transactions.<\/li>\n<li><strong>Wallet en mode surveillance (watch-only)<\/strong> : Permet de surveiller l\u2019activit\u00e9 du wallet sans avoir acc\u00e8s aux fonds, id\u00e9al pour des raisons de s\u00e9curit\u00e9 renforc\u00e9e ou d\u2019audit.<\/li>\n<li><strong>Support des wallets mat\u00e9riels<\/strong> : Le wallet Green s\u2019int\u00e8gre avec des <a href=\"https:\/\/h17n.com\/fr\/portefeuilles-materiels\/\">wallets mat\u00e9riels<\/a> populaires tels que <a href=\"https:\/\/h17n.com\/fr\/portefeuilles-materiels\/blockstream-jade\/\">Blockstream Jade<\/a>, <a href=\"https:\/\/h17n.com\/fr\/portefeuilles-materiels\/ledger\/\">Ledger<\/a> et <a href=\"https:\/\/h17n.com\/fr\/portefeuilles-materiels\/trezor\/\">Trezor<\/a>, garantissant une s\u00e9curit\u00e9 optimale pour le stockage \u00e0 froid.<\/li>\n<li><strong>Support de Liquid<\/strong> : Green permet d&rsquo;utiliser le r\u00e9seau Liquid pour des transactions Bitcoin rapides et priv\u00e9es.<\/li>\n<li><strong>Support de Lightning (beta)<\/strong> : Green inclut un support exp\u00e9rimental pour le Lightning Network, permettant des transactions instantan\u00e9es et \u00e0 faible co\u00fbt.<\/li>\n<li><strong>Contr\u00f4le des frais<\/strong> : Permet de minimiser les co\u00fbts de transaction avec <a href=\"https:\/\/h17n.com\/fr\/segwit\/\">SegWit<\/a> et des frais personnalisables. Pour les transactions urgentes, la fonctionnalit\u00e9 <a href=\"https:\/\/h17n.com\/fr\/replace-by-fee\/\">replace-by-fee (RBF)<\/a> garantit la priorit\u00e9.<\/li>\n<li><strong>Support complet de l\u2019API<\/strong> : Le wallet est personnalisable et adapt\u00e9 aux d\u00e9veloppeurs, offrant des API pour l\u2019int\u00e9gration avec des applications pour les utilisateurs avanc\u00e9s et les entreprises.<\/li>\n<li><strong>Support multilingue<\/strong> : Blockstream Green est accessible aux utilisateurs du monde entier, avec des options de langue incluant : Espagnol, Cor\u00e9en, Japonais, Tch\u00e8que, Italien, Allemand, Chinois, Portugais (Br\u00e9sil), Russe, N\u00e9erlandais, Fran\u00e7ais, Ukrainien, Roumain, Hongrois, Slovaque, Lituanien, Mongol, Su\u00e9dois, Turc, Vietnamien, Malais (Malaisie), Basque, Persan, H\u00e9breu, Hindi, Indon\u00e9sien, Danois, Catalan, Bulgare, Portugais (Portugal), et Arabe.<\/li>\n<li><strong>V\u00e9rification SPV<\/strong> : Green utilise la v\u00e9rification des paiements simplifi\u00e9e (SPV) pour valider les transactions sans n\u00e9cessiter de t\u00e9l\u00e9chargement complet de la blockchain. Cette fonctionnalit\u00e9 l\u00e9g\u00e8re garantit une op\u00e9ration efficace tout en maintenant une s\u00e9curit\u00e9 raisonnable en validant les transactions via le r\u00e9seau Bitcoin.<\/li>\n<li><strong>Support de serveur Electrum personnalis\u00e9<\/strong> : Pour plus de confidentialit\u00e9 et de contr\u00f4le, Green permet de se connecter \u00e0 son propre serveur <a href=\"https:\/\/h17n.com\/fr\/portefeuilles-de-bureau\/electrum\/\">Electrum<\/a>. Cela garantit que les transactions et les donn\u00e9es du wallet restent priv\u00e9es tout en permettant une v\u00e9rification ind\u00e9pendante des transactions sans d\u00e9pendre des serveurs publics.<\/li>\n<\/ul>\n<div class=\"action box\">\n<p>D\u00e9couvrez \u00e9galement : <a href=\"https:\/\/h17n.com\/fr\/portefeuilles-materiels\/blockstream-jade\/\">Revue de Blockstream Jade : Wallet mat\u00e9riel open-source pour Bitcoin<\/a><\/p>\n<\/div>\n<h2>Le Wallet Blockstream Green est-il l\u00e9gitime, s\u00e9curis\u00e9 et s\u00fbr ?<\/h2>\n<p>Blockstream Green met l\u2019accent sur la s\u00e9curit\u00e9 en impl\u00e9mentant plusieurs mesures pour prot\u00e9ger vos fonds. En tant que <a href=\"https:\/\/h17n.com\/self-custody\/\">wallet en auto-custodie<\/a>, vous gardez un contr\u00f4le total sur vos fonds gr\u00e2ce \u00e0 une phrase de r\u00e9cup\u00e9ration. Cette fonctionnalit\u00e9 de s\u00e9curit\u00e9 essentielle garantit que vous \u00eates le seul \u00e0 avoir acc\u00e8s \u00e0 vos fonds Bitcoin ou Liquid. Le wallet int\u00e8gre \u00e9galement l\u2019authentification \u00e0 deux facteurs (2FA), une couche de s\u00e9curit\u00e9 suppl\u00e9mentaire. Pour le niveau de s\u00e9curit\u00e9 le plus \u00e9lev\u00e9, Blockstream Green prend en charge l\u2019int\u00e9gration avec les meilleurs wallets mat\u00e9riels, tels que Blockstream Jade, Ledger, et Trezor.<\/p>\n<p>La confidentialit\u00e9 est un autre pilier de Blockstream Green. Le wallet ne n\u00e9cessite aucune information personnelle, aucun document ou v\u00e9rification Know Your Customer (KYC) pour utiliser ses services. De plus, vous pouvez am\u00e9liorer votre anonymat en vous connectant au r\u00e9seau Bitcoin via Tor, une fonctionnalit\u00e9 accessible d\u2019un simple geste.<\/p>\n<p>Pour plus de confidentialit\u00e9 et de contr\u00f4le, Green permet de se connecter \u00e0 votre propre <a href=\"https:\/\/h17n.com\/desktop-wallets\/electrum\/\">serveur Electrum<\/a>. Cela garantit que les transactions et les donn\u00e9es du wallet restent priv\u00e9es tout en permettant une v\u00e9rification ind\u00e9pendante des transactions sans d\u00e9pendre des serveurs publics. Cette fonctionnalit\u00e9 offre non seulement un niveau de confidentialit\u00e9 plus \u00e9lev\u00e9, mais donne \u00e9galement aux utilisateurs un contr\u00f4le suppl\u00e9mentaire sur la mani\u00e8re dont leur wallet communique avec le r\u00e9seau Bitcoin.<\/p>\n<p>De plus, Blockstream Green vous prot\u00e8ge contre une technique utilis\u00e9e pour compromettre la confidentialit\u00e9 des wallets des utilisateurs, appel\u00e9e \u00ab\u00a0attaque par poussi\u00e8re\u00a0\u00bb. <a href=\"https:\/\/h17n.com\/bitcoin-dust\/\">Une attaque de poussi\u00e8re Bitcoin<\/a> se produit lorsqu\u2019un attaquant envoie une tr\u00e8s petite quantit\u00e9 de bitcoin \u00e0 l\u2019une de vos adresses, esp\u00e9rant que vous consolidiez cette sortie avec vos plus grands avoirs. Consolidation de cette sortie r\u00e9v\u00e8le \u00e0 l\u2019attaquant combien de bitcoins vous poss\u00e9dez r\u00e9ellement. Green d\u00e9tecte automatiquement ces attaques et \u00e9tiquette les sorties de \u00ab\u00a0poussi\u00e8re\u00a0\u00bb pour que vous ne les fusionniez pas accidentellement avec votre pile de bitcoins plus importante.<\/p>\n<p>Blockstream Green est open-source, ce qui permet \u00e0 quiconque d\u2019inspecter, v\u00e9rifier et contribuer \u00e0 sa base de code. Cette transparence renforce la confiance et garantit que les fonctionnalit\u00e9s de s\u00e9curit\u00e9 du wallet sont robustes et fiables.<\/p>\n<p>Cette combinaison de mesures de s\u00e9curit\u00e9 avanc\u00e9es, de conception ax\u00e9e sur la confidentialit\u00e9 et de transparence open-source fait de Blockstream Green un choix l\u00e9gitime, fiable et s\u00e9curis\u00e9 pour g\u00e9rer les actifs Bitcoin et Liquid.<\/p>\n<h2>Le Wallet Blockstream Green est-il fait pour vous ?<\/h2>\n<p>Blockstream Green est un wallet polyvalent adapt\u00e9 \u00e0 une vari\u00e9t\u00e9 d\u2019utilisateurs. Son support multilingue garantit l\u2019accessibilit\u00e9 pour les utilisateurs du monde entier. Le support du <a href=\"https:\/\/h17n.com\/liquid-network\/\">Liquid Network<\/a> en fait un excellent choix pour ceux qui s\u2019int\u00e9ressent aux transactions Bitcoin rapides et priv\u00e9es du r\u00e9seau Liquid.<\/p>\n<p>Bien que le support du <a href=\"https:\/\/h17n.com\/fr\/reseau-lightning\/\">Lightning Network<\/a> soit encore exp\u00e9rimental au moment de la r\u00e9daction, son inclusion montre l\u2019engagement de Blockstream Green \u00e0 rester \u00e0 la pointe de l\u2019innovation Bitcoin. Cependant, les utilisateurs doivent noter que le Lightning Network peut rencontrer des pannes et peut \u00eatre discontinu\u00e9 \u00e0 tout moment en raison de sa nature exp\u00e9rimentale. Cela souligne l\u2019importance de faire preuve de prudence lors de l\u2019utilisation de fonctionnalit\u00e9s exp\u00e9rimentales pour des transactions critiques.<\/p>\n<p>L\u2019une des caract\u00e9ristiques remarquables est la possibilit\u00e9 de g\u00e9rer le m\u00eame wallet Bitcoin, Liquid ou Liquid sur plusieurs appareils. Cela en fait un excellent choix si vous souhaitez acc\u00e9der \u00e0 votre wallet \u00e0 la fois sur mobile et sur desktop.<\/p>\n<p>Le wallet prend \u00e9galement en charge les configurations de <a href=\"https:\/\/h17n.com\/watch-only-wallet\/\">wallet en mode surveillance<\/a>, vous permettant de surveiller vos fonds en toute s\u00e9curit\u00e9 sans exposer vos cl\u00e9s priv\u00e9es. Pour une s\u00e9curit\u00e9 avanc\u00e9e, Blockstream Green offre l\u2019int\u00e9gration avec un <a href=\"https:\/\/h17n.com\/hardware-wallet\/\">wallet mat\u00e9riel<\/a>, vous permettant de g\u00e9rer vos avoirs Bitcoin tout en gardant vos cl\u00e9s priv\u00e9es stock\u00e9es en toute s\u00e9curit\u00e9 hors ligne. De plus, le wallet inclut la fonctionnalit\u00e9 Replace-By-Fee (RBF), particuli\u00e8rement utile pour ajuster les frais de transaction afin de garantir des temps de confirmation plus rapides en p\u00e9riode de congestion du r\u00e9seau.<\/p>\n<p>En conclusion, Blockstream Green est un wallet s\u00e9curis\u00e9, riche en fonctionnalit\u00e9s, id\u00e9al pour les utilisateurs de Bitcoin et Liquid. Son accent sur la confidentialit\u00e9 et son support multilingue en font un choix solide pour g\u00e9rer efficacement et en toute s\u00e9curit\u00e9 vos Bitcoin, Lightning et Liquid Bitcoin.<\/p>\n","protected":false},"excerpt":{"rendered":"<p>Blockstream Green est un portefeuille Bitcoin, Lightning et Liquid open-source disponible sur iOS, Android et bureau, destin\u00e9 aux d\u00e9butants comme aux utilisateurs exp\u00e9riment\u00e9s.<\/p>\n","protected":false},"featured_media":1080,"comment_status":"open","ping_status":"closed","template":"","meta":[],"product_brand":[],"product_cat":[48,49,51],"product_tag":[],"class_list":{"0":"post-1079","1":"product","2":"type-product","3":"status-publish","4":"has-post-thumbnail","6":"product_cat-portefeuilles-bitcoin","7":"product_cat-portefeuilles-de-bureau","8":"product_cat-portefeuilles-mobiles","9":"pa_coin-control-oui","10":"","11":"woocommerce-text-align-center","12":"woocommerce-image-align-center","13":"do-quantity-buttons","15":"first","16":"instock","17":"shipping-taxable","18":"product-type-external"},"_links":{"self":[{"href":"https:\/\/h17n.com\/fr\/wp-json\/wp\/v2\/product\/1079","targetHints":{"allow":["GET"]}}],"collection":[{"href":"https:\/\/h17n.com\/fr\/wp-json\/wp\/v2\/product"}],"about":[{"href":"https:\/\/h17n.com\/fr\/wp-json\/wp\/v2\/types\/product"}],"replies":[{"embeddable":true,"href":"https:\/\/h17n.com\/fr\/wp-json\/wp\/v2\/comments?post=1079"}],"wp:featuredmedia":[{"embeddable":true,"href":"https:\/\/h17n.com\/fr\/wp-json\/wp\/v2\/media\/1080"}],"wp:attachment":[{"href":"https:\/\/h17n.com\/fr\/wp-json\/wp\/v2\/media?parent=1079"}],"wp:term":[{"taxonomy":"product_brand","embeddable":true,"href":"https:\/\/h17n.com\/fr\/wp-json\/wp\/v2\/product_brand?post=1079"},{"taxonomy":"product_cat","embeddable":true,"href":"https:\/\/h17n.com\/fr\/wp-json\/wp\/v2\/product_cat?post=1079"},{"taxonomy":"product_tag","embeddable":true,"href":"https:\/\/h17n.com\/fr\/wp-json\/wp\/v2\/product_tag?post=1079"}],"curies":[{"name":"wp","href":"https:\/\/api.w.org\/{rel}","templated":true}]}}