{"id":104,"date":"2023-02-24T11:36:03","date_gmt":"2023-02-24T11:36:03","guid":{"rendered":"https:\/\/h17n.com\/fr\/?post_type=product&#038;p=104"},"modified":"2023-05-24T11:36:49","modified_gmt":"2023-05-24T11:36:49","slug":"coldcard","status":"publish","type":"product","link":"https:\/\/h17n.com\/fr\/portefeuilles-materiels\/coldcard\/","title":{"rendered":"Coldcard : un portefeuille Bitcoin en air gap"},"content":{"rendered":"<p><a href=\"https:\/\/coldcard.com\/\" rel=\"nofollow noopener\" target=\"_blank\">Coldcard<\/a> est un portefeuille mat\u00e9riel bien connu que vous pouvez utiliser pour stocker des bitcoins. Ces portefeuilles mat\u00e9riels font partie des moyens les plus s\u00e9curis\u00e9s de sauvegarder vos cl\u00e9s priv\u00e9es et sont uniquement pour des bitcoins. Leur logiciel a un code source visible.<\/p>\n<p>Vous pouvez connecter votre Coldcard \u00e0 un ordinateur via USB ou utiliser des cartes SD afin de profiter du mode air gap que Coldcard fournit. Comme cela, vous signez vos transactions enti\u00e8rement hors ligne.<\/p>\n<h2>Avantages et inconv\u00e9nients du portefeuille Coldcard<\/h2>\n<h3>Avantages<\/h3>\n<ul>\n<li>Pour les maximalistes du bitcoin, c&rsquo;est l&rsquo;un des rares portefeuilles mat\u00e9riels qui ne prennent en charge que le bitcoin<\/li>\n<li>Il poss\u00e8de une puce NFC qui vous permet d&rsquo;effectuer une transaction sans contact<\/li>\n<li>Une fente pour carte Micro-SD pour sauvegarder votre phrase de r\u00e9cup\u00e9ration dans un fichier crypt\u00e9<\/li>\n<li>Il offre une communication USB crypt\u00e9e (protection MiTM)<\/li>\n<li>Il est compatible avec d&rsquo;autres portefeuilles comme <a href=\"https:\/\/h17n.com\/fr\/portefeuilles-de-bureau\/electrum\/\" target=\"_blank\" rel=\"noopener\">Electrum<\/a>, <a href=\"https:\/\/h17n.com\/fr\/portefeuilles-de-bureau\/wasabi\/\" target=\"_blank\" rel=\"noopener\">Wasabi<\/a> et <a href=\"https:\/\/h17n.com\/fr\/portefeuilles-mobiles\/bluewallet\" target=\"_blank\" rel=\"noopener\">BlueWallet<\/a><\/li>\n<li>C&rsquo;est un portefeuille en air gap, ce qui signifie que vous pouvez effectuer des transactions sans \u00eatre connect\u00e9 \u00e0 Internet<\/li>\n<li>Il dispose d&rsquo;une fonction de pin sous la contrainte et de portefeuille sous la contrainte (sous la contrainte, vous pouvez entrer un pin qui ouvrira un portefeuille bitcoin compl\u00e8tement s\u00e9par\u00e9 de votre portefeuille principal)<\/li>\n<\/ul>\n<h3>Inconv\u00e9nients<\/h3>\n<ul>\n<li>Il est assez cher<\/li>\n<li>Il n&rsquo;y a pas de possibilit\u00e9 de r\u00e9initialiser le portefeuille \u00e0 l&rsquo;\u00e9tat d&rsquo;usine<\/li>\n<li>Il n&rsquo;y a pas d&rsquo;application mobile<\/li>\n<li>Cela peut \u00eatre difficile de comprendre comment l&rsquo;utiliser pour les nouveaux utilisateurs<\/li>\n<\/ul>\n","protected":false},"excerpt":{"rendered":"<p>Coldcard est un portefeuille mat\u00e9riel en air gap que vous pouvez utiliser pour stocker des bitcoins. Ces portefeuilles mat\u00e9riels sont parmi les moyens les plus s\u00e9curis\u00e9s de sauvegarder vos cl\u00e9s priv\u00e9es et sont uniquement pour des bitcoins. Leur logiciel a un code source visible.<\/p>\n","protected":false},"featured_media":106,"comment_status":"open","ping_status":"closed","template":"","meta":[],"product_brand":[],"product_cat":[50],"product_tag":[],"class_list":{"0":"post-104","1":"product","2":"type-product","3":"status-publish","4":"has-post-thumbnail","6":"product_cat-portefeuilles-materiels","7":"","8":"woocommerce-text-align-center","9":"woocommerce-image-align-center","10":"do-quantity-buttons","12":"first","13":"instock","14":"shipping-taxable","15":"product-type-external"},"_links":{"self":[{"href":"https:\/\/h17n.com\/fr\/wp-json\/wp\/v2\/product\/104","targetHints":{"allow":["GET"]}}],"collection":[{"href":"https:\/\/h17n.com\/fr\/wp-json\/wp\/v2\/product"}],"about":[{"href":"https:\/\/h17n.com\/fr\/wp-json\/wp\/v2\/types\/product"}],"replies":[{"embeddable":true,"href":"https:\/\/h17n.com\/fr\/wp-json\/wp\/v2\/comments?post=104"}],"wp:featuredmedia":[{"embeddable":true,"href":"https:\/\/h17n.com\/fr\/wp-json\/wp\/v2\/media\/106"}],"wp:attachment":[{"href":"https:\/\/h17n.com\/fr\/wp-json\/wp\/v2\/media?parent=104"}],"wp:term":[{"taxonomy":"product_brand","embeddable":true,"href":"https:\/\/h17n.com\/fr\/wp-json\/wp\/v2\/product_brand?post=104"},{"taxonomy":"product_cat","embeddable":true,"href":"https:\/\/h17n.com\/fr\/wp-json\/wp\/v2\/product_cat?post=104"},{"taxonomy":"product_tag","embeddable":true,"href":"https:\/\/h17n.com\/fr\/wp-json\/wp\/v2\/product_tag?post=104"}],"curies":[{"name":"wp","href":"https:\/\/api.w.org\/{rel}","templated":true}]}}