{"id":1032,"date":"2024-12-04T13:58:27","date_gmt":"2024-12-04T13:58:27","guid":{"rendered":"https:\/\/h17n.com\/fr\/?post_type=product&#038;p=1032"},"modified":"2024-12-06T11:33:33","modified_gmt":"2024-12-06T11:33:33","slug":"keepkey","status":"publish","type":"product","link":"https:\/\/h17n.com\/fr\/portefeuilles-materiels\/keepkey\/","title":{"rendered":"Qu&rsquo;est-ce qu&rsquo;un portefeuille KeepKey ?"},"content":{"rendered":"<p><a href=\"https:\/\/KeepKey.myshopify.com\/discount\/K8K5PNOAR3ZWEQDSJAXXBT\">Le portefeuille KeepKey<\/a> est <a href=\"https:\/\/h17n.com\/open-source-hardware-wallets\/\">un portefeuille mat\u00e9riel open source<\/a> reconnu pour son design convivial, ses fonctionnalit\u00e9s de s\u00e9curit\u00e9 robustes et son interface \u00e0 grand \u00e9cran \u00e9l\u00e9gante. Son \u00e9cran haute r\u00e9solution am\u00e9liore l&rsquo;utilisation tout en vous permettant de v\u00e9rifier visuellement et de confirmer les d\u00e9tails de la transaction directement sur l&rsquo;appareil, garantissant ainsi une couche de protection suppl\u00e9mentaire.<\/p>\n<p>En plus de ces fonctionnalit\u00e9s, KeepKey prend en charge la fonctionnalit\u00e9 multisig, propose une bourse int\u00e9gr\u00e9e pour une gestion d&rsquo;actifs fluide, et comprend un portefeuille fictif BIP39 pour am\u00e9liorer la confidentialit\u00e9 et la d\u00e9n\u00e9gation plausible. Ces fonctionnalit\u00e9s font de KeepKey une solution de <a href=\"https:\/\/h17n.com\/fr\/portefeuilles-materiels\/\">portefeuille mat\u00e9riel<\/a> s\u00e9curis\u00e9e et polyvalente.<\/p>\n<p><a href=\"https:\/\/KeepKey.myshopify.com\/discount\/K8K5PNOAR3ZWEQDSJAXXBT\" title=\"\" class=\"button\">Acheter KeepKey avec le code de r\u00e9duction<\/a><\/p>\n<h2>Comment fonctionne KeepKey<\/h2>\n<p>L&rsquo;installation du portefeuille KeepKey est simple, ce qui le rend adapt\u00e9 \u00e0 tous les niveaux d&rsquo;utilisateurs, des d\u00e9butants aux passionn\u00e9s de Bitcoin exp\u00e9riment\u00e9s. Lors de la configuration de l&rsquo;appareil, KeepKey g\u00e9n\u00e8re une phrase de r\u00e9cup\u00e9ration de 12 mots (phrase de r\u00e9cup\u00e9ration) bas\u00e9e sur la norme BIP39 pour sauvegarder votre portefeuille. Cette norme assure la compatibilit\u00e9 avec de nombreux autres portefeuilles, vous permettant de r\u00e9cup\u00e9rer vos fonds en utilisant la m\u00eame phrase sur n&rsquo;importe quel portefeuille compatible BIP39.<\/p>\n<p>Bien que 12 mots soient la configuration par d\u00e9faut, vous pouvez opter pour des phrases de r\u00e9cup\u00e9ration de 18 ou 24 mots pour une s\u00e9curit\u00e9 suppl\u00e9mentaire. Cette phrase de r\u00e9cup\u00e9ration est essentielle, car elle permet de r\u00e9cup\u00e9rer vos fonds si le portefeuille est perdu ou endommag\u00e9. Pour acc\u00e9der et g\u00e9rer les fonds, KeepKey n\u00e9cessite une connexion USB \u00e0 l&rsquo;application KeepKey Desktop, compatible avec les syst\u00e8mes Windows, macOS et Linux.<\/p>\n<p>De plus, KeepKey est polyvalent et peut interagir avec la plupart des applications web3 via l&rsquo;int\u00e9gration WalletConnect, ce qui le rend adapt\u00e9 aux utilisateurs qui interagissent fr\u00e9quemment avec des applications d\u00e9centralis\u00e9es (dApps). Cette compatibilit\u00e9 permet \u00e0 KeepKey de fonctionner au sein de l&rsquo;\u00e9cosyst\u00e8me plus large du web3.<\/p>\n<h2>Fonctionnalit\u00e9s de KeepKey<\/h2>\n<p>Le portefeuille KeepKey offre une gamme de fonctionnalit\u00e9s qui le rendent adapt\u00e9 aux utilisateurs de Bitcoin, qu&rsquo;ils soient novices ou exp\u00e9riment\u00e9s :<\/p>\n<ul>\n<li><strong>Types d&rsquo;adresses :<\/strong> Prend en charge les adresses Bech32 (adresses SegWit natives) et Legacy, ainsi que les <a href=\"https:\/\/h17n.com\/fr\/segwit\/\">adresses SegWit<\/a>, offrant de la flexibilit\u00e9 dans la gestion des transactions Bitcoin.<\/li>\n<li><strong>Compatibilit\u00e9 Multisig :<\/strong> KeepKey prend en charge les <a href=\"https:\/\/h17n.com\/fr\/multisig\/\">configurations multisignature (multisig)<\/a> via l&rsquo;int\u00e9gration avec <a href=\"https:\/\/h17n.com\/fr\/portefeuilles-de-bureau\/electrum\/\">le portefeuille Electrum<\/a>, permettant d&rsquo;ajouter une couche de s\u00e9curit\u00e9 suppl\u00e9mentaire aux transactions en n\u00e9cessitant plusieurs approbations.<\/li>\n<li><strong>Int\u00e9gration ShapeShift :<\/strong> KeepKey est int\u00e9gr\u00e9 avec <a href=\"https:\/\/shapeshift.com\/\">ShapeShift<\/a> directement dans l&rsquo;application KeepKey Desktop, permettant d&rsquo;acheter et de vendre du Bitcoin sans avoir besoin d&rsquo;utiliser des <a href=\"https:\/\/h17n.com\/exchange\/\">\u00e9changes Bitcoin<\/a>. Cette fonctionnalit\u00e9 est particuli\u00e8rement b\u00e9n\u00e9fique pour les utilisateurs cherchant \u00e0 acqu\u00e9rir du Bitcoin sans quitter l&rsquo;\u00e9cosyst\u00e8me KeepKey.<\/li>\n<li><strong>Extension de navigateur :<\/strong> L&rsquo;extension de navigateur KeepKey pour Chrome ajoute une couche de protection suppl\u00e9mentaire en s\u00e9curisant les transactions contre l&rsquo;interception par des logiciels ou mat\u00e9riels malveillants.<\/li>\n<\/ul>\n<p>Ces fonctionnalit\u00e9s font collectivement de KeepKey un portefeuille polyvalent, adapt\u00e9 pour g\u00e9rer en toute s\u00e9curit\u00e9 divers types de transactions.<\/p>\n<p><a href=\"https:\/\/KeepKey.myshopify.com\/discount\/K8K5PNOAR3ZWEQDSJAXXBT\" title=\"\" class=\"button\">Acheter KeepKey avec le code de r\u00e9duction<\/a><\/p>\n<h2>Quelle s\u00e9curit\u00e9 offre KeepKey ?<\/h2>\n<div class=\"warning box\">\n<p>Gardez \u00e0 l&rsquo;esprit que KeepKey n&rsquo;est pas <a href=\"https:\/\/h17n.com\/fr\/air-gap\/\">un portefeuille air-gapped<\/a>. Un portefeuille air-gapped est un appareil qui reste compl\u00e8tement d\u00e9connect\u00e9 de tout r\u00e9seau ou syst\u00e8me connect\u00e9 \u00e0 Internet. Il n&rsquo;interagit avec d&rsquo;autres appareils que par des moyens physiques tels que des codes QR, des cartes SD ou d&rsquo;autres m\u00e9thodes, garantissant qu&rsquo;il n&rsquo;est pas directement expos\u00e9 aux menaces en ligne.<\/p>\n<\/div>\n<p>La s\u00e9curit\u00e9 est un \u00e9l\u00e9ment central de la conception de KeepKey, car il fonctionne comme un portefeuille mat\u00e9riel open-source et auto-h\u00e9berg\u00e9. En tant que <a href=\"https:\/\/h17n.com\/self-custody\/\">portefeuille auto-h\u00e9berg\u00e9<\/a>, vous conservez le contr\u00f4le total de vos cl\u00e9s priv\u00e9es, qui sont stock\u00e9es hors ligne sur l&rsquo;appareil lui-m\u00eame, r\u00e9duisant ainsi l&rsquo;exposition aux risques de piratage en ligne. KeepKey int\u00e8gre \u00e9galement plusieurs fonctionnalit\u00e9s de s\u00e9curit\u00e9 pour prot\u00e9ger votre Bitcoin :<\/p>\n<ul>\n<li><strong>Protection par code PIN :<\/strong> KeepKey est prot\u00e9g\u00e9 par un code PIN qui doit \u00eatre saisi avant d&rsquo;acc\u00e9der au portefeuille. Cette exigence de code PIN aide \u00e0 prot\u00e9ger l&rsquo;appareil contre l&rsquo;acc\u00e8s non autoris\u00e9.<\/li>\n<li><strong>G\u00e9n\u00e9rateur de nombres al\u00e9atoires (RNG) :<\/strong> KeepKey dispose d&rsquo;un RNG (G\u00e9n\u00e9rateur de Nombres Al\u00e9atoires) pour prot\u00e9ger davantage le portefeuille. Le RNG g\u00e9n\u00e8re des nombres al\u00e9atoires pour les adresses de portefeuille et autres donn\u00e9es sensibles, emp\u00eachant les hackers d&rsquo;utiliser des logiciels malveillants pour pr\u00e9dire les informations du portefeuille.<\/li>\n<li><strong>Fonction de mot de passe optionnel :<\/strong> Pour les utilisateurs recherchant une s\u00e9curit\u00e9 suppl\u00e9mentaire, KeepKey propose une fonctionnalit\u00e9 de mot de passe optionnelle. Cela agit comme une couche de cryptage suppl\u00e9mentaire, am\u00e9liorant la protection contre le vol physique.<\/li>\n<li><strong>Support Multisig :<\/strong> En utilisant Electrum avec KeepKey, vous pouvez utiliser la technologie multisignature (multisig) pour autoriser les transactions Bitcoin, ajoutant une couche de protection pour les transactions \u00e0 haute valeur.<\/li>\n<li><strong>Pas de signature \u00e0 l&rsquo;aveugle :<\/strong> Son grand \u00e9cran emp\u00eache la signature \u00e0 l&rsquo;aveugle en vous permettant de voir clairement les d\u00e9tails des transactions, tels que l&rsquo;adresse du destinataire et le montant, directement sur l&rsquo;appareil. Cela vous permet de v\u00e9rifier les transactions avant de les approuver, am\u00e9liorant ainsi la s\u00e9curit\u00e9 contre les menaces potentielles.<\/li>\n<li><strong>Portefeuille fictif BIP39 :<\/strong> KeepKey prend en charge la cr\u00e9ation d&rsquo;un portefeuille fictif BIP39. Cette fonctionnalit\u00e9 vous permet de configurer un portefeuille leurre en utilisant un mot de passe alternatif, offrant une d\u00e9n\u00e9gation plausible dans des situations o\u00f9 vous pourriez \u00eatre forc\u00e9 de r\u00e9v\u00e9ler vos informations de portefeuille. Le portefeuille fictif semble enti\u00e8rement fonctionnel mais contient peu ou pas de fonds.<\/li>\n<\/ul>\n<p>La nature open-source de KeepKey permet au public de revoir et de v\u00e9rifier son code, garantissant qu&rsquo;il r\u00e9pond aux plus hauts standards de transparence et de s\u00e9curit\u00e9. Cette ouverture a permis \u00e0 KeepKey de gagner la confiance de la communaut\u00e9 Bitcoin en tant que portefeuille mat\u00e9riel fiable.<\/p>\n<div class=\"action box\">\n<p>Lire aussi : <a href=\"https:\/\/h17n.com\/open-source-hardware-wallets\/\">Liste des meilleurs portefeuilles mat\u00e9riels open-source<\/a><\/p>\n<\/div>\n<h2>KeepKey est-il un portefeuille mat\u00e9riel open source ?<\/h2>\n<p>Oui, KeepKey est <a href=\"https:\/\/h17n.com\/open-source-hardware-wallets\/\">un portefeuille mat\u00e9riel open-source<\/a>. Cela signifie que son code est disponible publiquement pour r\u00e9vision, ce qui permet aux experts en s\u00e9curit\u00e9 et aux utilisateurs d&rsquo;examiner son logiciel et son firmware. Les portefeuilles mat\u00e9riels open-source sont g\u00e9n\u00e9ralement pr\u00e9f\u00e9r\u00e9s au sein de la communaut\u00e9 Bitcoin car ils sont plus transparents et responsables, vous permettant de v\u00e9rifier par vous-m\u00eame qu&rsquo;il n&rsquo;y a pas de vuln\u00e9rabilit\u00e9s de s\u00e9curit\u00e9 cach\u00e9es ou de portes d\u00e9rob\u00e9es.<\/p>\n<h2>Prix de KeepKey<\/h2>\n<p>Le portefeuille KeepKey est propos\u00e9 \u00e0 un prix comp\u00e9titif d&rsquo;environ 78 $, ce qui en fait l&rsquo;un des portefeuilles mat\u00e9riels les plus abordables du march\u00e9. Ce prix accessible, combin\u00e9 \u00e0 ses solides fonctionnalit\u00e9s de s\u00e9curit\u00e9 et \u00e0 son design convivial, fait de KeepKey une excellente option pour ceux qui souhaitent investir dans un portefeuille mat\u00e9riel s\u00e9curis\u00e9 et fiable sans co\u00fbt initial \u00e9lev\u00e9.<\/p>\n<p><a href=\"https:\/\/KeepKey.myshopify.com\/discount\/K8K5PNOAR3ZWEQDSJAXXBT\" title=\"\" class=\"button\">Acheter KeepKey avec le code de r\u00e9duction<\/a><\/p>\n<h2>Avis sur KeepKey : Notre r\u00e9sum\u00e9<\/h2>\n<p>Le tableau ci-dessous fournit un r\u00e9sum\u00e9 rapide pour aider les utilisateurs \u00e0 \u00e9valuer si KeepKey r\u00e9pond \u00e0 leurs besoins en termes de s\u00e9curit\u00e9, de convivialit\u00e9 et de fonctionnalit\u00e9.<\/p>\n<table>\n<thead>\n<tr>\n<th><strong>Caract\u00e9ristique<\/strong><\/th>\n<th><strong>Avantages<\/strong><\/th>\n<th><strong>Inconv\u00e9nients<\/strong><\/th>\n<\/tr>\n<\/thead>\n<tbody>\n<tr>\n<td><strong>Grand \u00e9cran haute r\u00e9solution<\/strong><\/td>\n<td>Permet de v\u00e9rifier clairement les transactions, r\u00e9duisant les risques de signature \u00e0 l&rsquo;aveugle.<\/td>\n<td>Peut rendre l&rsquo;appareil plus volumineux compar\u00e9 aux portefeuilles plus fins sans affichage.<\/td>\n<\/tr>\n<tr>\n<td><strong>Conception open-source<\/strong><\/td>\n<td>Transparence et responsabilit\u00e9 ; le code peut \u00eatre examin\u00e9 par le public et les experts pour v\u00e9rifier la s\u00e9curit\u00e9.<\/td>\n<td>&#8211;<\/td>\n<\/tr>\n<tr>\n<td><strong>Prend en charge les adresses SegWit natives (Bech32), SegWit et Legacy<\/strong><\/td>\n<td>Flexibilit\u00e9 dans la gestion des transactions Bitcoin et compatibilit\u00e9 avec diff\u00e9rentes plateformes.<\/td>\n<td>Ne prend pas en charge Taproot.<\/td>\n<\/tr>\n<tr>\n<td><strong>Phrase de r\u00e9cup\u00e9ration BIP39<\/strong><\/td>\n<td>Compatibilit\u00e9 avec d&rsquo;autres portefeuilles pour faciliter la r\u00e9cup\u00e9ration des fonds en cas de perte ou de dommage.<\/td>\n<td>La phrase de r\u00e9cup\u00e9ration par d\u00e9faut de 12 mots peut ne pas satisfaire les attentes de s\u00e9curit\u00e9 des utilisateurs avanc\u00e9s.<\/td>\n<\/tr>\n<tr>\n<td><strong>Facilit\u00e9 d&rsquo;utilisation<\/strong><\/td>\n<td>Interface simple avec des options claires pour la configuration et l&rsquo;utilisation.<\/td>\n<td>Pas de support pour des fonctionnalit\u00e9s avanc\u00e9es comme les contrats intelligents.<\/td>\n<\/tr>\n<tr>\n<td><strong>Int\u00e9gration ShapeShift<\/strong><\/td>\n<td>Permet d&rsquo;acheter et de vendre du Bitcoin directement \u00e0 partir de l&rsquo;appareil sans passer par des \u00e9changes externes.<\/td>\n<td>&#8211;<\/td>\n<\/tr>\n<\/tbody>\n<\/table>\n<h2>Est-ce que KeepKey vaut l&rsquo;achat ?<\/h2>\n<p>KeepKey offre une s\u00e9curit\u00e9 solide, une interface conviviale et des fonctionnalit\u00e9s int\u00e9ressantes pour les utilisateurs cherchant \u00e0 s\u00e9curiser leurs Bitcoin. Sa prise en charge de SegWit, sa transparence open-source et sa simplicit\u00e9 d&rsquo;utilisation en font un excellent choix pour les utilisateurs cherchant \u00e0 prot\u00e9ger leurs fonds tout en conservant une interface facile \u00e0 comprendre. Cependant, sa compatibilit\u00e9 limit\u00e9e avec certaines fonctionnalit\u00e9s comme Taproot pourrait \u00eatre un inconv\u00e9nient pour les utilisateurs les plus avanc\u00e9s.<\/p>\n<p>Dans l&rsquo;ensemble, KeepKey est un excellent portefeuille mat\u00e9riel \u00e0 consid\u00e9rer pour toute personne cherchant \u00e0 s\u00e9curiser ses fonds Bitcoin avec un appareil fiable et bien con\u00e7u. L&rsquo;achat de KeepKey vous garantit une s\u00e9curit\u00e9 de niveau sup\u00e9rieur tout en restant abordable.<\/p>\n<p><a href=\"https:\/\/KeepKey.myshopify.com\/discount\/K8K5PNOAR3ZWEQDSJAXXBT\" title=\"\" class=\"button\">Acheter KeepKey avec le code de r\u00e9duction<\/a><\/p>\n","protected":false},"excerpt":{"rendered":"<p>D\u00e9couvrez le portefeuille KeepKey, un portefeuille mat\u00e9riel open-source reconnu pour son design convivial, ses fonctionnalit\u00e9s de s\u00e9curit\u00e9 robustes et son interface \u00e0 grand \u00e9cran. Il offre un support multisig, un \u00e9change int\u00e9gr\u00e9 et un portefeuille fictif BIP39 pour une confidentialit\u00e9 accrue.<\/p>\n","protected":false},"featured_media":1033,"comment_status":"open","ping_status":"closed","template":"","meta":[],"product_brand":[],"product_cat":[50],"product_tag":[],"class_list":{"0":"post-1032","1":"product","2":"type-product","3":"status-publish","4":"has-post-thumbnail","6":"product_cat-portefeuilles-materiels","7":"","8":"woocommerce-text-align-center","9":"woocommerce-image-align-center","10":"do-quantity-buttons","12":"first","13":"instock","14":"shipping-taxable","15":"product-type-external"},"_links":{"self":[{"href":"https:\/\/h17n.com\/fr\/wp-json\/wp\/v2\/product\/1032","targetHints":{"allow":["GET"]}}],"collection":[{"href":"https:\/\/h17n.com\/fr\/wp-json\/wp\/v2\/product"}],"about":[{"href":"https:\/\/h17n.com\/fr\/wp-json\/wp\/v2\/types\/product"}],"replies":[{"embeddable":true,"href":"https:\/\/h17n.com\/fr\/wp-json\/wp\/v2\/comments?post=1032"}],"wp:featuredmedia":[{"embeddable":true,"href":"https:\/\/h17n.com\/fr\/wp-json\/wp\/v2\/media\/1033"}],"wp:attachment":[{"href":"https:\/\/h17n.com\/fr\/wp-json\/wp\/v2\/media?parent=1032"}],"wp:term":[{"taxonomy":"product_brand","embeddable":true,"href":"https:\/\/h17n.com\/fr\/wp-json\/wp\/v2\/product_brand?post=1032"},{"taxonomy":"product_cat","embeddable":true,"href":"https:\/\/h17n.com\/fr\/wp-json\/wp\/v2\/product_cat?post=1032"},{"taxonomy":"product_tag","embeddable":true,"href":"https:\/\/h17n.com\/fr\/wp-json\/wp\/v2\/product_tag?post=1032"}],"curies":[{"name":"wp","href":"https:\/\/api.w.org\/{rel}","templated":true}]}}