{"id":1026,"date":"2024-11-18T13:33:01","date_gmt":"2024-11-18T13:33:01","guid":{"rendered":"https:\/\/h17n.com\/fr\/?post_type=product&#038;p=1026"},"modified":"2024-11-18T13:34:28","modified_gmt":"2024-11-18T13:34:28","slug":"ledger-wallet","status":"publish","type":"product","link":"https:\/\/h17n.com\/fr\/portefeuilles-materiels\/ledger-wallet\/","title":{"rendered":"Revue du Ledger Wallet : Portefeuille Mat\u00e9riel Bitcoin"},"content":{"rendered":"<p><a href=\"https:\/\/shop.ledger.com\/?r=0aa37b8ae306\">Ledger<\/a> propose des portefeuilles mat\u00e9riels hautement s\u00e9curis\u00e9s qui gardent vos cl\u00e9s priv\u00e9es hors ligne, offrant une s\u00e9curit\u00e9 sup\u00e9rieure aux portefeuilles \u00ab\u00a0hot\u00a0\u00bb connect\u00e9s \u00e0 Internet. Propri\u00e9t\u00e9 de l&rsquo;entreprise fran\u00e7aise Ledger SAS, Ledger est \u00e0 la fois populaire et controvers\u00e9 dans la communaut\u00e9 Bitcoin. Bien qu&rsquo;il fournisse des solutions de stockage \u00e0 froid ajoutant une couche de protection suppl\u00e9mentaire, sa nouvelle fonctionnalit\u00e9 \u00ab\u00a0Ledger Recover\u00a0\u00bb a suscit\u00e9 des pr\u00e9occupations concernant la confidentialit\u00e9 des donn\u00e9es en raison de l&rsquo;implication de services tiers pour la r\u00e9cup\u00e9ration de phrase secr\u00e8te.<\/p>\n<h2>4 Choses \u00e0 Savoir Avant d&rsquo;Acheter un Ledger Wallet<\/h2>\n<ul>\n<li>En mai 2023, Ledger a introduit un service controvers\u00e9 \u00ab\u00a0Ledger Recover\u00a0\u00bb qui a soulev\u00e9 des inqui\u00e9tudes quant \u00e0 la s\u00e9curit\u00e9 des cl\u00e9s priv\u00e9es, car il implique le partage de donn\u00e9es avec des tiers.<\/li>\n<li>Ledger a subi une violation de donn\u00e9es en juillet 2020, exposant les informations personnelles de plus de 270 000 clients, bien qu&rsquo;aucun fonds n&rsquo;ait \u00e9t\u00e9 vol\u00e9.<\/li>\n<li>Le portefeuille Ledger est propri\u00e9taire, ce qui signifie qu&rsquo;il n&rsquo;est pas un portefeuille mat\u00e9riel open-source, limitant les audits de s\u00e9curit\u00e9 ind\u00e9pendants et la surveillance communautaire du code.<\/li>\n<li>Pensez \u00e0 des <a href=\"https:\/\/h17n.com\/open-source-hardware-wallets\/\">portefeuilles mat\u00e9riels open source<\/a> comme <a href=\"https:\/\/h17n.com\/fr\/portefeuilles-bitcoin\/bitbox\/\">Bitbox<\/a> ou <a href=\"https:\/\/h17n.com\/fr\/portefeuilles-materiels\/blockstream-jade\/\">Blockstream Jade<\/a> qui offrent des options solides sans les m\u00eames pr\u00e9occupations de confidentialit\u00e9.<\/li>\n<\/ul>\n<p><a href=\"https:\/\/shop.ledger.com\/?r=0aa37b8ae306\" title=\"\" class=\"button\">Acheter Ledger wallet<\/a><\/p>\n<h2>Types de Portefeuilles Ledger<\/h2>\n<p>Ledger propose trois types de portefeuilles mat\u00e9riels : le Ledger Nano S Plus, le Ledger Nano X, et le Ledger Stax.<\/p>\n<ol>\n<li><strong>Ledger Nano S Plus<\/strong> \u2013 Abordable et id\u00e9al pour des transactions Bitcoin simples. Pas de support pour application mobile iOS.<\/li>\n<li><strong>Ledger Nano X<\/strong> \u2013 Dispose de la connectivit\u00e9 Bluetooth, facilitant son utilisation sur des appareils mobiles.<\/li>\n<li><strong>Ledger Stax<\/strong> \u2013 Mod\u00e8le haut de gamme avec Bluetooth, \u00e9cran plus grand et affichage am\u00e9lior\u00e9, plus cher mais avec des fonctionnalit\u00e9s avanc\u00e9es.<\/li>\n<li><strong>Ledger Flex<\/strong> \u2013 Option polyvalente et l\u00e9g\u00e8re avec fonctionnalit\u00e9 Bluetooth, con\u00e7ue pour ceux qui recherchent un \u00e9quilibre entre portabilit\u00e9 et fonctionnalit\u00e9.<\/li>\n<\/ol>\n<p>Chacun de ces mod\u00e8les garde vos cl\u00e9s priv\u00e9es hors ligne, ce qui signifie que votre Bitcoin est stock\u00e9 en toute s\u00e9curit\u00e9, \u00e0 l&rsquo;abri des menaces en ligne. Avec ces portefeuilles, vous pouvez consulter votre solde et valider les transactions sur votre appareil, offrant une s\u00e9curit\u00e9 et un contr\u00f4le suppl\u00e9mentaires sur vos fonds Bitcoin.<\/p>\n<h2>Comment Fonctionne le Ledger Wallet<\/h2>\n<p>Un portefeuille mat\u00e9riel Ledger fonctionne comme un mini-ordinateur d\u00e9di\u00e9 \u00e0 s\u00e9curiser les transactions Bitcoin. Voici un processus simplifi\u00e9 de son fonctionnement :<\/p>\n<ol>\n<li><strong>Installation<\/strong> \u2013 Lors de la configuration de votre Ledger, vous cr\u00e9ez un code PIN et recevez une phrase de r\u00e9cup\u00e9ration de 24 mots. Le code PIN verrouille votre appareil, tandis que la phrase de r\u00e9cup\u00e9ration est essentielle pour restaurer l&rsquo;acc\u00e8s si l&rsquo;appareil est perdu ou endommag\u00e9.<\/li>\n<li><strong>Utilisation de Ledger Live<\/strong> \u2013 Une fois connect\u00e9 via USB, vous pouvez utiliser Ledger Live, l&rsquo;application de bureau et mobile de Ledger, pour g\u00e9rer votre Bitcoin, consulter les soldes et l&rsquo;historique des transactions. Ledger Live vous permet \u00e9galement d&rsquo;acheter et de vendre du Bitcoin via des <a href=\"https:\/\/h17n.com\/fr\/acheter-du-bitcoin\/\">\u00e9changes int\u00e9gr\u00e9s<\/a>.<\/li>\n<li><strong>V\u00e9rification des Transactions<\/strong> \u2013 Toutes les transactions sont v\u00e9rifi\u00e9es au sein de l&rsquo;appareil, vous permettant de confirmer montants, destinataires et autres d\u00e9tails directement sur l&rsquo;\u00e9cran du Ledger avant de valider les transferts.<\/li>\n<\/ol>\n<p>Pour ceux qui souhaitent effectuer des transactions sur <a href=\"https:\/\/h17n.com\/liquid-network\/\">le r\u00e9seau Liquid<\/a>, le Ledger Nano S peut \u00eatre connect\u00e9 \u00e0 Blockstream Green pour le support des actifs Liquid. Cependant, Ledger Live ne prend pas en charge nativement les actifs Liquid, il est donc n\u00e9cessaire d&rsquo;utiliser un portefeuille externe compatible pour ces transactions.<\/p>\n<h2>Principales Caract\u00e9ristiques du Ledger Wallet<\/h2>\n<ul>\n<li><strong>Compatibilit\u00e9 avec le r\u00e9seau Liquid<\/strong> : Oui, le portefeuille Ledger prend en charge les transactions sur le r\u00e9seau Liquid.<\/li>\n<li><strong>Multisig<\/strong> : Ledger est <a href=\"https:\/\/h17n.com\/fr\/multisig\/\">un portefeuille multisig<\/a> pour une s\u00e9curit\u00e9 accrue.<\/li>\n<li><strong>Authentification \u00e0 deux facteurs (2FA)<\/strong> : Disponible pour une s\u00e9curit\u00e9 renforc\u00e9e du portefeuille.<\/li>\n<li><strong>SegWit et Replace-by-Fee (RBF)<\/strong> : Ledger prend en charge <a href=\"https:\/\/h17n.com\/fr\/segwit\/\">SegWit<\/a> pour des frais r\u00e9duits et <a href=\"https:\/\/h17n.com\/fr\/replace-by-fee\/\">RBF<\/a> pour une flexibilit\u00e9 des transactions.<\/li>\n<li><strong>xPub et Contr\u00f4le des Coins<\/strong> : Fournit l&rsquo;exportation de <a href=\"https:\/\/h17n.com\/what-is-xpub\/\">xPub<\/a> et le <a href=\"https:\/\/h17n.com\/coin-control\/\">contr\u00f4le des coins<\/a> pour une gestion avanc\u00e9e du Bitcoin.<\/li>\n<li><strong>Applications mobiles et de bureau<\/strong> : Compatible avec les applications mobiles et de bureau de Ledger, accessible sur Android, iOS, Linux, macOS et Windows.<\/li>\n<li><strong>\u00c9change int\u00e9gr\u00e9<\/strong> : Possibilit\u00e9 d&rsquo;acheter directement du Bitcoin dans l&rsquo;application Ledger Live.<\/li>\n<li><strong>Portefeuille de Duress<\/strong> : Offre une option de portefeuille de d\u00e9tresse, qui ajoute une s\u00e9curit\u00e9 en situation n\u00e9cessitant un leurre.<\/li>\n<li><strong>Batterie et Bluetooth<\/strong> : Certains mod\u00e8les Ledger incluent une batterie int\u00e9gr\u00e9e et une connectivit\u00e9 Bluetooth (ex. Ledger Nano X), permettant une connexion sans fil.<\/li>\n<li><strong>\u00c9cran<\/strong> : Certains mod\u00e8les offrent un \u00e9cran couleur.<\/li>\n<li><strong>Connecteur USB-C<\/strong> : \u00c9quip\u00e9 d&rsquo;un port USB-C pour la connectivit\u00e9 filaire.<\/li>\n<li><strong>PSBTs<\/strong> : Les portefeuilles Ledger prennent en charge les <a href=\"https:\/\/h17n.com\/psbt\/\">transactions Bitcoin partiellement sign\u00e9es (PSBTs)<\/a>, permettant \u00e0 plusieurs participants de signer une transaction sans qu&rsquo;aucune partie ne dispose d&rsquo;un contr\u00f4le total.<\/li>\n<li><strong>Support Tor et microSD<\/strong> : Actuellement, Ledger ne prend pas en charge l&rsquo;int\u00e9gration Tor ni le stockage sur carte microSD.<\/li>\n<\/ul>\n<h2>Avantages et Inconv\u00e9nients du Ledger Wallet<\/h2>\n<h3>Avantages<\/h3>\n<ul>\n<li><strong>Compatibilit\u00e9 avec les applications mobiles<\/strong> \u2013 Disponible sur Android et iOS, facilitant l&rsquo;acc\u00e8s \u00e0 Ledger Live depuis n&rsquo;importe quel appareil.<\/li>\n<li><strong>Connectivit\u00e9 Bluetooth<\/strong> \u2013 Le Ledger Nano X prend en charge le Bluetooth pour une plus grande mobilit\u00e9.<\/li>\n<li><strong>Design Durable<\/strong> \u2013 Chaque appareil Ledger est prot\u00e9g\u00e9 par un bo\u00eetier en acier r\u00e9sistant aux dommages physiques.<\/li>\n<li><strong>Prix Accessible<\/strong> \u2013 Les portefeuilles Ledger sont propos\u00e9s \u00e0 des prix comp\u00e9titifs, rendant la qualit\u00e9 accessible sans compromis.<\/li>\n<li><strong>Historique R\u00e9put\u00e9<\/strong> \u2013 Depuis 2014, Ledger s&rsquo;est \u00e9tabli comme l&rsquo;un des fournisseurs de portefeuilles mat\u00e9riels les plus fiables de l&rsquo;industrie.<\/li>\n<\/ul>\n<h3>Inconv\u00e9nients<\/h3>\n<ul>\n<li><strong>Pas de Connexion Air-Gapped<\/strong> \u2013 Les portefeuilles Ledger n\u00e9cessitent des connexions physiques ou Bluetooth, contrairement aux portefeuilles totalement <a href=\"https:\/\/h17n.com\/fr\/air-gap\/\">air-gapped<\/a> pour une s\u00e9curit\u00e9 maximale.<\/li>\n<li><strong>Logiciel Propri\u00e9taire<\/strong> \u2013 Le code ferm\u00e9 de Ledger limite la transparence, ce qui peut diminuer la confiance de certains utilisateurs Bitcoin.<\/li>\n<li><strong>Support Multi-Devises<\/strong> \u2013 Le support pour plusieurs cryptomonnaies peut \u00eatre per\u00e7u comme une distraction et un inconv\u00e9nient pour les maximalistes Bitcoin.<\/li>\n<li><strong>\u00c9cran Petit<\/strong> \u2013 Les mod\u00e8les Nano S Plus et Nano X ont des \u00e9crans relativement petits, pouvant \u00eatre inconfortables pour certains utilisateurs.<\/li>\n<li><strong>Violation de Donn\u00e9es en 2020<\/strong> \u2013 Malgr\u00e9 les am\u00e9liorations de s\u00e9curit\u00e9, la violation de donn\u00e9es de 2020 chez Ledger reste une pr\u00e9occupation pour ceux qui valorisent la confidentialit\u00e9.<\/li>\n<\/ul>\n<p><a href=\"https:\/\/shop.ledger.com\/?r=0aa37b8ae306\" title=\"\" class=\"button\">Acheter Ledger wallet<\/a><\/p>\n<h2>Prix : Combien Co\u00fbte un Ledger Wallet ?<\/h2>\n<p>Les prix des portefeuilles Ledger varient en fonction du mod\u00e8le :<\/p>\n<ul>\n<li><strong>Ledger Nano S Plus<\/strong> : 79 \u20ac \u2013 Abordable et id\u00e9al pour le stockage Bitcoin uniquement.<\/li>\n<li><strong>Ledger Nano X<\/strong> : 149 \u20ac \u2013 Offre plus de fonctionnalit\u00e9s, y compris le support Bluetooth.<\/li>\n<li><strong>Ledger Flex<\/strong> : 249 \u20ac \u2013 Il dispose d&rsquo;un \u00e9cran tactile s\u00e9curis\u00e9, de la connectivit\u00e9 NFC et Bluetooth.<\/li>\n<li><strong>Ledger Stax<\/strong> : 279 \u20ac \u2013 Le mod\u00e8le le plus r\u00e9cent et le plus avanc\u00e9, avec un \u00e9cran plus grand et un design premium.<\/li>\n<\/ul>\n<p>Pour garantir l&rsquo;achat d&rsquo;un portefeuille Ledger authentique, il est recommand\u00e9 d&rsquo;acheter directement depuis le <a href=\"https:\/\/shop.ledger.com\/?r=0aa37b8ae306\">site officiel de Ledger<\/a> pour \u00e9viter les contrefa\u00e7ons.<\/p>\n<h2>Le portefeuille Ledger est-il s\u00fbr ?<\/h2>\n<p>Les portefeuilles Ledger sont reconnus pour leurs mesures de s\u00e9curit\u00e9 robustes, prot\u00e9geant Bitcoin et d&rsquo;autres actifs gr\u00e2ce \u00e0 des solutions de stockage hors ligne. Les principales caract\u00e9ristiques de s\u00e9curit\u00e9 incluent des codes PIN, un stockage hors ligne, et une phrase de r\u00e9cup\u00e9ration de 24 mots, cr\u00e9ant un environnement s\u00e9curis\u00e9 pour votre Bitcoin. De plus, les portefeuilles Ledger supportent la fonctionnalit\u00e9 de multisignature (multisig), permettant aux utilisateurs d&rsquo;exiger plusieurs autorisations pour les transactions, ajoutant ainsi une couche de protection suppl\u00e9mentaire.<\/p>\n<p>Le portefeuille inclut \u00e9galement une option de portefeuille de d\u00e9tresse, une fonctionnalit\u00e9 cach\u00e9e pouvant servir de leurre en cas d&rsquo;urgence, renfor\u00e7ant encore la s\u00e9curit\u00e9. Cependant, il est important de noter que Ledger n&rsquo;est pas isol\u00e9 du r\u00e9seau (air-gapped), ce qui signifie qu&rsquo;il n&rsquo;offre pas l&rsquo;isolation compl\u00e8te de la connectivit\u00e9 Internet que certains utilisateurs peuvent privil\u00e9gier pour une s\u00e9curit\u00e9 maximale.<\/p>\n<p>Bien que Ledger ait une solide r\u00e9putation, certaines pr\u00e9occupations subsistent. Premi\u00e8rement, son code source ferm\u00e9 signifie que le logiciel propri\u00e9taire n&rsquo;est pas ouvert \u00e0 une r\u00e9vision publique ou communautaire, limitant ainsi la transparence et la v\u00e9rification ind\u00e9pendante de ses protocoles de s\u00e9curit\u00e9. Un autre probl\u00e8me concerne la fonctionnalit\u00e9 \u00ab Ledger Recover \u00bb introduite en mai 2023, cens\u00e9e aider les utilisateurs \u00e0 r\u00e9cup\u00e9rer des phrases de r\u00e9cup\u00e9ration perdues. Cette fonctionnalit\u00e9 a suscit\u00e9 d&rsquo;importantes pr\u00e9occupations en mati\u00e8re de confidentialit\u00e9, car elle implique de partager des donn\u00e9es avec des tiers.<\/p>\n<p>De plus, Ledger a \u00e9t\u00e9 confront\u00e9 \u00e0 une violation de donn\u00e9es en 2020, au cours de laquelle des informations client ont \u00e9t\u00e9 expos\u00e9es. Bien qu&rsquo;aucun fonds n&rsquo;ait \u00e9t\u00e9 perdu dans cette violation, l&rsquo;incident a soulev\u00e9 des inqui\u00e9tudes concernant la protection des donn\u00e9es utilisateur. Depuis, Ledger a mis en place des mesures plus strictes pour prot\u00e9ger les informations des utilisateurs et pr\u00e9venir des violations similaires \u00e0 l&rsquo;avenir.<\/p>\n<div class=\"action box\">\n<h3>Conseils finaux pour s\u00e9curiser votre portefeuille Ledger<\/h3>\n<ul>\n<li><strong>Stockez votre phrase de r\u00e9cup\u00e9ration en toute s\u00e9curit\u00e9<\/strong> \u2013 Conservez votre phrase de r\u00e9cup\u00e9ration de 24 mots hors ligne dans un lieu s\u00e9curis\u00e9.<\/li>\n<li><strong>M\u00e9fiez-vous des arnaques de phishing<\/strong> \u2013 V\u00e9rifiez toujours les emails provenant de Ledger en contr\u00f4lant les canaux de communication officiels et en \u00e9vitant les liens suspects.<\/li>\n<li><strong>Achetez uniquement aupr\u00e8s de sources officielles<\/strong> \u2013 Acheter directement depuis le site officiel de Ledger r\u00e9duit le risque de produits contrefaits.<\/li>\n<\/ul>\n<\/div>\n<h2>Le portefeuille Ledger est-il fait pour vous ?<\/h2>\n<p>Le portefeuille Ledger offre un ensemble de fonctionnalit\u00e9s pouvant attirer de nombreux utilisateurs, mais il peut ne pas \u00eatre id\u00e9al pour tout le monde. Cependant, pour les maximalistes Bitcoin ou les d\u00e9butants souhaitant se concentrer exclusivement sur Bitcoin sans distractions provenant d&rsquo;autres crypto-monnaies, son support multi-actifs peut \u00eatre un inconv\u00e9nient. De plus, avec l&rsquo;application Ledger Live, vous pouvez acheter du Bitcoin directement dans l&rsquo;application.<\/p>\n<p>Le portefeuille Ledger est une option d&rsquo;auto-garde, vous donnant le contr\u00f4le total de vos cl\u00e9s priv\u00e9es et de vos fonds. Cependant, le logiciel \u00e0 code source ferm\u00e9 de Ledger peut soulever des pr\u00e9occupations chez les utilisateurs attach\u00e9s \u00e0 la transparence et pr\u00e9f\u00e9rant les portefeuilles <a href=\"https:\/\/h17n.com\/open-source-hardware-wallets\/\">open-source<\/a> pour Bitcoin. De plus, le portefeuille n&rsquo;est pas isol\u00e9 du r\u00e9seau (air-gapped), ce qui peut \u00eatre un inconv\u00e9nient pour ceux qui privil\u00e9gient une s\u00e9curit\u00e9 maximale et une isolation de la connectivit\u00e9 Internet.<\/p>\n<p>En termes de s\u00e9curit\u00e9, Ledger propose plusieurs fonctionnalit\u00e9s b\u00e9n\u00e9fiques, y compris le support de la multisignature (multisig), qui vous permet d&rsquo;ajouter une couche de protection suppl\u00e9mentaire en exigeant plusieurs signatures pour autoriser une transaction. L&rsquo;authentification \u00e0 deux facteurs (2FA) est \u00e9galement disponible. Le portefeuille prend en charge SegWit, permettant des frais de transaction r\u00e9duits, et Replace-by-Fee (RBF), vous permettant d&rsquo;ajuster les frais de transaction si n\u00e9cessaire. Pour la gestion avanc\u00e9e de Bitcoin, Ledger offre l&rsquo;exportation xPub et le contr\u00f4le des pi\u00e8ces, permettant aux utilisateurs avanc\u00e9s de g\u00e9rer leurs adresses Bitcoin et de s\u00e9lectionner les coins \u00e0 d\u00e9penser.<\/p>\n<p>La compatibilit\u00e9 de Ledger avec les applications mobiles et de bureau assure flexibilit\u00e9 et accessibilit\u00e9 sur diff\u00e9rents syst\u00e8mes d&rsquo;exploitation, y compris Android, iOS, Linux, macOS et Windows. De plus, le portefeuille propose une fonctionnalit\u00e9 de portefeuille de d\u00e9tresse \u2014 une option de portefeuille cach\u00e9 pouvant servir de leurre en cas d&rsquo;urgence, ajoutant une couche de s\u00e9curit\u00e9 suppl\u00e9mentaire.<\/p>\n<p>Les portefeuilles Ledger restent un choix de premier plan pour le stockage de Bitcoin, \u00e9quilibrant convivialit\u00e9 et s\u00e9curit\u00e9. Cependant, les controverses autour de Ledger Recover, de la confidentialit\u00e9 des donn\u00e9es, et de son code source ferm\u00e9 pourraient dissuader les maximalistes Bitcoin. Si vous privil\u00e9giez les portefeuilles exclusivement Bitcoin ou les alternatives open-source, envisagez des options comme <a href=\"https:\/\/h17n.com\/wallets\/bitbox-wallet\/\">BitBox<\/a> ou <a href=\"https:\/\/h17n.com\/hardware-wallet\/blockstream-jade\/\">Blockstream Jade<\/a> pour un \u00e9quilibre id\u00e9al entre s\u00e9curit\u00e9 et transparence.<\/p>\n<p><a href=\"https:\/\/shop.ledger.com\/?r=0aa37b8ae306\" title=\"\" class=\"button\">Acheter le portefeuille Ledger<\/a><\/p>\n","protected":false},"excerpt":{"rendered":"<p>Les portefeuilles mat\u00e9riels Ledger, compatibles avec le multisig, stockent vos cl\u00e9s priv\u00e9es de bitcoin hors ligne. Les mod\u00e8les incluent le Ledger Stax, Nano X, Flex et Nano S Plus.<\/p>\n","protected":false},"featured_media":1027,"comment_status":"open","ping_status":"closed","template":"","meta":[],"product_brand":[],"product_cat":[50],"product_tag":[],"class_list":{"0":"post-1026","1":"product","2":"type-product","3":"status-publish","4":"has-post-thumbnail","6":"product_cat-portefeuilles-materiels","7":"pa_coin-control-oui","8":"pa_psbts-oui","9":"","10":"woocommerce-text-align-center","11":"woocommerce-image-align-center","12":"do-quantity-buttons","14":"first","15":"instock","16":"shipping-taxable","17":"product-type-external"},"_links":{"self":[{"href":"https:\/\/h17n.com\/fr\/wp-json\/wp\/v2\/product\/1026","targetHints":{"allow":["GET"]}}],"collection":[{"href":"https:\/\/h17n.com\/fr\/wp-json\/wp\/v2\/product"}],"about":[{"href":"https:\/\/h17n.com\/fr\/wp-json\/wp\/v2\/types\/product"}],"replies":[{"embeddable":true,"href":"https:\/\/h17n.com\/fr\/wp-json\/wp\/v2\/comments?post=1026"}],"wp:featuredmedia":[{"embeddable":true,"href":"https:\/\/h17n.com\/fr\/wp-json\/wp\/v2\/media\/1027"}],"wp:attachment":[{"href":"https:\/\/h17n.com\/fr\/wp-json\/wp\/v2\/media?parent=1026"}],"wp:term":[{"taxonomy":"product_brand","embeddable":true,"href":"https:\/\/h17n.com\/fr\/wp-json\/wp\/v2\/product_brand?post=1026"},{"taxonomy":"product_cat","embeddable":true,"href":"https:\/\/h17n.com\/fr\/wp-json\/wp\/v2\/product_cat?post=1026"},{"taxonomy":"product_tag","embeddable":true,"href":"https:\/\/h17n.com\/fr\/wp-json\/wp\/v2\/product_tag?post=1026"}],"curies":[{"name":"wp","href":"https:\/\/api.w.org\/{rel}","templated":true}]}}