{"id":100,"date":"2023-02-24T10:56:16","date_gmt":"2023-02-24T10:56:16","guid":{"rendered":"https:\/\/h17n.com\/fr\/?post_type=product&#038;p=100"},"modified":"2023-04-27T14:04:45","modified_gmt":"2023-04-27T14:04:45","slug":"ledger","status":"publish","type":"product","link":"https:\/\/h17n.com\/fr\/portefeuilles-materiels\/ledger\/","title":{"rendered":"Ledger : un portefeuille mat\u00e9riel pour Android et iOS"},"content":{"rendered":"<p><a href=\"https:\/\/www.ledger.com\/\" rel=\"nofollow noopener\" target=\"_blank\">Ledger<\/a> offre des portefeuilles mat\u00e9riels qui stockent les bitcoins hors ligne dans des dispositifs physiques de type USB. Ledger est un portefeuille mat\u00e9riel qui fournit une s\u00e9curit\u00e9 de haut niveau pour g\u00e9rer les cl\u00e9s priv\u00e9es des bitcoins. De plus, il prend en charge le <a href=\"https:\/\/h17n.com\/fr\/reseau-lightning\/\" target=\"_blank\" rel=\"noopener\">r\u00e9seau Network<\/a>.<\/p>\n<p>Contrairement aux portefeuilles chauds, Ledger permet aux utilisateurs de voir les pi\u00e8ces sans Internet ni ordinateur. Les utilisateurs de Ledger peuvent acc\u00e9der aux \u00e9changes de bitcoins int\u00e9gr\u00e9s pour acheter, vendre ou \u00e9changer des pi\u00e8ces lorsqu&rsquo;ils utilisent leurs portefeuilles mat\u00e9riels. Ledger permet aussi aux utilisateurs d&rsquo;acheter directement des bitcoins.<\/p>\n<p>Le portefeuille mat\u00e9riel Ledger fonctionne comme un petit ordinateur et valide toutes les transactions qui s&rsquo;y trouvent, ce qui permet de v\u00e9rifier les montants, le destinataire et d&rsquo;autres d\u00e9tails \u00e0 tout moment.<\/p>\n<h2>Avantages et inconv\u00e9nients du portefeuille Ledger<\/h2>\n<h3>Avantages<\/h3>\n<ul>\n<li>Application mobile pour Android et iOS<\/li>\n<li>Connexion Bluetooth<\/li>\n<li>Compatible avec les applications tierces telles que MetaMask, EtherWallet et MyCrypto<\/li>\n<li>Bo\u00eetier en acier r\u00e9sistant<\/li>\n<li>8 heures d&rsquo;autonomie de batterie en mode veille<\/li>\n<li>Ledger n&rsquo;est pas cher par rapport aux autres portefeuilles mat\u00e9riels<\/li>\n<\/ul>\n<h3>Inconv\u00e9nients<\/h3>\n<ul>\n<li>Pas <a href=\"https:\/\/h17n.com\/fr\/air-gap\/\" target=\"_blank\" rel=\"noopener\">d&rsquo;air gap<\/a><\/li>\n<li>Petit \u00e9cran et pas d&rsquo;\u00e9cran tactile<\/li>\n<li>Propri\u00e9taire (pas open source)<\/li>\n<li><a href=\"https:\/\/www.ledger.com\/message-ledgers-ceo-data-leak\" rel=\"nofollow noopener\" target=\"_blank\">Une violation de donn\u00e9es<\/a> a eu lieu en juillet 2020. Aucun fonds n&rsquo;a \u00e9t\u00e9 vol\u00e9<\/li>\n<\/ul>\n<div class=\"container-lazyload preview-lazyload container-youtube js-lazyload--not-loaded\"><a href=\"https:\/\/www.youtube.com\/watch?v=Op_wVyfloUI\" class=\"lazy-load-youtube preview-lazyload preview-youtube\" data-video-title=\"Comment configurer votre Nano X ?\" title=\"Play video &quot;Comment configurer votre Nano X ?&quot;\">https:\/\/www.youtube.com\/watch?v=Op_wVyfloUI<\/a><noscript>Video can&rsquo;t be loaded because JavaScript is disabled: <a href=\"https:\/\/www.youtube.com\/watch?v=Op_wVyfloUI\" title=\"Comment configurer votre Nano X ?\">Comment configurer votre Nano X ? (https:\/\/www.youtube.com\/watch?v=Op_wVyfloUI)<\/a><\/noscript><\/div>\n","protected":false},"excerpt":{"rendered":"<p>Ledger offre des portefeuilles mat\u00e9riels qui stockent les bitcoins hors ligne dans des dispositifs physiques de type USB. Ledger est un portefeuille mat\u00e9riel qui fournit une s\u00e9curit\u00e9 de haut niveau pour g\u00e9rer les cl\u00e9s priv\u00e9es des bitcoins. Les portefeuilles mat\u00e9riels robustes con\u00e7us par Ledger sont faciles et s\u00e9curis\u00e9s pour stocker des bitcoins.<\/p>\n","protected":false},"featured_media":103,"comment_status":"open","ping_status":"closed","template":"","meta":[],"product_brand":[],"product_cat":[50],"product_tag":[],"class_list":{"0":"post-100","1":"product","2":"type-product","3":"status-publish","4":"has-post-thumbnail","6":"product_cat-portefeuilles-materiels","7":"","8":"woocommerce-text-align-center","9":"woocommerce-image-align-center","10":"do-quantity-buttons","12":"first","13":"instock","14":"shipping-taxable","15":"product-type-external"},"_links":{"self":[{"href":"https:\/\/h17n.com\/fr\/wp-json\/wp\/v2\/product\/100","targetHints":{"allow":["GET"]}}],"collection":[{"href":"https:\/\/h17n.com\/fr\/wp-json\/wp\/v2\/product"}],"about":[{"href":"https:\/\/h17n.com\/fr\/wp-json\/wp\/v2\/types\/product"}],"replies":[{"embeddable":true,"href":"https:\/\/h17n.com\/fr\/wp-json\/wp\/v2\/comments?post=100"}],"wp:featuredmedia":[{"embeddable":true,"href":"https:\/\/h17n.com\/fr\/wp-json\/wp\/v2\/media\/103"}],"wp:attachment":[{"href":"https:\/\/h17n.com\/fr\/wp-json\/wp\/v2\/media?parent=100"}],"wp:term":[{"taxonomy":"product_brand","embeddable":true,"href":"https:\/\/h17n.com\/fr\/wp-json\/wp\/v2\/product_brand?post=100"},{"taxonomy":"product_cat","embeddable":true,"href":"https:\/\/h17n.com\/fr\/wp-json\/wp\/v2\/product_cat?post=100"},{"taxonomy":"product_tag","embeddable":true,"href":"https:\/\/h17n.com\/fr\/wp-json\/wp\/v2\/product_tag?post=100"}],"curies":[{"name":"wp","href":"https:\/\/api.w.org\/{rel}","templated":true}]}}