{"id":10,"date":"2023-01-29T18:36:26","date_gmt":"2023-01-29T18:36:26","guid":{"rendered":"https:\/\/h17n.com\/fr\/?page_id=10"},"modified":"2023-05-18T13:50:03","modified_gmt":"2023-05-18T13:50:03","slug":"front-2","status":"publish","type":"page","link":"https:\/\/h17n.com\/fr\/","title":{"rendered":"h17n"},"content":{"rendered":"<div class=\"gb-container gb-container-d24537ad alignfull\"><div class=\"gb-inside-container\">\n<div class=\"gb-grid-wrapper gb-grid-wrapper-c0a32b3f\">\n<div class=\"gb-grid-column gb-grid-column-394c8ccd\"><div class=\"gb-container gb-container-394c8ccd\"><div class=\"gb-inside-container\">\n\n<h1 class=\"gb-headline gb-headline-c3b39d06 gb-headline-text\">Le Bitcoin conquiert progressivement le monde. Nous voulons vous aider \u00e0 \u00eatre en jeu<\/h1>\n\n\n<div class=\"gb-button-wrapper gb-button-wrapper-3d505456\">\n\n<a class=\"gb-button gb-button-fdf7ccc4 gb-button-text\" href=\"\/fr\/guide\">D\u00e9couvrir hyperbitcoinisation<\/a>\n\n<\/div>\n<\/div><\/div><\/div>\n<\/div>\n<\/div><\/div>\n\n<div class=\"gb-container gb-container-170094c5\"><div class=\"gb-inside-container\">\n<div class=\"gb-grid-wrapper gb-grid-wrapper-75aba648\">\n<div class=\"gb-grid-column gb-grid-column-7e7e63a8\"><div class=\"gb-container gb-container-7e7e63a8\"><div class=\"gb-inside-container\">\n\n<p class=\"gb-headline gb-headline-dd9d93ea\"><span class=\"gb-icon\"><svg viewBox=\"0 0 100 100.203\" xmlns=\"https:\/\/www.w3.org\/2000\/svg\"><path d=\"M96.157 74.348a13.045 13.045 0 00-9.292-3.859h-25.37a9.029 9.029 0 00-2.652-6.262 9.033 9.033 0 00-6.428-2.666l-31.172-.014c-7.923.014-12.369 5.728-15.927 11.102 0 0-4.517 6.848-4.732 7.198-.302.491-1.221 1.987.139 3.07.328.261.756.42 1.206.42.498 0 1.022-.195 1.464-.66.22-.232 5.131-7.905 5.131-7.905 3.272-4.943 6.706-9.379 12.711-9.379h.006l31.172.014a5.214 5.214 0 013.709 1.538 5.216 5.216 0 011.535 3.71 5.214 5.214 0 01-1.538 3.709 5.213 5.213 0 01-3.708 1.535h-.003l-20.224-.007a1.923 1.923 0 100 3.846l20.224.007h.005a9.034 9.034 0 006.426-2.66 9.09 9.09 0 001.884-2.75h26.144a9.223 9.223 0 016.57 2.73 9.24 9.24 0 012.579 4.951L31.11 91.963c-.791.079-6.895.829-9.758 5.275a1.923 1.923 0 003.235 2.083c1.967-3.054 6.878-3.527 6.922-3.531.044-.003.087-.009.13-.016l66.73-10.228a1.924 1.924 0 001.632-1.9 13.075 13.075 0 00-3.844-9.298zM95.874 0H82.987C68.919 0 57.474 11.445 57.474 25.513v11.995c-1.446 1.312-4.524 4.609-6.39 10.23-1.117-2.127-2.383-3.536-3.18-4.296V35.38c0-10.078-8.199-18.277-18.277-18.277h-8.933a1.923 1.923 0 00-1.923 1.923v8.934c0 10.078 8.199 18.277 18.276 18.277h8.224c1.16 1.097 4.281 4.678 4.279 11.44a1.923 1.923 0 103.846.001s-.556-10.73 6.692-17.354h12.195c14.068 0 25.513-11.445 25.513-25.513V1.923A1.922 1.922 0 0095.874 0zM22.618 27.96v-7.01h7.01c7.957 0 14.43 6.473 14.43 14.43v4.291l-8.309-8.309a1.924 1.924 0 00-2.72 2.719l8.309 8.309h-4.291c-7.956 0-14.429-6.473-14.429-14.43zm71.333-13.15c0 11.947-9.72 21.666-21.667 21.666H64.04l13.438-13.439a1.922 1.922 0 10-2.72-2.719L61.321 33.757v-8.244c0-11.947 9.72-21.666 21.667-21.666h10.964V14.81z\"><\/path><\/svg><\/span><span class=\"gb-headline-text\"><a href=\"https:\/\/h17n.com\/bitcoin-fixes-climate\/\" data-type=\"post\" data-id=\"2942\">le bitcoin fixe le climat<\/a><\/span><\/p>\n\n<\/div><\/div><\/div>\n\n<div class=\"gb-grid-column gb-grid-column-fd4913b5\"><div class=\"gb-container gb-container-fd4913b5\"><div class=\"gb-inside-container\">\n\n<p class=\"gb-headline gb-headline-b49c4921\"><span class=\"gb-icon\"><svg aria-hidden=\"true\" role=\"img\" height=\"1em\" width=\"1em\" viewBox=\"0 0 496 512\" xmlns=\"http:\/\/www.w3.org\/2000\/svg\"><path fill=\"currentColor\" d=\"M248 8C111 8 0 119 0 256s111 248 248 248 248-111 248-248S385 8 248 8zm0 96c48.6 0 88 39.4 88 88s-39.4 88-88 88-88-39.4-88-88 39.4-88 88-88zm0 344c-58.7 0-111.3-26.6-146.5-68.2 18.8-35.4 55.6-59.8 98.5-59.8 2.4 0 4.8.4 7.1 1.1 13 4.2 26.6 6.9 40.9 6.9 14.3 0 28-2.7 40.9-6.9 2.3-.7 4.7-1.1 7.1-1.1 42.9 0 79.7 24.4 98.5 59.8C359.3 421.4 306.7 448 248 448z\"><\/path><\/svg><\/span><span class=\"gb-headline-text\">le bitcoin fixe la finance<\/span><\/p>\n\n<\/div><\/div><\/div>\n\n<div class=\"gb-grid-column gb-grid-column-2dab9be8\"><div class=\"gb-container gb-container-2dab9be8\"><div class=\"gb-inside-container\">\n\n<p class=\"gb-headline gb-headline-fa75ca47\"><span class=\"gb-icon\"><svg aria-hidden=\"true\" role=\"img\" height=\"1em\" width=\"1em\" viewBox=\"0 0 320 512\" xmlns=\"http:\/\/www.w3.org\/2000\/svg\"><path fill=\"currentColor\" d=\"M296 160H180.6l42.6-129.8C227.2 15 215.7 0 200 0H56C44 0 33.8 8.9 32.2 20.8l-32 240C-1.7 275.2 9.5 288 24 288h118.7L96.6 482.5c-3.6 15.2 8 29.5 23.3 29.5 8.4 0 16.4-4.4 20.8-12l176-304c9.3-15.9-2.2-36-20.7-36z\"><\/path><\/svg><\/span><span class=\"gb-headline-text\">Le bitcoin fixe l&rsquo;\u00e9nergie<\/span><\/p>\n\n<\/div><\/div><\/div>\n<\/div>\n<\/div><\/div>\n\n<div class=\"gb-container gb-container-0ca7772b\"><div class=\"gb-inside-container\">\n<div class=\"gb-grid-wrapper gb-grid-wrapper-30146524\">\n<div class=\"gb-grid-column gb-grid-column-d9a6fccd\"><div class=\"gb-container gb-container-d9a6fccd\"><div class=\"gb-inside-container\">\n\n<figure class=\"wp-block-image size-full photo-shadow img\"><img decoding=\"async\" src=\"https:\/\/h17n.com\/wp-content\/uploads\/2022\/11\/ozzv5ao2whe-1024x684-1.jpg\" alt=\"\" class=\"wp-image-1092\"\/><\/figure>\n\n<\/div><\/div><\/div>\n\n<div class=\"gb-grid-column gb-grid-column-40b22be2\"><div class=\"gb-container gb-container-40b22be2\" style=\"--background-image: url(\/wp-content\/uploads\/2021\/02\/shape-1-1.svg);\"><div class=\"gb-inside-container\">\n\n<h2 class=\"gb-headline gb-headline-22d8acd5 gb-headline-text\">Nous prenons l&rsquo;hyperbitcoinisation au s\u00e9rieux, vous voudrez peut-\u00eatre faire de m\u00eame.<\/h2>\n\n\n\n<p class=\"gb-headline gb-headline-0c9745a1 gb-headline-text\">H17N signifie l&rsquo;hyperbitcoinisation &#8211; le processus selon lequel le bitcoin devient le moyen d&rsquo;\u00e9change standard ou principal pour les transactions. Nous diffusons l&rsquo;information sur ce processus, en mettant l&rsquo;accent sur l&rsquo;\u00e9volution du bitcoin, son innovation technologique et application sociale.<\/p>\n\n<\/div><\/div><\/div>\n<\/div>\n<\/div><\/div>\n\n<div class=\"gb-container gb-container-ee645fec alignfull\"><div class=\"gb-inside-container\">\n<div class=\"gb-container gb-container-5eb6b7ae alignwide\"><div class=\"gb-inside-container\">\n<div class=\"gb-container gb-container-7f3817f6\"><div class=\"gb-inside-container\">\n\n<p class=\"gb-headline gb-headline-625b6d89 gb-headline-text\"><strong>VOIR NOTRE GUIDE DE h17n <\/strong><\/p>\n\n<\/div><\/div>\n\n<div class=\"gb-container gb-container-1369ec4a alignwide\"><div class=\"gb-inside-container\">\n<div class=\"gb-container gb-container-e60eb543\"><div class=\"gb-inside-container\">\n\n<p><\/p>\n\n\n<div class=\"gb-grid-wrapper gb-grid-wrapper-7ec621b6\">\n<div class=\"gb-grid-column gb-grid-column-f5aa775d\"><div class=\"gb-container gb-container-f5aa775d\"><div class=\"gb-inside-container\">\n\n<h3 class=\"gb-headline gb-headline-5027b68c gb-headline-text\">Portefeuilles Bitcoin<\/h3>\n\n\n<div class=\"gb-button-wrapper gb-button-wrapper-ac2728f2\">\n\n<a class=\"gb-button gb-button-202d5dbd\" href=\"https:\/\/h17n.com\/fr\/portefeuilles-materiels\/\"><span class=\"gb-button-text\">BOUTIQUE<\/span><span class=\"gb-icon\"><svg fill=\"none\" xmlns=\"http:\/\/www.w3.org\/2000\/svg\" width=\"15\" height=\"15\"><path d=\"M13.5 7.5l-4-4m4 4l-4 4m4-4H1\" stroke=\"currentColor\"><\/path><\/svg><\/span><\/a>\n\n<\/div>\n<\/div><\/div><\/div>\n\n<div class=\"gb-grid-column gb-grid-column-cb235c39\"><div class=\"gb-container gb-container-cb235c39\"><div class=\"gb-inside-container\">\n\n<h3 class=\"gb-headline gb-headline-91f6056d gb-headline-text\">Conf\u00e9rences Bitcoin<\/h3>\n\n\n<div class=\"gb-button-wrapper gb-button-wrapper-ce1a744e\">\n\n<a class=\"gb-button gb-button-7c774d80\" href=\"#\"><span class=\"gb-button-text\">PROGRAMME<\/span><span class=\"gb-icon\"><svg fill=\"none\" xmlns=\"http:\/\/www.w3.org\/2000\/svg\" width=\"15\" height=\"15\"><path d=\"M13.5 7.5l-4-4m4 4l-4 4m4-4H1\" stroke=\"currentColor\"><\/path><\/svg><\/span><\/a>\n\n<\/div>\n<\/div><\/div><\/div>\n\n<div class=\"gb-grid-column gb-grid-column-c5102765\"><div class=\"gb-container gb-container-c5102765\"><div class=\"gb-inside-container\">\n\n<h3 class=\"gb-headline gb-headline-0bd98b48 gb-headline-text\">Livres sur le Bitcoin<\/h3>\n\n\n<div class=\"gb-button-wrapper gb-button-wrapper-35b25e7b\">\n\n<a class=\"gb-button gb-button-b99d4d63\" href=\"\/fr\/livres\/\"><span class=\"gb-button-text\">LIRE<\/span><span class=\"gb-icon\"><svg fill=\"none\" xmlns=\"http:\/\/www.w3.org\/2000\/svg\" width=\"15\" height=\"15\"><path d=\"M13.5 7.5l-4-4m4 4l-4 4m4-4H1\" stroke=\"currentColor\"><\/path><\/svg><\/span><\/a>\n\n<\/div>\n<\/div><\/div><\/div>\n<\/div>\n<\/div><\/div>\n\n<div class=\"gb-container gb-container-098a5a43\"><div class=\"gb-inside-container\">\n<div class=\"gb-grid-wrapper gb-grid-wrapper-cd88e971\">\n<div class=\"gb-grid-column gb-grid-column-2a9e0b7c\"><div class=\"gb-container gb-container-2a9e0b7c\"><div class=\"gb-inside-container\">\n\n<h3 class=\"gb-headline gb-headline-b2543ed5 gb-headline-text\">\u00c9ducation Bitcoin<\/h3>\n\n\n<div class=\"gb-button-wrapper gb-button-wrapper-642d9636\">\n\n<a class=\"gb-button gb-button-d75e0318\" href=\"#\"><span class=\"gb-button-text\">UNIVERSIT\u00c9<\/span><span class=\"gb-icon\"><svg fill=\"none\" xmlns=\"http:\/\/www.w3.org\/2000\/svg\" width=\"15\" height=\"15\"><path d=\"M13.5 7.5l-4-4m4 4l-4 4m4-4H1\" stroke=\"currentColor\"><\/path><\/svg><\/span><\/a>\n\n<\/div>\n<\/div><\/div><\/div>\n\n<div class=\"gb-grid-column gb-grid-column-90799a0e\"><div class=\"gb-container gb-container-90799a0e\"><div class=\"gb-inside-container\">\n\n<h3 class=\"gb-headline gb-headline-8c92af69 gb-headline-text\">Acheter du Bitcoin<\/h3>\n\n\n<div class=\"gb-button-wrapper gb-button-wrapper-8b553616\">\n\n<a class=\"gb-button gb-button-100ba3dd\" href=\"\/fr\/echange\/\"><span class=\"gb-button-text\">\u00c9CHANGES<\/span><span class=\"gb-icon\"><svg fill=\"none\" xmlns=\"http:\/\/www.w3.org\/2000\/svg\" width=\"15\" height=\"15\"><path d=\"M13.5 7.5l-4-4m4 4l-4 4m4-4H1\" stroke=\"currentColor\"><\/path><\/svg><\/span><\/a>\n\n<\/div>\n<\/div><\/div><\/div>\n\n<div class=\"gb-grid-column gb-grid-column-d2d05280\"><div class=\"gb-container gb-container-d2d05280\"><div class=\"gb-inside-container\">\n\n<h3 class=\"gb-headline gb-headline-65e4361d gb-headline-text\">Utiliser Bitcoin<\/h3>\n\n\n<div class=\"gb-button-wrapper gb-button-wrapper-73f151a1\">\n\n<a class=\"gb-button gb-button-5d385f0d\" href=\"\/fr\/utiliser-bitcoin\/\"><span class=\"gb-button-text\">FA\u00c7ONS<\/span><span class=\"gb-icon\"><svg fill=\"none\" xmlns=\"http:\/\/www.w3.org\/2000\/svg\" width=\"15\" height=\"15\"><path d=\"M13.5 7.5l-4-4m4 4l-4 4m4-4H1\" stroke=\"currentColor\"><\/path><\/svg><\/span><\/a>\n\n<\/div>\n<\/div><\/div><\/div>\n<\/div>\n<\/div><\/div>\n<\/div><\/div>\n<\/div><\/div>\n\n<div class=\"gb-container gb-container-6955ff73\"><div class=\"gb-inside-container\">\n<div class=\"gb-container gb-container-f0b365e1 alignwide\"><div class=\"gb-inside-container\">\n<div class=\"gb-container gb-container-323830dc\"><div class=\"gb-inside-container\">\n\n<p class=\"gb-headline gb-headline-2fae7f94 gb-headline-text\"><strong><strong>Lire notre blog et nos derniers articles<\/strong><\/strong><\/p>\n\n<\/div><\/div>\n\n<div class=\"gb-container gb-container-0716021a\"><div class=\"gb-inside-container\">\n\n<div class=\"gb-grid-wrapper gb-grid-wrapper-ddd3de19 gb-query-loop-wrapper\">\n<div class=\"gb-grid-column gb-grid-column-911bdb81 gb-query-loop-item post-1075 post type-post status-publish format-standard hentry category-portefeuille-de-bureau category-portefeuilles-mobiles-bitcoin\"><div class=\"gb-container gb-container-911bdb81\"><div class=\"gb-inside-container\">\n\n\n<h2 class=\"gb-headline gb-headline-bb1a2823 gb-headline-text\"><a href=\"https:\/\/h17n.com\/fr\/blockstream-green-vs-bluewallet\/\">Blockstream Green vs BlueWallet<\/a><\/h2>\n\n<p class=\"gb-headline gb-headline-9ae5d518 gb-headline-text\"><time class=\"entry-date published\" datetime=\"2025-01-11T09:14:24+00:00\">janvier 11, 2025<\/time><\/p>\n\n<div class=\"gb-headline gb-headline-064cb63c gb-headline-text\">Choisir le bon portefeuille Bitcoin est essentiel pour garantir la s\u00e9curit\u00e9 et l&rsquo;utilisation pratique de vos Bitcoins. Apr\u00e8s avoir utilis\u00e9 ces deux &#8230; <a title=\"Blockstream Green vs BlueWallet\" class=\"read-more\" href=\"https:\/\/h17n.com\/fr\/blockstream-green-vs-bluewallet\/\" aria-label=\"En savoir plus sur Blockstream Green vs BlueWallet\">Lire plus<\/a><\/div>\n<\/div><\/div><\/div>\n\n<div class=\"gb-grid-column gb-grid-column-911bdb81 gb-query-loop-item post-1068 post type-post status-publish format-standard has-post-thumbnail hentry category-portefeuilles-materiels\"><div class=\"gb-container gb-container-911bdb81\"><div class=\"gb-inside-container\">\n<figure class=\"gb-block-image gb-block-image-bea98a34\"><a href=\"https:\/\/h17n.com\/fr\/coldcard-vs-bitbox\/\"><img loading=\"lazy\" decoding=\"async\" width=\"1024\" height=\"412\" src=\"https:\/\/h17n.com\/fr\/wp-content\/uploads\/sites\/2\/2024\/12\/bitbox-coldcard-1024x412.jpg\" class=\"gb-image-bea98a34 front-page-img\" alt=\"Coldcard vs BitBox02\" srcset=\"https:\/\/h17n.com\/fr\/wp-content\/uploads\/sites\/2\/2024\/12\/bitbox-coldcard-1024x412.jpg 1024w, https:\/\/h17n.com\/fr\/wp-content\/uploads\/sites\/2\/2024\/12\/bitbox-coldcard-300x121.jpg 300w, https:\/\/h17n.com\/fr\/wp-content\/uploads\/sites\/2\/2024\/12\/bitbox-coldcard-768x309.jpg 768w, https:\/\/h17n.com\/fr\/wp-content\/uploads\/sites\/2\/2024\/12\/bitbox-coldcard-120x48.jpg 120w, https:\/\/h17n.com\/fr\/wp-content\/uploads\/sites\/2\/2024\/12\/bitbox-coldcard-1536x619.jpg 1536w, https:\/\/h17n.com\/fr\/wp-content\/uploads\/sites\/2\/2024\/12\/bitbox-coldcard-600x242.jpg 600w, https:\/\/h17n.com\/fr\/wp-content\/uploads\/sites\/2\/2024\/12\/bitbox-coldcard.jpg 1830w\" sizes=\"auto, (max-width: 1024px) 100vw, 1024px\" \/><\/a><\/figure>\n\n<h2 class=\"gb-headline gb-headline-bb1a2823 gb-headline-text\"><a href=\"https:\/\/h17n.com\/fr\/coldcard-vs-bitbox\/\">Coldcard vs BitBox : Quel est le meilleur portefeuille mat\u00e9riel Bitcoin ?<\/a><\/h2>\n\n<p class=\"gb-headline gb-headline-9ae5d518 gb-headline-text\"><time class=\"entry-date published\" datetime=\"2024-12-22T02:14:35+00:00\">d\u00e9cembre 22, 2024<\/time><\/p>\n\n<div class=\"gb-headline gb-headline-064cb63c gb-headline-text\">Lorsqu&rsquo;il s&rsquo;agit de choisir un portefeuille mat\u00e9riel s\u00e9curis\u00e9 et fiable pour stocker vos bitcoins, deux options populaires se d\u00e9marquent : Coldcard et &#8230; <a title=\"Coldcard vs BitBox : Quel est le meilleur portefeuille mat\u00e9riel Bitcoin ?\" class=\"read-more\" href=\"https:\/\/h17n.com\/fr\/coldcard-vs-bitbox\/\" aria-label=\"En savoir plus sur Coldcard vs BitBox : Quel est le meilleur portefeuille mat\u00e9riel Bitcoin ?\">Lire plus<\/a><\/div>\n<\/div><\/div><\/div>\n\n<div class=\"gb-grid-column gb-grid-column-911bdb81 gb-query-loop-item post-1064 post type-post status-publish format-standard has-post-thumbnail hentry category-portefeuilles-materiels\"><div class=\"gb-container gb-container-911bdb81\"><div class=\"gb-inside-container\">\n<figure class=\"gb-block-image gb-block-image-bea98a34\"><a href=\"https:\/\/h17n.com\/fr\/blockstream-jade-vs-trezor\/\"><img loading=\"lazy\" decoding=\"async\" width=\"1024\" height=\"493\" src=\"https:\/\/h17n.com\/fr\/wp-content\/uploads\/sites\/2\/2024\/12\/trezor-jade-1024x493.jpg\" class=\"gb-image-bea98a34 front-page-img\" alt=\"trezor vs jade\" srcset=\"https:\/\/h17n.com\/fr\/wp-content\/uploads\/sites\/2\/2024\/12\/trezor-jade-1024x493.jpg 1024w, https:\/\/h17n.com\/fr\/wp-content\/uploads\/sites\/2\/2024\/12\/trezor-jade-300x144.jpg 300w, https:\/\/h17n.com\/fr\/wp-content\/uploads\/sites\/2\/2024\/12\/trezor-jade-768x370.jpg 768w, https:\/\/h17n.com\/fr\/wp-content\/uploads\/sites\/2\/2024\/12\/trezor-jade-120x58.jpg 120w, https:\/\/h17n.com\/fr\/wp-content\/uploads\/sites\/2\/2024\/12\/trezor-jade-1536x740.jpg 1536w, https:\/\/h17n.com\/fr\/wp-content\/uploads\/sites\/2\/2024\/12\/trezor-jade-600x289.jpg 600w, https:\/\/h17n.com\/fr\/wp-content\/uploads\/sites\/2\/2024\/12\/trezor-jade.jpg 1836w\" sizes=\"auto, (max-width: 1024px) 100vw, 1024px\" \/><\/a><\/figure>\n\n<h2 class=\"gb-headline gb-headline-bb1a2823 gb-headline-text\"><a href=\"https:\/\/h17n.com\/fr\/blockstream-jade-vs-trezor\/\">Blockstream Jade vs Trezor : Comparaison des portefeuilles mat\u00e9riels Bitcoin<\/a><\/h2>\n\n<p class=\"gb-headline gb-headline-9ae5d518 gb-headline-text\"><time class=\"entry-date published\" datetime=\"2024-12-20T16:12:52+00:00\">d\u00e9cembre 20, 2024<\/time><\/p>\n\n<div class=\"gb-headline gb-headline-064cb63c gb-headline-text\">Choisir entre Blockstream Jade et Trezor pour le stockage \u00e0 froid de vos Bitcoins peut \u00eatre un vrai casse-t\u00eate. Les deux sont &#8230; <a title=\"Blockstream Jade vs Trezor : Comparaison des portefeuilles mat\u00e9riels Bitcoin\" class=\"read-more\" href=\"https:\/\/h17n.com\/fr\/blockstream-jade-vs-trezor\/\" aria-label=\"En savoir plus sur Blockstream Jade vs Trezor : Comparaison des portefeuilles mat\u00e9riels Bitcoin\">Lire plus<\/a><\/div>\n<\/div><\/div><\/div>\n\n<div class=\"gb-grid-column gb-grid-column-911bdb81 gb-query-loop-item post-1059 post type-post status-publish format-standard has-post-thumbnail hentry category-bitcoin\"><div class=\"gb-container gb-container-911bdb81\"><div class=\"gb-inside-container\">\n<figure class=\"gb-block-image gb-block-image-bea98a34\"><a href=\"https:\/\/h17n.com\/fr\/segwit-vs-taproot\/\"><img loading=\"lazy\" decoding=\"async\" width=\"1024\" height=\"352\" src=\"https:\/\/h17n.com\/fr\/wp-content\/uploads\/sites\/2\/2024\/12\/taproot-segwit-1024x352-1.jpg\" class=\"gb-image-bea98a34 front-page-img\" alt=\"bitcoin taproot vs native segwit\" srcset=\"https:\/\/h17n.com\/fr\/wp-content\/uploads\/sites\/2\/2024\/12\/taproot-segwit-1024x352-1.jpg 1024w, https:\/\/h17n.com\/fr\/wp-content\/uploads\/sites\/2\/2024\/12\/taproot-segwit-1024x352-1-300x103.jpg 300w, https:\/\/h17n.com\/fr\/wp-content\/uploads\/sites\/2\/2024\/12\/taproot-segwit-1024x352-1-768x264.jpg 768w, https:\/\/h17n.com\/fr\/wp-content\/uploads\/sites\/2\/2024\/12\/taproot-segwit-1024x352-1-120x41.jpg 120w, https:\/\/h17n.com\/fr\/wp-content\/uploads\/sites\/2\/2024\/12\/taproot-segwit-1024x352-1-600x206.jpg 600w\" sizes=\"auto, (max-width: 1024px) 100vw, 1024px\" \/><\/a><\/figure>\n\n<h2 class=\"gb-headline gb-headline-bb1a2823 gb-headline-text\"><a href=\"https:\/\/h17n.com\/fr\/segwit-vs-taproot\/\">SegWit vs Taproot : Comprendre les mises \u00e0 jour du protocole Bitcoin<\/a><\/h2>\n\n<p class=\"gb-headline gb-headline-9ae5d518 gb-headline-text\"><time class=\"entry-date published\" datetime=\"2024-12-18T18:35:13+00:00\">d\u00e9cembre 18, 2024<\/time><\/p>\n\n<div class=\"gb-headline gb-headline-064cb63c gb-headline-text\">Deux des mises \u00e0 niveau les plus importantes de l&rsquo;histoire de Bitcoin sont SegWit (Segregated Witness) et Taproot. Ce sont deux mises &#8230; <a title=\"SegWit vs Taproot : Comprendre les mises \u00e0 jour du protocole Bitcoin\" class=\"read-more\" href=\"https:\/\/h17n.com\/fr\/segwit-vs-taproot\/\" aria-label=\"En savoir plus sur SegWit vs Taproot : Comprendre les mises \u00e0 jour du protocole Bitcoin\">Lire plus<\/a><\/div>\n<\/div><\/div><\/div>\n\n<div class=\"gb-grid-column gb-grid-column-911bdb81 gb-query-loop-item post-1056 post type-post status-publish format-standard has-post-thumbnail hentry category-acheter-du-bitcoin category-vendre-des-bitcoins\"><div class=\"gb-container gb-container-911bdb81\"><div class=\"gb-inside-container\">\n<figure class=\"gb-block-image gb-block-image-bea98a34\"><a href=\"https:\/\/h17n.com\/fr\/bisq-vs-hodl-hodl\/\"><img loading=\"lazy\" decoding=\"async\" width=\"1024\" height=\"363\" src=\"https:\/\/h17n.com\/fr\/wp-content\/uploads\/sites\/2\/2024\/12\/bisq-1024x363-1.jpg\" class=\"gb-image-bea98a34 front-page-img\" alt=\"hodl hodl vs bisq\" srcset=\"https:\/\/h17n.com\/fr\/wp-content\/uploads\/sites\/2\/2024\/12\/bisq-1024x363-1.jpg 1024w, https:\/\/h17n.com\/fr\/wp-content\/uploads\/sites\/2\/2024\/12\/bisq-1024x363-1-300x106.jpg 300w, https:\/\/h17n.com\/fr\/wp-content\/uploads\/sites\/2\/2024\/12\/bisq-1024x363-1-768x272.jpg 768w, https:\/\/h17n.com\/fr\/wp-content\/uploads\/sites\/2\/2024\/12\/bisq-1024x363-1-120x43.jpg 120w, https:\/\/h17n.com\/fr\/wp-content\/uploads\/sites\/2\/2024\/12\/bisq-1024x363-1-600x213.jpg 600w\" sizes=\"auto, (max-width: 1024px) 100vw, 1024px\" \/><\/a><\/figure>\n\n<h2 class=\"gb-headline gb-headline-bb1a2823 gb-headline-text\"><a href=\"https:\/\/h17n.com\/fr\/bisq-vs-hodl-hodl\/\">Bisq vs Hodl Hodl : Comparaison d&rsquo;\u00e9changes P2P sans KYC<\/a><\/h2>\n\n<p class=\"gb-headline gb-headline-9ae5d518 gb-headline-text\"><time class=\"entry-date published\" datetime=\"2024-12-14T15:29:56+00:00\">d\u00e9cembre 14, 2024<\/time><\/p>\n\n<div class=\"gb-headline gb-headline-064cb63c gb-headline-text\">Les plateformes Hodl Hodl et Bisq sont des \u00e9changes Bitcoin P2P sans KYC, mais elles r\u00e9pondent \u00e0 des pr\u00e9f\u00e9rences diff\u00e9rentes. Apr\u00e8s une &#8230; <a title=\"Bisq vs Hodl Hodl : Comparaison d&rsquo;\u00e9changes P2P sans KYC\" class=\"read-more\" href=\"https:\/\/h17n.com\/fr\/bisq-vs-hodl-hodl\/\" aria-label=\"En savoir plus sur Bisq vs Hodl Hodl : Comparaison d&rsquo;\u00e9changes P2P sans KYC\">Lire plus<\/a><\/div>\n<\/div><\/div><\/div>\n\n<div class=\"gb-grid-column gb-grid-column-911bdb81 gb-query-loop-item post-1052 post type-post status-publish format-standard has-post-thumbnail hentry category-acheter-du-bitcoin category-vendre-des-bitcoins\"><div class=\"gb-container gb-container-911bdb81\"><div class=\"gb-inside-container\">\n<figure class=\"gb-block-image gb-block-image-bea98a34\"><a href=\"https:\/\/h17n.com\/fr\/relai-vs-pocket-bitcoin\/\"><img loading=\"lazy\" decoding=\"async\" width=\"1024\" height=\"261\" src=\"https:\/\/h17n.com\/fr\/wp-content\/uploads\/sites\/2\/2024\/12\/relai-pocket-1024x261-1.jpg\" class=\"gb-image-bea98a34 front-page-img\" alt=\"pocket bitcoin vs Relai\" srcset=\"https:\/\/h17n.com\/fr\/wp-content\/uploads\/sites\/2\/2024\/12\/relai-pocket-1024x261-1.jpg 1024w, https:\/\/h17n.com\/fr\/wp-content\/uploads\/sites\/2\/2024\/12\/relai-pocket-1024x261-1-300x76.jpg 300w, https:\/\/h17n.com\/fr\/wp-content\/uploads\/sites\/2\/2024\/12\/relai-pocket-1024x261-1-768x196.jpg 768w, https:\/\/h17n.com\/fr\/wp-content\/uploads\/sites\/2\/2024\/12\/relai-pocket-1024x261-1-120x31.jpg 120w, https:\/\/h17n.com\/fr\/wp-content\/uploads\/sites\/2\/2024\/12\/relai-pocket-1024x261-1-600x153.jpg 600w\" sizes=\"auto, (max-width: 1024px) 100vw, 1024px\" \/><\/a><\/figure>\n\n<h2 class=\"gb-headline gb-headline-bb1a2823 gb-headline-text\"><a href=\"https:\/\/h17n.com\/fr\/relai-vs-pocket-bitcoin\/\">Relai vs Pocket Bitcoin<\/a><\/h2>\n\n<p class=\"gb-headline gb-headline-9ae5d518 gb-headline-text\"><time class=\"entry-date published\" datetime=\"2024-12-14T13:42:42+00:00\">d\u00e9cembre 14, 2024<\/time><\/p>\n\n<div class=\"gb-headline gb-headline-064cb63c gb-headline-text\">Relai et Pocket Bitcoin sont des plateformes suisses d\u00e9di\u00e9es au Bitcoin qui vous permettent d&rsquo;acheter du Bitcoin facilement avec un compte bancaire &#8230; <a title=\"Relai vs Pocket Bitcoin\" class=\"read-more\" href=\"https:\/\/h17n.com\/fr\/relai-vs-pocket-bitcoin\/\" aria-label=\"En savoir plus sur Relai vs Pocket Bitcoin\">Lire plus<\/a><\/div>\n<\/div><\/div><\/div>\n<\/div>\n\n<\/div><\/div>\n<\/div><\/div>\n<\/div><\/div>\n\n<div class=\"gb-container gb-container-d1d7606b\"><div class=\"gb-inside-container\">\n<div class=\"gb-container gb-container-f519caa4\"><div class=\"gb-inside-container\">\n\n<p class=\"gb-headline gb-headline-8f21d66c gb-headline-text\"><strong><strong>INSPIREZ-VOUS DU<\/strong><\/strong> BITCOIN PLUS<\/p>\n\n<\/div><\/div>\n\n\n<div class=\"wp-block-group alignwide has-base-3-background-color has-background\"><div class=\"wp-block-group__inner-container is-layout-constrained wp-block-group-is-layout-constrained\">\n<blockquote class=\"wp-block-quote is-layout-flow wp-block-quote-is-layout-flow\">\n<p>Martin Luther a publi\u00e9 ses 95 th\u00e8ses le 31 octobre 1517. Satoshi Nakamoto a rendu publique le livre blanc de Bitcoin le 31 octobre 2008. Le premier a d\u00e9marr\u00e9 un mouvement qui avait conduit \u00e0 la s\u00e9paration de l&rsquo;\u00c9glise et de l&rsquo;\u00c9tat. Ce dernier a lanc\u00e9 un mouvement qui conduirait \u00e0 la s\u00e9paration de l&rsquo;argent et de l&rsquo;\u00c9tat. \u2014 Anita \u26a1?\ufe0f\u200d? Bitcoin for Fairness (<a href=\"https:\/\/twitter.com\/AnitaPosch\/status\/1586987772342149122\">@AnitaPosch<\/a>) Le 31 october 2022<\/p>\n<\/blockquote>\n\n\n\n<blockquote class=\"wp-block-quote is-layout-flow wp-block-quote-is-layout-flow\">\n<p>Le Bitcoin conquiert progressivement le monde, et l&rsquo;Hyperbitcoinisation est le processus par lequel il devient le moyen d&rsquo;\u00e9change standard. D\u00e9couvrir cette transformation en profondeur peut nous aider \u00e0 mieux comprendre le r\u00f4le potentiellement transformateur de cette cryptomonnaie.<\/p>\n<\/blockquote>\n<\/div><\/div>\n\n<\/div><\/div>\n<\/div><\/div>\n\n<div class=\"gb-container gb-container-9a62a6ac alignfull\"><div class=\"gb-inside-container\">\n<div class=\"gb-grid-wrapper gb-grid-wrapper-b49b0c46\">\n<div class=\"gb-grid-column gb-grid-column-eb7c815a\"><div class=\"gb-container gb-container-eb7c815a\"><div class=\"gb-inside-container\">\n\n<h2 class=\"gb-headline gb-headline-775b208d gb-headline-text\">Inscrivez-vous \u00e0 notre newsletter mensuelle<\/h2>\n\n\n\n<p class=\"gb-headline gb-headline-21a2383c gb-headline-text\">Soyez au courant, recevez des offres exclusives en vous inscrivant \u00e0 notre liste de diffusion.<\/p>\n\n<\/div><\/div><\/div>\n<\/div>\n<\/div><\/div>","protected":false},"excerpt":{"rendered":"<p>VOIR NOTRE GUIDE DE h17n Lire notre blog et nos derniers articles INSPIREZ-VOUS DU BITCOIN PLUS Martin Luther a publi\u00e9 ses 95 &#8230; <a title=\"h17n\" class=\"read-more\" href=\"https:\/\/h17n.com\/fr\/\" aria-label=\"En savoir plus sur h17n\">Lire plus<\/a><\/p>\n","protected":false},"author":1,"featured_media":0,"parent":0,"menu_order":0,"comment_status":"closed","ping_status":"closed","template":"","meta":{"footnotes":""},"class_list":["post-10","page","type-page","status-publish"],"_links":{"self":[{"href":"https:\/\/h17n.com\/fr\/wp-json\/wp\/v2\/pages\/10","targetHints":{"allow":["GET"]}}],"collection":[{"href":"https:\/\/h17n.com\/fr\/wp-json\/wp\/v2\/pages"}],"about":[{"href":"https:\/\/h17n.com\/fr\/wp-json\/wp\/v2\/types\/page"}],"author":[{"embeddable":true,"href":"https:\/\/h17n.com\/fr\/wp-json\/wp\/v2\/users\/1"}],"replies":[{"embeddable":true,"href":"https:\/\/h17n.com\/fr\/wp-json\/wp\/v2\/comments?post=10"}],"version-history":[{"count":24,"href":"https:\/\/h17n.com\/fr\/wp-json\/wp\/v2\/pages\/10\/revisions"}],"predecessor-version":[{"id":749,"href":"https:\/\/h17n.com\/fr\/wp-json\/wp\/v2\/pages\/10\/revisions\/749"}],"wp:attachment":[{"href":"https:\/\/h17n.com\/fr\/wp-json\/wp\/v2\/media?parent=10"}],"curies":[{"name":"wp","href":"https:\/\/api.w.org\/{rel}","templated":true}]}}